{"id":25,"date":"2020-09-01T22:07:07","date_gmt":"2020-09-01T20:07:07","guid":{"rendered":"https:\/\/montessorimondial.se\/kopieringsunderlag\/?page_id=25"},"modified":"2025-06-19T09:50:33","modified_gmt":"2025-06-19T07:50:33","slug":"grundskola","status":"publish","type":"page","link":"https:\/\/montessorimondial.se\/kista\/om\/grundskola\/","title":{"rendered":"Grundskola"},"content":{"rendered":"\n<div class=\"wp-block-columns is-layout-flex wp-container-core-columns-layout-1 wp-block-columns-is-layout-flex\">\n<div class=\"wp-block-column is-layout-flow wp-block-column-is-layout-flow\" style=\"flex-basis:66.66%\">\n<h1 class=\"wp-block-heading\">Om grundskolan p\u00e5 Montessori Mondial Kista<\/h1>\n\n\n\n<p   class=\"site__ingress container text-left  site__text-color--dark  site__free_text--ingress p-0\">\n\tP\u00e5 v\u00e5r moderna montessorigrundskola s\u00e4tts elevens individuella l\u00e4rprocess i fokus. Vi v\u00e4rdes\u00e4tter samh\u00f6righet \u00f6ver \u00e5rskurser och mellan elever och pedagoger. <\/p>\n\n\n\n\n\n<h2 class=\"wp-block-heading\">F\u00f6rskoleklass till \u00e5rskurs 6<\/h2>\n\n\n\n<p>H\u00e4r p\u00e5 v\u00e5r grundskola g\u00e5r elever fr\u00e5n att de \u00e4r 6 \u00e5r i f\u00f6rskoleklassen, tills de \u00e4r 11\u201312 \u00e5r och g\u00e5r i \u00e5rskurs 6. Vi jobbar med \u00e5ldersblandade klasser, eller s\u00e5 kallade arbetslag, f\u00f6rskoleklass\u2013\u00e5rskurs 1, \u00e5rskurs 2\u20133 och 4\u20135. De utg\u00f6rs av elever och l\u00e4rare som samarbetar under skoldagen. Det \u00f6kar samh\u00f6righeten bland elever och pedagoger p\u00e5 skolan, utvecklar barnens sociala f\u00f6rm\u00e5gor och g\u00f6r att alla k\u00e4nner alla.<\/p>\n<\/div>\n\n\n\n<div class=\"wp-block-column wp-column-block-margin-fix is-layout-flow wp-block-column-is-layout-flow\" style=\"flex-basis:33.33%\"><\/div>\n<\/div>\n\n\n\n<div class=\"wp-block-columns is-layout-flex wp-container-core-columns-layout-2 wp-block-columns-is-layout-flex\">\n<div class=\"wp-block-column is-layout-flow wp-block-column-is-layout-flow\">\t<div\n\t\t class=\"container-fluid images-module\" >\n\t\t<div class=\"row my-2\">\n\t\t\t<div\n\t\t\t\t\tclass=\"col-md-12 order-md-1 images_module__img_l images_module__content_spacing_img_l_m  images-module__color-plate-left-bg_site__secondary-bg--100 \">\n\t\t\t\t<div class=\"d-inline-block position-relative\">\n\n\n\t\t\t\t\t<div class=\"images__wrapper\" style=\"\n\t\t\t\t\tmax-width: 440px;\t\t\t\t\tmax-height: 494px;\">\n\t\t\t\t\t\t<img decoding=\"async\" width=\"1000\" height=\"667\" src=\"https:\/\/montessorimondial.se\/wp-content\/uploads\/sites\/2\/2025\/06\/montessori-mondialkungsholmen202504lagstadiewebb14.jpg\" class=\"d-block images__image_ratio  \" alt=\"Tre f\u00f6rskoleklasselever l\u00e4ser b\u00f6cker.\" style=\"aspect-ratio: 440 \/ 494;object-position: center center;\" srcset=\"https:\/\/montessorimondial.se\/wp-content\/uploads\/sites\/2\/2025\/06\/montessori-mondialkungsholmen202504lagstadiewebb14.jpg 1000w, https:\/\/montessorimondial.se\/wp-content\/uploads\/sites\/2\/2025\/06\/montessori-mondialkungsholmen202504lagstadiewebb14-300x200.jpg 300w, https:\/\/montessorimondial.se\/wp-content\/uploads\/sites\/2\/2025\/06\/montessori-mondialkungsholmen202504lagstadiewebb14-400x267.jpg 400w, https:\/\/montessorimondial.se\/wp-content\/uploads\/sites\/2\/2025\/06\/montessori-mondialkungsholmen202504lagstadiewebb14-600x400.jpg 600w, https:\/\/montessorimondial.se\/wp-content\/uploads\/sites\/2\/2025\/06\/montessori-mondialkungsholmen202504lagstadiewebb14-800x534.jpg 800w\" sizes=\"(max-width: 1000px) 100vw, 1000px\" \/>\t\t\t\t\t<\/div>\n\n\t\t\t\t\t\n\n\t\t\t\t\t\t\t\t\t<\/div>\n\t\t\t<\/div>\n\t\t<\/div>\n\t<\/div>\n\t\n\n\n<script>\n\tvar images_display_descriptive_text = \"\";\n<\/script>\n<\/div>\n\n\n\n<div class=\"wp-block-column is-layout-flow wp-block-column-is-layout-flow\">\n<h2 class=\"wp-block-heading\">Skoldagen p\u00e5 Montessori Mondial Kista<\/h2>\n\n\n\n<p>Alla elever f\u00e5r vid tv\u00e5 tillf\u00e4llen i veckan arbeta med v\u00e4rdegrundsarbete p\u00e5 skoltid och fritidstid. Eleverna arbetar d\u00e5 fokuserat med att utveckla sin sj\u00e4lvk\u00e4nsla, sj\u00e4lvf\u00f6rtroende, gruppk\u00e4nsla och samarbetsf\u00f6rm\u00e5ga. Vi har m\u00e5nga trevliga skolaktiviteter och traditioner p\u00e5 skolan. Vi satsar p\u00e5 att umg\u00e5s och g\u00f6ra roliga saker tillsammans f\u00f6r att st\u00e4rka sammanh\u00e5llning och kamratskap. Vi h\u00e5ller avslutningar, \u00e4r med i skoljoggen f\u00f6r \u00f6kad r\u00f6relse och anordnar FN-middag. Inf\u00f6r jul arrangerar vi Luciafirande och julpyssel, mot v\u00e5ren har vi friluftsdagar och fotbollsturneringar. Och s\u00e5 firar vi f\u00f6rst\u00e5s Pi-dagen. <a href=\"https:\/\/montessorimondial.se\/kista\/om\/lasarstider\/\">H\u00e4r<\/a> kan du ta del av v\u00e5ra l\u00e4s\u00e5rstider.<br><br>Bra information: Eleverna b\u00f6r ha \u00e4ndam\u00e5lsenliga kl\u00e4der dvs kl\u00e4der efter v\u00e4der f\u00f6r inom-och utomhusvistelse p\u00e5 skolan. Vi ser g\u00e4rna att barnen har inneskor.<\/p>\n\n\n\n<h3 class=\"wp-block-heading\">Vi garanterar barnets l\u00e4s- , skriv- och r\u00e4knekunskaper<\/h3>\n\n\n\n<p>F\u00f6r oss p\u00e5 Montessori Mondial \u00e4r det en grundl\u00e4ggande r\u00e4ttighet att kunna l\u00e4sa, skriva och r\u00e4kna. D\u00e4rf\u00f6r har det tagits fram en garanti f\u00f6r att skolorna tidigt ska f\u00e5nga upp elever och uppm\u00e4rksamma vilken niv\u00e5 de befinner sig p\u00e5 kunskapsm\u00e4ssigt. Detta g\u00f6rs genom screeningar och unders\u00f6kningar f\u00f6r varje elev, d\u00e4r vi m\u00e4ter deras kunskapsniv\u00e5. Det g\u00f6rs f\u00f6r att uppt\u00e4cka barn som beh\u00f6ver extra st\u00f6d i undervisningen, eller de som beh\u00f6ver ytterligare utmaningar. Vi vill skapa de b\u00e4sta f\u00f6ruts\u00e4ttningarna f\u00f6r barnens utveckling och genom att tidigt ta tag i detta, kan vi s\u00e4tta in \u00e5tg\u00e4rder f\u00f6r att hj\u00e4lpa eleven att utvecklas i sin egen takt och p\u00e5 sitt s\u00e4tt. L\u00e4s g\u00e4rna mer om hur vi arbetar med <a href=\"https:\/\/montessorimondial.se\/om\/kvalitet\/\">kvalitet<\/a> p\u00e5 skolan.<\/p>\n<\/div>\n<\/div>\n\n\n\n<div class=\"wp-block-columns is-layout-flex wp-container-core-columns-layout-3 wp-block-columns-is-layout-flex\">\n<div class=\"wp-block-column is-layout-flow wp-block-column-is-layout-flow\">\n<h2 class=\"wp-block-heading\">IUP \u2013 Individuella Utvecklingsplaner<\/h2>\n\n\n\n<p>Varje elev har en individuell utvecklingsplan till hj\u00e4lp f\u00f6r att utveckla sitt l\u00e4rande och som st\u00f6d f\u00f6r utv\u00e4rdering och reflektion. Det \u00e4r en plan som tas fram tillsammans med pedagog, elev och v\u00e5rdnadshavare och skrivs in i SchoolSoft.<\/p>\n\n\n\n<h2 class=\"wp-block-heading\">Utvecklingssamtal<\/h2>\n\n\n\n<p>Skolan kallar till utvecklingssamtal en g\u00e5ng varje termin f\u00f6r ett samtal mellan elev, mentor och v\u00e5rdnadshavare. Till grund f\u00f6r utvecklingssamtalet ligger barnets IUP, individuella utvecklingsplan, och vi g\u00e5r igenom hur eleven ligger till. Genom detta f\u00e5r vi en b\u00e4ttre m\u00f6jlighet till ett l\u00e5ngsiktigt perspektiv p\u00e5 elevernas l\u00e4rande.<\/p>\n\n\n\n<h3 class=\"wp-block-heading\">Fritidsaktiviteter<\/h3>\n\n\n\n<p>V\u00e5rt fritids ses som en f\u00f6rl\u00e4ngning av skoldagen och aktiviteterna \u00e4r kopplade till det barnen l\u00e4r sig i skolan. P\u00e5 fritids g\u00e5r barn fr\u00e5n f\u00f6rskoleklassen till \u00e5rskurs 3. H\u00e4r hittar du mer information om v\u00e5r <a href=\"https:\/\/montessorimondial.se\/kista\/om\/fritids\/\">fritidsverksamhet<\/a>.<\/p>\n\n\n\n<h3 class=\"wp-block-heading\">Avgift<\/h3>\n\n\n\n<p>Skolan \u00e4r kostnadsfri. Kostnad f\u00f6r fritidshem tillkommer och d\u00e4r vi till\u00e4mpar Stockholms maxtaxa f\u00f6r fritidshem.<\/p>\n<\/div>\n\n\n\n<div class=\"wp-block-column is-layout-flow wp-block-column-is-layout-flow\">\t<div\n\t\t class=\"container-fluid images-module\" >\n\t\t<div class=\"row my-2\">\n\t\t\t<div class=\"col-md-12 images_module__img_r images_module__content_spacing_img_r_m  images-module__color-plate-right-bg_site__secondary-bg--100 \">\n\t\t\t\t<div class=\"position-relative text-right\">\n\t\t\t\t\t<div class=\"images__wrapper\" style=\"float:right; max-width: 440px; max-height: 494px;\">\n\t\t\t\t\t\t<img decoding=\"async\" width=\"851\" height=\"666\" src=\"https:\/\/montessorimondial.se\/wp-content\/uploads\/sites\/2\/2025\/06\/montessori-mondialsjostaden202504forskeklasswebb18-e1750319426724.jpg\" class=\"d-block images__image_ratio  \" alt=\"Elev i f\u00f6rskoleklass sitter med l\u00e4robok.\" style=\"aspect-ratio: 440 \/ 494;object-position: center center;\" srcset=\"https:\/\/montessorimondial.se\/wp-content\/uploads\/sites\/2\/2025\/06\/montessori-mondialsjostaden202504forskeklasswebb18-e1750319426724.jpg 851w, https:\/\/montessorimondial.se\/wp-content\/uploads\/sites\/2\/2025\/06\/montessori-mondialsjostaden202504forskeklasswebb18-e1750319426724-300x235.jpg 300w, https:\/\/montessorimondial.se\/wp-content\/uploads\/sites\/2\/2025\/06\/montessori-mondialsjostaden202504forskeklasswebb18-e1750319426724-400x313.jpg 400w, https:\/\/montessorimondial.se\/wp-content\/uploads\/sites\/2\/2025\/06\/montessori-mondialsjostaden202504forskeklasswebb18-e1750319426724-600x470.jpg 600w, https:\/\/montessorimondial.se\/wp-content\/uploads\/sites\/2\/2025\/06\/montessori-mondialsjostaden202504forskeklasswebb18-e1750319426724-800x626.jpg 800w\" sizes=\"(max-width: 851px) 100vw, 851px\" \/>\t\t\t\t\t<\/div>\n\t\t\t\t\t<div style=\"clear:both;\">\n\t\t\t\t\t\t\n\t\t\t\t\t\t\t\t\t\t\t<\/div>\n\t\t\t\t<\/div>\n\t\t\t<\/div>\n\t\t<\/div>\n\t<\/div>\n\t\n\n\n<script>\n\tvar images_display_descriptive_text = \"\";\n<\/script>\n<\/div>\n<\/div>\n\n\n\n\t<div class=\"module_wrapper ams_remote_pages_module \">\n\t\t\n\n<section  class=\"ams-cta ams-cta--stacked c-block l-stacked\" data-color-scheme=\"beige\">\n\t<div class=\"l-container-narrow l-stack l-stack-fluid-2xl u-pt-fluid-3xl-6xl u-pb-fluid-3xl-6xl is-center is-center@md\">\n\t\t\t\t\t<div class=\"ams-cta__intro l-stack l-stack-lg\">\n\t\t\t\t\t\n\t<h2\n\tclass=\"c-heading u-font-title-1 \"\n\tstyle=\"\">\n\t\t\n\t\t\t\t\tS\u00f6ka skola\n\t\t\t\t\n\t<\/h2>\n\n\t\t\t\t\t\t\t\t\t<div class=\"c-text l-stack u-cs-xl u-font-body\">\n\t\t\t\t\t\t<p>L\u00e4s mer om k\u00f6anm\u00e4lan och st\u00e4ll ditt barn i k\u00f6 till Montessori Mondial Kista.<\/p>\n\n\t\t\t\t\t<\/div>\n\t\t\t\t\t\t\t<\/div>\n\t\t\n\t\t\n\t\t\t<div class=\"ams-cta__action u-inline-items\">\n\t\t\t\t\t\t\t\n\n\n<a href=\"https:\/\/montessorimondial.se\/kista\/koanmalan\/\"\n\t\n\tclass=\"c-btn \"\n\tdata-style=\"rounded\"\n\tdata-size=\"md\"\n\tdata-width=\"full-mobile\"\n\tdata-variant=\"default\"\n\ttarget=\"_self\">\n\t\t\t<span class=\"label\"> Till k\u00f6anm\u00e4lan<\/span>\n\t\t\t<\/a>\n\t\t\t<\/div>\n\t<\/div>\n\n\t\t\n\t\t\t\n\t\t\t\t\t\t\t\n\t\t\t\t<div class=\"c-bg c-bg--img\" data-settings=\"{&quot;desktop_settings&quot;:{&quot;size&quot;:&quot;auto&quot;,&quot;position&quot;:&quot;top-right&quot;},&quot;mobile_settings&quot;:{&quot;size&quot;:&quot;auto&quot;,&quot;position&quot;:&quot;top-right&quot;}}\" data-position=\"middle-center\" data-size=\"cover\">\n\t\t\t<picture><source media=\"(min-width: 48em)\" srcset=\"https:\/\/montessorimondial.se\/wp-content\/uploads\/sites\/2\/2024\/02\/montessori-mondial-triangel-orange-hoger-topp-150x150-1.png\" sizes=\"(max-width: 150px) 100vw, 150px\" \/><source srcset=\"https:\/\/montessorimondial.se\/wp-content\/uploads\/sites\/2\/2024\/02\/montessori-mondial-triangel-orange-hoger-topp-75x75-1.png\" sizes=\"(max-width: 75px) 100vw, 75px\" \/><img decoding=\"async\" width=\"150\" height=\"150\" src=\"https:\/\/montessorimondial.se\/wp-content\/uploads\/sites\/2\/2024\/02\/montessori-mondial-triangel-orange-hoger-topp-150x150-1.png\" class=\"attachment-hero-lg size-hero-lg\" alt=\"Geometrisk form.\" sizes=\"(max-width: 150px) 100vw, 150px\" \/><\/picture>\n\t\t<\/div>\n\t\t\t\n\t\t\t\t\t\t\t\n\t\t\t\t<div class=\"c-bg c-bg--img\" data-settings=\"{&quot;desktop_settings&quot;:{&quot;size&quot;:&quot;auto&quot;,&quot;position&quot;:&quot;bottom-left&quot;},&quot;mobile_settings&quot;:{&quot;size&quot;:&quot;auto&quot;,&quot;position&quot;:&quot;bottom-left&quot;}}\" data-position=\"middle-center\" data-size=\"cover\">\n\t\t\t<picture><source media=\"(min-width: 48em)\" srcset=\"https:\/\/montessorimondial.se\/wp-content\/uploads\/sites\/2\/2024\/02\/montessori-mondial-kvartscirkel-lila-vanster-botten-150x150-1.png\" sizes=\"(max-width: 150px) 100vw, 150px\" \/><source srcset=\"https:\/\/montessorimondial.se\/wp-content\/uploads\/sites\/2\/2024\/02\/montessori-mondial-kvartscirkel-lila-vanster-botten-75x75-1.png\" sizes=\"(max-width: 75px) 100vw, 75px\" \/><img decoding=\"async\" width=\"150\" height=\"150\" src=\"https:\/\/montessorimondial.se\/wp-content\/uploads\/sites\/2\/2024\/02\/montessori-mondial-kvartscirkel-lila-vanster-botten-150x150-1.png\" class=\"attachment-hero-lg size-hero-lg\" alt=\"Geometrisk form.\" sizes=\"(max-width: 150px) 100vw, 150px\" \/><\/picture>\n\t\t<\/div>\n\t\n<\/section>\n\t<\/div>\n\n\t\n\n<div   id=\"page-relative-menu\" class=\"site__font-monospace   container_width--full_width_conIcon   d-lg-none  \">\n\n\t\t\t\n<\/div>\n","protected":false},"excerpt":{"rendered":"<p>Om grundskolan p\u00e5 Montessori Mondial Kista F\u00f6rskoleklass till \u00e5rskurs 6 H\u00e4r p\u00e5 v\u00e5r grundskola g\u00e5r elever fr\u00e5n att de \u00e4r 6 \u00e5r i f\u00f6rskoleklassen, tills de \u00e4r 11\u201312 \u00e5r och g\u00e5r i \u00e5rskurs 6. Vi jobbar med \u00e5ldersblandade klasser, eller s\u00e5 kallade arbetslag, f\u00f6rskoleklass\u2013\u00e5rskurs 1, \u00e5rskurs 2\u20133 och 4\u20135. De utg\u00f6rs av elever och l\u00e4rare&#8230;<\/p>\n","protected":false},"author":1,"featured_media":0,"parent":20,"menu_order":0,"comment_status":"closed","ping_status":"closed","template":"","meta":{"footnotes":""},"yoast_head":"<!-- This site is optimized with the Yoast SEO plugin v22.0 - https:\/\/yoast.com\/wordpress\/plugins\/seo\/ -->\n<title>Grundskola f\u00f6rskoleklass-\u00e5k 5 | Montessori Mondial Kista<\/title>\n<meta name=\"description\" content=\"Information om hur vi arbetar i grundskolan \u00e5k 1-5 och f\u00f6rskoleklassen. Hur en skoldag hos oss ser ut, om fritids, barnens utveckling och undervisning.\" \/>\n<meta name=\"robots\" content=\"index, follow, max-snippet:-1, max-image-preview:large, max-video-preview:-1\" \/>\n<link rel=\"canonical\" href=\"https:\/\/montessorimondial.se\/kista\/om\/grundskola\/\" \/>\n<meta property=\"og:locale\" content=\"sv_SE\" \/>\n<meta property=\"og:type\" content=\"article\" \/>\n<meta property=\"og:title\" content=\"Grundskola f\u00f6rskoleklass-\u00e5k 5 | Montessori Mondial Kista\" \/>\n<meta property=\"og:description\" content=\"Information om hur vi arbetar i grundskolan \u00e5k 1-5 och f\u00f6rskoleklassen. Hur en skoldag hos oss ser ut, om fritids, barnens utveckling och undervisning.\" \/>\n<meta property=\"og:url\" content=\"https:\/\/montessorimondial.se\/kista\/om\/grundskola\/\" \/>\n<meta property=\"og:site_name\" content=\"Kista\" \/>\n<meta property=\"article:modified_time\" content=\"2025-06-19T07:50:33+00:00\" \/>\n<meta name=\"twitter:card\" content=\"summary_large_image\" \/>\n<meta name=\"twitter:title\" content=\"Grundskola f\u00f6rskoleklass-\u00e5k 5 | Montessori Mondial Kista\" \/>\n<meta name=\"twitter:description\" content=\"Information om hur vi arbetar i grundskolan \u00e5k 1-5 och f\u00f6rskoleklassen. Hur en skoldag hos oss ser ut, om fritids, barnens utveckling och undervisning.\" \/>\n<meta name=\"twitter:label1\" content=\"Ber\u00e4knad l\u00e4stid\" \/>\n\t<meta name=\"twitter:data1\" content=\"3 minuter\" \/>\n<script type=\"application\/ld+json\" class=\"yoast-schema-graph\">{\"@context\":\"https:\/\/schema.org\",\"@graph\":[{\"@type\":\"WebPage\",\"@id\":\"https:\/\/montessorimondial.se\/kista\/om\/grundskola\/\",\"url\":\"https:\/\/montessorimondial.se\/kista\/om\/grundskola\/\",\"name\":\"Grundskola f\u00f6rskoleklass-\u00e5k 5 | Montessori Mondial Kista\",\"isPartOf\":{\"@id\":\"https:\/\/montessorimondial.se\/kista\/#website\"},\"datePublished\":\"2020-09-01T20:07:07+00:00\",\"dateModified\":\"2025-06-19T07:50:33+00:00\",\"description\":\"Information om hur vi arbetar i grundskolan \u00e5k 1-5 och f\u00f6rskoleklassen. Hur en skoldag hos oss ser ut, om fritids, barnens utveckling och undervisning.\",\"breadcrumb\":{\"@id\":\"https:\/\/montessorimondial.se\/kista\/om\/grundskola\/#breadcrumb\"},\"inLanguage\":\"sv-SE\",\"potentialAction\":[{\"@type\":\"ReadAction\",\"target\":[\"https:\/\/montessorimondial.se\/kista\/om\/grundskola\/\"]}]},{\"@type\":\"BreadcrumbList\",\"@id\":\"https:\/\/montessorimondial.se\/kista\/om\/grundskola\/#breadcrumb\",\"itemListElement\":[{\"@type\":\"ListItem\",\"position\":1,\"name\":\"Start\",\"item\":\"https:\/\/montessorimondial.se\/kista\/\"},{\"@type\":\"ListItem\",\"position\":2,\"name\":\"Om skolan\",\"item\":\"https:\/\/montessorimondial.se\/kista\/om\/\"},{\"@type\":\"ListItem\",\"position\":3,\"name\":\"Grundskola\"}]},{\"@type\":\"WebSite\",\"@id\":\"https:\/\/montessorimondial.se\/kista\/#website\",\"url\":\"https:\/\/montessorimondial.se\/kista\/\",\"name\":\"Kista\",\"description\":\"Montessorimondial Kista\",\"potentialAction\":[{\"@type\":\"SearchAction\",\"target\":{\"@type\":\"EntryPoint\",\"urlTemplate\":\"https:\/\/montessorimondial.se\/kista\/?s={search_term_string}\"},\"query-input\":\"required name=search_term_string\"}],\"inLanguage\":\"sv-SE\"}]}<\/script>\n<!-- \/ Yoast SEO plugin. -->","yoast_head_json":{"title":"Grundskola f\u00f6rskoleklass-\u00e5k 5 | Montessori Mondial Kista","description":"Information om hur vi arbetar i grundskolan \u00e5k 1-5 och f\u00f6rskoleklassen. Hur en skoldag hos oss ser ut, om fritids, barnens utveckling och undervisning.","robots":{"index":"index","follow":"follow","max-snippet":"max-snippet:-1","max-image-preview":"max-image-preview:large","max-video-preview":"max-video-preview:-1"},"canonical":"https:\/\/montessorimondial.se\/kista\/om\/grundskola\/","og_locale":"sv_SE","og_type":"article","og_title":"Grundskola f\u00f6rskoleklass-\u00e5k 5 | Montessori Mondial Kista","og_description":"Information om hur vi arbetar i grundskolan \u00e5k 1-5 och f\u00f6rskoleklassen. Hur en skoldag hos oss ser ut, om fritids, barnens utveckling och undervisning.","og_url":"https:\/\/montessorimondial.se\/kista\/om\/grundskola\/","og_site_name":"Kista","article_modified_time":"2025-06-19T07:50:33+00:00","twitter_card":"summary_large_image","twitter_title":"Grundskola f\u00f6rskoleklass-\u00e5k 5 | Montessori Mondial Kista","twitter_description":"Information om hur vi arbetar i grundskolan \u00e5k 1-5 och f\u00f6rskoleklassen. Hur en skoldag hos oss ser ut, om fritids, barnens utveckling och undervisning.","twitter_misc":{"Ber\u00e4knad l\u00e4stid":"3 minuter"},"schema":{"@context":"https:\/\/schema.org","@graph":[{"@type":"WebPage","@id":"https:\/\/montessorimondial.se\/kista\/om\/grundskola\/","url":"https:\/\/montessorimondial.se\/kista\/om\/grundskola\/","name":"Grundskola f\u00f6rskoleklass-\u00e5k 5 | Montessori Mondial Kista","isPartOf":{"@id":"https:\/\/montessorimondial.se\/kista\/#website"},"datePublished":"2020-09-01T20:07:07+00:00","dateModified":"2025-06-19T07:50:33+00:00","description":"Information om hur vi arbetar i grundskolan \u00e5k 1-5 och f\u00f6rskoleklassen. Hur en skoldag hos oss ser ut, om fritids, barnens utveckling och undervisning.","breadcrumb":{"@id":"https:\/\/montessorimondial.se\/kista\/om\/grundskola\/#breadcrumb"},"inLanguage":"sv-SE","potentialAction":[{"@type":"ReadAction","target":["https:\/\/montessorimondial.se\/kista\/om\/grundskola\/"]}]},{"@type":"BreadcrumbList","@id":"https:\/\/montessorimondial.se\/kista\/om\/grundskola\/#breadcrumb","itemListElement":[{"@type":"ListItem","position":1,"name":"Start","item":"https:\/\/montessorimondial.se\/kista\/"},{"@type":"ListItem","position":2,"name":"Om skolan","item":"https:\/\/montessorimondial.se\/kista\/om\/"},{"@type":"ListItem","position":3,"name":"Grundskola"}]},{"@type":"WebSite","@id":"https:\/\/montessorimondial.se\/kista\/#website","url":"https:\/\/montessorimondial.se\/kista\/","name":"Kista","description":"Montessorimondial Kista","potentialAction":[{"@type":"SearchAction","target":{"@type":"EntryPoint","urlTemplate":"https:\/\/montessorimondial.se\/kista\/?s={search_term_string}"},"query-input":"required name=search_term_string"}],"inLanguage":"sv-SE"}]}},"_links":{"self":[{"href":"https:\/\/montessorimondial.se\/kista\/wp-json\/wp\/v2\/pages\/25"}],"collection":[{"href":"https:\/\/montessorimondial.se\/kista\/wp-json\/wp\/v2\/pages"}],"about":[{"href":"https:\/\/montessorimondial.se\/kista\/wp-json\/wp\/v2\/types\/page"}],"author":[{"embeddable":true,"href":"https:\/\/montessorimondial.se\/kista\/wp-json\/wp\/v2\/users\/1"}],"replies":[{"embeddable":true,"href":"https:\/\/montessorimondial.se\/kista\/wp-json\/wp\/v2\/comments?post=25"}],"version-history":[{"count":10,"href":"https:\/\/montessorimondial.se\/kista\/wp-json\/wp\/v2\/pages\/25\/revisions"}],"predecessor-version":[{"id":2610,"href":"https:\/\/montessorimondial.se\/kista\/wp-json\/wp\/v2\/pages\/25\/revisions\/2610"}],"up":[{"embeddable":true,"href":"https:\/\/montessorimondial.se\/kista\/wp-json\/wp\/v2\/pages\/20"}],"wp:attachment":[{"href":"https:\/\/montessorimondial.se\/kista\/wp-json\/wp\/v2\/media?parent=25"}],"curies":[{"name":"wp","href":"https:\/\/api.w.org\/{rel}","templated":true}]}}