{"id":32,"date":"2020-09-01T22:08:26","date_gmt":"2020-09-01T20:08:26","guid":{"rendered":"https:\/\/montessorimondial.se\/kopieringsunderlag\/?page_id=32"},"modified":"2026-04-23T16:04:52","modified_gmt":"2026-04-23T14:04:52","slug":"lasarstider","status":"publish","type":"page","link":"https:\/\/montessorimondial.se\/kista\/om\/lasarstider\/","title":{"rendered":"L\u00e4s\u00e5rstider"},"content":{"rendered":"\n<div class=\"wp-block-columns is-layout-flex wp-container-core-columns-layout-1 wp-block-columns-is-layout-flex\">\n<div class=\"wp-block-column is-layout-flow wp-block-column-is-layout-flow\" style=\"flex-basis:66.66%\">\n<h1 class=\"wp-block-heading\">L\u00e4s\u00e5rstider<\/h1>\n\n\n\n<p   class=\"site__ingress container text-left  site__text-color--dark  site__free_text--ingress p-0\">\n\tH\u00e4r finns v\u00e5ra tider f\u00f6r l\u00e4s\u00e5ret. Du kan \u00e4ven ta del av information om lovdagar och skolavslutning. Scheman f\u00f6r de olika klasserna finns p\u00e5 SchoolSoft.<\/p>\n\n\n\n\n\n<style type=\"text\/css\">\n\t.ams-divider--block_67f76bfd90749 .ams-divider__line {margin:auto;border-top-color:#282828;}<\/style>\n\n<div class=\"ams-divider ams-divider--block_67f76bfd90749 \">\n\t<div class=\"ams-divider__line\"><\/div>\n<\/div>\n\n\n\n<h2 class=\"wp-block-heading\">V\u00e5rterminen 2026<\/h2>\n\n\n\n<p>V\u00e5rterminen 2026 b\u00f6rjar efter jullovet den 9 januari.<\/p>\n\n\n\n<h3 class=\"wp-block-heading\">Sportlov<\/h3>\n\n\n\n<p>Sportlovet 2026 f\u00f6r elever i Kista \u00e4r vecka 9 mellan den 23 och 27 februari.<\/p>\n\n\n\n<h3 class=\"wp-block-heading\">P\u00e5sklov<\/h3>\n\n\n\n<p>P\u00e5sklovet 2026 f\u00f6r elever i Kista \u00e4r vecka 15 mellan den 7 och 10 april. Observera att barnen \u00e4ven \u00e4r lediga l\u00e5ngfredagen den 3 april och annandag p\u00e5sk den 6 april.<\/p>\n\n\n\n<h3 class=\"wp-block-heading\">Skolavslutning och sommarlov<\/h3>\n\n\n\n<p>Skolavslutningen f\u00f6r eleverna h\u00e5lls den 10 juni.<\/p>\n\n\n\n<style type=\"text\/css\">\n\t.ams-divider--block_69ea2395de959 .ams-divider__line {margin:auto;border-top-color:#282828;}<\/style>\n\n<div class=\"ams-divider ams-divider--block_69ea2395de959 \">\n\t<div class=\"ams-divider__line\"><\/div>\n<\/div>\n\n\n\n<h2 class=\"wp-block-heading\">H\u00f6stterminen 2026<\/h2>\n\n\n\n<p>H\u00f6stterminen 2026 b\u00f6rjar efter sommarlovet den 17 augusti.<\/p>\n\n\n\n<h3 class=\"wp-block-heading\">H\u00f6stlov<\/h3>\n\n\n\n<p>H\u00f6stlovet 2026 f\u00f6r elever i Kista \u00e4r vecka 44 mellan den 26 och 30 oktober.<\/p>\n\n\n\n<h3 class=\"wp-block-heading\">Julavslutning<\/h3>\n\n\n\n<p>Julavslutningen f\u00f6r eleverna h\u00e5lls den 22 december.<\/p>\n\n\n\n<style type=\"text\/css\">\n\t.ams-divider--block_69ea2379de958 .ams-divider__line {margin:auto;border-top-color:#282828;}<\/style>\n\n<div class=\"ams-divider ams-divider--block_69ea2379de958 \">\n\t<div class=\"ams-divider__line\"><\/div>\n<\/div>\n\n\n\n<h2 class=\"wp-block-heading\">V\u00e5rterminen 2027<\/h2>\n\n\n\n<p>V\u00e5rterminen 2027 b\u00f6rjar efter jullovet den 11 januari.<\/p>\n\n\n\n<h3 class=\"wp-block-heading\">Sportlov<\/h3>\n\n\n\n<p>Sportlovet 2027 f\u00f6r elever i Kista \u00e4r vecka 9 mellan den 1 och 5 mars.<\/p>\n\n\n\n<h3 class=\"wp-block-heading\">P\u00e5sklov<\/h3>\n\n\n\n<p>P\u00e5sklovet 2027 f\u00f6r elever i Kista \u00e4r vecka 13 mellan den 30 mars och 2 april. Observera att barnen \u00e4ven \u00e4r lediga l\u00e5ngfredagen den 26 mars och annandag p\u00e5sk den 29 mars.<\/p>\n\n\n\n<h3 class=\"wp-block-heading\">Skolavslutning och sommarlov<\/h3>\n\n\n\n<p>Skolavslutningen f\u00f6r eleverna h\u00e5lls den 9 juni.<\/p>\n<\/div>\n\n\n\n<div class=\"wp-block-column is-layout-flow wp-block-column-is-layout-flow\" style=\"flex-basis:33.33%\"><\/div>\n<\/div>\n\n\n\t<div\n\t\t class=\"container images-module\" >\n\t\t<div class=\"row\">\n\t\t\t<div\n\t\t\t\t\tclass=\"col-12 p-0 position-relative images_module__slideshow images_module__slideshow-container \">\n\t\t\t\t<div class=\"images_module__slide\" data-slide=\"\"\n\t\t\t\t\t data-duration=\"\"><\/div>\n\t\t\t\t\t\t\t\t\t<div\n\t\t\t\t\t\t class=\"images_module__slides \">\n\n\n\t\t\t\t\t\t<div class=\"images__wrapper\" style=\"aspect-ratio: 1200 \/ 531;\">\n\t\t\t\t\t\t\t<img decoding=\"async\" width=\"1000\" height=\"667\" src=\"https:\/\/montessorimondial.se\/wp-content\/uploads\/sites\/2\/2025\/06\/montessori-mondial-lasarstider-sjostaden-202504.jpeg\" class=\"images__image_ratio  \" alt=\"Fem elever sitter p\u00e5 en b\u00e4nk p\u00e5 skolg\u00e5rden.\" style=\"aspect-ratio: 1200 \/ 531;object-position: center center;\" srcset=\"https:\/\/montessorimondial.se\/wp-content\/uploads\/sites\/2\/2025\/06\/montessori-mondial-lasarstider-sjostaden-202504.jpeg 1000w, https:\/\/montessorimondial.se\/wp-content\/uploads\/sites\/2\/2025\/06\/montessori-mondial-lasarstider-sjostaden-202504-300x200.jpeg 300w, https:\/\/montessorimondial.se\/wp-content\/uploads\/sites\/2\/2025\/06\/montessori-mondial-lasarstider-sjostaden-202504-400x267.jpeg 400w, https:\/\/montessorimondial.se\/wp-content\/uploads\/sites\/2\/2025\/06\/montessori-mondial-lasarstider-sjostaden-202504-600x400.jpeg 600w, https:\/\/montessorimondial.se\/wp-content\/uploads\/sites\/2\/2025\/06\/montessori-mondial-lasarstider-sjostaden-202504-800x534.jpeg 800w\" sizes=\"(max-width: 1000px) 100vw, 1000px\" \/>\t\t\t\t\t\t<\/div>\n\n\t\t\t\t\t\t\n\n\t\t\t\t\t\t\t\t\t\t\t<\/div>\n\t\t\t\t\n\t\t\t\t<div class=\"images_module__container_dot\">\n\t\t\t\t\t<div style=\"text-align:center\">\n\t\t\t\t\t\t\t\t\t\t\t\t\t<span   data-i=\"0\"\n\t\t\t\t\t\t\t\t  class=\"\n\t\t\t\t\t\t\timages_module__dot\n\t\t\t\t\t\t\t\t\t\t\t\t\t\t\"\n\t\t\t\t\t\t\t><\/span>\n\t\t\t\t\t\t\t\t\t\t\t<\/div>\n\t\t\t\t<\/div>\n\n\t\t\t<\/div>\n\t\t<\/div>\n\t<\/div>\n\t\n\n\n<script>\n\tvar images_display_descriptive_text = \"\";\n<\/script>\n\n\n<div   id=\"page-relative-menu\" class=\"site__font-monospace   container_width--full_width_conIcon   d-lg-none  \">\n\n\t\t\t\n<\/div>\n","protected":false},"excerpt":{"rendered":"<p>L\u00e4s\u00e5rstider V\u00e5rterminen 2026 V\u00e5rterminen 2026 b\u00f6rjar efter jullovet den 9 januari. Sportlov Sportlovet 2026 f\u00f6r elever i Kista \u00e4r vecka 9 mellan den 23 och 27 februari. P\u00e5sklov P\u00e5sklovet 2026 f\u00f6r elever i Kista \u00e4r vecka 15 mellan den 7 och 10 april. Observera att barnen \u00e4ven \u00e4r lediga l\u00e5ngfredagen den 3 april och annandag&#8230;<\/p>\n","protected":false},"author":1,"featured_media":0,"parent":20,"menu_order":0,"comment_status":"closed","ping_status":"closed","template":"","meta":{"footnotes":""},"yoast_head":"<!-- This site is optimized with the Yoast SEO plugin v22.0 - https:\/\/yoast.com\/wordpress\/plugins\/seo\/ -->\n<title>L\u00e4s\u00e5rstider Montessori Mondial Kista | Lov &amp; Terminsstart<\/title>\n<meta name=\"description\" content=\"Se terminstider, lovdagar och skolavslutningar f\u00f6r Montessori Mondial Kista. H\u00e4r hittar du viktiga datum f\u00f6r b\u00e5de elever och v\u00e5rdnadshavare.\" \/>\n<meta name=\"robots\" content=\"index, follow, max-snippet:-1, max-image-preview:large, max-video-preview:-1\" \/>\n<link rel=\"canonical\" href=\"https:\/\/montessorimondial.se\/kista\/om\/lasarstider\/\" \/>\n<meta property=\"og:locale\" content=\"sv_SE\" \/>\n<meta property=\"og:type\" content=\"article\" \/>\n<meta property=\"og:title\" content=\"L\u00e4s\u00e5rstider Montessori Mondial Kista | Lov &amp; Terminsstart\" \/>\n<meta property=\"og:description\" content=\"Se terminstider, lovdagar och skolavslutningar f\u00f6r Montessori Mondial Kista. H\u00e4r hittar du viktiga datum f\u00f6r b\u00e5de elever och v\u00e5rdnadshavare.\" \/>\n<meta property=\"og:url\" content=\"https:\/\/montessorimondial.se\/kista\/om\/lasarstider\/\" \/>\n<meta property=\"og:site_name\" content=\"Kista\" \/>\n<meta property=\"article:modified_time\" content=\"2026-04-23T14:04:52+00:00\" \/>\n<meta name=\"twitter:card\" content=\"summary_large_image\" \/>\n<meta name=\"twitter:title\" content=\"L\u00e4s\u00e5rstider Montessori Mondial Kista | Lov &amp; Terminsstart\" \/>\n<meta name=\"twitter:description\" content=\"Se terminstider, lovdagar och skolavslutningar f\u00f6r Montessori Mondial Kista. H\u00e4r hittar du viktiga datum f\u00f6r b\u00e5de elever och v\u00e5rdnadshavare.\" \/>\n<meta name=\"twitter:image\" content=\"https:\/\/montessorimondial.se\/wp-content\/uploads\/sites\/2\/2025\/06\/montessori-mondial-lasarstider-sjostaden-202504-1000x630.jpeg\" \/>\n<meta name=\"twitter:label1\" content=\"Ber\u00e4knad l\u00e4stid\" \/>\n\t<meta name=\"twitter:data1\" content=\"2 minuter\" \/>\n<script type=\"application\/ld+json\" class=\"yoast-schema-graph\">{\"@context\":\"https:\/\/schema.org\",\"@graph\":[{\"@type\":\"WebPage\",\"@id\":\"https:\/\/montessorimondial.se\/kista\/om\/lasarstider\/\",\"url\":\"https:\/\/montessorimondial.se\/kista\/om\/lasarstider\/\",\"name\":\"L\u00e4s\u00e5rstider Montessori Mondial Kista | Lov & Terminsstart\",\"isPartOf\":{\"@id\":\"https:\/\/montessorimondial.se\/kista\/#website\"},\"datePublished\":\"2020-09-01T20:08:26+00:00\",\"dateModified\":\"2026-04-23T14:04:52+00:00\",\"description\":\"Se terminstider, lovdagar och skolavslutningar f\u00f6r Montessori Mondial Kista. H\u00e4r hittar du viktiga datum f\u00f6r b\u00e5de elever och v\u00e5rdnadshavare.\",\"breadcrumb\":{\"@id\":\"https:\/\/montessorimondial.se\/kista\/om\/lasarstider\/#breadcrumb\"},\"inLanguage\":\"sv-SE\",\"potentialAction\":[{\"@type\":\"ReadAction\",\"target\":[\"https:\/\/montessorimondial.se\/kista\/om\/lasarstider\/\"]}]},{\"@type\":\"BreadcrumbList\",\"@id\":\"https:\/\/montessorimondial.se\/kista\/om\/lasarstider\/#breadcrumb\",\"itemListElement\":[{\"@type\":\"ListItem\",\"position\":1,\"name\":\"Start\",\"item\":\"https:\/\/montessorimondial.se\/kista\/\"},{\"@type\":\"ListItem\",\"position\":2,\"name\":\"Om skolan\",\"item\":\"https:\/\/montessorimondial.se\/kista\/om\/\"},{\"@type\":\"ListItem\",\"position\":3,\"name\":\"L\u00e4s\u00e5rstider\"}]},{\"@type\":\"WebSite\",\"@id\":\"https:\/\/montessorimondial.se\/kista\/#website\",\"url\":\"https:\/\/montessorimondial.se\/kista\/\",\"name\":\"Kista\",\"description\":\"Montessorimondial Kista\",\"potentialAction\":[{\"@type\":\"SearchAction\",\"target\":{\"@type\":\"EntryPoint\",\"urlTemplate\":\"https:\/\/montessorimondial.se\/kista\/?s={search_term_string}\"},\"query-input\":\"required name=search_term_string\"}],\"inLanguage\":\"sv-SE\"}]}<\/script>\n<!-- \/ Yoast SEO plugin. -->","yoast_head_json":{"title":"L\u00e4s\u00e5rstider Montessori Mondial Kista | Lov & Terminsstart","description":"Se terminstider, lovdagar och skolavslutningar f\u00f6r Montessori Mondial Kista. H\u00e4r hittar du viktiga datum f\u00f6r b\u00e5de elever och v\u00e5rdnadshavare.","robots":{"index":"index","follow":"follow","max-snippet":"max-snippet:-1","max-image-preview":"max-image-preview:large","max-video-preview":"max-video-preview:-1"},"canonical":"https:\/\/montessorimondial.se\/kista\/om\/lasarstider\/","og_locale":"sv_SE","og_type":"article","og_title":"L\u00e4s\u00e5rstider Montessori Mondial Kista | Lov & Terminsstart","og_description":"Se terminstider, lovdagar och skolavslutningar f\u00f6r Montessori Mondial Kista. H\u00e4r hittar du viktiga datum f\u00f6r b\u00e5de elever och v\u00e5rdnadshavare.","og_url":"https:\/\/montessorimondial.se\/kista\/om\/lasarstider\/","og_site_name":"Kista","article_modified_time":"2026-04-23T14:04:52+00:00","twitter_card":"summary_large_image","twitter_title":"L\u00e4s\u00e5rstider Montessori Mondial Kista | Lov & Terminsstart","twitter_description":"Se terminstider, lovdagar och skolavslutningar f\u00f6r Montessori Mondial Kista. H\u00e4r hittar du viktiga datum f\u00f6r b\u00e5de elever och v\u00e5rdnadshavare.","twitter_image":"https:\/\/montessorimondial.se\/wp-content\/uploads\/sites\/2\/2025\/06\/montessori-mondial-lasarstider-sjostaden-202504-1000x630.jpeg","twitter_misc":{"Ber\u00e4knad l\u00e4stid":"2 minuter"},"schema":{"@context":"https:\/\/schema.org","@graph":[{"@type":"WebPage","@id":"https:\/\/montessorimondial.se\/kista\/om\/lasarstider\/","url":"https:\/\/montessorimondial.se\/kista\/om\/lasarstider\/","name":"L\u00e4s\u00e5rstider Montessori Mondial Kista | Lov & Terminsstart","isPartOf":{"@id":"https:\/\/montessorimondial.se\/kista\/#website"},"datePublished":"2020-09-01T20:08:26+00:00","dateModified":"2026-04-23T14:04:52+00:00","description":"Se terminstider, lovdagar och skolavslutningar f\u00f6r Montessori Mondial Kista. H\u00e4r hittar du viktiga datum f\u00f6r b\u00e5de elever och v\u00e5rdnadshavare.","breadcrumb":{"@id":"https:\/\/montessorimondial.se\/kista\/om\/lasarstider\/#breadcrumb"},"inLanguage":"sv-SE","potentialAction":[{"@type":"ReadAction","target":["https:\/\/montessorimondial.se\/kista\/om\/lasarstider\/"]}]},{"@type":"BreadcrumbList","@id":"https:\/\/montessorimondial.se\/kista\/om\/lasarstider\/#breadcrumb","itemListElement":[{"@type":"ListItem","position":1,"name":"Start","item":"https:\/\/montessorimondial.se\/kista\/"},{"@type":"ListItem","position":2,"name":"Om skolan","item":"https:\/\/montessorimondial.se\/kista\/om\/"},{"@type":"ListItem","position":3,"name":"L\u00e4s\u00e5rstider"}]},{"@type":"WebSite","@id":"https:\/\/montessorimondial.se\/kista\/#website","url":"https:\/\/montessorimondial.se\/kista\/","name":"Kista","description":"Montessorimondial Kista","potentialAction":[{"@type":"SearchAction","target":{"@type":"EntryPoint","urlTemplate":"https:\/\/montessorimondial.se\/kista\/?s={search_term_string}"},"query-input":"required name=search_term_string"}],"inLanguage":"sv-SE"}]}},"_links":{"self":[{"href":"https:\/\/montessorimondial.se\/kista\/wp-json\/wp\/v2\/pages\/32"}],"collection":[{"href":"https:\/\/montessorimondial.se\/kista\/wp-json\/wp\/v2\/pages"}],"about":[{"href":"https:\/\/montessorimondial.se\/kista\/wp-json\/wp\/v2\/types\/page"}],"author":[{"embeddable":true,"href":"https:\/\/montessorimondial.se\/kista\/wp-json\/wp\/v2\/users\/1"}],"replies":[{"embeddable":true,"href":"https:\/\/montessorimondial.se\/kista\/wp-json\/wp\/v2\/comments?post=32"}],"version-history":[{"count":10,"href":"https:\/\/montessorimondial.se\/kista\/wp-json\/wp\/v2\/pages\/32\/revisions"}],"predecessor-version":[{"id":2700,"href":"https:\/\/montessorimondial.se\/kista\/wp-json\/wp\/v2\/pages\/32\/revisions\/2700"}],"up":[{"embeddable":true,"href":"https:\/\/montessorimondial.se\/kista\/wp-json\/wp\/v2\/pages\/20"}],"wp:attachment":[{"href":"https:\/\/montessorimondial.se\/kista\/wp-json\/wp\/v2\/media?parent=32"}],"curies":[{"name":"wp","href":"https:\/\/api.w.org\/{rel}","templated":true}]}}