{"id":34,"date":"2020-09-01T22:08:40","date_gmt":"2020-09-01T20:08:40","guid":{"rendered":"https:\/\/montessorimondial.se\/kopieringsunderlag\/?page_id=34"},"modified":"2025-02-19T09:00:51","modified_gmt":"2025-02-19T08:00:51","slug":"skolmat","status":"publish","type":"page","link":"https:\/\/montessorimondial.se\/kista\/om\/skolmat\/","title":{"rendered":"V\u00e5r mat"},"content":{"rendered":"\n<div class=\"wp-block-columns is-layout-flex wp-container-core-columns-layout-1 wp-block-columns-is-layout-flex\">\n<div class=\"wp-block-column is-layout-flow wp-block-column-is-layout-flow\" style=\"flex-basis:66.66%\">\n<h1 class=\"wp-block-heading\">Maten p\u00e5 Montessori Mondial Kista<\/h1>\n\n\n\n<p   class=\"site__ingress container text-left  site__text-color--dark  site__free_text--ingress p-0\">\n\tP\u00e5 Montessori Mondial Kista f\u00e5r vi v\u00e4llagad och n\u00e4ringsrik skollunch levererad fr\u00e5n Noblaskolan Sundbyberg. P\u00e5 f\u00f6rmiddagen serverar vi frukt till alla elever.<\/p>\n\n\n\n\n\n<h2 class=\"wp-block-heading\">En satsning p\u00e5 maten<\/h2>\n\n\n\n<p>V\u00e5r mat lagas p\u00e5 Noblaskolan Sundbyberg, som tar emot maten av cateringbolaget Incontro. 2019 gjordes en storsatsning p\u00e5 skolmaten d\u00e4r eleverna fick vara med och tycka till. Det resulterade i en gr\u00f6nare meny med fler valm\u00f6jligheter och en stor salladsbuff\u00e9.<\/p>\n\n\n\n<h2 class=\"wp-block-heading\">Gemenskap under skollunchen <\/h2>\n\n\n\n<p>Under lunchen sitter pedagoger och elever i klassrummen och avnjuter lunchen tillsammans. Detta skapar en rofylld milj\u00f6 f\u00f6r barnen att \u00e4ta med sina klasskamrater.<\/p>\n\n\n\n<h2 class=\"wp-block-heading\">Matsedel och specialkost<\/h2>\n\n\n\n<p>F\u00f6r att ta del av matsedeln, logga in p\u00e5 Schoolsoft. H\u00e4r kan du \u00e4ven anm\u00e4la specialkost \u00e5t ditt barn.<\/p>\n\n\n\n<p><\/p>\n\n\n\n<p><img decoding=\"async\" class=\"wp-image-716\" style=\"width: 150px;\" src=\"https:\/\/vittra.se\/wp-content\/uploads\/sites\/23\/2021\/09\/eu-logo-skolmjolk.jpeg\" alt=\"\"><\/p>\n<\/div>\n\n\n\n<div class=\"wp-block-column is-layout-flow wp-block-column-is-layout-flow\" style=\"flex-basis:33.33%\"><\/div>\n<\/div>\n\n\n\t<div\n\t\t class=\"container images-module\" >\n\t\t<div class=\"row\">\n\t\t\t<div\n\t\t\t\t\tclass=\"col-12 p-0 position-relative images_module__slideshow images_module__slideshow-container \">\n\t\t\t\t<div class=\"images_module__slide\" data-slide=\"\"\n\t\t\t\t\t data-duration=\"\"><\/div>\n\t\t\t\t\t\t\t\t\t<div\n\t\t\t\t\t\t class=\"images_module__slides \">\n\n\n\t\t\t\t\t\t<div class=\"images__wrapper\" style=\"aspect-ratio: 1200 \/ 531;\">\n\t\t\t\t\t\t\t<img decoding=\"async\" width=\"2048\" height=\"1365\" src=\"https:\/\/montessorimondial.se\/wp-content\/uploads\/sites\/2\/2023\/08\/montessori-mondialmalarhojden202305-202805-1.jpg\" class=\"images__image_ratio  \" alt=\"En kock som st\u00e5r i k\u00f6ket och f\u00f6rbereder mat\" style=\"aspect-ratio: 1200 \/ 531;object-position: center center;\" srcset=\"https:\/\/montessorimondial.se\/wp-content\/uploads\/sites\/2\/2023\/08\/montessori-mondialmalarhojden202305-202805-1.jpg 2048w, https:\/\/montessorimondial.se\/wp-content\/uploads\/sites\/2\/2023\/08\/montessori-mondialmalarhojden202305-202805-1-300x200.jpg 300w, https:\/\/montessorimondial.se\/wp-content\/uploads\/sites\/2\/2023\/08\/montessori-mondialmalarhojden202305-202805-1-400x267.jpg 400w, https:\/\/montessorimondial.se\/wp-content\/uploads\/sites\/2\/2023\/08\/montessori-mondialmalarhojden202305-202805-1-600x400.jpg 600w, https:\/\/montessorimondial.se\/wp-content\/uploads\/sites\/2\/2023\/08\/montessori-mondialmalarhojden202305-202805-1-800x533.jpg 800w, https:\/\/montessorimondial.se\/wp-content\/uploads\/sites\/2\/2023\/08\/montessori-mondialmalarhojden202305-202805-1-1024x683.jpg 1024w, https:\/\/montessorimondial.se\/wp-content\/uploads\/sites\/2\/2023\/08\/montessori-mondialmalarhojden202305-202805-1-1200x800.jpg 1200w\" sizes=\"(max-width: 2048px) 100vw, 2048px\" \/>\t\t\t\t\t\t<\/div>\n\n\t\t\t\t\t\t\n\n\t\t\t\t\t\t\t\t\t\t\t<\/div>\n\t\t\t\t\n\t\t\t\t<div class=\"images_module__container_dot\">\n\t\t\t\t\t<div style=\"text-align:center\">\n\t\t\t\t\t\t\t\t\t\t\t\t\t<span   data-i=\"0\"\n\t\t\t\t\t\t\t\t  class=\"\n\t\t\t\t\t\t\timages_module__dot\n\t\t\t\t\t\t\t\t\t\t\t\t\t\t\"\n\t\t\t\t\t\t\t><\/span>\n\t\t\t\t\t\t\t\t\t\t\t<\/div>\n\t\t\t\t<\/div>\n\n\t\t\t<\/div>\n\t\t<\/div>\n\t<\/div>\n\t\n\n\n<script>\n\tvar images_display_descriptive_text = \"\";\n<\/script>\n\n\n<div   id=\"page-relative-menu\" class=\"site__font-monospace   container_width--full_width_conIcon   d-lg-none  \">\n\n\t\t\t\n<\/div>\n","protected":false},"excerpt":{"rendered":"<p>Maten p\u00e5 Montessori Mondial Kista En satsning p\u00e5 maten V\u00e5r mat lagas p\u00e5 Noblaskolan Sundbyberg, som tar emot maten av cateringbolaget Incontro. 2019 gjordes en storsatsning p\u00e5 skolmaten d\u00e4r eleverna fick vara med och tycka till. Det resulterade i en gr\u00f6nare meny med fler valm\u00f6jligheter och en stor salladsbuff\u00e9. Gemenskap under skollunchen Under lunchen sitter&#8230;<\/p>\n","protected":false},"author":1,"featured_media":0,"parent":20,"menu_order":0,"comment_status":"closed","ping_status":"closed","template":"","meta":{"footnotes":""},"yoast_head":"<!-- This site is optimized with the Yoast SEO plugin v22.0 - https:\/\/yoast.com\/wordpress\/plugins\/seo\/ -->\n<title>Skolmaten p\u00e5 v\u00e5r skola | Montessori Mondial Kista<\/title>\n<meta name=\"description\" content=\"H\u00e4r kan du l\u00e4sa om v\u00e5r skolmat med en gr\u00f6n meny med flera valm\u00f6jligheter och en salladsbuff\u00e9. L\u00e4s om hur du hittar matsedeln och best\u00e4ller specialkost.\" \/>\n<meta name=\"robots\" content=\"index, follow, max-snippet:-1, max-image-preview:large, max-video-preview:-1\" \/>\n<link rel=\"canonical\" href=\"https:\/\/montessorimondial.se\/kista\/om\/skolmat\/\" \/>\n<meta property=\"og:locale\" content=\"sv_SE\" \/>\n<meta property=\"og:type\" content=\"article\" \/>\n<meta property=\"og:title\" content=\"Skolmaten p\u00e5 v\u00e5r skola | Montessori Mondial Kista\" \/>\n<meta property=\"og:description\" content=\"H\u00e4r kan du l\u00e4sa om v\u00e5r skolmat med en gr\u00f6n meny med flera valm\u00f6jligheter och en salladsbuff\u00e9. L\u00e4s om hur du hittar matsedeln och best\u00e4ller specialkost.\" \/>\n<meta property=\"og:url\" content=\"https:\/\/montessorimondial.se\/kista\/om\/skolmat\/\" \/>\n<meta property=\"og:site_name\" content=\"Kista\" \/>\n<meta property=\"article:modified_time\" content=\"2025-02-19T08:00:51+00:00\" \/>\n<meta property=\"og:image\" content=\"https:\/\/montessorimondial.se\/wp-content\/uploads\/sites\/2\/2023\/08\/montessori-mondialmalarhojden202305-202805-1-1200x630.jpg\" \/>\n<meta name=\"twitter:card\" content=\"summary_large_image\" \/>\n<meta name=\"twitter:title\" content=\"Skolmaten p\u00e5 v\u00e5r skola | Montessori Mondial Kista\" \/>\n<meta name=\"twitter:description\" content=\"H\u00e4r kan du l\u00e4sa om v\u00e5r skolmat med en gr\u00f6n meny med flera valm\u00f6jligheter och en salladsbuff\u00e9. L\u00e4s om hur du hittar matsedeln och best\u00e4ller specialkost.\" \/>\n<meta name=\"twitter:image\" content=\"https:\/\/montessorimondial.se\/wp-content\/uploads\/sites\/2\/2023\/08\/montessori-mondialmalarhojden202305-202805-1-1200x630.jpg\" \/>\n<meta name=\"twitter:label1\" content=\"Ber\u00e4knad l\u00e4stid\" \/>\n\t<meta name=\"twitter:data1\" content=\"2 minuter\" \/>\n<script type=\"application\/ld+json\" class=\"yoast-schema-graph\">{\"@context\":\"https:\/\/schema.org\",\"@graph\":[{\"@type\":\"WebPage\",\"@id\":\"https:\/\/montessorimondial.se\/kista\/om\/skolmat\/\",\"url\":\"https:\/\/montessorimondial.se\/kista\/om\/skolmat\/\",\"name\":\"Skolmaten p\u00e5 v\u00e5r skola | Montessori Mondial Kista\",\"isPartOf\":{\"@id\":\"https:\/\/montessorimondial.se\/kista\/#website\"},\"datePublished\":\"2020-09-01T20:08:40+00:00\",\"dateModified\":\"2025-02-19T08:00:51+00:00\",\"description\":\"H\u00e4r kan du l\u00e4sa om v\u00e5r skolmat med en gr\u00f6n meny med flera valm\u00f6jligheter och en salladsbuff\u00e9. L\u00e4s om hur du hittar matsedeln och best\u00e4ller specialkost.\",\"breadcrumb\":{\"@id\":\"https:\/\/montessorimondial.se\/kista\/om\/skolmat\/#breadcrumb\"},\"inLanguage\":\"sv-SE\",\"potentialAction\":[{\"@type\":\"ReadAction\",\"target\":[\"https:\/\/montessorimondial.se\/kista\/om\/skolmat\/\"]}]},{\"@type\":\"BreadcrumbList\",\"@id\":\"https:\/\/montessorimondial.se\/kista\/om\/skolmat\/#breadcrumb\",\"itemListElement\":[{\"@type\":\"ListItem\",\"position\":1,\"name\":\"Start\",\"item\":\"https:\/\/montessorimondial.se\/kista\/\"},{\"@type\":\"ListItem\",\"position\":2,\"name\":\"Om skolan\",\"item\":\"https:\/\/montessorimondial.se\/kista\/om\/\"},{\"@type\":\"ListItem\",\"position\":3,\"name\":\"V\u00e5r mat\"}]},{\"@type\":\"WebSite\",\"@id\":\"https:\/\/montessorimondial.se\/kista\/#website\",\"url\":\"https:\/\/montessorimondial.se\/kista\/\",\"name\":\"Kista\",\"description\":\"Montessorimondial Kista\",\"potentialAction\":[{\"@type\":\"SearchAction\",\"target\":{\"@type\":\"EntryPoint\",\"urlTemplate\":\"https:\/\/montessorimondial.se\/kista\/?s={search_term_string}\"},\"query-input\":\"required name=search_term_string\"}],\"inLanguage\":\"sv-SE\"}]}<\/script>\n<!-- \/ Yoast SEO plugin. -->","yoast_head_json":{"title":"Skolmaten p\u00e5 v\u00e5r skola | Montessori Mondial Kista","description":"H\u00e4r kan du l\u00e4sa om v\u00e5r skolmat med en gr\u00f6n meny med flera valm\u00f6jligheter och en salladsbuff\u00e9. L\u00e4s om hur du hittar matsedeln och best\u00e4ller specialkost.","robots":{"index":"index","follow":"follow","max-snippet":"max-snippet:-1","max-image-preview":"max-image-preview:large","max-video-preview":"max-video-preview:-1"},"canonical":"https:\/\/montessorimondial.se\/kista\/om\/skolmat\/","og_locale":"sv_SE","og_type":"article","og_title":"Skolmaten p\u00e5 v\u00e5r skola | Montessori Mondial Kista","og_description":"H\u00e4r kan du l\u00e4sa om v\u00e5r skolmat med en gr\u00f6n meny med flera valm\u00f6jligheter och en salladsbuff\u00e9. L\u00e4s om hur du hittar matsedeln och best\u00e4ller specialkost.","og_url":"https:\/\/montessorimondial.se\/kista\/om\/skolmat\/","og_site_name":"Kista","article_modified_time":"2025-02-19T08:00:51+00:00","og_image":[{"url":"https:\/\/montessorimondial.se\/wp-content\/uploads\/sites\/2\/2023\/08\/montessori-mondialmalarhojden202305-202805-1-1200x630.jpg"}],"twitter_card":"summary_large_image","twitter_title":"Skolmaten p\u00e5 v\u00e5r skola | Montessori Mondial Kista","twitter_description":"H\u00e4r kan du l\u00e4sa om v\u00e5r skolmat med en gr\u00f6n meny med flera valm\u00f6jligheter och en salladsbuff\u00e9. L\u00e4s om hur du hittar matsedeln och best\u00e4ller specialkost.","twitter_image":"https:\/\/montessorimondial.se\/wp-content\/uploads\/sites\/2\/2023\/08\/montessori-mondialmalarhojden202305-202805-1-1200x630.jpg","twitter_misc":{"Ber\u00e4knad l\u00e4stid":"2 minuter"},"schema":{"@context":"https:\/\/schema.org","@graph":[{"@type":"WebPage","@id":"https:\/\/montessorimondial.se\/kista\/om\/skolmat\/","url":"https:\/\/montessorimondial.se\/kista\/om\/skolmat\/","name":"Skolmaten p\u00e5 v\u00e5r skola | Montessori Mondial Kista","isPartOf":{"@id":"https:\/\/montessorimondial.se\/kista\/#website"},"datePublished":"2020-09-01T20:08:40+00:00","dateModified":"2025-02-19T08:00:51+00:00","description":"H\u00e4r kan du l\u00e4sa om v\u00e5r skolmat med en gr\u00f6n meny med flera valm\u00f6jligheter och en salladsbuff\u00e9. L\u00e4s om hur du hittar matsedeln och best\u00e4ller specialkost.","breadcrumb":{"@id":"https:\/\/montessorimondial.se\/kista\/om\/skolmat\/#breadcrumb"},"inLanguage":"sv-SE","potentialAction":[{"@type":"ReadAction","target":["https:\/\/montessorimondial.se\/kista\/om\/skolmat\/"]}]},{"@type":"BreadcrumbList","@id":"https:\/\/montessorimondial.se\/kista\/om\/skolmat\/#breadcrumb","itemListElement":[{"@type":"ListItem","position":1,"name":"Start","item":"https:\/\/montessorimondial.se\/kista\/"},{"@type":"ListItem","position":2,"name":"Om skolan","item":"https:\/\/montessorimondial.se\/kista\/om\/"},{"@type":"ListItem","position":3,"name":"V\u00e5r mat"}]},{"@type":"WebSite","@id":"https:\/\/montessorimondial.se\/kista\/#website","url":"https:\/\/montessorimondial.se\/kista\/","name":"Kista","description":"Montessorimondial Kista","potentialAction":[{"@type":"SearchAction","target":{"@type":"EntryPoint","urlTemplate":"https:\/\/montessorimondial.se\/kista\/?s={search_term_string}"},"query-input":"required name=search_term_string"}],"inLanguage":"sv-SE"}]}},"_links":{"self":[{"href":"https:\/\/montessorimondial.se\/kista\/wp-json\/wp\/v2\/pages\/34"}],"collection":[{"href":"https:\/\/montessorimondial.se\/kista\/wp-json\/wp\/v2\/pages"}],"about":[{"href":"https:\/\/montessorimondial.se\/kista\/wp-json\/wp\/v2\/types\/page"}],"author":[{"embeddable":true,"href":"https:\/\/montessorimondial.se\/kista\/wp-json\/wp\/v2\/users\/1"}],"replies":[{"embeddable":true,"href":"https:\/\/montessorimondial.se\/kista\/wp-json\/wp\/v2\/comments?post=34"}],"version-history":[{"count":10,"href":"https:\/\/montessorimondial.se\/kista\/wp-json\/wp\/v2\/pages\/34\/revisions"}],"predecessor-version":[{"id":2576,"href":"https:\/\/montessorimondial.se\/kista\/wp-json\/wp\/v2\/pages\/34\/revisions\/2576"}],"up":[{"embeddable":true,"href":"https:\/\/montessorimondial.se\/kista\/wp-json\/wp\/v2\/pages\/20"}],"wp:attachment":[{"href":"https:\/\/montessorimondial.se\/kista\/wp-json\/wp\/v2\/media?parent=34"}],"curies":[{"name":"wp","href":"https:\/\/api.w.org\/{rel}","templated":true}]}}