{"id":74,"date":"2020-09-10T17:25:52","date_gmt":"2020-09-10T15:25:52","guid":{"rendered":"https:\/\/montessorimondial.se\/kista\/?page_id=74"},"modified":"2025-09-18T16:28:44","modified_gmt":"2025-09-18T14:28:44","slug":"koanmalan","status":"publish","type":"page","link":"https:\/\/montessorimondial.se\/kista\/koanmalan\/","title":{"rendered":"K\u00f6anm\u00e4lan"},"content":{"rendered":"\n<div class=\"wp-block-columns is-layout-flex wp-container-core-columns-layout-1 wp-block-columns-is-layout-flex\">\n<div class=\"wp-block-column is-layout-flow wp-block-column-is-layout-flow\">\n<h1 class=\"wp-block-heading\">St\u00e4ll ditt barn i k\u00f6<\/h1>\n\n\n\n<p   class=\"site__ingress container text-left  site__text-color--dark  site__free_text--ingress p-0\">\n\tVad roligt att du \u00e4r intresserad av Montessori Mondial Kista! Nedanf\u00f6r hittar du l\u00e4nken till v\u00e5rt ans\u00f6kningsformul\u00e4r.<\/p>\n\n\n\n\n\n<h2 class=\"wp-block-heading\">N\u00e4r?<\/h2>\n\n\n\n<p>Du kan st\u00e4lla dig i v\u00e5r k\u00f6 via v\u00e5rt formul\u00e4r n\u00e4r som helst. Vi rekommenderar att st\u00e4lla barnet i k\u00f6 tidigt d\u00e5 vi har l\u00e5ng k\u00f6 till skolan.<\/p>\n\n\n\n<p>Mellan den 15 januari och 15 februari g\u00f6r du som v\u00e5rdnadshavare ett aktivt skolval hos&nbsp;Stockholms stad&nbsp;\u00e5t ditt barn som ska b\u00f6rja f\u00f6rskoleklass eller \u00f6vrig \u00e5rskurs inom grundskolan. <\/p>\n\n\n\n<h2 class=\"wp-block-heading\">Hur?<\/h2>\n\n\n\n<p>Vi \u00e4r anslutna till Stockholm stads antagningstj\u00e4nst, vilket inneb\u00e4r att du dels beh\u00f6ver st\u00e4lla ditt barn i k\u00f6 via v\u00e5rt formul\u00e4r medan. \u00c5ret f\u00f6r antagningen beh\u00f6ver du dessutom ocks\u00e5 v\u00e4lja oss som f\u00f6rstahandsval hos Stockholms stad.<\/p>\n\n\n\n<p>\u00c4r det n\u00e5got du undrar \u00f6ver kan du l\u00e4sa mer om antagningsprocessen <a href=\"https:\/\/montessorimondial.se\/kista\/antagning\/\">h\u00e4r<\/a> eller <a href=\"https:\/\/montessorimondial.se\/kista\/koanmalan\/#kontakt\">kontakta oss<\/a>.<\/p>\n\n\n\n<p>Vid skyddade personuppgifter, var v\u00e4nlig kontakta skolan f\u00f6r k\u00f6plats.<\/p>\n\n\n\n<div class=\"module_wrapper ams_single_button_module cpt-60 cpb-30\" >\n\t<div class=\"container\">\n\t\t<div class=\"row\">\n\t\t\t<div class=\"col-12\">\n\t\t\t\t\n\t\t\t\t\t<div class=\"text-left\">\n\t\t\t\t\t\t\t\t\t\t\t\t\t\t\t\t\t\t\t<!-- Please don't convert it to button from <a>. If we use javascript linking, it is not\n\t\t\t\t\t\ttracking correctly in Google Analytic. -->\n\t\t\t\t\t\t\t<a tabindex=\"0.01\"\n\t\t\t\t\t\t\t   id=\"69eba43014c80\"\n\t\t\t\t\t\t\t   href=\"https:\/\/sms.schoolsoft.se\/academediagrundskolor\/react\/#\/login\/queue?school=71\"\n\t\t\t\t\t\t\t   target=\"\"\n\t\t\t\t\t\t\t   class=\"btn text-center ams_active_button_state_default site__buttons-1 pt-2 site__cta-bg--100 site__text-color--light site__text-color--dark slightly-rounded-corners-btn-shape \"\n\t\t\t\t\t\t\t   title=\"V\u00e5rt formul\u00e4r\"\n\t\t\t\t\t\t\t   role=\"button\">\n\t\t\t\t\t\t\t\tV\u00e5rt formul\u00e4r\t\t\t\t\t\t\t<\/a>\n\n\t\t\t\t\t\t\t\t\t\t\t<\/div>\n\n\t\t\t\t\t\t\t<\/div>\n\t\t<\/div>\n\t<\/div>\n<\/div>\n\n\n\n<div class=\"module_wrapper ams_single_button_module cpt-60 cpb-30\" >\n\t<div class=\"container\">\n\t\t<div class=\"row\">\n\t\t\t<div class=\"col-12\">\n\t\t\t\t\n\t\t\t\t\t<div class=\"text-left\">\n\t\t\t\t\t\t\t\t\t\t\t\t\t\t\t\t\t\t\t<!-- Please don't convert it to button from <a>. If we use javascript linking, it is not\n\t\t\t\t\t\ttracking correctly in Google Analytic. -->\n\t\t\t\t\t\t\t<a tabindex=\"0.01\"\n\t\t\t\t\t\t\t   id=\"69eba430152c7\"\n\t\t\t\t\t\t\t   href=\"https:\/\/grundskola.stockholm\/sok-skola\"\n\t\t\t\t\t\t\t   target=\"\"\n\t\t\t\t\t\t\t   class=\"btn text-center ams_active_button_state_default site__buttons-1 pt-2 site__cta-bg--100 site__text-color--light site__text-color--dark slightly-rounded-corners-btn-shape \"\n\t\t\t\t\t\t\t   title=\"Stockholms stads hemsida\"\n\t\t\t\t\t\t\t   role=\"button\">\n\t\t\t\t\t\t\t\tStockholms stads hemsida\t\t\t\t\t\t\t<\/a>\n\n\t\t\t\t\t\t\t\t\t\t\t<\/div>\n\n\t\t\t\t\t\t\t<\/div>\n\t\t<\/div>\n\t<\/div>\n<\/div>\n<\/div>\n\n\n\n<div class=\"wp-block-column wp-column-block-margin-fix is-layout-flow wp-block-column-is-layout-flow\">\t<div\n\t\t class=\"container-fluid images-module\" >\n\t\t<div class=\"row my-2\">\n\t\t\t<div class=\"col-md-12 images_module__img_r images_module__content_spacing_img_r_m  images-module__color-plate-right-bg_site__secondary-bg--100 \">\n\t\t\t\t<div class=\"position-relative text-right\">\n\t\t\t\t\t<div class=\"images__wrapper\" style=\"float:right; max-width: 440px; max-height: 494px;\">\n\t\t\t\t\t\t<img decoding=\"async\" width=\"1080\" height=\"1080\" src=\"https:\/\/montessorimondial.se\/wp-content\/uploads\/sites\/2\/2023\/08\/montessori-mondialmalarhojden202305-202805.jpg\" class=\"d-block images__image_ratio  \" alt=\"En elev sitter vid en skolb\u00e4nk och ritar.\" style=\"aspect-ratio: 440 \/ 494;object-position: center center;\" srcset=\"https:\/\/montessorimondial.se\/wp-content\/uploads\/sites\/2\/2023\/08\/montessori-mondialmalarhojden202305-202805.jpg 1080w, https:\/\/montessorimondial.se\/wp-content\/uploads\/sites\/2\/2023\/08\/montessori-mondialmalarhojden202305-202805-150x150.jpg 150w, https:\/\/montessorimondial.se\/wp-content\/uploads\/sites\/2\/2023\/08\/montessori-mondialmalarhojden202305-202805-300x300.jpg 300w, https:\/\/montessorimondial.se\/wp-content\/uploads\/sites\/2\/2023\/08\/montessori-mondialmalarhojden202305-202805-400x400.jpg 400w, https:\/\/montessorimondial.se\/wp-content\/uploads\/sites\/2\/2023\/08\/montessori-mondialmalarhojden202305-202805-600x600.jpg 600w, https:\/\/montessorimondial.se\/wp-content\/uploads\/sites\/2\/2023\/08\/montessori-mondialmalarhojden202305-202805-800x800.jpg 800w, https:\/\/montessorimondial.se\/wp-content\/uploads\/sites\/2\/2023\/08\/montessori-mondialmalarhojden202305-202805-1024x1024.jpg 1024w\" sizes=\"(max-width: 1080px) 100vw, 1080px\" \/>\t\t\t\t\t<\/div>\n\t\t\t\t\t<div style=\"clear:both;\">\n\t\t\t\t\t\t\n\t\t\t\t\t\t\t\t\t\t\t<\/div>\n\t\t\t\t<\/div>\n\t\t\t<\/div>\n\t\t<\/div>\n\t<\/div>\n\t\n\n\n<script>\n\tvar images_display_descriptive_text = \"\";\n<\/script>\n<\/div>\n<\/div>\n\n\n\n<section id=kontakt\n\t\t class=\"\n\t\t ams-contact\n\t\t \n\t\t c-block l-stacked\n\t\t \n\t\t \n\t\t js-load-more\n\t\t \"\n\t\t data-color-scheme=\"beige\"\n\t\t\t\t\tdata-count=\"3\"\n\t\t\t\t\t\t\tdata-count-mobile=\"2\"\n\t\t\t\t>\n\t<div\n\t\t class=\"\n\t\t l-container\n\t\t l-stack l-stack-fluid-2xl\n\t\t u-pt-fluid-3xl-6xl\n\t\t u-pb-fluid-3xl-6xl\n\t\t is-center\n\t\t is-center@md\n\t\t \">\n\t\t\t\t\t<div class=\"ams-contact__intro l-stack l-stack-lg\">\n\t\t\t\t\t\n\t<h2\n\tclass=\"c-heading u-font-title-1 \"\n\tstyle=\"\">\n\t\t\n\t\t\t\t\tHar du fr\u00e5gor om k\u00f6anm\u00e4lan?\n\t\t\t\t\n\t<\/h2>\n\n\t\t\t\t\t\t\t\t\t<div class=\"c-text l-stack u-cs-xl u-font-body\">\n\t\t\t\t\t\t<p>Kontakta g\u00e4rna v\u00e5r administrat\u00f6r ifall du har fr\u00e5gor eller beh\u00f6ver hj\u00e4lp med ans\u00f6kan.<\/p>\n\n\t\t\t\t\t<\/div>\n\t\t\t\t\t\t\t<\/div>\n\t\t\n\t\t\n\t\t    \t\n\t\t\n\t\t<ul\n\t\t\tid=\"contact-grid-69eba43027f24\"\n\t\t\tclass=\"ams-contact__list l-grid u-gap-fluid-2xl-4xl u-justify-center js-results \"\n\t\t\taria-label=\"Kontakter\"\n\t\t\tdata-filter-animation=\"off\"\n\t\t\t>\n\t\t\t\t\t\t\t\t\t\t\t\n\t\t\t\t\n\t\t\t\t<li class=\"l-col-12 \" data-filter=\"b\">\n\t\t\t\t\t<article class=\"c-card u-justify-center\" data-variant=\"inline\">\n\t\t\t\t\t\t<div class=\"c-card__content u-flex-basis-auto u-flex-grow-0 u-text-center@mobile\">\n\t\t\t\t\t\t\t\t\t\t\t\t\t\t\t<h3 class=\"c-card__title u-font-title-3\">\n\t\t\t\t\t\t\t\t\tVictoria Swahn\n\t\t\t\t\t\t\t\t<\/h3>\n\t\t\t\t\t\t\t\n\t\t\t\t\t\t\t\t\t\t\t\t\t\t\t<p class=\"position u-font-body\">Administrat\u00f6r<\/p>\n\t\t\t\t\t\t\t\n\t\t\t\t\t\t\t\t\t\t\t\t\t\t\t<div class=\"contact-info u-font-body\">\n\t\t\t\t\t\t\t\t\t\n\t\t\t\t\t\t\t\t\t\t\t\t\t\t\t\t\t\t\t\t\t\t\t\t\t\t\t\t\t\t<p class=\"email\"><a\n\t\t\t\t\t\t\t\t\t\t\t\t\thref=\"&#109;a&#105;l&#116;&#111;:v&#105;&#099;&#116;ori&#097;.&#115;wa&#104;n&#064;mo&#110;&#116;e&#115;s&#111;&#114;&#105;&#109;ond&#105;al&#046;s&#101;\"\n\t\t\t\t\t\t\t\t\t\t\t\t\tclass=\"u-text-link\">vict&#111;r&#105;&#097;.&#115;wa&#104;&#110;&#064;mo&#110;t&#101;s&#115;or&#105;&#109;&#111;&#110;&#100;i&#097;&#108;&#046;s&#101;<\/a>\n\t\t\t\t\t\t\t\t\t\t\t<\/p>\n\t\t\t\t\t\t\t\t\t\t\t\t\t\t\t\t\t\t\t\t\t\t\t\t\t\t\t<\/div>\n\t\t\t\t\t\t\t\n\t\t\t\t\t\t\t\t\t\t\t\t\t<\/div>\n\t\t\t\t\t\t<div class=\"c-card__media\">\n\t\t\t\t\t\t\t\t\t\t\t\t\t\t\t\t\t\t\t\t\t\t\t\t\t\t\t\t\t\t\t\t\t\t\t\t\t\t\t\t\t\t\t\t\t\t\t\t\t<img decoding=\"async\" src=\"https:\/\/montessorimondial.se\/wp-content\/uploads\/2020\/10\/montessorimondialavatar2.svg\" class=\"u-radius-round u-ratio-landscape  \" alt=\"\" sizes=\"(max-width: 300px) 100vw, 300px\" height=\"242\" width=\"242\" \/>\n\t\t\t\t\t\t<\/div>\n\t\t\t\t\t<\/article>\n\t\t\t\t<\/li>\n\t\t\t\t\t<\/ul>\n\n\t\t\n\t\t    <div class=\"ams-contact__more u-inline-items js-load-more-btn\">\n        <button href=\"#\"\n                class=\"c-btn\"\n                data-style=\"rounded\"\n                data-size=\"md\"\n                data-width=\"full-mobile\"\n                data-variant=\"outline\">\n        \tVisa mer\n        <\/button>\n    <\/div>\n\n\t\t\t<\/div>\n\n\t\t\n\n<\/section>\n\n\n\n\n<section  class=\"ams-info-card c-block l-stacked\" data-color-scheme=\"transparent\">\n\t<div class=\"l-container l-stack l-stack-fluid-2xl u-pt-fluid-3xl-6xl u-pb-fluid-3xl-6xl is-center is-center@md\">\n\t\t\t\t\t<div class=\"ams-info-card__intro l-stack l-stack-lg\">\n\t\t\t\t\t\n\t<h2\n\tclass=\"c-heading u-font-title-1 \"\n\tstyle=\"\">\n\t\t\n\t\t\t\t\tVill du veta mer om Montessori Mondial?\n\t\t\t\t\n\t<\/h2>\n\n\t\t\t\t\t\t\t<\/div>\n\t\t\n\t\t\t\t\t\n<ul class=\"ams-info-card__list l-grid u-gap-2xl\">\n\t\t\t<li class=\"l-col-6@md l-col-4@lg\">\n\t\t\t<article\n\t\t\t\tclass=\"\n\t\t\t\tc-card\n\t\t\t\t\n\t\t\t\thas-media-zoom\n\t\t\t\t\n\t\t\t\t\"\n\t\t\t\tdata-variant=\"space\"\n\t\t\t\tdata-style=\"square\"\n\t\t\t\t data-click-area\n\t\t\t\t\n\t\t\t\t\n\t\t\t\t>\n\t\t\t\t<div class=\"c-card__content l-stack l-stack-sm is-center is-center@md\">\n\t\t\t\t\t\t\t\t\t\t\t<h3 class=\"c-card__title u-font-title-3\">\n\t\t\t\t\t\t\t\t\t\t\t\t\t\t\t<a class=\"c-card__link\" href=\"https:\/\/montessorimondial.se\/kista\/om\/\" target=\"_self\">\n\t\t\t\t\t\t\t\t\tL\u00e4s om v\u00e5r skola!\n\t\t\t\t\t\t\t\t<\/a>\n\t\t\t\t\t\t\t\t\t\t\t\t\t<\/h3>\n\t\t\t\t\t\n\t\t\t\t\t\t\t\t\t\t\t<div class=\"c-card__text l-stack-xs u-font-body\">\n\t\t\t\t\t\t\t<p>Vi tar vara p\u00e5 elevernas nyfikenhet och deras eget driv att prova p\u00e5 och l\u00e4ra sig nya saker. Kika h\u00e4r om du vill veta mer om v\u00e5r skola och hur vi jobbar med modern montessoripedagogik.<\/p>\n\n\t\t\t\t\t\t<\/div>\n\t\t\t\t\t\n\t\t\t\t\t\t\t\t\t\t\t<div class=\"c-card__icon c-card__icon--nl\">\n\t\t\t\t\t\t\t\t\t\t\t\t\t\t<svg class=\"ams-icon ams-icon--arrow-right\" width=\"32\" height=\"32\" viewbox=\"0 0 32 32\" fill=\"currentColor\" aria-hidden=\"true\" xmlns=\"http:\/\/www.w3.org\/2000\/svg\">\n\t\t\t\t\t\t\t\t\t\t\t\t\t\t\t\t<path d=\"M15.4617 0.252159L14.9567 0.75931C14.6219 1.09545 14.6219 1.64048 14.9567 1.97669L27.7062 14.7806H0.857144C0.383786 14.7806 0 15.166 0 15.6414V16.3587C0 16.8341 0.383786 17.2195 0.857144 17.2195H27.7062L14.9567 30.0234C14.6219 30.3595 14.6219 30.9045 14.9567 31.2407L15.4617 31.7479C15.7964 32.084 16.3392 32.084 16.6739 31.7479L31.749 16.6087C32.0837 16.2725 32.0837 15.7275 31.749 15.3913L16.6739 0.252159C16.3392 -0.084053 15.7964 -0.084053 15.4617 0.252159Z\"\/>\n\t\t\t\t\t\t\t\n\t\t\t\t\t\t\t<\/svg>\n\t\t\t\t\t\t<\/div>\n\t\t\t\t\t\t\t\t\t<\/div>\n\n\t\t\t\t\t\t\t\t\t<div class=\"c-card__media \" style=\" \">\n\t\t\t\t\t\t<img decoding=\"async\" width=\"400\" height=\"400\" src=\"https:\/\/montessorimondial.se\/wp-content\/uploads\/2022\/02\/montessori-mondialmalarhojden202305202805-400x400.jpg\" class=\"\" alt=\"En l\u00e4rare sitter p\u00e5 huk mellan tv\u00e5 elever och hj\u00e4lper dem\" sizes=\"(min-width: 64em) 300px, (min-width: 48em) calc(.50 * (100vw - 304px)), calc(100vw - 208px)\" srcset=\"https:\/\/montessorimondial.se\/wp-content\/uploads\/2022\/02\/montessori-mondialmalarhojden202305202805-400x400.jpg 400w, https:\/\/montessorimondial.se\/wp-content\/uploads\/2022\/02\/montessori-mondialmalarhojden202305202805-150x150.jpg 150w, https:\/\/montessorimondial.se\/wp-content\/uploads\/2022\/02\/montessori-mondialmalarhojden202305202805-300x300.jpg 300w, https:\/\/montessorimondial.se\/wp-content\/uploads\/2022\/02\/montessori-mondialmalarhojden202305202805-600x600.jpg 600w, https:\/\/montessorimondial.se\/wp-content\/uploads\/2022\/02\/montessori-mondialmalarhojden202305202805-800x800.jpg 800w, https:\/\/montessorimondial.se\/wp-content\/uploads\/2022\/02\/montessori-mondialmalarhojden202305202805-1024x1024.jpg 1024w, https:\/\/montessorimondial.se\/wp-content\/uploads\/2022\/02\/montessori-mondialmalarhojden202305202805.jpg 1080w\" \/>\n\t\t\t\t\t<\/div>\n\t\t\t\t\t\t\t<\/article>\n\t\t<\/li>\n\t\t\t<li class=\"l-col-6@md l-col-4@lg\">\n\t\t\t<article\n\t\t\t\tclass=\"\n\t\t\t\tc-card\n\t\t\t\t\n\t\t\t\thas-media-zoom\n\t\t\t\t\n\t\t\t\t\"\n\t\t\t\tdata-variant=\"space\"\n\t\t\t\tdata-style=\"square\"\n\t\t\t\t data-click-area\n\t\t\t\t\n\t\t\t\t\n\t\t\t\t>\n\t\t\t\t<div class=\"c-card__content l-stack l-stack-sm is-center is-center@md\">\n\t\t\t\t\t\t\t\t\t\t\t<h3 class=\"c-card__title u-font-title-3\">\n\t\t\t\t\t\t\t\t\t\t\t\t\t\t\t<a class=\"c-card__link\" href=\"https:\/\/montessorimondial.se\/kista\/besok\/\" target=\"_self\">\n\t\t\t\t\t\t\t\t\tVill du bes\u00f6ka oss?\n\t\t\t\t\t\t\t\t<\/a>\n\t\t\t\t\t\t\t\t\t\t\t\t\t<\/h3>\n\t\t\t\t\t\n\t\t\t\t\t\t\t\t\t\t\t<div class=\"c-card__text l-stack-xs u-font-body\">\n\t\t\t\t\t\t\t<p>H\u00e4r hittar du v\u00e5ra tider f\u00f6r \u00f6ppet hus! Bes\u00f6k v\u00e5ra l\u00e4rmilj\u00f6er, tr\u00e4ffa pedagogerna och st\u00e4ll alla dina fr\u00e5gor. Du kan alltid ta kontakt med oss direkt om du har fr\u00e5gor om skolan.<\/p>\n\n\t\t\t\t\t\t<\/div>\n\t\t\t\t\t\n\t\t\t\t\t\t\t\t\t\t\t<div class=\"c-card__icon c-card__icon--nl\">\n\t\t\t\t\t\t\t\t\t\t\t\t\t\t<svg class=\"ams-icon ams-icon--arrow-right\" width=\"32\" height=\"32\" viewbox=\"0 0 32 32\" fill=\"currentColor\" aria-hidden=\"true\" xmlns=\"http:\/\/www.w3.org\/2000\/svg\">\n\t\t\t\t\t\t\t\t\t\t\t\t\t\t\t\t<path d=\"M15.4617 0.252159L14.9567 0.75931C14.6219 1.09545 14.6219 1.64048 14.9567 1.97669L27.7062 14.7806H0.857144C0.383786 14.7806 0 15.166 0 15.6414V16.3587C0 16.8341 0.383786 17.2195 0.857144 17.2195H27.7062L14.9567 30.0234C14.6219 30.3595 14.6219 30.9045 14.9567 31.2407L15.4617 31.7479C15.7964 32.084 16.3392 32.084 16.6739 31.7479L31.749 16.6087C32.0837 16.2725 32.0837 15.7275 31.749 15.3913L16.6739 0.252159C16.3392 -0.084053 15.7964 -0.084053 15.4617 0.252159Z\"\/>\n\t\t\t\t\t\t\t\n\t\t\t\t\t\t\t<\/svg>\n\t\t\t\t\t\t<\/div>\n\t\t\t\t\t\t\t\t\t<\/div>\n\n\t\t\t\t\t\t\t\t\t<div class=\"c-card__media \" style=\" \">\n\t\t\t\t\t\t<img decoding=\"async\" width=\"400\" height=\"267\" src=\"https:\/\/montessorimondial.se\/wp-content\/uploads\/2022\/02\/montessori-mondialmalarhojden202305-202805-400x267.jpg\" class=\"\" alt=\"Tv\u00e5 elever g\u00f6r en skoluppgift p\u00e5 klassrummets golv\" sizes=\"(min-width: 64em) 300px, (min-width: 48em) calc(.50 * (100vw - 304px)), calc(100vw - 208px)\" srcset=\"https:\/\/montessorimondial.se\/wp-content\/uploads\/2022\/02\/montessori-mondialmalarhojden202305-202805-400x267.jpg 400w, https:\/\/montessorimondial.se\/wp-content\/uploads\/2022\/02\/montessori-mondialmalarhojden202305-202805-300x200.jpg 300w, https:\/\/montessorimondial.se\/wp-content\/uploads\/2022\/02\/montessori-mondialmalarhojden202305-202805-600x400.jpg 600w, https:\/\/montessorimondial.se\/wp-content\/uploads\/2022\/02\/montessori-mondialmalarhojden202305-202805-800x533.jpg 800w, https:\/\/montessorimondial.se\/wp-content\/uploads\/2022\/02\/montessori-mondialmalarhojden202305-202805-1024x683.jpg 1024w, https:\/\/montessorimondial.se\/wp-content\/uploads\/2022\/02\/montessori-mondialmalarhojden202305-202805-1200x800.jpg 1200w, https:\/\/montessorimondial.se\/wp-content\/uploads\/2022\/02\/montessori-mondialmalarhojden202305-202805.jpg 2048w\" \/>\n\t\t\t\t\t<\/div>\n\t\t\t\t\t\t\t<\/article>\n\t\t<\/li>\n\t\t\t<li class=\"l-col-6@md l-col-4@lg\">\n\t\t\t<article\n\t\t\t\tclass=\"\n\t\t\t\tc-card\n\t\t\t\t\n\t\t\t\thas-media-zoom\n\t\t\t\t\n\t\t\t\t\"\n\t\t\t\tdata-variant=\"space\"\n\t\t\t\tdata-style=\"square\"\n\t\t\t\t data-click-area\n\t\t\t\t\n\t\t\t\t\n\t\t\t\t>\n\t\t\t\t<div class=\"c-card__content l-stack l-stack-sm is-center is-center@md\">\n\t\t\t\t\t\t\t\t\t\t\t<h3 class=\"c-card__title u-font-title-3\">\n\t\t\t\t\t\t\t\t\t\t\t\t\t\t\t<a class=\"c-card__link\" href=\"https:\/\/montessorimondial.se\/kista\/antagning\/\" target=\"_self\">\n\t\t\t\t\t\t\t\t\tMer om antagningen\n\t\t\t\t\t\t\t\t<\/a>\n\t\t\t\t\t\t\t\t\t\t\t\t\t<\/h3>\n\t\t\t\t\t\n\t\t\t\t\t\t\t\t\t\t\t<div class=\"c-card__text l-stack-xs u-font-body\">\n\t\t\t\t\t\t\t<p>Ta del av v\u00e5r guide f\u00f6r hur du st\u00e4ller ditt barn i k\u00f6 till oss \u2013 steg f\u00f6r steg. Du f\u00e5r ocks\u00e5 svar p\u00e5 de vanligaste fr\u00e5gorna om antagningsprocessen.<\/p>\n\n\t\t\t\t\t\t<\/div>\n\t\t\t\t\t\n\t\t\t\t\t\t\t\t\t\t\t<div class=\"c-card__icon c-card__icon--nl\">\n\t\t\t\t\t\t\t\t\t\t\t\t\t\t<svg class=\"ams-icon ams-icon--arrow-right\" width=\"32\" height=\"32\" viewbox=\"0 0 32 32\" fill=\"currentColor\" aria-hidden=\"true\" xmlns=\"http:\/\/www.w3.org\/2000\/svg\">\n\t\t\t\t\t\t\t\t\t\t\t\t\t\t\t\t<path d=\"M15.4617 0.252159L14.9567 0.75931C14.6219 1.09545 14.6219 1.64048 14.9567 1.97669L27.7062 14.7806H0.857144C0.383786 14.7806 0 15.166 0 15.6414V16.3587C0 16.8341 0.383786 17.2195 0.857144 17.2195H27.7062L14.9567 30.0234C14.6219 30.3595 14.6219 30.9045 14.9567 31.2407L15.4617 31.7479C15.7964 32.084 16.3392 32.084 16.6739 31.7479L31.749 16.6087C32.0837 16.2725 32.0837 15.7275 31.749 15.3913L16.6739 0.252159C16.3392 -0.084053 15.7964 -0.084053 15.4617 0.252159Z\"\/>\n\t\t\t\t\t\t\t\n\t\t\t\t\t\t\t<\/svg>\n\t\t\t\t\t\t<\/div>\n\t\t\t\t\t\t\t\t\t<\/div>\n\n\t\t\t\t\t\t\t\t\t<div class=\"c-card__media \" style=\" \">\n\t\t\t\t\t\t<img decoding=\"async\" width=\"400\" height=\"267\" src=\"https:\/\/montessorimondial.se\/wp-content\/uploads\/2022\/02\/montessori-mondialmalarhojden202305-202805-2-400x267.jpg\" class=\"\" alt=\"Fyra elever sitter och studerar\" sizes=\"(min-width: 64em) 300px, (min-width: 48em) calc(.50 * (100vw - 304px)), calc(100vw - 208px)\" srcset=\"https:\/\/montessorimondial.se\/wp-content\/uploads\/2022\/02\/montessori-mondialmalarhojden202305-202805-2-400x267.jpg 400w, https:\/\/montessorimondial.se\/wp-content\/uploads\/2022\/02\/montessori-mondialmalarhojden202305-202805-2-300x200.jpg 300w, https:\/\/montessorimondial.se\/wp-content\/uploads\/2022\/02\/montessori-mondialmalarhojden202305-202805-2-600x400.jpg 600w, https:\/\/montessorimondial.se\/wp-content\/uploads\/2022\/02\/montessori-mondialmalarhojden202305-202805-2-800x533.jpg 800w, https:\/\/montessorimondial.se\/wp-content\/uploads\/2022\/02\/montessori-mondialmalarhojden202305-202805-2-1024x683.jpg 1024w, https:\/\/montessorimondial.se\/wp-content\/uploads\/2022\/02\/montessori-mondialmalarhojden202305-202805-2-1200x800.jpg 1200w, https:\/\/montessorimondial.se\/wp-content\/uploads\/2022\/02\/montessori-mondialmalarhojden202305-202805-2.jpg 2048w\" \/>\n\t\t\t\t\t<\/div>\n\t\t\t\t\t\t\t<\/article>\n\t\t<\/li>\n\t<\/ul>\n\t\n\t\t\t<\/div>\n\n\t\t\n\n<\/section>\n","protected":false},"excerpt":{"rendered":"<p>St\u00e4ll ditt barn i k\u00f6 N\u00e4r? Du kan st\u00e4lla dig i v\u00e5r k\u00f6 via v\u00e5rt formul\u00e4r n\u00e4r som helst. Vi rekommenderar att st\u00e4lla barnet i k\u00f6 tidigt d\u00e5 vi har l\u00e5ng k\u00f6 till skolan. Mellan den 15 januari och 15 februari g\u00f6r du som v\u00e5rdnadshavare ett aktivt skolval hos&nbsp;Stockholms stad&nbsp;\u00e5t ditt barn som ska b\u00f6rja&#8230;<\/p>\n","protected":false},"author":1,"featured_media":0,"parent":0,"menu_order":0,"comment_status":"closed","ping_status":"closed","template":"","meta":{"footnotes":""},"yoast_head":"<!-- This site is optimized with the Yoast SEO plugin v22.0 - https:\/\/yoast.com\/wordpress\/plugins\/seo\/ -->\n<title>Kista<\/title>\n<meta name=\"robots\" content=\"index, follow, max-snippet:-1, max-image-preview:large, max-video-preview:-1\" \/>\n<link rel=\"canonical\" href=\"https:\/\/montessorimondial.se\/kista\/koanmalan\/\" \/>\n<meta property=\"og:locale\" content=\"sv_SE\" \/>\n<meta property=\"og:type\" content=\"article\" \/>\n<meta property=\"og:url\" content=\"https:\/\/montessorimondial.se\/kista\/koanmalan\/\" \/>\n<meta property=\"og:site_name\" content=\"Kista\" \/>\n<meta property=\"article:modified_time\" content=\"2025-09-18T14:28:44+00:00\" \/>\n<meta name=\"twitter:card\" content=\"summary_large_image\" \/>\n<meta name=\"twitter:label1\" content=\"Ber\u00e4knad l\u00e4stid\" \/>\n\t<meta name=\"twitter:data1\" content=\"2 minuter\" \/>\n<script type=\"application\/ld+json\" class=\"yoast-schema-graph\">{\"@context\":\"https:\/\/schema.org\",\"@graph\":[{\"@type\":\"WebPage\",\"@id\":\"https:\/\/montessorimondial.se\/kista\/koanmalan\/\",\"url\":\"https:\/\/montessorimondial.se\/kista\/koanmalan\/\",\"name\":\"K\u00f6anm\u00e4lan - Kista\",\"isPartOf\":{\"@id\":\"https:\/\/montessorimondial.se\/kista\/#website\"},\"datePublished\":\"2020-09-10T15:25:52+00:00\",\"dateModified\":\"2025-09-18T14:28:44+00:00\",\"breadcrumb\":{\"@id\":\"https:\/\/montessorimondial.se\/kista\/koanmalan\/#breadcrumb\"},\"inLanguage\":\"sv-SE\",\"potentialAction\":[{\"@type\":\"ReadAction\",\"target\":[\"https:\/\/montessorimondial.se\/kista\/koanmalan\/\"]}]},{\"@type\":\"BreadcrumbList\",\"@id\":\"https:\/\/montessorimondial.se\/kista\/koanmalan\/#breadcrumb\",\"itemListElement\":[{\"@type\":\"ListItem\",\"position\":1,\"name\":\"Start\",\"item\":\"https:\/\/montessorimondial.se\/kista\/\"},{\"@type\":\"ListItem\",\"position\":2,\"name\":\"K\u00f6anm\u00e4lan\"}]},{\"@type\":\"WebSite\",\"@id\":\"https:\/\/montessorimondial.se\/kista\/#website\",\"url\":\"https:\/\/montessorimondial.se\/kista\/\",\"name\":\"Kista\",\"description\":\"Montessorimondial Kista\",\"potentialAction\":[{\"@type\":\"SearchAction\",\"target\":{\"@type\":\"EntryPoint\",\"urlTemplate\":\"https:\/\/montessorimondial.se\/kista\/?s={search_term_string}\"},\"query-input\":\"required name=search_term_string\"}],\"inLanguage\":\"sv-SE\"}]}<\/script>\n<!-- \/ Yoast SEO plugin. -->","yoast_head_json":{"title":"Kista","robots":{"index":"index","follow":"follow","max-snippet":"max-snippet:-1","max-image-preview":"max-image-preview:large","max-video-preview":"max-video-preview:-1"},"canonical":"https:\/\/montessorimondial.se\/kista\/koanmalan\/","og_locale":"sv_SE","og_type":"article","og_url":"https:\/\/montessorimondial.se\/kista\/koanmalan\/","og_site_name":"Kista","article_modified_time":"2025-09-18T14:28:44+00:00","twitter_card":"summary_large_image","twitter_misc":{"Ber\u00e4knad l\u00e4stid":"2 minuter"},"schema":{"@context":"https:\/\/schema.org","@graph":[{"@type":"WebPage","@id":"https:\/\/montessorimondial.se\/kista\/koanmalan\/","url":"https:\/\/montessorimondial.se\/kista\/koanmalan\/","name":"K\u00f6anm\u00e4lan - Kista","isPartOf":{"@id":"https:\/\/montessorimondial.se\/kista\/#website"},"datePublished":"2020-09-10T15:25:52+00:00","dateModified":"2025-09-18T14:28:44+00:00","breadcrumb":{"@id":"https:\/\/montessorimondial.se\/kista\/koanmalan\/#breadcrumb"},"inLanguage":"sv-SE","potentialAction":[{"@type":"ReadAction","target":["https:\/\/montessorimondial.se\/kista\/koanmalan\/"]}]},{"@type":"BreadcrumbList","@id":"https:\/\/montessorimondial.se\/kista\/koanmalan\/#breadcrumb","itemListElement":[{"@type":"ListItem","position":1,"name":"Start","item":"https:\/\/montessorimondial.se\/kista\/"},{"@type":"ListItem","position":2,"name":"K\u00f6anm\u00e4lan"}]},{"@type":"WebSite","@id":"https:\/\/montessorimondial.se\/kista\/#website","url":"https:\/\/montessorimondial.se\/kista\/","name":"Kista","description":"Montessorimondial Kista","potentialAction":[{"@type":"SearchAction","target":{"@type":"EntryPoint","urlTemplate":"https:\/\/montessorimondial.se\/kista\/?s={search_term_string}"},"query-input":"required name=search_term_string"}],"inLanguage":"sv-SE"}]}},"_links":{"self":[{"href":"https:\/\/montessorimondial.se\/kista\/wp-json\/wp\/v2\/pages\/74"}],"collection":[{"href":"https:\/\/montessorimondial.se\/kista\/wp-json\/wp\/v2\/pages"}],"about":[{"href":"https:\/\/montessorimondial.se\/kista\/wp-json\/wp\/v2\/types\/page"}],"author":[{"embeddable":true,"href":"https:\/\/montessorimondial.se\/kista\/wp-json\/wp\/v2\/users\/1"}],"replies":[{"embeddable":true,"href":"https:\/\/montessorimondial.se\/kista\/wp-json\/wp\/v2\/comments?post=74"}],"version-history":[{"count":10,"href":"https:\/\/montessorimondial.se\/kista\/wp-json\/wp\/v2\/pages\/74\/revisions"}],"predecessor-version":[{"id":2651,"href":"https:\/\/montessorimondial.se\/kista\/wp-json\/wp\/v2\/pages\/74\/revisions\/2651"}],"wp:attachment":[{"href":"https:\/\/montessorimondial.se\/kista\/wp-json\/wp\/v2\/media?parent=74"}],"curies":[{"name":"wp","href":"https:\/\/api.w.org\/{rel}","templated":true}]}}