{"id":1799,"date":"2021-08-19T17:52:57","date_gmt":"2021-08-19T15:52:57","guid":{"rendered":"https:\/\/montessorimondial.se\/kungsholmen\/?page_id=1799"},"modified":"2025-08-18T15:11:49","modified_gmt":"2025-08-18T13:11:49","slug":"forskola","status":"publish","type":"page","link":"https:\/\/montessorimondial.se\/kungsholmen\/om\/forskola\/","title":{"rendered":"F\u00f6rskola"},"content":{"rendered":"\n<div class=\"wp-block-columns is-layout-flex wp-container-core-columns-layout-1 wp-block-columns-is-layout-flex\">\n<div class=\"wp-block-column is-layout-flow wp-block-column-is-layout-flow\" style=\"flex-basis:100%\">\n<h1 class=\"wp-block-heading\">Om f\u00f6rskolan p\u00e5 Montessori Mondial Kungsholmen<\/h1>\n\n\n\n<p   class=\"site__ingress container text-left  site__text-color--dark  site__free_text--ingress p-0\">\n\tP\u00e5 v\u00e5r moderna montessorif\u00f6rskola st\u00e5r barnets nyfikenhet och lust att l\u00e4ra i centrum. F\u00f6rskolans milj\u00f6er \u00e4r anpassade utifr\u00e5n barnets behov och intressen d\u00e4r varje individ f\u00e5r m\u00f6jlighet att utveckla ansvarstagande och tillit till sin egen f\u00f6rm\u00e5ga.<\/p>\n\n\n\n\n\t<div\n\t\t class=\"module_wrapper container-fluid images-module\" >\n\t\t<div class=\"row\">\n\t\t\t<div\n\t\t\t\t\tclass=\"col-12 m-0 p-0 position-relative images_module__slideshow images_module__slideshow-container module-expand \">\n\n\t\t\t\t<div class=\"images_module__slide \" data-slide=\"\"\n\t\t\t\t\t data-duration=\"\"><\/div>\n\t\t\t\t\t\t\t\t\t<div\n\t\t\t\t\t\t class=\"images_module__slides \">\n\n\n\t\t\t\t\t\t<div class=\"images__wrapper\"\n\t\t\t\t\t\t\t style=\"aspect-ratio: 1441 \/ 531;\">\n\t\t\t\t\t\t\t<img decoding=\"async\" width=\"1000\" height=\"667\" src=\"https:\/\/montessorimondial.se\/wp-content\/uploads\/sites\/13\/2025\/06\/montessori-mondialkungsholmen202504forskolawebb25.jpg\" class=\"images__image_ratio  \" alt=\"F\u00f6rskolebarn och pedagog ligger p\u00e5 golvet och l\u00e4r sig bokst\u00e4ver.\" style=\"aspect-ratio: 1441 \/ 531;object-position: center center;\" srcset=\"https:\/\/montessorimondial.se\/wp-content\/uploads\/sites\/13\/2025\/06\/montessori-mondialkungsholmen202504forskolawebb25.jpg 1000w, https:\/\/montessorimondial.se\/wp-content\/uploads\/sites\/13\/2025\/06\/montessori-mondialkungsholmen202504forskolawebb25-300x200.jpg 300w, https:\/\/montessorimondial.se\/wp-content\/uploads\/sites\/13\/2025\/06\/montessori-mondialkungsholmen202504forskolawebb25-400x267.jpg 400w, https:\/\/montessorimondial.se\/wp-content\/uploads\/sites\/13\/2025\/06\/montessori-mondialkungsholmen202504forskolawebb25-600x400.jpg 600w, https:\/\/montessorimondial.se\/wp-content\/uploads\/sites\/13\/2025\/06\/montessori-mondialkungsholmen202504forskolawebb25-800x534.jpg 800w\" sizes=\"(max-width: 1000px) 100vw, 1000px\" \/>\t\t\t\t\t\t<\/div>\n\n\t\t\t\t\t\t\n\t\t\t\t\t\t\t\t\t\t\t<\/div>\n\t\t\t\t\n\t\t\t\t<div class=\"images_module__container_dot \">\n\t\t\t\t\t<div style=\"text-align:center\">\n\t\t\t\t\t\t\t\t\t\t\t\t\t<span   data-i=\"0\"\n\t\t\t\t\t\t\t\t  class=\"images_module__dot\n\t\t\t\t\t\t\t\t\t\t\t\t\t  \"><\/span>\n\t\t\t\t\t\t\t\t\t\t\t<\/div>\n\t\t\t\t<\/div>\n\n\t\t\t<\/div>\n\t\t<\/div>\n\t<\/div>\n\n\n\t\n\n\n<script>\n\tvar images_display_descriptive_text = \"\";\n<\/script>\n\n\n\n<h2 class=\"wp-block-heading\">V\u00e5r montessorif\u00f6rskola<\/h2>\n\n\n\n<p>V\u00e5r f\u00f6rskola har idag 220 barn f\u00f6rdelade p\u00e5 totalt tolv avdelningar, nio p\u00e5 stora f\u00f6rskolan och tre p\u00e5 lilla. Stora f\u00f6rskolans nio avdelningar delas sedan in i tv\u00e5 grupper. I linje med montessoripedagogiken har f\u00f6rskolan, liksom skolan, en internationell inriktning. Det inneb\u00e4r att vi ut\u00f6ver svenska stimulerar barnen i att p\u00e5 ett lekfullt s\u00e4tt erbjuda engelska i vardagen, genom bland annat samlingar p\u00e5 engelska.<\/p>\n\n\n\n<p>En dag p\u00e5 v\u00e5r f\u00f6rskola \u00e4r planerad s\u00e5 att barnen i verksamheten ska k\u00e4nna igen och k\u00e4nna sig trygga med vad som h\u00e4nder under dagen. Det ger barnen p\u00e5 sikt en k\u00e4nsla f\u00f6r tid och f\u00f6rst\u00e5else f\u00f6r hur dagens olika moment h\u00e4nger ihop med varandra. Ut\u00f6ver aktiviteter i v\u00e5r inne\/utemilj\u00f6 s\u00e5 bes\u00f6ker vi lekparker och g\u00e5r p\u00e5 promenader i v\u00e5rt n\u00e4romr\u00e5de. P\u00e5 skolan har vi ocks\u00e5 tillg\u00e5ng till v\u00e5rt eget bibliotek d\u00e4r barnen tillsammans med avdelningens pedagoger l\u00e5nar b\u00f6cker till avdelningen. Under en dag p\u00e5 v\u00e5r f\u00f6rskola serveras barnen lunch och mellanm\u00e5l.<\/p>\n<\/div>\n<\/div>\n\n\n\n<div class=\"wp-block-columns is-layout-flex wp-container-core-columns-layout-2 wp-block-columns-is-layout-flex\">\n<div class=\"wp-block-column is-layout-flow wp-block-column-is-layout-flow\">\t<div\n\t\t class=\"container-fluid images-module\" >\n\t\t<div class=\"row my-2\">\n\t\t\t<div\n\t\t\t\t\tclass=\"col-md-12 order-md-1 images_module__img_l images_module__content_spacing_img_l_m  images-module__color-plate-left-bg_site__secondary-bg--100 \">\n\t\t\t\t<div class=\"d-inline-block position-relative\">\n\n\n\t\t\t\t\t<div class=\"images__wrapper\" style=\"\n\t\t\t\t\tmax-width: 440px;\t\t\t\t\tmax-height: 494px;\">\n\t\t\t\t\t\t<img decoding=\"async\" width=\"846\" height=\"666\" src=\"https:\/\/montessorimondial.se\/wp-content\/uploads\/sites\/13\/2025\/06\/montessori-mondialkungsholmen202504forskolawebb12-e1750321929689.jpg\" class=\"d-block images__image_ratio  \" alt=\"Pedagog och barn sitter p\u00e5 golvet och l\u00e4ser bok om rymden.\" style=\"aspect-ratio: 440 \/ 494;object-position: center center;\" srcset=\"https:\/\/montessorimondial.se\/wp-content\/uploads\/sites\/13\/2025\/06\/montessori-mondialkungsholmen202504forskolawebb12-e1750321929689.jpg 846w, https:\/\/montessorimondial.se\/wp-content\/uploads\/sites\/13\/2025\/06\/montessori-mondialkungsholmen202504forskolawebb12-e1750321929689-300x236.jpg 300w, https:\/\/montessorimondial.se\/wp-content\/uploads\/sites\/13\/2025\/06\/montessori-mondialkungsholmen202504forskolawebb12-e1750321929689-400x315.jpg 400w, https:\/\/montessorimondial.se\/wp-content\/uploads\/sites\/13\/2025\/06\/montessori-mondialkungsholmen202504forskolawebb12-e1750321929689-600x472.jpg 600w, https:\/\/montessorimondial.se\/wp-content\/uploads\/sites\/13\/2025\/06\/montessori-mondialkungsholmen202504forskolawebb12-e1750321929689-800x630.jpg 800w\" sizes=\"(max-width: 846px) 100vw, 846px\" \/>\t\t\t\t\t<\/div>\n\n\t\t\t\t\t\n\n\t\t\t\t\t\t\t\t\t<\/div>\n\t\t\t<\/div>\n\t\t<\/div>\n\t<\/div>\n\t\n\n\n<script>\n\tvar images_display_descriptive_text = \"\";\n<\/script>\n<\/div>\n\n\n\n<div class=\"wp-block-column is-layout-flow wp-block-column-is-layout-flow\">\n<h2 class=\"wp-block-heading\">Inskolning p\u00e5 f\u00f6rskolan<\/h2>\n\n\n\n<p>Det \u00e4r ofta en stor h\u00e4ndelse f\u00f6r barnen och deras familjer att b\u00f6rja p\u00e5 f\u00f6rskolan. D\u00e4rf\u00f6r \u00e4r inskolningen mycket viktig f\u00f6r att barnet ska f\u00e5 en bra start. P\u00e5 v\u00e5r montessorif\u00f6rskola tas ni emot av kompetenta pedagoger med stor erfarenhet av att skapa goda f\u00f6ruts\u00e4ttningar f\u00f6r ditt barns fortsatta tid hos oss p\u00e5 f\u00f6rskolan. Inskolningen skiljer sig \u00e5t beroende p\u00e5 om ditt barn b\u00f6rjar p\u00e5 v\u00e5r Lilla eller Stora f\u00f6rskola och utg\u00e5r ifr\u00e5n ett grundschema om mellan 5\u201310 dagar som anpassas efter barnet behov. De f\u00f6rsta tre dagarna \u00e4r att du som f\u00f6r\u00e4lder n\u00e4rvarande tillsammans med ditt barn f\u00f6r att sedan l\u00e4mna ditt barn hos oss.<\/p>\n\n\n\n<h2 class=\"wp-block-heading\">F\u00f6rskolans \u00f6ppettider<\/h2>\n\n\n\n<p>F\u00f6r n\u00e4rvarande har f\u00f6rskolan \u00f6ppet kl 7.45\u201317:00. Om behov av ut\u00f6kad omsorgstid uppst\u00e5r ordnar vi det omg\u00e5ende i enlighet med Stockholms Stads g\u00e4llande ramtider. F\u00f6rskola ska kunna tillhandah\u00e5llas alla helgfria vardagar f\u00f6rutom julafton, ny\u00e5rsafton och midsommarafton inom ramtiden kl. 06.30\u201318.30. Ni kan l\u00e4sa mer om Stockholms Stads ramtider p\u00e5 <a href=\"http:\/\/www.stockholm.se\">www.stockholm.se<\/a>. <\/p>\n\n\n\n<h2 class=\"wp-block-heading\">F\u00f6rskolans l\u00e4roplan<\/h2>\n\n\n\n<p>I enlighet med f\u00f6rskolans l\u00e4roplan str\u00e4var vi efter att varje barn utvecklar \u00f6ppenhet, respekt, solidaritet och ansvar f\u00f6r sig sj\u00e4lv, sina kompisar och sin omgivning. Montessoripedagogiken hj\u00e4lper barnet att f\u00f6rst\u00e5 omv\u00e4rlden och blir en v\u00e4g till nya kunskaper genom att arbetsg\u00e5ngen g\u00e5r fr\u00e5n det konkreta till det abstrakta.<\/p>\n\n\n\n<h2 class=\"wp-block-heading\">F\u00f6rskoleavgift <\/h2>\n\n\n\n<p>Kostnaden f\u00f6r Montessori Mondial Kungsholmens f\u00f6rskola g\u00e5r enligt Stockholms stads maxtaxa f\u00f6r f\u00f6rskoleavgift.<\/p>\n<\/div>\n<\/div>\n\n\n\n\n<section  class=\"ams-cta ams-cta--stacked c-block l-stacked\" data-color-scheme=\"beige\">\n\t<div class=\"l-container-narrow l-stack l-stack-fluid-2xl u-pt-fluid-3xl-6xl u-pb-fluid-3xl-6xl is-center is-center@md\">\n\t\t\t\t\t<div class=\"ams-cta__intro l-stack l-stack-lg\">\n\t\t\t\t\t\n\t<h2\n\tclass=\"c-heading u-font-title-1 \"\n\tstyle=\"\">\n\t\t\n\t\t\t\t\tS\u00f6ka f\u00f6rskola\n\t\t\t\t\n\t<\/h2>\n\n\t\t\t\t\t\t\t\t\t<div class=\"c-text l-stack u-cs-xl u-font-body\">\n\t\t\t\t\t\t<p>Stockholms stad har inf\u00f6rt ett gemensamt ans\u00f6kningssystem till stadens alla f\u00f6rskolor, s\u00e5v\u00e4l frist\u00e5ende som kommunala. Det inneb\u00e4r att ni beh\u00f6ver st\u00e4lla ert barn i k\u00f6 till v\u00e5r f\u00f6rskola via Stockholms stads hemsida.<\/p>\n\n\t\t\t\t\t<\/div>\n\t\t\t\t\t\t\t<\/div>\n\t\t\n\t\t\n\t\t\t<div class=\"ams-cta__action u-inline-items\">\n\t\t\t\t\t\t\t\n\n\n<a href=\"https:\/\/montessorimondial.se\/kungsholmen\/koanmalan\/\"\n\t\n\tclass=\"c-btn \"\n\tdata-style=\"rounded\"\n\tdata-size=\"md\"\n\tdata-width=\"full-mobile\"\n\tdata-variant=\"default\"\n\ttarget=\"_self\">\n\t\t\t<span class=\"label\"> Till k\u00f6anm\u00e4lan<\/span>\n\t\t\t<\/a>\n\t\t\t<\/div>\n\t<\/div>\n\n\t\t\n\t\t\t\n\t\t\t\t\t\t\t\n\t\t\t\t<div class=\"c-bg c-bg--img\" data-settings=\"{&quot;desktop_settings&quot;:{&quot;size&quot;:&quot;auto&quot;,&quot;position&quot;:&quot;top-right&quot;},&quot;mobile_settings&quot;:{&quot;size&quot;:&quot;auto&quot;,&quot;position&quot;:&quot;top-right&quot;}}\" data-position=\"middle-center\" data-size=\"cover\">\n\t\t\t<picture><source media=\"(min-width: 48em)\" srcset=\"https:\/\/montessorimondial.se\/wp-content\/uploads\/sites\/13\/2024\/02\/montessori-mondial-triangel-orange-hoger-topp-150x150-1.png\" sizes=\"(max-width: 150px) 100vw, 150px\" \/><source srcset=\"https:\/\/montessorimondial.se\/wp-content\/uploads\/sites\/13\/2024\/02\/montessori-mondial-triangel-orange-hoger-topp-75x75-1.png\" sizes=\"(max-width: 75px) 100vw, 75px\" \/><img decoding=\"async\" width=\"150\" height=\"150\" src=\"https:\/\/montessorimondial.se\/wp-content\/uploads\/sites\/13\/2024\/02\/montessori-mondial-triangel-orange-hoger-topp-150x150-1.png\" class=\"attachment-hero-lg size-hero-lg\" alt=\"Geometrisk form.\" sizes=\"(max-width: 150px) 100vw, 150px\" \/><\/picture>\n\t\t<\/div>\n\t\t\t\n\t\t\t\t\t\t\t\n\t\t\t\t<div class=\"c-bg c-bg--img\" data-settings=\"{&quot;desktop_settings&quot;:{&quot;size&quot;:&quot;auto&quot;,&quot;position&quot;:&quot;bottom-left&quot;},&quot;mobile_settings&quot;:{&quot;size&quot;:&quot;auto&quot;,&quot;position&quot;:&quot;bottom-left&quot;}}\" data-position=\"middle-center\" data-size=\"cover\">\n\t\t\t<picture><source media=\"(min-width: 48em)\" srcset=\"https:\/\/montessorimondial.se\/wp-content\/uploads\/sites\/13\/2024\/02\/montessori-mondial-kvartscirkel-lila-vanster-botten-150x150-1.png\" sizes=\"(max-width: 150px) 100vw, 150px\" \/><source srcset=\"https:\/\/montessorimondial.se\/wp-content\/uploads\/sites\/13\/2024\/02\/montessori-mondial-kvartscirkel-lila-vanster-botten-75x75-1.png\" sizes=\"(max-width: 75px) 100vw, 75px\" \/><img decoding=\"async\" width=\"150\" height=\"150\" src=\"https:\/\/montessorimondial.se\/wp-content\/uploads\/sites\/13\/2024\/02\/montessori-mondial-kvartscirkel-lila-vanster-botten-150x150-1.png\" class=\"attachment-hero-lg size-hero-lg\" alt=\"Geometrisk form.\" sizes=\"(max-width: 150px) 100vw, 150px\" \/><\/picture>\n\t\t<\/div>\n\t\n<\/section>\n","protected":false},"excerpt":{"rendered":"<p>Om f\u00f6rskolan p\u00e5 Montessori Mondial Kungsholmen V\u00e5r montessorif\u00f6rskola V\u00e5r f\u00f6rskola har idag 220 barn f\u00f6rdelade p\u00e5 totalt tolv avdelningar, nio p\u00e5 stora f\u00f6rskolan och tre p\u00e5 lilla. Stora f\u00f6rskolans nio avdelningar delas sedan in i tv\u00e5 grupper. I linje med montessoripedagogiken har f\u00f6rskolan, liksom skolan, en internationell inriktning. Det inneb\u00e4r att vi ut\u00f6ver svenska stimulerar&#8230;<\/p>\n","protected":false},"author":6,"featured_media":0,"parent":20,"menu_order":0,"comment_status":"closed","ping_status":"closed","template":"","meta":{"footnotes":""},"yoast_head":"<!-- This site is optimized with the Yoast SEO plugin v22.0 - https:\/\/yoast.com\/wordpress\/plugins\/seo\/ -->\n<title>Kungsholmen<\/title>\n<meta name=\"robots\" content=\"index, follow, max-snippet:-1, max-image-preview:large, max-video-preview:-1\" \/>\n<link rel=\"canonical\" href=\"https:\/\/montessorimondial.se\/kungsholmen\/om\/forskola\/\" \/>\n<meta property=\"og:locale\" content=\"sv_SE\" \/>\n<meta property=\"og:type\" content=\"article\" \/>\n<meta property=\"og:url\" content=\"https:\/\/montessorimondial.se\/kungsholmen\/om\/forskola\/\" \/>\n<meta property=\"og:site_name\" content=\"Kungsholmen\" \/>\n<meta property=\"article:modified_time\" content=\"2025-08-18T13:11:49+00:00\" \/>\n<meta name=\"twitter:card\" content=\"summary_large_image\" \/>\n<meta name=\"twitter:label1\" content=\"Ber\u00e4knad l\u00e4stid\" \/>\n\t<meta name=\"twitter:data1\" content=\"4 minuter\" \/>\n<script type=\"application\/ld+json\" class=\"yoast-schema-graph\">{\"@context\":\"https:\/\/schema.org\",\"@graph\":[{\"@type\":\"WebPage\",\"@id\":\"https:\/\/montessorimondial.se\/kungsholmen\/om\/forskola\/\",\"url\":\"https:\/\/montessorimondial.se\/kungsholmen\/om\/forskola\/\",\"name\":\"F\u00f6rskola - Kungsholmen\",\"isPartOf\":{\"@id\":\"https:\/\/montessorimondial.se\/kungsholmen\/#website\"},\"datePublished\":\"2021-08-19T15:52:57+00:00\",\"dateModified\":\"2025-08-18T13:11:49+00:00\",\"breadcrumb\":{\"@id\":\"https:\/\/montessorimondial.se\/kungsholmen\/om\/forskola\/#breadcrumb\"},\"inLanguage\":\"sv-SE\",\"potentialAction\":[{\"@type\":\"ReadAction\",\"target\":[\"https:\/\/montessorimondial.se\/kungsholmen\/om\/forskola\/\"]}]},{\"@type\":\"BreadcrumbList\",\"@id\":\"https:\/\/montessorimondial.se\/kungsholmen\/om\/forskola\/#breadcrumb\",\"itemListElement\":[{\"@type\":\"ListItem\",\"position\":1,\"name\":\"Start\",\"item\":\"https:\/\/montessorimondial.se\/kungsholmen\/\"},{\"@type\":\"ListItem\",\"position\":2,\"name\":\"Om skolan\",\"item\":\"https:\/\/montessorimondial.se\/kungsholmen\/om\/\"},{\"@type\":\"ListItem\",\"position\":3,\"name\":\"F\u00f6rskola\"}]},{\"@type\":\"WebSite\",\"@id\":\"https:\/\/montessorimondial.se\/kungsholmen\/#website\",\"url\":\"https:\/\/montessorimondial.se\/kungsholmen\/\",\"name\":\"Kungsholmen\",\"description\":\"Montessori Mondial Kungsholmen\",\"potentialAction\":[{\"@type\":\"SearchAction\",\"target\":{\"@type\":\"EntryPoint\",\"urlTemplate\":\"https:\/\/montessorimondial.se\/kungsholmen\/?s={search_term_string}\"},\"query-input\":\"required name=search_term_string\"}],\"inLanguage\":\"sv-SE\"}]}<\/script>\n<!-- \/ Yoast SEO plugin. -->","yoast_head_json":{"title":"Kungsholmen","robots":{"index":"index","follow":"follow","max-snippet":"max-snippet:-1","max-image-preview":"max-image-preview:large","max-video-preview":"max-video-preview:-1"},"canonical":"https:\/\/montessorimondial.se\/kungsholmen\/om\/forskola\/","og_locale":"sv_SE","og_type":"article","og_url":"https:\/\/montessorimondial.se\/kungsholmen\/om\/forskola\/","og_site_name":"Kungsholmen","article_modified_time":"2025-08-18T13:11:49+00:00","twitter_card":"summary_large_image","twitter_misc":{"Ber\u00e4knad l\u00e4stid":"4 minuter"},"schema":{"@context":"https:\/\/schema.org","@graph":[{"@type":"WebPage","@id":"https:\/\/montessorimondial.se\/kungsholmen\/om\/forskola\/","url":"https:\/\/montessorimondial.se\/kungsholmen\/om\/forskola\/","name":"F\u00f6rskola - Kungsholmen","isPartOf":{"@id":"https:\/\/montessorimondial.se\/kungsholmen\/#website"},"datePublished":"2021-08-19T15:52:57+00:00","dateModified":"2025-08-18T13:11:49+00:00","breadcrumb":{"@id":"https:\/\/montessorimondial.se\/kungsholmen\/om\/forskola\/#breadcrumb"},"inLanguage":"sv-SE","potentialAction":[{"@type":"ReadAction","target":["https:\/\/montessorimondial.se\/kungsholmen\/om\/forskola\/"]}]},{"@type":"BreadcrumbList","@id":"https:\/\/montessorimondial.se\/kungsholmen\/om\/forskola\/#breadcrumb","itemListElement":[{"@type":"ListItem","position":1,"name":"Start","item":"https:\/\/montessorimondial.se\/kungsholmen\/"},{"@type":"ListItem","position":2,"name":"Om skolan","item":"https:\/\/montessorimondial.se\/kungsholmen\/om\/"},{"@type":"ListItem","position":3,"name":"F\u00f6rskola"}]},{"@type":"WebSite","@id":"https:\/\/montessorimondial.se\/kungsholmen\/#website","url":"https:\/\/montessorimondial.se\/kungsholmen\/","name":"Kungsholmen","description":"Montessori Mondial Kungsholmen","potentialAction":[{"@type":"SearchAction","target":{"@type":"EntryPoint","urlTemplate":"https:\/\/montessorimondial.se\/kungsholmen\/?s={search_term_string}"},"query-input":"required name=search_term_string"}],"inLanguage":"sv-SE"}]}},"_links":{"self":[{"href":"https:\/\/montessorimondial.se\/kungsholmen\/wp-json\/wp\/v2\/pages\/1799"}],"collection":[{"href":"https:\/\/montessorimondial.se\/kungsholmen\/wp-json\/wp\/v2\/pages"}],"about":[{"href":"https:\/\/montessorimondial.se\/kungsholmen\/wp-json\/wp\/v2\/types\/page"}],"author":[{"embeddable":true,"href":"https:\/\/montessorimondial.se\/kungsholmen\/wp-json\/wp\/v2\/users\/6"}],"replies":[{"embeddable":true,"href":"https:\/\/montessorimondial.se\/kungsholmen\/wp-json\/wp\/v2\/comments?post=1799"}],"version-history":[{"count":10,"href":"https:\/\/montessorimondial.se\/kungsholmen\/wp-json\/wp\/v2\/pages\/1799\/revisions"}],"predecessor-version":[{"id":2603,"href":"https:\/\/montessorimondial.se\/kungsholmen\/wp-json\/wp\/v2\/pages\/1799\/revisions\/2603"}],"up":[{"embeddable":true,"href":"https:\/\/montessorimondial.se\/kungsholmen\/wp-json\/wp\/v2\/pages\/20"}],"wp:attachment":[{"href":"https:\/\/montessorimondial.se\/kungsholmen\/wp-json\/wp\/v2\/media?parent=1799"}],"curies":[{"name":"wp","href":"https:\/\/api.w.org\/{rel}","templated":true}]}}