{"id":44,"date":"2020-09-01T22:10:37","date_gmt":"2020-09-01T20:10:37","guid":{"rendered":"https:\/\/montessorimondial.se\/kopieringsunderlag\/?page_id=44"},"modified":"2025-09-30T08:42:55","modified_gmt":"2025-09-30T06:42:55","slug":"besok","status":"publish","type":"page","link":"https:\/\/montessorimondial.se\/kungsholmen\/besok\/","title":{"rendered":"Bes\u00f6k oss"},"content":{"rendered":"\n<div class=\"wp-block-columns is-layout-flex wp-container-core-columns-layout-1 wp-block-columns-is-layout-flex\">\n<div class=\"wp-block-column is-layout-flow wp-block-column-is-layout-flow\">\n<h1 class=\"wp-block-heading has-text-align-left\">Bes\u00f6k oss p\u00e5 Montessori Mondial Kungsholmen<\/h1>\n\n\n\n<p>Vi ser fram emot att tr\u00e4ffa dig p\u00e5 v\u00e5ra \u00f6ppna hus! H\u00e5ll utkik h\u00e4r eller fyll i formul\u00e4ret f\u00f6r att f\u00e5 information om kommande \u00f6ppet hus.<\/p>\n\n\n\n\n\n<section  class=\"ams-open-house ams_openhouse_module_v2 c-block l-stacked js-load-more\" data-color-scheme=\"transparent-card-nyans1_av_p2-hover-standard_standard\" data-count=\"2\" data-count-mobile=\"2\">\n\t<div class=\"l-container l-stack l-stack-fluid-2xl u-pt-fluid-md-xl u-pb-fluid-md-xl is-left is-left@md\">\n\t\t\t\t\t<div class=\"ams-open-house__intro l-stack l-stack-lg\">\n\t\t\t\t\t\n\t<h2\n\tclass=\"c-heading u-font-title-3 \"\n\tstyle=\"\">\n\t\t\n\t\t\t\t\tV\u00e5ra \u00f6ppna hus\n\t\t\t\t\n\t<\/h2>\n\n\t\t\t\t\t\t\t<\/div>\n\t\t\n\t\t\n\t\n\t    \n\t\n\t\n\t\t\n\t\t<ul\n\t\t\tid=\"ams-open-house-list-69e3b39079dc6\" class=\"ams-open-house__list l-grid u-gap-2xl u-justify-center js-results c-card-ac \"\n\t\t\taria-label=\"\u00d6ppet hus\"\n\t\t\tdata-filter-animation=\"off\">\n\n\t\t\t\t\t\t\t\t\t\t\t\t\t\t\t\n\t\t\t\t\t\t\t\t\t\t\t\t\t\t\t\t\t\t\t\n\t\t\t\t\t\t\t\n\t\t\t\t\t\t\t<li class=\"l-col-6@md ams_module_filter_cards\">\n\t\t\t\t\t<article class=\"c-card \" data-style=\"square\" data-variant=\"default\">\n\t\t\t\t\t\t<div class=\"c-card__content\">\n\t\t\t\t\t\t\t<p class=\"c-card__text\">\n\t\t\t\t\t\t\t\tF\u00f6r n\u00e4rvarande har vi inga \u00f6ppna hus inplanerade under terminen.\n\t\t\t\t\t\t\t<\/p>\n\t\t\t\t\t\t<\/div>\n\t\t\t\t\t<\/article>\n\t\t\t\t<\/li>\n\t\t\t\t\t<\/ul>\n\n\t\n\t<div class=\"no-results u-mt-0 u-hide\" data-filter-fallback-id=\"ams-open-house-list-69e3b39079dc6\">\n\t<p>Det finns inga resultat som matchar din filtrering.<\/p>\n<\/div>\n\n\t    <div class=\"ams-open-house__more u-inline-items js-load-more-btn\">\n        <button href=\"#\"\n                class=\"c-btn\"\n                data-style=\"rounded\"\n                data-size=\"md\"\n                data-width=\"full-mobile\"\n                data-variant=\"outline\">\n        \tSe fler datum\n        <\/button>\n    <\/div>\n\n\n\t\t\n\t\t\t<\/div>\n\n\t\t\n\n<\/section>\n<\/div>\n\n\n\n<div class=\"wp-block-column is-layout-flow wp-block-column-is-layout-flow\">\t<div\n\t\t class=\"container-fluid images-module\" >\n\t\t<div class=\"row my-2\">\n\t\t\t<div class=\"col-md-12 images_module__img_r images_module__content_spacing_img_r_m  images-module__color-plate-right-bg_site__secondary-bg--100 \">\n\t\t\t\t<div class=\"position-relative text-right\">\n\t\t\t\t\t<div class=\"images__wrapper\" style=\"float:right; max-width: 440px; max-height: 494px;\">\n\t\t\t\t\t\t<img decoding=\"async\" width=\"761\" height=\"666\" src=\"https:\/\/montessorimondial.se\/wp-content\/uploads\/sites\/13\/2025\/09\/montessori-mondialkungsholmen202504forskolawebb16-e1759214550939.jpg\" class=\"d-block images__image_ratio  \" alt=\"Barn p\u00e5 f\u00f6rskolan leker med bubblor.\" style=\"aspect-ratio: 440 \/ 494;object-position: center center;\" srcset=\"https:\/\/montessorimondial.se\/wp-content\/uploads\/sites\/13\/2025\/09\/montessori-mondialkungsholmen202504forskolawebb16-e1759214550939.jpg 761w, https:\/\/montessorimondial.se\/wp-content\/uploads\/sites\/13\/2025\/09\/montessori-mondialkungsholmen202504forskolawebb16-e1759214550939-300x263.jpg 300w, https:\/\/montessorimondial.se\/wp-content\/uploads\/sites\/13\/2025\/09\/montessori-mondialkungsholmen202504forskolawebb16-e1759214550939-400x350.jpg 400w, https:\/\/montessorimondial.se\/wp-content\/uploads\/sites\/13\/2025\/09\/montessori-mondialkungsholmen202504forskolawebb16-e1759214550939-600x525.jpg 600w\" sizes=\"(max-width: 761px) 100vw, 761px\" \/>\t\t\t\t\t<\/div>\n\t\t\t\t\t<div style=\"clear:both;\">\n\t\t\t\t\t\t\n\t\t\t\t\t\t\t\t\t\t\t<\/div>\n\t\t\t\t<\/div>\n\t\t\t<\/div>\n\t\t<\/div>\n\t<\/div>\n\t\n\n\n<script>\n\tvar images_display_descriptive_text = \"\";\n<\/script>\n<\/div>\n<\/div>\n\n\n\n<section \n\t\t class=\"\n\t\t ams-contact\n\t\t \n\t\t c-block l-stacked\n\t\t \n\t\t \n\t\t js-load-more\n\t\t \"\n\t\t data-color-scheme=\"beige\"\n\t\t\t\t\tdata-count=\"3\"\n\t\t\t\t\t\t\tdata-count-mobile=\"2\"\n\t\t\t\t>\n\t<div\n\t\t class=\"\n\t\t l-container\n\t\t l-stack l-stack-fluid-2xl\n\t\t u-pt-fluid-3xl-6xl\n\t\t u-pb-fluid-3xl-6xl\n\t\t is-center\n\t\t is-center@md\n\t\t \">\n\t\t\t\t\t<div class=\"ams-contact__intro l-stack l-stack-lg\">\n\t\t\t\t\t\n\t<h2\n\tclass=\"c-heading u-font-title-1 \"\n\tstyle=\"\">\n\t\t\n\t\t\t\t\tHar du fr\u00e5gor om Montessori Mondial?\n\t\t\t\t\n\t<\/h2>\n\n\t\t\t\t\t\t\t\t\t<div class=\"c-text l-stack u-cs-xl u-font-body\">\n\t\t\t\t\t\t<p>D\u00e5 \u00e4r du varmt v\u00e4lkommen att kontakta oss p\u00e5 <a href=\"mailto:kungsholmen@montessorimondial.se\">kungsholmen@montessorimondial.se<\/a> eller ringa 0705 \u2013 48 48 08.<\/p>\n\n\t\t\t\t\t<\/div>\n\t\t\t\t\t\t\t<\/div>\n\t\t\n\t\t\n\t\t    \t\n\t\t\n\t\t<ul\n\t\t\tid=\"contact-grid-69e3b3908d44d\"\n\t\t\tclass=\"ams-contact__list l-grid u-gap-fluid-2xl-4xl u-justify-center js-results \"\n\t\t\taria-label=\"Kontakter\"\n\t\t\tdata-filter-animation=\"off\"\n\t\t\t>\n\t\t\t\t\t\t\t\t\t\t\t\n\t\t\t\t\n\t\t\t\t<li class=\"l-col-12 \" data-filter=\"b\">\n\t\t\t\t\t<article class=\"c-card u-justify-center\" data-variant=\"inline\">\n\t\t\t\t\t\t<div class=\"c-card__content u-flex-basis-auto u-flex-grow-0 u-text-center@mobile\">\n\t\t\t\t\t\t\t\t\t\t\t\t\t\t\t<h3 class=\"c-card__title u-font-title-3\">\n\t\t\t\t\t\t\t\t\tYasmin Sundberg\n\t\t\t\t\t\t\t\t<\/h3>\n\t\t\t\t\t\t\t\n\t\t\t\t\t\t\t\t\t\t\t\t\t\t\t<p class=\"position u-font-body\">Administrat\u00f6r \u2014 elevk\u00f6<\/p>\n\t\t\t\t\t\t\t\n\t\t\t\t\t\t\t\t\t\t\t\t\t\t\t<div class=\"contact-info u-font-body\">\n\t\t\t\t\t\t\t\t\t\t\t\t\t\t\t\t\t\t\t\t\t\t\t\t\t\t\t\t\t\t<p class=\"phone\"><a\n\t\t\t\t\t\t\t\t\t\t\t\t\thref=\"tel:0705484808\"\n\t\t\t\t\t\t\t\t\t\t\t\t\tclass=\"u-text-link\">070-548 48 08<\/a>\n\t\t\t\t\t\t\t\t\t\t\t<\/p>\n\t\t\t\t\t\t\t\t\t\t\t\t\t\t\t\t\t\t\t\n\t\t\t\t\t\t\t\t\t\t\t\t\t\t\t\t\t\t\t\t\t\t\t\t\t\t\t\t\t\t<p class=\"email\"><a\n\t\t\t\t\t\t\t\t\t\t\t\t\thref=\"mai&#108;&#116;o:&#121;a&#115;m&#105;&#110;.su&#110;&#100;&#098;&#101;&#114;&#103;&#064;&#109;&#111;n&#116;&#101;ss&#111;ri&#109;&#111;nd&#105;al&#046;&#115;&#101;\"\n\t\t\t\t\t\t\t\t\t\t\t\t\tclass=\"u-text-link\">&#121;&#097;s&#109;&#105;&#110;.s&#117;&#110;&#100;&#098;er&#103;&#064;monte&#115;&#115;o&#114;i&#109;ondia&#108;&#046;&#115;&#101;<\/a>\n\t\t\t\t\t\t\t\t\t\t\t<\/p>\n\t\t\t\t\t\t\t\t\t\t\t\t\t\t\t\t\t\t\t\t\t\t\t\t\t\t\t<\/div>\n\t\t\t\t\t\t\t\n\t\t\t\t\t\t\t\t\t\t\t\t\t<\/div>\n\t\t\t\t\t\t<div class=\"c-card__media\">\n\t\t\t\t\t\t\t\t\t\t\t\t\t\t\t\t\t\t\t\t\t\t\t\t\t\t\t\t\t\t\t\t\t\t\t\t\t\t\t\t\t\t\t\t\t\t\t\t\t<img decoding=\"async\" width=\"400\" height=\"480\" src=\"https:\/\/montessorimondial.se\/wp-content\/uploads\/sites\/13\/2021\/08\/yazz-e1679382440694-400x480.jpg\" class=\"u-radius-round u-ratio-landscape  \" alt=\"\" sizes=\"(max-width: 300px) 100vw, 300px\" srcset=\"https:\/\/montessorimondial.se\/wp-content\/uploads\/sites\/13\/2021\/08\/yazz-e1679382440694-400x480.jpg 400w, https:\/\/montessorimondial.se\/wp-content\/uploads\/sites\/13\/2021\/08\/yazz-e1679382440694-300x360.jpg 300w, https:\/\/montessorimondial.se\/wp-content\/uploads\/sites\/13\/2021\/08\/yazz-e1679382440694-600x719.jpg 600w, https:\/\/montessorimondial.se\/wp-content\/uploads\/sites\/13\/2021\/08\/yazz-e1679382440694.jpg 683w\" \/>\n\t\t\t\t\t\t<\/div>\n\t\t\t\t\t<\/article>\n\t\t\t\t<\/li>\n\t\t\t\t\t<\/ul>\n\n\t\t\n\t\t    <div class=\"ams-contact__more u-inline-items js-load-more-btn\">\n        <button href=\"#\"\n                class=\"c-btn\"\n                data-style=\"rounded\"\n                data-size=\"md\"\n                data-width=\"full-mobile\"\n                data-variant=\"outline\">\n        \tVisa mer\n        <\/button>\n    <\/div>\n\n\t\t\t<\/div>\n\n\t\t\n\n<\/section>\n\n\n","protected":false},"excerpt":{"rendered":"<p>Bes\u00f6k oss p\u00e5 Montessori Mondial Kungsholmen Vi ser fram emot att tr\u00e4ffa dig p\u00e5 v\u00e5ra \u00f6ppna hus! H\u00e5ll utkik h\u00e4r eller fyll i formul\u00e4ret f\u00f6r att f\u00e5 information om kommande \u00f6ppet hus.<\/p>\n","protected":false},"author":1,"featured_media":0,"parent":0,"menu_order":0,"comment_status":"closed","ping_status":"closed","template":"","meta":{"footnotes":""},"yoast_head":"<!-- This site is optimized with the Yoast SEO plugin v22.0 - https:\/\/yoast.com\/wordpress\/plugins\/seo\/ -->\n<title>Bes\u00f6k v\u00e5r skola | Montessori Mondial Kungsholmen<\/title>\n<meta name=\"description\" content=\"H\u00e4r l\u00e4gger vi in v\u00e5ra aktuella tider f\u00f6r \u00f6ppet hus och m\u00f6jligheter att bes\u00f6ka skolan. Kontakta oss eller h\u00e5ll dig uppdaterad genom v\u00e5r intresseanm\u00e4lan.\" \/>\n<meta name=\"robots\" content=\"index, follow, max-snippet:-1, max-image-preview:large, max-video-preview:-1\" \/>\n<link rel=\"canonical\" href=\"https:\/\/montessorimondial.se\/kungsholmen\/besok\/\" \/>\n<meta property=\"og:locale\" content=\"sv_SE\" \/>\n<meta property=\"og:type\" content=\"article\" \/>\n<meta property=\"og:title\" content=\"Bes\u00f6k v\u00e5r skola | Montessori Mondial Kungsholmen\" \/>\n<meta property=\"og:description\" content=\"H\u00e4r l\u00e4gger vi in v\u00e5ra aktuella tider f\u00f6r \u00f6ppet hus och m\u00f6jligheter att bes\u00f6ka skolan. Kontakta oss eller h\u00e5ll dig uppdaterad genom v\u00e5r intresseanm\u00e4lan.\" \/>\n<meta property=\"og:url\" content=\"https:\/\/montessorimondial.se\/kungsholmen\/besok\/\" \/>\n<meta property=\"og:site_name\" content=\"Kungsholmen\" \/>\n<meta property=\"article:modified_time\" content=\"2025-09-30T06:42:55+00:00\" \/>\n<meta name=\"twitter:card\" content=\"summary_large_image\" \/>\n<meta name=\"twitter:title\" content=\"Bes\u00f6k v\u00e5r skola | Montessori Mondial Kungsholmen\" \/>\n<meta name=\"twitter:description\" content=\"H\u00e4r l\u00e4gger vi in v\u00e5ra aktuella tider f\u00f6r \u00f6ppet hus och m\u00f6jligheter att bes\u00f6ka skolan. Kontakta oss eller h\u00e5ll dig uppdaterad genom v\u00e5r intresseanm\u00e4lan.\" \/>\n<meta name=\"twitter:label1\" content=\"Ber\u00e4knad l\u00e4stid\" \/>\n\t<meta name=\"twitter:data1\" content=\"1 minut\" \/>\n<script type=\"application\/ld+json\" class=\"yoast-schema-graph\">{\"@context\":\"https:\/\/schema.org\",\"@graph\":[{\"@type\":\"WebPage\",\"@id\":\"https:\/\/montessorimondial.se\/kungsholmen\/besok\/\",\"url\":\"https:\/\/montessorimondial.se\/kungsholmen\/besok\/\",\"name\":\"Bes\u00f6k v\u00e5r skola | Montessori Mondial Kungsholmen\",\"isPartOf\":{\"@id\":\"https:\/\/montessorimondial.se\/kungsholmen\/#website\"},\"datePublished\":\"2020-09-01T20:10:37+00:00\",\"dateModified\":\"2025-09-30T06:42:55+00:00\",\"description\":\"H\u00e4r l\u00e4gger vi in v\u00e5ra aktuella tider f\u00f6r \u00f6ppet hus och m\u00f6jligheter att bes\u00f6ka skolan. Kontakta oss eller h\u00e5ll dig uppdaterad genom v\u00e5r intresseanm\u00e4lan.\",\"breadcrumb\":{\"@id\":\"https:\/\/montessorimondial.se\/kungsholmen\/besok\/#breadcrumb\"},\"inLanguage\":\"sv-SE\",\"potentialAction\":[{\"@type\":\"ReadAction\",\"target\":[\"https:\/\/montessorimondial.se\/kungsholmen\/besok\/\"]}]},{\"@type\":\"BreadcrumbList\",\"@id\":\"https:\/\/montessorimondial.se\/kungsholmen\/besok\/#breadcrumb\",\"itemListElement\":[{\"@type\":\"ListItem\",\"position\":1,\"name\":\"Start\",\"item\":\"https:\/\/montessorimondial.se\/kungsholmen\/\"},{\"@type\":\"ListItem\",\"position\":2,\"name\":\"Bes\u00f6k oss\"}]},{\"@type\":\"WebSite\",\"@id\":\"https:\/\/montessorimondial.se\/kungsholmen\/#website\",\"url\":\"https:\/\/montessorimondial.se\/kungsholmen\/\",\"name\":\"Kungsholmen\",\"description\":\"Montessori Mondial Kungsholmen\",\"potentialAction\":[{\"@type\":\"SearchAction\",\"target\":{\"@type\":\"EntryPoint\",\"urlTemplate\":\"https:\/\/montessorimondial.se\/kungsholmen\/?s={search_term_string}\"},\"query-input\":\"required name=search_term_string\"}],\"inLanguage\":\"sv-SE\"}]}<\/script>\n<!-- \/ Yoast SEO plugin. -->","yoast_head_json":{"title":"Bes\u00f6k v\u00e5r skola | Montessori Mondial Kungsholmen","description":"H\u00e4r l\u00e4gger vi in v\u00e5ra aktuella tider f\u00f6r \u00f6ppet hus och m\u00f6jligheter att bes\u00f6ka skolan. Kontakta oss eller h\u00e5ll dig uppdaterad genom v\u00e5r intresseanm\u00e4lan.","robots":{"index":"index","follow":"follow","max-snippet":"max-snippet:-1","max-image-preview":"max-image-preview:large","max-video-preview":"max-video-preview:-1"},"canonical":"https:\/\/montessorimondial.se\/kungsholmen\/besok\/","og_locale":"sv_SE","og_type":"article","og_title":"Bes\u00f6k v\u00e5r skola | Montessori Mondial Kungsholmen","og_description":"H\u00e4r l\u00e4gger vi in v\u00e5ra aktuella tider f\u00f6r \u00f6ppet hus och m\u00f6jligheter att bes\u00f6ka skolan. Kontakta oss eller h\u00e5ll dig uppdaterad genom v\u00e5r intresseanm\u00e4lan.","og_url":"https:\/\/montessorimondial.se\/kungsholmen\/besok\/","og_site_name":"Kungsholmen","article_modified_time":"2025-09-30T06:42:55+00:00","twitter_card":"summary_large_image","twitter_title":"Bes\u00f6k v\u00e5r skola | Montessori Mondial Kungsholmen","twitter_description":"H\u00e4r l\u00e4gger vi in v\u00e5ra aktuella tider f\u00f6r \u00f6ppet hus och m\u00f6jligheter att bes\u00f6ka skolan. Kontakta oss eller h\u00e5ll dig uppdaterad genom v\u00e5r intresseanm\u00e4lan.","twitter_misc":{"Ber\u00e4knad l\u00e4stid":"1 minut"},"schema":{"@context":"https:\/\/schema.org","@graph":[{"@type":"WebPage","@id":"https:\/\/montessorimondial.se\/kungsholmen\/besok\/","url":"https:\/\/montessorimondial.se\/kungsholmen\/besok\/","name":"Bes\u00f6k v\u00e5r skola | Montessori Mondial Kungsholmen","isPartOf":{"@id":"https:\/\/montessorimondial.se\/kungsholmen\/#website"},"datePublished":"2020-09-01T20:10:37+00:00","dateModified":"2025-09-30T06:42:55+00:00","description":"H\u00e4r l\u00e4gger vi in v\u00e5ra aktuella tider f\u00f6r \u00f6ppet hus och m\u00f6jligheter att bes\u00f6ka skolan. Kontakta oss eller h\u00e5ll dig uppdaterad genom v\u00e5r intresseanm\u00e4lan.","breadcrumb":{"@id":"https:\/\/montessorimondial.se\/kungsholmen\/besok\/#breadcrumb"},"inLanguage":"sv-SE","potentialAction":[{"@type":"ReadAction","target":["https:\/\/montessorimondial.se\/kungsholmen\/besok\/"]}]},{"@type":"BreadcrumbList","@id":"https:\/\/montessorimondial.se\/kungsholmen\/besok\/#breadcrumb","itemListElement":[{"@type":"ListItem","position":1,"name":"Start","item":"https:\/\/montessorimondial.se\/kungsholmen\/"},{"@type":"ListItem","position":2,"name":"Bes\u00f6k oss"}]},{"@type":"WebSite","@id":"https:\/\/montessorimondial.se\/kungsholmen\/#website","url":"https:\/\/montessorimondial.se\/kungsholmen\/","name":"Kungsholmen","description":"Montessori Mondial Kungsholmen","potentialAction":[{"@type":"SearchAction","target":{"@type":"EntryPoint","urlTemplate":"https:\/\/montessorimondial.se\/kungsholmen\/?s={search_term_string}"},"query-input":"required name=search_term_string"}],"inLanguage":"sv-SE"}]}},"_links":{"self":[{"href":"https:\/\/montessorimondial.se\/kungsholmen\/wp-json\/wp\/v2\/pages\/44"}],"collection":[{"href":"https:\/\/montessorimondial.se\/kungsholmen\/wp-json\/wp\/v2\/pages"}],"about":[{"href":"https:\/\/montessorimondial.se\/kungsholmen\/wp-json\/wp\/v2\/types\/page"}],"author":[{"embeddable":true,"href":"https:\/\/montessorimondial.se\/kungsholmen\/wp-json\/wp\/v2\/users\/1"}],"replies":[{"embeddable":true,"href":"https:\/\/montessorimondial.se\/kungsholmen\/wp-json\/wp\/v2\/comments?post=44"}],"version-history":[{"count":10,"href":"https:\/\/montessorimondial.se\/kungsholmen\/wp-json\/wp\/v2\/pages\/44\/revisions"}],"predecessor-version":[{"id":2621,"href":"https:\/\/montessorimondial.se\/kungsholmen\/wp-json\/wp\/v2\/pages\/44\/revisions\/2621"}],"wp:attachment":[{"href":"https:\/\/montessorimondial.se\/kungsholmen\/wp-json\/wp\/v2\/media?parent=44"}],"curies":[{"name":"wp","href":"https:\/\/api.w.org\/{rel}","templated":true}]}}