{"id":23,"date":"2020-09-01T22:06:54","date_gmt":"2020-09-01T20:06:54","guid":{"rendered":"https:\/\/montessorimondial.se\/kopieringsunderlag\/?page_id=23"},"modified":"2025-06-24T09:47:34","modified_gmt":"2025-06-24T07:47:34","slug":"forskola","status":"publish","type":"page","link":"https:\/\/montessorimondial.se\/linkoping\/om\/forskola\/","title":{"rendered":"F\u00f6rskola"},"content":{"rendered":"\n<div class=\"wp-block-columns is-layout-flex wp-container-core-columns-layout-1 wp-block-columns-is-layout-flex\">\n<div class=\"wp-block-column is-layout-flow wp-block-column-is-layout-flow\" style=\"flex-basis:100%\">\n<h1 class=\"wp-block-heading\">Om f\u00f6rskolan p\u00e5 Montessori Mondial Link\u00f6ping<\/h1>\n\n\n\n<p   class=\"site__ingress container text-left  site__text-color--dark  site__free_text--ingress p-0\">\n\tP\u00e5 v\u00e5r moderna montessorif\u00f6rskola st\u00e5r barnets nyfikenhet och lust att l\u00e4ra i centrum. F\u00f6rskolans milj\u00f6er \u00e4r anpassade utifr\u00e5n barnets behov och intressen d\u00e4r varje individ f\u00e5r m\u00f6jlighet att utveckla ansvarstagande och tillit till sin egen f\u00f6rm\u00e5ga.<\/p>\n\n\n\n\n\t<div\n\t\t class=\"module_wrapper container-fluid images-module\" >\n\t\t<div class=\"row\">\n\t\t\t<div\n\t\t\t\t\tclass=\"col-12 m-0 p-0 position-relative images_module__slideshow images_module__slideshow-container module-expand \">\n\n\t\t\t\t<div class=\"images_module__slide \" data-slide=\"\"\n\t\t\t\t\t data-duration=\"\"><\/div>\n\t\t\t\t\t\t\t\t\t<div\n\t\t\t\t\t\t class=\"images_module__slides \">\n\n\n\t\t\t\t\t\t<div class=\"images__wrapper\"\n\t\t\t\t\t\t\t style=\"aspect-ratio: 1441 \/ 531;\">\n\t\t\t\t\t\t\t<img decoding=\"async\" width=\"1000\" height=\"496\" src=\"https:\/\/montessorimondial.se\/wp-content\/uploads\/sites\/10\/2025\/06\/montessori-mondialsjostaden202504forskolawebb6-e1750751249995.jpg\" class=\"images__image_ratio  \" alt=\"Barn p\u00e5 f\u00f6rskolan l\u00e4r sig stapla klossar.\" style=\"aspect-ratio: 1441 \/ 531;object-position: center center;\" srcset=\"https:\/\/montessorimondial.se\/wp-content\/uploads\/sites\/10\/2025\/06\/montessori-mondialsjostaden202504forskolawebb6-e1750751249995.jpg 1000w, https:\/\/montessorimondial.se\/wp-content\/uploads\/sites\/10\/2025\/06\/montessori-mondialsjostaden202504forskolawebb6-e1750751249995-300x149.jpg 300w, https:\/\/montessorimondial.se\/wp-content\/uploads\/sites\/10\/2025\/06\/montessori-mondialsjostaden202504forskolawebb6-e1750751249995-400x198.jpg 400w, https:\/\/montessorimondial.se\/wp-content\/uploads\/sites\/10\/2025\/06\/montessori-mondialsjostaden202504forskolawebb6-e1750751249995-600x298.jpg 600w, https:\/\/montessorimondial.se\/wp-content\/uploads\/sites\/10\/2025\/06\/montessori-mondialsjostaden202504forskolawebb6-e1750751249995-800x397.jpg 800w\" sizes=\"(max-width: 1000px) 100vw, 1000px\" \/>\t\t\t\t\t\t<\/div>\n\n\t\t\t\t\t\t\n\t\t\t\t\t\t\t\t\t\t\t<\/div>\n\t\t\t\t\n\t\t\t\t<div class=\"images_module__container_dot \">\n\t\t\t\t\t<div style=\"text-align:center\">\n\t\t\t\t\t\t\t\t\t\t\t\t\t<span   data-i=\"0\"\n\t\t\t\t\t\t\t\t  class=\"images_module__dot\n\t\t\t\t\t\t\t\t\t\t\t\t\t  \"><\/span>\n\t\t\t\t\t\t\t\t\t\t\t<\/div>\n\t\t\t\t<\/div>\n\n\t\t\t<\/div>\n\t\t<\/div>\n\t<\/div>\n\n\n\t\n\n\n<script>\n\tvar images_display_descriptive_text = \"\";\n<\/script>\n\n\n\n<h2 class=\"wp-block-heading\">F\u00f6rskolans avdelningar<\/h2>\n\n\n\n<p>V\u00e5r f\u00f6rskola har fyra avdelningar: Musslan och Sn\u00e4ckan (\u00e5r 1\u20133) samt Kr\u00e4ftan och Korallen (\u00e5r 3\u20135). Vi \u00f6ppnar varje dag klockan 06 och st\u00e4nger klockan 18.<\/p>\n\n\n\n<h2 class=\"wp-block-heading\">Montessorif\u00f6rskolans arbete<\/h2>\n\n\n\n<p>Under en vanlig dag hos oss f\u00e5r barnen frukost, lunch och mellanm\u00e5l. Vi hittar p\u00e5 roliga och l\u00e4rorika aktiviteter f\u00f6r b\u00e5de stora och sm\u00e5 barn, bland annat i utemilj\u00f6er med utflykter, f\u00f6rskolepyssel och lek och l\u00e4r. F\u00f6r de \u00e4ldre barnen finns gymnastik i skolans idrottshall och vi g\u00f6r utflykter i n\u00e4romr\u00e5det. Fem\u00e5ringarna tr\u00e4ffas tre dagar i veckan f\u00f6r aktiviteter som f\u00f6rbereder dem f\u00f6r f\u00f6rskoleklassen och introducerar dem f\u00f6r skolans v\u00e4rld. Vi erbjuder f\u00f6r\u00e4ldram\u00f6ten och utvecklingssamtal varje termin.<\/p>\n\n\n\n<h2 class=\"wp-block-heading\">Inskolning p\u00e5 f\u00f6rskolan<\/h2>\n\n\n\n<p>Det \u00e4r ofta en stor h\u00e4ndelse f\u00f6r barnen och deras familjer att b\u00f6rja p\u00e5 f\u00f6rskolan. D\u00e4rf\u00f6r \u00e4r inskolningen mycket viktig f\u00f6r att barnet ska f\u00e5 en bra start. P\u00e5 montessorif\u00f6rskolan till\u00e4mpar vi en 5-dagars f\u00f6r\u00e4ldraaktiv inskolning som bygger p\u00e5 ett gott samarbete mellan f\u00f6r\u00e4ldrar och pedagog och ger en bra inblick i hur vi arbetar. Inskolningstiden kan f\u00f6rl\u00e4ngas utifr\u00e5n barnets behov.<\/p>\n\n\n\n<p>Vi har ett grundschema f\u00f6r inskolningen, men anpassar den naturligtvis s\u00e5 att det fungera f\u00f6r varje enskilt barn. Dag 1\u20133, ca klockan 9\u201314, \u00e4r v\u00e5rdnadshavaren med hela tiden. Dag 4\u20135 l\u00e4mnar v\u00e5rdnadshavaren, men \u00e4r antr\u00e4ffbar f\u00f6r att kunna skapa en kortare vistelsetid f\u00f6r barnet. Vi \u00e4r noga med korta och tydliga avsked. <\/p>\n<\/div>\n<\/div>\n\n\n\n<div class=\"wp-block-columns is-layout-flex wp-container-core-columns-layout-2 wp-block-columns-is-layout-flex\">\n<div class=\"wp-block-column is-layout-flow wp-block-column-is-layout-flow\">\t<div\n\t\t class=\"container-fluid images-module\" >\n\t\t<div class=\"row my-2\">\n\t\t\t<div\n\t\t\t\t\tclass=\"col-md-12 order-md-1 images_module__img_l images_module__content_spacing_img_l_m  images-module__color-plate-left-bg_site__secondary-bg--100 \">\n\t\t\t\t<div class=\"d-inline-block position-relative\">\n\n\n\t\t\t\t\t<div class=\"images__wrapper\" style=\"\n\t\t\t\t\tmax-width: 440px;\t\t\t\t\tmax-height: 494px;\">\n\t\t\t\t\t\t<img decoding=\"async\" width=\"725\" height=\"666\" src=\"https:\/\/montessorimondial.se\/wp-content\/uploads\/sites\/10\/2025\/06\/montessori-mondialsjostaden202504forskolawebb31-e1750751185985.jpg\" class=\"d-block images__image_ratio  \" alt=\"Pedagog och f\u00f6rskolebarn leker utomhus.\" style=\"aspect-ratio: 440 \/ 494;object-position: center center;\" srcset=\"https:\/\/montessorimondial.se\/wp-content\/uploads\/sites\/10\/2025\/06\/montessori-mondialsjostaden202504forskolawebb31-e1750751185985.jpg 725w, https:\/\/montessorimondial.se\/wp-content\/uploads\/sites\/10\/2025\/06\/montessori-mondialsjostaden202504forskolawebb31-e1750751185985-300x276.jpg 300w, https:\/\/montessorimondial.se\/wp-content\/uploads\/sites\/10\/2025\/06\/montessori-mondialsjostaden202504forskolawebb31-e1750751185985-400x367.jpg 400w, https:\/\/montessorimondial.se\/wp-content\/uploads\/sites\/10\/2025\/06\/montessori-mondialsjostaden202504forskolawebb31-e1750751185985-600x551.jpg 600w\" sizes=\"(max-width: 725px) 100vw, 725px\" \/>\t\t\t\t\t<\/div>\n\n\t\t\t\t\t\n\n\t\t\t\t\t\t\t\t\t<\/div>\n\t\t\t<\/div>\n\t\t<\/div>\n\t<\/div>\n\t\n\n\n<script>\n\tvar images_display_descriptive_text = \"\";\n<\/script>\n<\/div>\n\n\n\n<div class=\"wp-block-column is-layout-flow wp-block-column-is-layout-flow\">\n<h2 class=\"wp-block-heading\">Bra att t\u00e4nka p\u00e5 inf\u00f6r inskolning <\/h2>\n\n\n\n<p> \u2022 Ta med n\u00e5got som g\u00f6r att ditt barn k\u00e4nner sig trygg. Till exempel ett gosedjur, napp eller en filt.  <\/p>\n\n\n\n<p>\u2022  Ta med kl\u00e4der f\u00f6r b\u00e5de inomhus- och utomhuslek i alla v\u00e4der samt extrakl\u00e4der.  <\/p>\n\n\n\n<p>\u2022  M\u00e4rk barnets tillh\u00f6righeter med namn.  <\/p>\n\n\n\n<p>\u2022  Meddela eventuella allergier eller specialkost.  <\/p>\n\n\n\n<p>\u2022  Se till att vi har korrekt och uppdaterad kontaktinformation till er som f\u00f6r\u00e4lder.<\/p>\n\n\n\n<h2 class=\"wp-block-heading\">F\u00f6rskolans l\u00e4roplan<\/h2>\n\n\n\n<p>I enlighet med f\u00f6rskolans l\u00e4roplan str\u00e4var vi efter att varje barn utvecklar \u00f6ppenhet, respekt, solidaritet och ansvar f\u00f6r sig sj\u00e4lv, sina kompisar och sin omgivning. Montessoripedagogiken hj\u00e4lper barnet att f\u00f6rst\u00e5 omv\u00e4rlden och blir en v\u00e4g till nya kunskaper genom att arbetsg\u00e5ngen g\u00e5r fr\u00e5n det konkreta till det abstrakta.<\/p>\n\n\n\n<h2 class=\"wp-block-heading\">F\u00f6rskoleavgift <\/h2>\n\n\n\n<p>Kostnaden f\u00f6r Montessori Mondial Link\u00f6pings f\u00f6rskola g\u00e5r enligt Link\u00f6ping kommuns maxtaxa f\u00f6r f\u00f6rskoleavgift.<\/p>\n<\/div>\n<\/div>\n\n\n\n\n<section  class=\"ams-cta ams-cta--stacked c-block l-stacked\" data-color-scheme=\"beige\">\n\t<div class=\"l-container-narrow l-stack l-stack-fluid-2xl u-pt-fluid-3xl-6xl u-pb-fluid-3xl-6xl is-center is-center@md\">\n\t\t\t\t\t<div class=\"ams-cta__intro l-stack l-stack-lg\">\n\t\t\t\t\t\n\t<h2\n\tclass=\"c-heading u-font-title-1 \"\n\tstyle=\"\">\n\t\t\n\t\t\t\t\tS\u00f6ka f\u00f6rskola\n\t\t\t\t\n\t<\/h2>\n\n\t\t\t\t\t\t\t\t\t<div class=\"c-text l-stack u-cs-xl u-font-body\">\n\t\t\t\t\t\t<p>Link\u00f6ping kommun har ett gemensamt ans\u00f6kningssystem till alla f\u00f6rskolor, s\u00e5v\u00e4l frist\u00e5ende som kommunala. Det inneb\u00e4r att ni beh\u00f6ver st\u00e4lla ert barn i k\u00f6 till v\u00e5r f\u00f6rskola via Link\u00f6ping kommuns hemsida.<\/p>\n\n\t\t\t\t\t<\/div>\n\t\t\t\t\t\t\t<\/div>\n\t\t\n\t\t\n\t\t\t<div class=\"ams-cta__action u-inline-items\">\n\t\t\t\t\t\t\t\n\n\n<a href=\"https:\/\/montessorimondial.se\/linkoping\/koanmalan\/\"\n\t\n\tclass=\"c-btn \"\n\tdata-style=\"rounded\"\n\tdata-size=\"md\"\n\tdata-width=\"full-mobile\"\n\tdata-variant=\"default\"\n\ttarget=\"_self\">\n\t\t\t<span class=\"label\"> Till k\u00f6anm\u00e4lan<\/span>\n\t\t\t<\/a>\n\t\t\t<\/div>\n\t<\/div>\n\n\t\t\n\t\t\t\n\t\t\t\t\t\t\t\n\t\t\t\t<div class=\"c-bg c-bg--img\" data-settings=\"{&quot;desktop_settings&quot;:{&quot;size&quot;:&quot;auto&quot;,&quot;position&quot;:&quot;top-right&quot;},&quot;mobile_settings&quot;:{&quot;size&quot;:&quot;auto&quot;,&quot;position&quot;:&quot;top-right&quot;}}\" data-position=\"middle-center\" data-size=\"cover\">\n\t\t\t<picture><source media=\"(min-width: 48em)\" srcset=\"https:\/\/montessorimondial.se\/wp-content\/uploads\/sites\/10\/2024\/02\/montessori-mondial-triangel-orange-hoger-topp-150x150-1.png\" sizes=\"(max-width: 150px) 100vw, 150px\" \/><source srcset=\"https:\/\/montessorimondial.se\/wp-content\/uploads\/sites\/10\/2024\/02\/montessori-mondial-triangel-orange-hoger-topp-75x75-1.png\" sizes=\"(max-width: 75px) 100vw, 75px\" \/><img decoding=\"async\" width=\"150\" height=\"150\" src=\"https:\/\/montessorimondial.se\/wp-content\/uploads\/sites\/10\/2024\/02\/montessori-mondial-triangel-orange-hoger-topp-150x150-1.png\" class=\"attachment-hero-lg size-hero-lg\" alt=\"Geometrisk form.\" sizes=\"(max-width: 150px) 100vw, 150px\" \/><\/picture>\n\t\t<\/div>\n\t\t\t\n\t\t\t\t\t\t\t\n\t\t\t\t<div class=\"c-bg c-bg--img\" data-settings=\"{&quot;desktop_settings&quot;:{&quot;size&quot;:&quot;auto&quot;,&quot;position&quot;:&quot;bottom-left&quot;},&quot;mobile_settings&quot;:{&quot;size&quot;:&quot;auto&quot;,&quot;position&quot;:&quot;bottom-left&quot;}}\" data-position=\"middle-center\" data-size=\"cover\">\n\t\t\t<picture><source media=\"(min-width: 48em)\" srcset=\"https:\/\/montessorimondial.se\/wp-content\/uploads\/sites\/10\/2024\/02\/montessori-mondial-kvartscirkel-lila-vanster-botten-150x150-1.png\" sizes=\"(max-width: 150px) 100vw, 150px\" \/><source srcset=\"https:\/\/montessorimondial.se\/wp-content\/uploads\/sites\/10\/2024\/02\/montessori-mondial-kvartscirkel-lila-vanster-botten-75x75-1.png\" sizes=\"(max-width: 75px) 100vw, 75px\" \/><img decoding=\"async\" width=\"150\" height=\"150\" src=\"https:\/\/montessorimondial.se\/wp-content\/uploads\/sites\/10\/2024\/02\/montessori-mondial-kvartscirkel-lila-vanster-botten-150x150-1.png\" class=\"attachment-hero-lg size-hero-lg\" alt=\"Geometrisk form.\" sizes=\"(max-width: 150px) 100vw, 150px\" \/><\/picture>\n\t\t<\/div>\n\t\n<\/section>\n","protected":false},"excerpt":{"rendered":"<p>Om f\u00f6rskolan p\u00e5 Montessori Mondial Link\u00f6ping F\u00f6rskolans avdelningar V\u00e5r f\u00f6rskola har fyra avdelningar: Musslan och Sn\u00e4ckan (\u00e5r 1\u20133) samt Kr\u00e4ftan och Korallen (\u00e5r 3\u20135). Vi \u00f6ppnar varje dag klockan 06 och st\u00e4nger klockan 18. Montessorif\u00f6rskolans arbete Under en vanlig dag hos oss f\u00e5r barnen frukost, lunch och mellanm\u00e5l. Vi hittar p\u00e5 roliga och l\u00e4rorika aktiviteter&#8230;<\/p>\n","protected":false},"author":1,"featured_media":0,"parent":20,"menu_order":0,"comment_status":"closed","ping_status":"closed","template":"","meta":{"footnotes":""},"yoast_head":"<!-- This site is optimized with the Yoast SEO plugin v22.0 - https:\/\/yoast.com\/wordpress\/plugins\/seo\/ -->\n<title>V\u00e5r f\u00f6rskola | Montessori Mondial Link\u00f6ping<\/title>\n<meta name=\"description\" content=\"H\u00e4r finns information kring allt du beh\u00f6ver veta om v\u00e5r f\u00f6rskola. L\u00e4s hur inskolningen g\u00e5r till och se vilka avgifter som g\u00e4ller f\u00f6r f\u00f6rskolan.\" \/>\n<meta name=\"robots\" content=\"index, follow, max-snippet:-1, max-image-preview:large, max-video-preview:-1\" \/>\n<link rel=\"canonical\" href=\"https:\/\/montessorimondial.se\/linkoping\/om\/forskola\/\" \/>\n<meta property=\"og:locale\" content=\"sv_SE\" \/>\n<meta property=\"og:type\" content=\"article\" \/>\n<meta property=\"og:title\" content=\"V\u00e5r f\u00f6rskola | Montessori Mondial Link\u00f6ping\" \/>\n<meta property=\"og:description\" content=\"H\u00e4r finns information kring allt du beh\u00f6ver veta om v\u00e5r f\u00f6rskola. L\u00e4s hur inskolningen g\u00e5r till och se vilka avgifter som g\u00e4ller f\u00f6r f\u00f6rskolan.\" \/>\n<meta property=\"og:url\" content=\"https:\/\/montessorimondial.se\/linkoping\/om\/forskola\/\" \/>\n<meta property=\"og:site_name\" content=\"Link\u00f6ping\" \/>\n<meta property=\"article:modified_time\" content=\"2025-06-24T07:47:34+00:00\" \/>\n<meta name=\"twitter:card\" content=\"summary_large_image\" \/>\n<meta name=\"twitter:title\" content=\"V\u00e5r f\u00f6rskola | Montessori Mondial Link\u00f6ping\" \/>\n<meta name=\"twitter:description\" content=\"H\u00e4r finns information kring allt du beh\u00f6ver veta om v\u00e5r f\u00f6rskola. L\u00e4s hur inskolningen g\u00e5r till och se vilka avgifter som g\u00e4ller f\u00f6r f\u00f6rskolan.\" \/>\n<meta name=\"twitter:label1\" content=\"Ber\u00e4knad l\u00e4stid\" \/>\n\t<meta name=\"twitter:data1\" content=\"4 minuter\" \/>\n<script type=\"application\/ld+json\" class=\"yoast-schema-graph\">{\"@context\":\"https:\/\/schema.org\",\"@graph\":[{\"@type\":\"WebPage\",\"@id\":\"https:\/\/montessorimondial.se\/linkoping\/om\/forskola\/\",\"url\":\"https:\/\/montessorimondial.se\/linkoping\/om\/forskola\/\",\"name\":\"V\u00e5r f\u00f6rskola | Montessori Mondial Link\u00f6ping\",\"isPartOf\":{\"@id\":\"https:\/\/montessorimondial.se\/linkoping\/#website\"},\"datePublished\":\"2020-09-01T20:06:54+00:00\",\"dateModified\":\"2025-06-24T07:47:34+00:00\",\"description\":\"H\u00e4r finns information kring allt du beh\u00f6ver veta om v\u00e5r f\u00f6rskola. L\u00e4s hur inskolningen g\u00e5r till och se vilka avgifter som g\u00e4ller f\u00f6r f\u00f6rskolan.\",\"breadcrumb\":{\"@id\":\"https:\/\/montessorimondial.se\/linkoping\/om\/forskola\/#breadcrumb\"},\"inLanguage\":\"sv-SE\",\"potentialAction\":[{\"@type\":\"ReadAction\",\"target\":[\"https:\/\/montessorimondial.se\/linkoping\/om\/forskola\/\"]}]},{\"@type\":\"BreadcrumbList\",\"@id\":\"https:\/\/montessorimondial.se\/linkoping\/om\/forskola\/#breadcrumb\",\"itemListElement\":[{\"@type\":\"ListItem\",\"position\":1,\"name\":\"Start\",\"item\":\"https:\/\/montessorimondial.se\/linkoping\/\"},{\"@type\":\"ListItem\",\"position\":2,\"name\":\"Om skolan\",\"item\":\"https:\/\/montessorimondial.se\/linkoping\/om\/\"},{\"@type\":\"ListItem\",\"position\":3,\"name\":\"F\u00f6rskola\"}]},{\"@type\":\"WebSite\",\"@id\":\"https:\/\/montessorimondial.se\/linkoping\/#website\",\"url\":\"https:\/\/montessorimondial.se\/linkoping\/\",\"name\":\"Link\u00f6ping\",\"description\":\"Montessorimondial Link\u00f6ping\",\"potentialAction\":[{\"@type\":\"SearchAction\",\"target\":{\"@type\":\"EntryPoint\",\"urlTemplate\":\"https:\/\/montessorimondial.se\/linkoping\/?s={search_term_string}\"},\"query-input\":\"required name=search_term_string\"}],\"inLanguage\":\"sv-SE\"}]}<\/script>\n<!-- \/ Yoast SEO plugin. -->","yoast_head_json":{"title":"V\u00e5r f\u00f6rskola | Montessori Mondial Link\u00f6ping","description":"H\u00e4r finns information kring allt du beh\u00f6ver veta om v\u00e5r f\u00f6rskola. L\u00e4s hur inskolningen g\u00e5r till och se vilka avgifter som g\u00e4ller f\u00f6r f\u00f6rskolan.","robots":{"index":"index","follow":"follow","max-snippet":"max-snippet:-1","max-image-preview":"max-image-preview:large","max-video-preview":"max-video-preview:-1"},"canonical":"https:\/\/montessorimondial.se\/linkoping\/om\/forskola\/","og_locale":"sv_SE","og_type":"article","og_title":"V\u00e5r f\u00f6rskola | Montessori Mondial Link\u00f6ping","og_description":"H\u00e4r finns information kring allt du beh\u00f6ver veta om v\u00e5r f\u00f6rskola. L\u00e4s hur inskolningen g\u00e5r till och se vilka avgifter som g\u00e4ller f\u00f6r f\u00f6rskolan.","og_url":"https:\/\/montessorimondial.se\/linkoping\/om\/forskola\/","og_site_name":"Link\u00f6ping","article_modified_time":"2025-06-24T07:47:34+00:00","twitter_card":"summary_large_image","twitter_title":"V\u00e5r f\u00f6rskola | Montessori Mondial Link\u00f6ping","twitter_description":"H\u00e4r finns information kring allt du beh\u00f6ver veta om v\u00e5r f\u00f6rskola. L\u00e4s hur inskolningen g\u00e5r till och se vilka avgifter som g\u00e4ller f\u00f6r f\u00f6rskolan.","twitter_misc":{"Ber\u00e4knad l\u00e4stid":"4 minuter"},"schema":{"@context":"https:\/\/schema.org","@graph":[{"@type":"WebPage","@id":"https:\/\/montessorimondial.se\/linkoping\/om\/forskola\/","url":"https:\/\/montessorimondial.se\/linkoping\/om\/forskola\/","name":"V\u00e5r f\u00f6rskola | Montessori Mondial Link\u00f6ping","isPartOf":{"@id":"https:\/\/montessorimondial.se\/linkoping\/#website"},"datePublished":"2020-09-01T20:06:54+00:00","dateModified":"2025-06-24T07:47:34+00:00","description":"H\u00e4r finns information kring allt du beh\u00f6ver veta om v\u00e5r f\u00f6rskola. L\u00e4s hur inskolningen g\u00e5r till och se vilka avgifter som g\u00e4ller f\u00f6r f\u00f6rskolan.","breadcrumb":{"@id":"https:\/\/montessorimondial.se\/linkoping\/om\/forskola\/#breadcrumb"},"inLanguage":"sv-SE","potentialAction":[{"@type":"ReadAction","target":["https:\/\/montessorimondial.se\/linkoping\/om\/forskola\/"]}]},{"@type":"BreadcrumbList","@id":"https:\/\/montessorimondial.se\/linkoping\/om\/forskola\/#breadcrumb","itemListElement":[{"@type":"ListItem","position":1,"name":"Start","item":"https:\/\/montessorimondial.se\/linkoping\/"},{"@type":"ListItem","position":2,"name":"Om skolan","item":"https:\/\/montessorimondial.se\/linkoping\/om\/"},{"@type":"ListItem","position":3,"name":"F\u00f6rskola"}]},{"@type":"WebSite","@id":"https:\/\/montessorimondial.se\/linkoping\/#website","url":"https:\/\/montessorimondial.se\/linkoping\/","name":"Link\u00f6ping","description":"Montessorimondial Link\u00f6ping","potentialAction":[{"@type":"SearchAction","target":{"@type":"EntryPoint","urlTemplate":"https:\/\/montessorimondial.se\/linkoping\/?s={search_term_string}"},"query-input":"required name=search_term_string"}],"inLanguage":"sv-SE"}]}},"_links":{"self":[{"href":"https:\/\/montessorimondial.se\/linkoping\/wp-json\/wp\/v2\/pages\/23"}],"collection":[{"href":"https:\/\/montessorimondial.se\/linkoping\/wp-json\/wp\/v2\/pages"}],"about":[{"href":"https:\/\/montessorimondial.se\/linkoping\/wp-json\/wp\/v2\/types\/page"}],"author":[{"embeddable":true,"href":"https:\/\/montessorimondial.se\/linkoping\/wp-json\/wp\/v2\/users\/1"}],"replies":[{"embeddable":true,"href":"https:\/\/montessorimondial.se\/linkoping\/wp-json\/wp\/v2\/comments?post=23"}],"version-history":[{"count":10,"href":"https:\/\/montessorimondial.se\/linkoping\/wp-json\/wp\/v2\/pages\/23\/revisions"}],"predecessor-version":[{"id":1771,"href":"https:\/\/montessorimondial.se\/linkoping\/wp-json\/wp\/v2\/pages\/23\/revisions\/1771"}],"up":[{"embeddable":true,"href":"https:\/\/montessorimondial.se\/linkoping\/wp-json\/wp\/v2\/pages\/20"}],"wp:attachment":[{"href":"https:\/\/montessorimondial.se\/linkoping\/wp-json\/wp\/v2\/media?parent=23"}],"curies":[{"name":"wp","href":"https:\/\/api.w.org\/{rel}","templated":true}]}}