{"id":25,"date":"2020-09-01T22:07:07","date_gmt":"2020-09-01T20:07:07","guid":{"rendered":"https:\/\/montessorimondial.se\/kopieringsunderlag\/?page_id=25"},"modified":"2025-08-27T11:35:58","modified_gmt":"2025-08-27T09:35:58","slug":"grundskola","status":"publish","type":"page","link":"https:\/\/montessorimondial.se\/linkoping\/om\/grundskola\/","title":{"rendered":"Grundskola"},"content":{"rendered":"\n<div class=\"wp-block-columns is-layout-flex wp-container-core-columns-layout-1 wp-block-columns-is-layout-flex\">\n<div class=\"wp-block-column is-layout-flow wp-block-column-is-layout-flow\" style=\"flex-basis:66.66%\">\n<h1 class=\"wp-block-heading\">Om grundskolan p\u00e5 Montessori Mondial Link\u00f6ping<\/h1>\n\n\n\n<p   class=\"site__ingress container text-left  site__text-color--dark  site__free_text--ingress p-0\">\n\tP\u00e5 v\u00e5r moderna montessorigrundskola s\u00e4tts elevens individuella l\u00e4rprocess i fokus. H\u00e4r skapas meningsfullhet och delaktighet i lokaler som \u00e4r noggrant utformade f\u00f6r montessoripedagogiken.<\/p>\n\n\n\n\n\n<h2 class=\"wp-block-heading\">F\u00f6rskoleklass till \u00e5rskurs 6<\/h2>\n\n\n\n<p>Vi har grundskola fr\u00e5n f\u00f6rskoleklass till \u00e5rskurs 6. Hos oss kan ditt barn b\u00f6rja i f\u00f6rskoleklass fr\u00e5n att de \u00e4r 6 \u00e5r gamla. Montessori Mondial Link\u00f6pings grundskola startade sin verksamhet h\u00f6sten 1998 och \u00e5r 2012 flyttade vi in i nybyggda lokaler n\u00e4ra skog och natur. <\/p>\n\n\n\n<h2 class=\"wp-block-heading\">Montessori-klassrummet<\/h2>\n\n\n\n<p>I ett montessoriklassrum finns en arbetsmatta f\u00f6r samling och som yta f\u00f6r st\u00f6rre konkreta arbeten, samt flera arbetsbord. Rummet \u00e4gs av eleverna d\u00e5 det \u00e4r deras arbetsplats och det \u00e4r de som ansvarar f\u00f6r milj\u00f6n, materialet och trivseln. Allt material \u00e4r uppbyggt enligt ett holistiskt syns\u00e4tt genom Maria Montessoris pedagogik, allts\u00e5 fr\u00e5n de stora sammanhangen och ner p\u00e5 detaljniv\u00e5 f\u00f6r att skapa meningsfullhet och delaktighet f\u00f6r eleverna. <\/p>\n<\/div>\n\n\n\n<div class=\"wp-block-column is-layout-flow wp-block-column-is-layout-flow\" style=\"flex-basis:33.33%\"><\/div>\n<\/div>\n\n\n\n<div class=\"wp-block-columns is-layout-flex wp-container-core-columns-layout-2 wp-block-columns-is-layout-flex\">\n<div class=\"wp-block-column is-layout-flow wp-block-column-is-layout-flow\">\t<div\n\t\t class=\"container-fluid images-module\" >\n\t\t<div class=\"row my-2\">\n\t\t\t<div class=\"col-md-12 images_module__img_r images_module__content_spacing_img_r_m  images-module__color-plate-right-bg_site__secondary-bg--100 \">\n\t\t\t\t<div class=\"position-relative text-right\">\n\t\t\t\t\t<div class=\"images__wrapper\" style=\"float:right; max-width: 440px; max-height: 494px;\">\n\t\t\t\t\t\t<img decoding=\"async\" width=\"785\" height=\"666\" src=\"https:\/\/montessorimondial.se\/wp-content\/uploads\/sites\/10\/2025\/06\/montessori-mondialkungsholmen202504lagstadiewebb22-e1750751359664.jpg\" class=\"d-block images__image_ratio  \" alt=\"Elever i f\u00f6rskoleklass l\u00e4r med montessorimaterial.\" style=\"aspect-ratio: 440 \/ 494;object-position: center center;\" srcset=\"https:\/\/montessorimondial.se\/wp-content\/uploads\/sites\/10\/2025\/06\/montessori-mondialkungsholmen202504lagstadiewebb22-e1750751359664.jpg 785w, https:\/\/montessorimondial.se\/wp-content\/uploads\/sites\/10\/2025\/06\/montessori-mondialkungsholmen202504lagstadiewebb22-e1750751359664-300x255.jpg 300w, https:\/\/montessorimondial.se\/wp-content\/uploads\/sites\/10\/2025\/06\/montessori-mondialkungsholmen202504lagstadiewebb22-e1750751359664-400x339.jpg 400w, https:\/\/montessorimondial.se\/wp-content\/uploads\/sites\/10\/2025\/06\/montessori-mondialkungsholmen202504lagstadiewebb22-e1750751359664-600x509.jpg 600w\" sizes=\"(max-width: 785px) 100vw, 785px\" \/>\t\t\t\t\t<\/div>\n\t\t\t\t\t<div style=\"clear:both;\">\n\t\t\t\t\t\t\n\t\t\t\t\t\t\t\t\t\t\t<\/div>\n\t\t\t\t<\/div>\n\t\t\t<\/div>\n\t\t<\/div>\n\t<\/div>\n\t\n\n\n<script>\n\tvar images_display_descriptive_text = \"\";\n<\/script>\n<\/div>\n\n\n\n<div class=\"wp-block-column is-layout-flow wp-block-column-is-layout-flow\">\n<h2 class=\"wp-block-heading\">V\u00e5r undervisning och l\u00e4roplan<\/h2>\n\n\n\n<p>V\u00e5rt arbetss\u00e4tt st\u00f6ds av montessoripedagogiken, med influenser fr\u00e5n nyare metoder och g\u00e5r efter LGR 22 f\u00f6r grundskolan fr\u00e5n Skolverket.<\/p>\n\n\n\n<p>Eleverna p\u00e5 skolan tycker om att unders\u00f6ka, delta och p\u00e5verka sin inl\u00e4rningsprocess genom en skoldagbok. I dagboken har de individuellt anpassad planering f\u00f6r varje vecka, vilket st\u00e4rker deras f\u00f6rst\u00e5else f\u00f6r m\u00e5len och sammanhanget mellan skolans \u00e4mnen. De f\u00e5r b\u00e5de \u00f6va p\u00e5 enskilda arbeten och tr\u00e4na p\u00e5 grupparbete.<\/p>\n\n\n\n<h2 class=\"wp-block-heading\">Fritids och l\u00e4xor <\/h2>\n\n\n\n<p>Skola och fritidshem har ett n\u00e4ra samarbete och delar p\u00e5 lokalerna. Detta inneb\u00e4r att barnen kan arbeta med skoluppgifter och anv\u00e4nda det material som skolan erbjuder \u00e4ven under <a href=\"https:\/\/montessorimondial.se\/linkoping\/om\/fritids\/\">fritidshemmets<\/a> tider. <\/p>\n<\/div>\n<\/div>\n\n\n\n\t<div class=\"module_wrapper ams_remote_pages_module \">\n\t\t\n\n<section  class=\"ams-cta ams-cta--stacked c-block l-stacked\" data-color-scheme=\"beige\">\n\t<div class=\"l-container-narrow l-stack l-stack-fluid-2xl u-pt-fluid-3xl-6xl u-pb-fluid-3xl-6xl is-center is-center@md\">\n\t\t\t\t\t<div class=\"ams-cta__intro l-stack l-stack-lg\">\n\t\t\t\t\t\n\t<h2\n\tclass=\"c-heading u-font-title-1 \"\n\tstyle=\"\">\n\t\t\n\t\t\t\t\tS\u00f6ka f\u00f6rskola och grundskola\n\t\t\t\t\n\t<\/h2>\n\n\t\t\t\t\t\t\t\t\t<div class=\"c-text l-stack u-cs-xl u-font-body\">\n\t\t\t\t\t\t<p>L\u00e4s mer om k\u00f6anm\u00e4lan och st\u00e4ll ditt barn i k\u00f6 till Montessori Mondial Link\u00f6ping.<\/p>\n\n\t\t\t\t\t<\/div>\n\t\t\t\t\t\t\t<\/div>\n\t\t\n\t\t\n\t\t\t<div class=\"ams-cta__action u-inline-items\">\n\t\t\t\t\t\t\t\n\n\n<a href=\"https:\/\/montessorimondial.se\/linkoping\/koanmalan\/\"\n\t\n\tclass=\"c-btn \"\n\tdata-style=\"rounded\"\n\tdata-size=\"md\"\n\tdata-width=\"full-mobile\"\n\tdata-variant=\"default\"\n\ttarget=\"_self\">\n\t\t\t<span class=\"label\"> Till k\u00f6anm\u00e4lan<\/span>\n\t\t\t<\/a>\n\t\t\t<\/div>\n\t<\/div>\n\n\t\t\n\t\t\t\n\t\t\t\t\t\t\t\n\t\t\t\t<div class=\"c-bg c-bg--img\" data-settings=\"{&quot;desktop_settings&quot;:{&quot;size&quot;:&quot;auto&quot;,&quot;position&quot;:&quot;top-right&quot;},&quot;mobile_settings&quot;:{&quot;size&quot;:&quot;auto&quot;,&quot;position&quot;:&quot;top-right&quot;}}\" data-position=\"middle-center\" data-size=\"cover\">\n\t\t\t<picture><source media=\"(min-width: 48em)\" srcset=\"https:\/\/montessorimondial.se\/wp-content\/uploads\/sites\/10\/2024\/02\/montessori-mondial-triangel-orange-hoger-topp-150x150-1.png\" sizes=\"(max-width: 150px) 100vw, 150px\" \/><source srcset=\"https:\/\/montessorimondial.se\/wp-content\/uploads\/sites\/10\/2024\/02\/montessori-mondial-triangel-orange-hoger-topp-75x75-1.png\" sizes=\"(max-width: 75px) 100vw, 75px\" \/><img decoding=\"async\" width=\"150\" height=\"150\" src=\"https:\/\/montessorimondial.se\/wp-content\/uploads\/sites\/10\/2024\/02\/montessori-mondial-triangel-orange-hoger-topp-150x150-1.png\" class=\"attachment-hero-lg size-hero-lg\" alt=\"Geometrisk form.\" sizes=\"(max-width: 150px) 100vw, 150px\" \/><\/picture>\n\t\t<\/div>\n\t\t\t\n\t\t\t\t\t\t\t\n\t\t\t\t<div class=\"c-bg c-bg--img\" data-settings=\"{&quot;desktop_settings&quot;:{&quot;size&quot;:&quot;auto&quot;,&quot;position&quot;:&quot;bottom-left&quot;},&quot;mobile_settings&quot;:{&quot;size&quot;:&quot;auto&quot;,&quot;position&quot;:&quot;bottom-left&quot;}}\" data-position=\"middle-center\" data-size=\"cover\">\n\t\t\t<picture><source media=\"(min-width: 48em)\" srcset=\"https:\/\/montessorimondial.se\/wp-content\/uploads\/sites\/10\/2024\/02\/montessori-mondial-kvartscirkel-lila-vanster-botten-150x150-1.png\" sizes=\"(max-width: 150px) 100vw, 150px\" \/><source srcset=\"https:\/\/montessorimondial.se\/wp-content\/uploads\/sites\/10\/2024\/02\/montessori-mondial-kvartscirkel-lila-vanster-botten-75x75-1.png\" sizes=\"(max-width: 75px) 100vw, 75px\" \/><img decoding=\"async\" width=\"150\" height=\"150\" src=\"https:\/\/montessorimondial.se\/wp-content\/uploads\/sites\/10\/2024\/02\/montessori-mondial-kvartscirkel-lila-vanster-botten-150x150-1.png\" class=\"attachment-hero-lg size-hero-lg\" alt=\"Geometrisk form.\" sizes=\"(max-width: 150px) 100vw, 150px\" \/><\/picture>\n\t\t<\/div>\n\t\n<\/section>\n\t<\/div>\n\n\t","protected":false},"excerpt":{"rendered":"<p>Om grundskolan p\u00e5 Montessori Mondial Link\u00f6ping F\u00f6rskoleklass till \u00e5rskurs 6 Vi har grundskola fr\u00e5n f\u00f6rskoleklass till \u00e5rskurs 6. Hos oss kan ditt barn b\u00f6rja i f\u00f6rskoleklass fr\u00e5n att de \u00e4r 6 \u00e5r gamla. Montessori Mondial Link\u00f6pings grundskola startade sin verksamhet h\u00f6sten 1998 och \u00e5r 2012 flyttade vi in i nybyggda lokaler n\u00e4ra skog och natur&#8230;.<\/p>\n","protected":false},"author":1,"featured_media":0,"parent":20,"menu_order":0,"comment_status":"closed","ping_status":"closed","template":"","meta":{"footnotes":""},"yoast_head":"<!-- This site is optimized with the Yoast SEO plugin v22.0 - https:\/\/yoast.com\/wordpress\/plugins\/seo\/ -->\n<title>Grundskola f\u00f6rskoleklass-\u00e5k 6 | Montessori Mondial Link\u00f6ping<\/title>\n<meta name=\"description\" content=\"Allt du beh\u00f6ver veta om v\u00e5r grundskola och v\u00e5ra \u00e5rskurser f\u00f6rskoleklass-\u00e5k 6. Hitta info om l\u00e4roplan och v\u00e5r montessoripedagogik, fritids och l\u00e4xl\u00e4sning.\" \/>\n<meta name=\"robots\" content=\"index, follow, max-snippet:-1, max-image-preview:large, max-video-preview:-1\" \/>\n<link rel=\"canonical\" href=\"https:\/\/montessorimondial.se\/linkoping\/om\/grundskola\/\" \/>\n<meta property=\"og:locale\" content=\"sv_SE\" \/>\n<meta property=\"og:type\" content=\"article\" \/>\n<meta property=\"og:title\" content=\"Grundskola f\u00f6rskoleklass-\u00e5k 6 | Montessori Mondial Link\u00f6ping\" \/>\n<meta property=\"og:description\" content=\"Allt du beh\u00f6ver veta om v\u00e5r grundskola och v\u00e5ra \u00e5rskurser f\u00f6rskoleklass-\u00e5k 6. Hitta info om l\u00e4roplan och v\u00e5r montessoripedagogik, fritids och l\u00e4xl\u00e4sning.\" \/>\n<meta property=\"og:url\" content=\"https:\/\/montessorimondial.se\/linkoping\/om\/grundskola\/\" \/>\n<meta property=\"og:site_name\" content=\"Link\u00f6ping\" \/>\n<meta property=\"article:modified_time\" content=\"2025-08-27T09:35:58+00:00\" \/>\n<meta name=\"twitter:card\" content=\"summary_large_image\" \/>\n<meta name=\"twitter:title\" content=\"Grundskola f\u00f6rskoleklass-\u00e5k 6 | Montessori Mondial Link\u00f6ping\" \/>\n<meta name=\"twitter:description\" content=\"Allt du beh\u00f6ver veta om v\u00e5r grundskola och v\u00e5ra \u00e5rskurser f\u00f6rskoleklass-\u00e5k 6. Hitta info om l\u00e4roplan och v\u00e5r montessoripedagogik, fritids och l\u00e4xl\u00e4sning.\" \/>\n<meta name=\"twitter:label1\" content=\"Ber\u00e4knad l\u00e4stid\" \/>\n\t<meta name=\"twitter:data1\" content=\"2 minuter\" \/>\n<script type=\"application\/ld+json\" class=\"yoast-schema-graph\">{\"@context\":\"https:\/\/schema.org\",\"@graph\":[{\"@type\":\"WebPage\",\"@id\":\"https:\/\/montessorimondial.se\/linkoping\/om\/grundskola\/\",\"url\":\"https:\/\/montessorimondial.se\/linkoping\/om\/grundskola\/\",\"name\":\"Grundskola f\u00f6rskoleklass-\u00e5k 6 | Montessori Mondial Link\u00f6ping\",\"isPartOf\":{\"@id\":\"https:\/\/montessorimondial.se\/linkoping\/#website\"},\"datePublished\":\"2020-09-01T20:07:07+00:00\",\"dateModified\":\"2025-08-27T09:35:58+00:00\",\"description\":\"Allt du beh\u00f6ver veta om v\u00e5r grundskola och v\u00e5ra \u00e5rskurser f\u00f6rskoleklass-\u00e5k 6. Hitta info om l\u00e4roplan och v\u00e5r montessoripedagogik, fritids och l\u00e4xl\u00e4sning.\",\"breadcrumb\":{\"@id\":\"https:\/\/montessorimondial.se\/linkoping\/om\/grundskola\/#breadcrumb\"},\"inLanguage\":\"sv-SE\",\"potentialAction\":[{\"@type\":\"ReadAction\",\"target\":[\"https:\/\/montessorimondial.se\/linkoping\/om\/grundskola\/\"]}]},{\"@type\":\"BreadcrumbList\",\"@id\":\"https:\/\/montessorimondial.se\/linkoping\/om\/grundskola\/#breadcrumb\",\"itemListElement\":[{\"@type\":\"ListItem\",\"position\":1,\"name\":\"Start\",\"item\":\"https:\/\/montessorimondial.se\/linkoping\/\"},{\"@type\":\"ListItem\",\"position\":2,\"name\":\"Om skolan\",\"item\":\"https:\/\/montessorimondial.se\/linkoping\/om\/\"},{\"@type\":\"ListItem\",\"position\":3,\"name\":\"Grundskola\"}]},{\"@type\":\"WebSite\",\"@id\":\"https:\/\/montessorimondial.se\/linkoping\/#website\",\"url\":\"https:\/\/montessorimondial.se\/linkoping\/\",\"name\":\"Link\u00f6ping\",\"description\":\"Montessorimondial Link\u00f6ping\",\"potentialAction\":[{\"@type\":\"SearchAction\",\"target\":{\"@type\":\"EntryPoint\",\"urlTemplate\":\"https:\/\/montessorimondial.se\/linkoping\/?s={search_term_string}\"},\"query-input\":\"required name=search_term_string\"}],\"inLanguage\":\"sv-SE\"}]}<\/script>\n<!-- \/ Yoast SEO plugin. -->","yoast_head_json":{"title":"Grundskola f\u00f6rskoleklass-\u00e5k 6 | Montessori Mondial Link\u00f6ping","description":"Allt du beh\u00f6ver veta om v\u00e5r grundskola och v\u00e5ra \u00e5rskurser f\u00f6rskoleklass-\u00e5k 6. Hitta info om l\u00e4roplan och v\u00e5r montessoripedagogik, fritids och l\u00e4xl\u00e4sning.","robots":{"index":"index","follow":"follow","max-snippet":"max-snippet:-1","max-image-preview":"max-image-preview:large","max-video-preview":"max-video-preview:-1"},"canonical":"https:\/\/montessorimondial.se\/linkoping\/om\/grundskola\/","og_locale":"sv_SE","og_type":"article","og_title":"Grundskola f\u00f6rskoleklass-\u00e5k 6 | Montessori Mondial Link\u00f6ping","og_description":"Allt du beh\u00f6ver veta om v\u00e5r grundskola och v\u00e5ra \u00e5rskurser f\u00f6rskoleklass-\u00e5k 6. Hitta info om l\u00e4roplan och v\u00e5r montessoripedagogik, fritids och l\u00e4xl\u00e4sning.","og_url":"https:\/\/montessorimondial.se\/linkoping\/om\/grundskola\/","og_site_name":"Link\u00f6ping","article_modified_time":"2025-08-27T09:35:58+00:00","twitter_card":"summary_large_image","twitter_title":"Grundskola f\u00f6rskoleklass-\u00e5k 6 | Montessori Mondial Link\u00f6ping","twitter_description":"Allt du beh\u00f6ver veta om v\u00e5r grundskola och v\u00e5ra \u00e5rskurser f\u00f6rskoleklass-\u00e5k 6. Hitta info om l\u00e4roplan och v\u00e5r montessoripedagogik, fritids och l\u00e4xl\u00e4sning.","twitter_misc":{"Ber\u00e4knad l\u00e4stid":"2 minuter"},"schema":{"@context":"https:\/\/schema.org","@graph":[{"@type":"WebPage","@id":"https:\/\/montessorimondial.se\/linkoping\/om\/grundskola\/","url":"https:\/\/montessorimondial.se\/linkoping\/om\/grundskola\/","name":"Grundskola f\u00f6rskoleklass-\u00e5k 6 | Montessori Mondial Link\u00f6ping","isPartOf":{"@id":"https:\/\/montessorimondial.se\/linkoping\/#website"},"datePublished":"2020-09-01T20:07:07+00:00","dateModified":"2025-08-27T09:35:58+00:00","description":"Allt du beh\u00f6ver veta om v\u00e5r grundskola och v\u00e5ra \u00e5rskurser f\u00f6rskoleklass-\u00e5k 6. Hitta info om l\u00e4roplan och v\u00e5r montessoripedagogik, fritids och l\u00e4xl\u00e4sning.","breadcrumb":{"@id":"https:\/\/montessorimondial.se\/linkoping\/om\/grundskola\/#breadcrumb"},"inLanguage":"sv-SE","potentialAction":[{"@type":"ReadAction","target":["https:\/\/montessorimondial.se\/linkoping\/om\/grundskola\/"]}]},{"@type":"BreadcrumbList","@id":"https:\/\/montessorimondial.se\/linkoping\/om\/grundskola\/#breadcrumb","itemListElement":[{"@type":"ListItem","position":1,"name":"Start","item":"https:\/\/montessorimondial.se\/linkoping\/"},{"@type":"ListItem","position":2,"name":"Om skolan","item":"https:\/\/montessorimondial.se\/linkoping\/om\/"},{"@type":"ListItem","position":3,"name":"Grundskola"}]},{"@type":"WebSite","@id":"https:\/\/montessorimondial.se\/linkoping\/#website","url":"https:\/\/montessorimondial.se\/linkoping\/","name":"Link\u00f6ping","description":"Montessorimondial Link\u00f6ping","potentialAction":[{"@type":"SearchAction","target":{"@type":"EntryPoint","urlTemplate":"https:\/\/montessorimondial.se\/linkoping\/?s={search_term_string}"},"query-input":"required name=search_term_string"}],"inLanguage":"sv-SE"}]}},"_links":{"self":[{"href":"https:\/\/montessorimondial.se\/linkoping\/wp-json\/wp\/v2\/pages\/25"}],"collection":[{"href":"https:\/\/montessorimondial.se\/linkoping\/wp-json\/wp\/v2\/pages"}],"about":[{"href":"https:\/\/montessorimondial.se\/linkoping\/wp-json\/wp\/v2\/types\/page"}],"author":[{"embeddable":true,"href":"https:\/\/montessorimondial.se\/linkoping\/wp-json\/wp\/v2\/users\/1"}],"replies":[{"embeddable":true,"href":"https:\/\/montessorimondial.se\/linkoping\/wp-json\/wp\/v2\/comments?post=25"}],"version-history":[{"count":10,"href":"https:\/\/montessorimondial.se\/linkoping\/wp-json\/wp\/v2\/pages\/25\/revisions"}],"predecessor-version":[{"id":1782,"href":"https:\/\/montessorimondial.se\/linkoping\/wp-json\/wp\/v2\/pages\/25\/revisions\/1782"}],"up":[{"embeddable":true,"href":"https:\/\/montessorimondial.se\/linkoping\/wp-json\/wp\/v2\/pages\/20"}],"wp:attachment":[{"href":"https:\/\/montessorimondial.se\/linkoping\/wp-json\/wp\/v2\/media?parent=25"}],"curies":[{"name":"wp","href":"https:\/\/api.w.org\/{rel}","templated":true}]}}