{"id":28,"date":"2020-09-01T22:07:29","date_gmt":"2020-09-01T20:07:29","guid":{"rendered":"https:\/\/montessorimondial.se\/kopieringsunderlag\/?page_id=28"},"modified":"2026-04-15T12:31:43","modified_gmt":"2026-04-15T10:31:43","slug":"fritids","status":"publish","type":"page","link":"https:\/\/montessorimondial.se\/linkoping\/om\/fritids\/","title":{"rendered":"Fritids"},"content":{"rendered":"\n<div class=\"wp-block-columns is-layout-flex wp-container-core-columns-layout-1 wp-block-columns-is-layout-flex\">\n<div class=\"wp-block-column is-layout-flow wp-block-column-is-layout-flow\" style=\"flex-basis:66.66%\">\n<h1 class=\"wp-block-heading\">Fritids p\u00e5 Montessori Mondial Link\u00f6ping<\/h1>\n\n\n\n<p   class=\"site__ingress container text-left  site__text-color--dark  site__free_text--ingress p-0\">\n\tVi har v\u00e5r fritidsverksamhet \u00f6ppen innan och efter skoldagen. Tillsammans hittar vi p\u00e5 roliga saker s\u00e5som pyssel, utelekar och \u00e5ker iv\u00e4g p\u00e5 utflykter.<\/p>\n\n\n\n\n\n<h2 class=\"wp-block-heading\">Ans\u00f6k till v\u00e5rt fritids<\/h2>\n\n\n\n<p>Du ans\u00f6ker till v\u00e5rt fritidshem genom att maila oss &#8211; h\u00f6r av dig till <a href=\"mailto:suzanne.wrafter@montessorimondial.se\">suzanne.wrafter@montessorimondial.se<\/a>.<\/p>\n\n\n\n<h2 class=\"wp-block-heading\">V\u00e5ra tv\u00e5 fritidshem<\/h2>\n\n\n\n<p>P\u00e5 Montessori Mondial Link\u00f6ping har vi fritidshem f\u00f6r elever \u00e4nda upp till \u00e5rskurs 6.&nbsp;Hos oss \u00e4r fritidsverksamheten en naturlig forts\u00e4ttning p\u00e5 den ordinarie skoldagen, d\u00e4r vi kompletterar de aktiviteter och teman som barnen f\u00e5tt arbeta med och l\u00e4rt sig under dagen.<\/p>\n<\/div>\n\n\n\n<div class=\"wp-block-column is-layout-flow wp-block-column-is-layout-flow\" style=\"flex-basis:33.33%\"><\/div>\n<\/div>\n\n\n\n<div class=\"wp-block-columns is-layout-flex wp-container-core-columns-layout-2 wp-block-columns-is-layout-flex\">\n<div class=\"wp-block-column is-layout-flow wp-block-column-is-layout-flow\">\t<div\n\t\t class=\"container-fluid images-module\" >\n\t\t<div class=\"row my-2\">\n\t\t\t<div\n\t\t\t\t\tclass=\"col-md-12 order-md-1 images_module__img_l images_module__content_spacing_img_l_m  images-module__color-plate-left-bg_site__secondary-bg--100 \">\n\t\t\t\t<div class=\"d-inline-block position-relative\">\n\n\n\t\t\t\t\t<div class=\"images__wrapper\" style=\"\n\t\t\t\t\tmax-width: 440px;\t\t\t\t\tmax-height: 494px;\">\n\t\t\t\t\t\t<img decoding=\"async\" width=\"1000\" height=\"667\" src=\"https:\/\/montessorimondial.se\/wp-content\/uploads\/sites\/10\/2025\/06\/montessori-mondialsjostaden202504fritidswebb2.jpg\" class=\"d-block images__image_ratio  \" alt=\"Elever och pedagog spelar spel tillsammans.\" style=\"aspect-ratio: 440 \/ 494;object-position: center center;\" srcset=\"https:\/\/montessorimondial.se\/wp-content\/uploads\/sites\/10\/2025\/06\/montessori-mondialsjostaden202504fritidswebb2.jpg 1000w, https:\/\/montessorimondial.se\/wp-content\/uploads\/sites\/10\/2025\/06\/montessori-mondialsjostaden202504fritidswebb2-300x200.jpg 300w, https:\/\/montessorimondial.se\/wp-content\/uploads\/sites\/10\/2025\/06\/montessori-mondialsjostaden202504fritidswebb2-400x267.jpg 400w, https:\/\/montessorimondial.se\/wp-content\/uploads\/sites\/10\/2025\/06\/montessori-mondialsjostaden202504fritidswebb2-600x400.jpg 600w, https:\/\/montessorimondial.se\/wp-content\/uploads\/sites\/10\/2025\/06\/montessori-mondialsjostaden202504fritidswebb2-800x534.jpg 800w\" sizes=\"(max-width: 1000px) 100vw, 1000px\" \/>\t\t\t\t\t<\/div>\n\n\t\t\t\t\t\n\n\t\t\t\t\t\t\t\t\t<\/div>\n\t\t\t<\/div>\n\t\t<\/div>\n\t<\/div>\n\t\n\n\n<script>\n\tvar images_display_descriptive_text = \"\";\n<\/script>\n<\/div>\n\n\n\n<div class=\"wp-block-column is-layout-flow wp-block-column-is-layout-flow\">\n<h2 class=\"wp-block-heading\">Vad g\u00f6r vi p\u00e5 fritids?<\/h2>\n\n\n\n<p>Vi planerar roliga och l\u00e4rorika aktiviteter och utflykter f\u00f6r de barn som g\u00e5r hos oss. Tillsammans utforskar vi nya omr\u00e5den, pysslar och ser till att barnen f\u00e5r ordentligt med r\u00f6relse. <\/p>\n\n\n\n<p>Det \u00e4r viktigt att eleverna k\u00e4nner s\u00e4kerhet och trygghet p\u00e5 sitt fritids. Vi tr\u00e4nar tillsammans p\u00e5 att vara sn\u00e4lla mot varandra, visa omsorg och empati, f\u00f6r att p\u00e5 s\u00e5 vis tillvarata p\u00e5 de ideologier som montessori bygger p\u00e5. <\/p>\n\n\n\n<h2 class=\"wp-block-heading\">Fritids \u00f6ppettider <\/h2>\n\n\n\n<p>Fritids \u00f6ppnar varje dag klockan 07.00. Vi kan i viss m\u00e5n \u00e4ven \u00f6ppna innan dess p\u00e5 f\u00f6rskolan. <\/p>\n\n\n\n<p>Kom ih\u00e5g att se till att ditt barn har med sig ytterkl\u00e4der efter s\u00e4song eftersom verksamheten \u00e4r ute i alla v\u00e4der.<\/p>\n\n\n\n<h2 class=\"wp-block-heading\">Vad kostar fritidsverksamheten? <\/h2>\n\n\n\n<p>Vi utg\u00e5r fr\u00e5n <a href=\"https:\/\/www.linkoping.se\/forskola-och-utbildning\/fritidshem-och-oppen-fritidsverksamhet\/avgifter-och-regler\/\" target=\"_blank\" rel=\"noreferrer noopener\">Link\u00f6ping kommuns maxtaxa<\/a> f\u00f6r fritidsverksamhet.<\/p>\n<\/div>\n<\/div>\n\n\n\n<section \n\t\t class=\"\n\t\t ams-contact\n\t\t \n\t\t c-block l-stacked\n\t\t \n\t\t \n\t\t js-load-more\n\t\t \"\n\t\t data-color-scheme=\"beige\"\n\t\t\t\t\tdata-count=\"3\"\n\t\t\t\t\t\t\tdata-count-mobile=\"2\"\n\t\t\t\t>\n\t<div\n\t\t class=\"\n\t\t l-container\n\t\t l-stack l-stack-fluid-2xl\n\t\t u-pt-fluid-3xl-6xl\n\t\t u-pb-fluid-3xl-6xl\n\t\t is-center\n\t\t is-center@md\n\t\t \">\n\t\t\t\t\t<div class=\"ams-contact__intro l-stack l-stack-lg\">\n\t\t\t\t\t\n\t<h2\n\tclass=\"c-heading u-font-title-1 \"\n\tstyle=\"\">\n\t\t\n\t\t\t\t\tHar du fr\u00e5gor om v\u00e5rt fritids?\n\t\t\t\t\n\t<\/h2>\n\n\t\t\t\t\t\t\t\t\t<div class=\"c-text l-stack u-cs-xl u-font-body\">\n\t\t\t\t\t\t<p>Kontakta oss g\u00e4rna f\u00f6r att f\u00e5 personlig hj\u00e4lp och svar p\u00e5 dina fr\u00e5gor. Du kan n\u00e5 fritids efter klockan 13.00.<\/p>\n\n\t\t\t\t\t<\/div>\n\t\t\t\t\t\t\t<\/div>\n\t\t\n\t\t\n\t\t    \t\n\t\t\n\t\t<ul\n\t\t\tid=\"contact-grid-69eba9a100e27\"\n\t\t\tclass=\"ams-contact__list l-grid u-gap-fluid-2xl-4xl u-justify-center js-results \"\n\t\t\taria-label=\"Kontakter\"\n\t\t\tdata-filter-animation=\"off\"\n\t\t\t>\n\t\t\t\t\t\t\t\t\t\t\t\n\t\t\t\t\n\t\t\t\t<li class=\"l-col-12 \" data-filter=\"e\">\n\t\t\t\t\t<article class=\"c-card u-justify-center\" data-variant=\"inline\">\n\t\t\t\t\t\t<div class=\"c-card__content u-flex-basis-auto u-flex-grow-0 u-text-center@mobile\">\n\t\t\t\t\t\t\t\t\t\t\t\t\t\t\t<h3 class=\"c-card__title u-font-title-3\">\n\t\t\t\t\t\t\t\t\tFritids\n\t\t\t\t\t\t\t\t<\/h3>\n\t\t\t\t\t\t\t\n\t\t\t\t\t\t\t\n\t\t\t\t\t\t\t\t\t\t\t\t\t\t\t<div class=\"contact-info u-font-body\">\n\t\t\t\t\t\t\t\t\t\t\t\t\t\t\t\t\t\t\t\t\t\t\t\t\t\t\t\t\t\t<p class=\"phone\"><a\n\t\t\t\t\t\t\t\t\t\t\t\t\thref=\"tel:0730715115\"\n\t\t\t\t\t\t\t\t\t\t\t\t\tclass=\"u-text-link\">073-071 51 15<\/a>\n\t\t\t\t\t\t\t\t\t\t\t<\/p>\n\t\t\t\t\t\t\t\t\t\t\t\t\t\t\t\t\t\t\t\n\t\t\t\t\t\t\t\t\t\t\t\t\t\t\t\t\t<\/div>\n\t\t\t\t\t\t\t\n\t\t\t\t\t\t\t\t\t\t\t\t\t<\/div>\n\t\t\t\t\t\t<div class=\"c-card__media\">\n\t\t\t\t\t\t\t\t\t\t\t\t\t\t\t\t\t\t\t\t\t\t\t\t\t\t\t\t\t\t\t\t\t\t\t\t\t\t\t\t\t\t\t\t\t\t\t\t\t<img decoding=\"async\" src=\"https:\/\/montessorimondial.se\/wp-content\/uploads\/2020\/10\/montessorimondialavatar2.svg\" class=\"u-radius-round u-ratio-landscape  \" alt=\"\" sizes=\"(max-width: 300px) 100vw, 300px\" height=\"242\" width=\"242\" \/>\n\t\t\t\t\t\t<\/div>\n\t\t\t\t\t<\/article>\n\t\t\t\t<\/li>\n\t\t\t\t\t<\/ul>\n\n\t\t\n\t\t    <div class=\"ams-contact__more u-inline-items js-load-more-btn\">\n        <button href=\"#\"\n                class=\"c-btn\"\n                data-style=\"rounded\"\n                data-size=\"md\"\n                data-width=\"full-mobile\"\n                data-variant=\"outline\">\n        \tVisa mer\n        <\/button>\n    <\/div>\n\n\t\t\t<\/div>\n\n\t\t\n\n<\/section>\n\n\n<div   id=\"page-relative-menu\" class=\"site__font-monospace   container_width--full_width_conIcon   d-lg-none  \">\n\n\t\t\t\n<\/div>\n","protected":false},"excerpt":{"rendered":"<p>Fritids p\u00e5 Montessori Mondial Link\u00f6ping Ans\u00f6k till v\u00e5rt fritids Du ans\u00f6ker till v\u00e5rt fritidshem genom att maila oss &#8211; h\u00f6r av dig till suzanne.wrafter@montessorimondial.se. V\u00e5ra tv\u00e5 fritidshem P\u00e5 Montessori Mondial Link\u00f6ping har vi fritidshem f\u00f6r elever \u00e4nda upp till \u00e5rskurs 6.&nbsp;Hos oss \u00e4r fritidsverksamheten en naturlig forts\u00e4ttning p\u00e5 den ordinarie skoldagen, d\u00e4r vi kompletterar de&#8230;<\/p>\n","protected":false},"author":1,"featured_media":0,"parent":20,"menu_order":0,"comment_status":"closed","ping_status":"closed","template":"","meta":{"footnotes":""},"yoast_head":"<!-- This site is optimized with the Yoast SEO plugin v22.0 - https:\/\/yoast.com\/wordpress\/plugins\/seo\/ -->\n<title>Fritids och \u00f6ppettider | Montessori Mondial Link\u00f6ping<\/title>\n<meta name=\"description\" content=\"L\u00e4s allt om v\u00e5ra tv\u00e5 fritidshem, fyllda med aktiviteter f\u00f6r barnen s\u00e5som pyssel och lek. Du finner \u00e4ven info om avgifter och v\u00e5ra \u00f6ppettider.\" \/>\n<meta name=\"robots\" content=\"index, follow, max-snippet:-1, max-image-preview:large, max-video-preview:-1\" \/>\n<link rel=\"canonical\" href=\"https:\/\/montessorimondial.se\/linkoping\/om\/fritids\/\" \/>\n<meta property=\"og:locale\" content=\"sv_SE\" \/>\n<meta property=\"og:type\" content=\"article\" \/>\n<meta property=\"og:title\" content=\"Fritids och \u00f6ppettider | Montessori Mondial Link\u00f6ping\" \/>\n<meta property=\"og:description\" content=\"L\u00e4s allt om v\u00e5ra tv\u00e5 fritidshem, fyllda med aktiviteter f\u00f6r barnen s\u00e5som pyssel och lek. Du finner \u00e4ven info om avgifter och v\u00e5ra \u00f6ppettider.\" \/>\n<meta property=\"og:url\" content=\"https:\/\/montessorimondial.se\/linkoping\/om\/fritids\/\" \/>\n<meta property=\"og:site_name\" content=\"Link\u00f6ping\" \/>\n<meta property=\"article:modified_time\" content=\"2026-04-15T10:31:43+00:00\" \/>\n<meta name=\"twitter:card\" content=\"summary_large_image\" \/>\n<meta name=\"twitter:title\" content=\"Fritids och \u00f6ppettider | Montessori Mondial Link\u00f6ping\" \/>\n<meta name=\"twitter:description\" content=\"L\u00e4s allt om v\u00e5ra tv\u00e5 fritidshem, fyllda med aktiviteter f\u00f6r barnen s\u00e5som pyssel och lek. Du finner \u00e4ven info om avgifter och v\u00e5ra \u00f6ppettider.\" \/>\n<meta name=\"twitter:label1\" content=\"Ber\u00e4knad l\u00e4stid\" \/>\n\t<meta name=\"twitter:data1\" content=\"2 minuter\" \/>\n<script type=\"application\/ld+json\" class=\"yoast-schema-graph\">{\"@context\":\"https:\/\/schema.org\",\"@graph\":[{\"@type\":\"WebPage\",\"@id\":\"https:\/\/montessorimondial.se\/linkoping\/om\/fritids\/\",\"url\":\"https:\/\/montessorimondial.se\/linkoping\/om\/fritids\/\",\"name\":\"Fritids och \u00f6ppettider | Montessori Mondial Link\u00f6ping\",\"isPartOf\":{\"@id\":\"https:\/\/montessorimondial.se\/linkoping\/#website\"},\"datePublished\":\"2020-09-01T20:07:29+00:00\",\"dateModified\":\"2026-04-15T10:31:43+00:00\",\"description\":\"L\u00e4s allt om v\u00e5ra tv\u00e5 fritidshem, fyllda med aktiviteter f\u00f6r barnen s\u00e5som pyssel och lek. Du finner \u00e4ven info om avgifter och v\u00e5ra \u00f6ppettider.\",\"breadcrumb\":{\"@id\":\"https:\/\/montessorimondial.se\/linkoping\/om\/fritids\/#breadcrumb\"},\"inLanguage\":\"sv-SE\",\"potentialAction\":[{\"@type\":\"ReadAction\",\"target\":[\"https:\/\/montessorimondial.se\/linkoping\/om\/fritids\/\"]}]},{\"@type\":\"BreadcrumbList\",\"@id\":\"https:\/\/montessorimondial.se\/linkoping\/om\/fritids\/#breadcrumb\",\"itemListElement\":[{\"@type\":\"ListItem\",\"position\":1,\"name\":\"Start\",\"item\":\"https:\/\/montessorimondial.se\/linkoping\/\"},{\"@type\":\"ListItem\",\"position\":2,\"name\":\"Om skolan\",\"item\":\"https:\/\/montessorimondial.se\/linkoping\/om\/\"},{\"@type\":\"ListItem\",\"position\":3,\"name\":\"Fritids\"}]},{\"@type\":\"WebSite\",\"@id\":\"https:\/\/montessorimondial.se\/linkoping\/#website\",\"url\":\"https:\/\/montessorimondial.se\/linkoping\/\",\"name\":\"Link\u00f6ping\",\"description\":\"Montessorimondial Link\u00f6ping\",\"potentialAction\":[{\"@type\":\"SearchAction\",\"target\":{\"@type\":\"EntryPoint\",\"urlTemplate\":\"https:\/\/montessorimondial.se\/linkoping\/?s={search_term_string}\"},\"query-input\":\"required name=search_term_string\"}],\"inLanguage\":\"sv-SE\"}]}<\/script>\n<!-- \/ Yoast SEO plugin. -->","yoast_head_json":{"title":"Fritids och \u00f6ppettider | Montessori Mondial Link\u00f6ping","description":"L\u00e4s allt om v\u00e5ra tv\u00e5 fritidshem, fyllda med aktiviteter f\u00f6r barnen s\u00e5som pyssel och lek. Du finner \u00e4ven info om avgifter och v\u00e5ra \u00f6ppettider.","robots":{"index":"index","follow":"follow","max-snippet":"max-snippet:-1","max-image-preview":"max-image-preview:large","max-video-preview":"max-video-preview:-1"},"canonical":"https:\/\/montessorimondial.se\/linkoping\/om\/fritids\/","og_locale":"sv_SE","og_type":"article","og_title":"Fritids och \u00f6ppettider | Montessori Mondial Link\u00f6ping","og_description":"L\u00e4s allt om v\u00e5ra tv\u00e5 fritidshem, fyllda med aktiviteter f\u00f6r barnen s\u00e5som pyssel och lek. Du finner \u00e4ven info om avgifter och v\u00e5ra \u00f6ppettider.","og_url":"https:\/\/montessorimondial.se\/linkoping\/om\/fritids\/","og_site_name":"Link\u00f6ping","article_modified_time":"2026-04-15T10:31:43+00:00","twitter_card":"summary_large_image","twitter_title":"Fritids och \u00f6ppettider | Montessori Mondial Link\u00f6ping","twitter_description":"L\u00e4s allt om v\u00e5ra tv\u00e5 fritidshem, fyllda med aktiviteter f\u00f6r barnen s\u00e5som pyssel och lek. Du finner \u00e4ven info om avgifter och v\u00e5ra \u00f6ppettider.","twitter_misc":{"Ber\u00e4knad l\u00e4stid":"2 minuter"},"schema":{"@context":"https:\/\/schema.org","@graph":[{"@type":"WebPage","@id":"https:\/\/montessorimondial.se\/linkoping\/om\/fritids\/","url":"https:\/\/montessorimondial.se\/linkoping\/om\/fritids\/","name":"Fritids och \u00f6ppettider | Montessori Mondial Link\u00f6ping","isPartOf":{"@id":"https:\/\/montessorimondial.se\/linkoping\/#website"},"datePublished":"2020-09-01T20:07:29+00:00","dateModified":"2026-04-15T10:31:43+00:00","description":"L\u00e4s allt om v\u00e5ra tv\u00e5 fritidshem, fyllda med aktiviteter f\u00f6r barnen s\u00e5som pyssel och lek. Du finner \u00e4ven info om avgifter och v\u00e5ra \u00f6ppettider.","breadcrumb":{"@id":"https:\/\/montessorimondial.se\/linkoping\/om\/fritids\/#breadcrumb"},"inLanguage":"sv-SE","potentialAction":[{"@type":"ReadAction","target":["https:\/\/montessorimondial.se\/linkoping\/om\/fritids\/"]}]},{"@type":"BreadcrumbList","@id":"https:\/\/montessorimondial.se\/linkoping\/om\/fritids\/#breadcrumb","itemListElement":[{"@type":"ListItem","position":1,"name":"Start","item":"https:\/\/montessorimondial.se\/linkoping\/"},{"@type":"ListItem","position":2,"name":"Om skolan","item":"https:\/\/montessorimondial.se\/linkoping\/om\/"},{"@type":"ListItem","position":3,"name":"Fritids"}]},{"@type":"WebSite","@id":"https:\/\/montessorimondial.se\/linkoping\/#website","url":"https:\/\/montessorimondial.se\/linkoping\/","name":"Link\u00f6ping","description":"Montessorimondial Link\u00f6ping","potentialAction":[{"@type":"SearchAction","target":{"@type":"EntryPoint","urlTemplate":"https:\/\/montessorimondial.se\/linkoping\/?s={search_term_string}"},"query-input":"required name=search_term_string"}],"inLanguage":"sv-SE"}]}},"_links":{"self":[{"href":"https:\/\/montessorimondial.se\/linkoping\/wp-json\/wp\/v2\/pages\/28"}],"collection":[{"href":"https:\/\/montessorimondial.se\/linkoping\/wp-json\/wp\/v2\/pages"}],"about":[{"href":"https:\/\/montessorimondial.se\/linkoping\/wp-json\/wp\/v2\/types\/page"}],"author":[{"embeddable":true,"href":"https:\/\/montessorimondial.se\/linkoping\/wp-json\/wp\/v2\/users\/1"}],"replies":[{"embeddable":true,"href":"https:\/\/montessorimondial.se\/linkoping\/wp-json\/wp\/v2\/comments?post=28"}],"version-history":[{"count":10,"href":"https:\/\/montessorimondial.se\/linkoping\/wp-json\/wp\/v2\/pages\/28\/revisions"}],"predecessor-version":[{"id":1816,"href":"https:\/\/montessorimondial.se\/linkoping\/wp-json\/wp\/v2\/pages\/28\/revisions\/1816"}],"up":[{"embeddable":true,"href":"https:\/\/montessorimondial.se\/linkoping\/wp-json\/wp\/v2\/pages\/20"}],"wp:attachment":[{"href":"https:\/\/montessorimondial.se\/linkoping\/wp-json\/wp\/v2\/media?parent=28"}],"curies":[{"name":"wp","href":"https:\/\/api.w.org\/{rel}","templated":true}]}}