{"id":34,"date":"2020-09-01T22:08:40","date_gmt":"2020-09-01T20:08:40","guid":{"rendered":"https:\/\/montessorimondial.se\/kopieringsunderlag\/?page_id=34"},"modified":"2023-08-14T09:35:30","modified_gmt":"2023-08-14T07:35:30","slug":"skolmat","status":"publish","type":"page","link":"https:\/\/montessorimondial.se\/linkoping\/om\/skolmat\/","title":{"rendered":"V\u00e5r mat"},"content":{"rendered":"\n<div class=\"wp-block-columns is-layout-flex wp-container-core-columns-layout-1 wp-block-columns-is-layout-flex\">\n<div class=\"wp-block-column is-layout-flow wp-block-column-is-layout-flow\" style=\"flex-basis:66.66%\">\n<h1 class=\"wp-block-heading\"><strong>Montessori Mondial Link\u00f6ping skolmat<\/strong><\/h1>\n\n\n\n<p   class=\"site__ingress container text-left  site__text-color--dark  site__free_text--ingress p-0\">\n\tP\u00e5 v\u00e5r skola serverar vi n\u00e4ringsrik skolmat fr\u00e5n eget k\u00f6k i v\u00e4lkomponerade menyer med god smak.<\/p>\n\n\n\n\n\n<h2 class=\"wp-block-heading\">God mat fr\u00e5n grunden <\/h2>\n\n\n\n<p>F\u00f6r oss \u00e4r det viktigt med en ordentlig och nyttig kost och ser det som en del av v\u00e5rt uppdrag att l\u00e4ra eleverna hur balanserad och god skolmat smakar. D\u00e4rf\u00f6r lagar vi i stort sett all v\u00e5r mat fr\u00e5n grunden. Vi \u00e4r dessutom milj\u00f6medvetna och serverar vegetarisk mat 1\u20132 dagar i veckan. Med st\u00f6d i v\u00e5r m\u00e5ltidspolicy \u00e4r all fisk som serveras MSC-m\u00e4rkt och kycklingen \u00e4r alltid svensk.<\/p>\n\n\n\n<p>Eleverna \u00e4r med och tr\u00e4ffar k\u00f6ket kontinuerligt f\u00f6r planering av matsedel som k\u00f6ket sedan hanterar utifr\u00e5n de ramar som styr k\u00f6kets verksamhet.<\/p>\n\n\n\n<h2 class=\"wp-block-heading\">N\u00e4ring ger energi <\/h2>\n\n\n\n<p>Vi \u00e4r \u00f6vertygade om att skolmaten m\u00e5ste vara rik p\u00e5 viktiga n\u00e4rings\u00e4mnen f\u00f6r att eleverna ska f\u00e5 den energi som de beh\u00f6ver f\u00f6r att orka hela skoldagen. Eftersom vi har eget k\u00f6k och utbildade kockar, kan vi kontrollera v\u00e5ra livsmedel och m\u00e5ltidskomponeringen hela v\u00e4gen fr\u00e5n beredning, tillagning till servering. Bra mat ger glada, energifulla elever och bidrar till att de kan koncentrera sig och n\u00e5 sina m\u00e5l i skolan.<\/p>\n\n\n\n<h2 class=\"wp-block-heading\">Matsedel och specialkost <\/h2>\n\n\n\n<p>F\u00f6r att ta del av matsedeln, logga in p\u00e5 Schoolsoft. H\u00e4r kan du \u00e4ven anm\u00e4la specialkost \u00e5t ditt barn.<\/p>\n\n\n\n<p><\/p>\n\n\n\n<p><img decoding=\"async\" class=\"wp-image-716\" style=\"width: 150px;\" src=\"https:\/\/vittra.se\/wp-content\/uploads\/sites\/23\/2021\/09\/eu-logo-skolmjolk.jpeg\" alt=\"\"><\/p>\n<\/div>\n\n\n\n<div class=\"wp-block-column is-layout-flow wp-block-column-is-layout-flow\" style=\"flex-basis:33.33%\"><\/div>\n<\/div>\n\n\n\t<div\n\t\t class=\"container images-module\" >\n\t\t<div class=\"row\">\n\t\t\t<div\n\t\t\t\t\tclass=\"col-12 p-0 position-relative images_module__slideshow images_module__slideshow-container \">\n\t\t\t\t<div class=\"images_module__slide\" data-slide=\"\"\n\t\t\t\t\t data-duration=\"\"><\/div>\n\t\t\t\t\t\t\t\t\t<div\n\t\t\t\t\t\t class=\"images_module__slides \">\n\n\n\t\t\t\t\t\t<div class=\"images__wrapper\" style=\"aspect-ratio: 1200 \/ 531;\">\n\t\t\t\t\t\t\t<img decoding=\"async\" width=\"2048\" height=\"1365\" src=\"https:\/\/montessorimondial.se\/wp-content\/uploads\/sites\/10\/2023\/08\/montessori-mondialmalarhojden202305-202805-1.jpg\" class=\"images__image_ratio  \" alt=\"En kock som st\u00e5r i k\u00f6ket och f\u00f6rbereder mat\" style=\"aspect-ratio: 1200 \/ 531;object-position: center center;\" srcset=\"https:\/\/montessorimondial.se\/wp-content\/uploads\/sites\/10\/2023\/08\/montessori-mondialmalarhojden202305-202805-1.jpg 2048w, https:\/\/montessorimondial.se\/wp-content\/uploads\/sites\/10\/2023\/08\/montessori-mondialmalarhojden202305-202805-1-300x200.jpg 300w, https:\/\/montessorimondial.se\/wp-content\/uploads\/sites\/10\/2023\/08\/montessori-mondialmalarhojden202305-202805-1-400x267.jpg 400w, https:\/\/montessorimondial.se\/wp-content\/uploads\/sites\/10\/2023\/08\/montessori-mondialmalarhojden202305-202805-1-600x400.jpg 600w, https:\/\/montessorimondial.se\/wp-content\/uploads\/sites\/10\/2023\/08\/montessori-mondialmalarhojden202305-202805-1-800x533.jpg 800w, https:\/\/montessorimondial.se\/wp-content\/uploads\/sites\/10\/2023\/08\/montessori-mondialmalarhojden202305-202805-1-1024x683.jpg 1024w, https:\/\/montessorimondial.se\/wp-content\/uploads\/sites\/10\/2023\/08\/montessori-mondialmalarhojden202305-202805-1-1200x800.jpg 1200w\" sizes=\"(max-width: 2048px) 100vw, 2048px\" \/>\t\t\t\t\t\t<\/div>\n\n\t\t\t\t\t\t\n\n\t\t\t\t\t\t\t\t\t\t\t<\/div>\n\t\t\t\t\n\t\t\t\t<div class=\"images_module__container_dot\">\n\t\t\t\t\t<div style=\"text-align:center\">\n\t\t\t\t\t\t\t\t\t\t\t\t\t<span   data-i=\"0\"\n\t\t\t\t\t\t\t\t  class=\"\n\t\t\t\t\t\t\timages_module__dot\n\t\t\t\t\t\t\t\t\t\t\t\t\t\t\"\n\t\t\t\t\t\t\t><\/span>\n\t\t\t\t\t\t\t\t\t\t\t<\/div>\n\t\t\t\t<\/div>\n\n\t\t\t<\/div>\n\t\t<\/div>\n\t<\/div>\n\t\n\n\n<script>\n\tvar images_display_descriptive_text = \"\";\n<\/script>\n\n\n<div   id=\"page-relative-menu\" class=\"site__font-monospace   container_width--full_width_conIcon   d-lg-none  \">\n\n\t\t\t\n<\/div>\n","protected":false},"excerpt":{"rendered":"<p>Montessori Mondial Link\u00f6ping skolmat God mat fr\u00e5n grunden F\u00f6r oss \u00e4r det viktigt med en ordentlig och nyttig kost och ser det som en del av v\u00e5rt uppdrag att l\u00e4ra eleverna hur balanserad och god skolmat smakar. D\u00e4rf\u00f6r lagar vi i stort sett all v\u00e5r mat fr\u00e5n grunden. Vi \u00e4r dessutom milj\u00f6medvetna och serverar vegetarisk&#8230;<\/p>\n","protected":false},"author":1,"featured_media":0,"parent":20,"menu_order":0,"comment_status":"closed","ping_status":"closed","template":"","meta":{"footnotes":""},"yoast_head":"<!-- This site is optimized with the Yoast SEO plugin v22.0 - https:\/\/yoast.com\/wordpress\/plugins\/seo\/ -->\n<title>Skolmaten p\u00e5 v\u00e5r skola | Montessori Mondial Link\u00f6ping<\/title>\n<meta name=\"description\" content=\"L\u00e4s om skolmaten p\u00e5 Montessori Mondial Link\u00f6ping. P\u00e5 v\u00e5r skola serverar vi n\u00e4ringsrik skolmat fr\u00e5n eget k\u00f6k i v\u00e4lkomponerade menyer med god smak.\" \/>\n<meta name=\"robots\" content=\"index, follow, max-snippet:-1, max-image-preview:large, max-video-preview:-1\" \/>\n<link rel=\"canonical\" href=\"https:\/\/montessorimondial.se\/linkoping\/om\/skolmat\/\" \/>\n<meta property=\"og:locale\" content=\"sv_SE\" \/>\n<meta property=\"og:type\" content=\"article\" \/>\n<meta property=\"og:title\" content=\"Skolmaten p\u00e5 v\u00e5r skola | Montessori Mondial Link\u00f6ping\" \/>\n<meta property=\"og:description\" content=\"L\u00e4s om skolmaten p\u00e5 Montessori Mondial Link\u00f6ping. P\u00e5 v\u00e5r skola serverar vi n\u00e4ringsrik skolmat fr\u00e5n eget k\u00f6k i v\u00e4lkomponerade menyer med god smak.\" \/>\n<meta property=\"og:url\" content=\"https:\/\/montessorimondial.se\/linkoping\/om\/skolmat\/\" \/>\n<meta property=\"og:site_name\" content=\"Link\u00f6ping\" \/>\n<meta property=\"article:modified_time\" content=\"2023-08-14T07:35:30+00:00\" \/>\n<meta property=\"og:image\" content=\"https:\/\/montessorimondial.se\/wp-content\/uploads\/sites\/10\/2023\/08\/montessori-mondialmalarhojden202305-202805-1-1200x630.jpg\" \/>\n<meta name=\"twitter:card\" content=\"summary_large_image\" \/>\n<meta name=\"twitter:title\" content=\"Skolmaten p\u00e5 v\u00e5r skola | Montessori Mondial Link\u00f6ping\" \/>\n<meta name=\"twitter:description\" content=\"L\u00e4s om skolmaten p\u00e5 Montessori Mondial Link\u00f6ping. P\u00e5 v\u00e5r skola serverar vi n\u00e4ringsrik skolmat fr\u00e5n eget k\u00f6k i v\u00e4lkomponerade menyer med god smak.\" \/>\n<meta name=\"twitter:image\" content=\"https:\/\/montessorimondial.se\/wp-content\/uploads\/sites\/10\/2023\/08\/montessori-mondialmalarhojden202305-202805-1-1200x630.jpg\" \/>\n<meta name=\"twitter:label1\" content=\"Ber\u00e4knad l\u00e4stid\" \/>\n\t<meta name=\"twitter:data1\" content=\"2 minuter\" \/>\n<script type=\"application\/ld+json\" class=\"yoast-schema-graph\">{\"@context\":\"https:\/\/schema.org\",\"@graph\":[{\"@type\":\"WebPage\",\"@id\":\"https:\/\/montessorimondial.se\/linkoping\/om\/skolmat\/\",\"url\":\"https:\/\/montessorimondial.se\/linkoping\/om\/skolmat\/\",\"name\":\"Skolmaten p\u00e5 v\u00e5r skola | Montessori Mondial Link\u00f6ping\",\"isPartOf\":{\"@id\":\"https:\/\/montessorimondial.se\/linkoping\/#website\"},\"datePublished\":\"2020-09-01T20:08:40+00:00\",\"dateModified\":\"2023-08-14T07:35:30+00:00\",\"description\":\"L\u00e4s om skolmaten p\u00e5 Montessori Mondial Link\u00f6ping. P\u00e5 v\u00e5r skola serverar vi n\u00e4ringsrik skolmat fr\u00e5n eget k\u00f6k i v\u00e4lkomponerade menyer med god smak.\",\"breadcrumb\":{\"@id\":\"https:\/\/montessorimondial.se\/linkoping\/om\/skolmat\/#breadcrumb\"},\"inLanguage\":\"sv-SE\",\"potentialAction\":[{\"@type\":\"ReadAction\",\"target\":[\"https:\/\/montessorimondial.se\/linkoping\/om\/skolmat\/\"]}]},{\"@type\":\"BreadcrumbList\",\"@id\":\"https:\/\/montessorimondial.se\/linkoping\/om\/skolmat\/#breadcrumb\",\"itemListElement\":[{\"@type\":\"ListItem\",\"position\":1,\"name\":\"Start\",\"item\":\"https:\/\/montessorimondial.se\/linkoping\/\"},{\"@type\":\"ListItem\",\"position\":2,\"name\":\"Om skolan\",\"item\":\"https:\/\/montessorimondial.se\/linkoping\/om\/\"},{\"@type\":\"ListItem\",\"position\":3,\"name\":\"V\u00e5r mat\"}]},{\"@type\":\"WebSite\",\"@id\":\"https:\/\/montessorimondial.se\/linkoping\/#website\",\"url\":\"https:\/\/montessorimondial.se\/linkoping\/\",\"name\":\"Link\u00f6ping\",\"description\":\"Montessorimondial Link\u00f6ping\",\"potentialAction\":[{\"@type\":\"SearchAction\",\"target\":{\"@type\":\"EntryPoint\",\"urlTemplate\":\"https:\/\/montessorimondial.se\/linkoping\/?s={search_term_string}\"},\"query-input\":\"required name=search_term_string\"}],\"inLanguage\":\"sv-SE\"}]}<\/script>\n<!-- \/ Yoast SEO plugin. -->","yoast_head_json":{"title":"Skolmaten p\u00e5 v\u00e5r skola | Montessori Mondial Link\u00f6ping","description":"L\u00e4s om skolmaten p\u00e5 Montessori Mondial Link\u00f6ping. P\u00e5 v\u00e5r skola serverar vi n\u00e4ringsrik skolmat fr\u00e5n eget k\u00f6k i v\u00e4lkomponerade menyer med god smak.","robots":{"index":"index","follow":"follow","max-snippet":"max-snippet:-1","max-image-preview":"max-image-preview:large","max-video-preview":"max-video-preview:-1"},"canonical":"https:\/\/montessorimondial.se\/linkoping\/om\/skolmat\/","og_locale":"sv_SE","og_type":"article","og_title":"Skolmaten p\u00e5 v\u00e5r skola | Montessori Mondial Link\u00f6ping","og_description":"L\u00e4s om skolmaten p\u00e5 Montessori Mondial Link\u00f6ping. P\u00e5 v\u00e5r skola serverar vi n\u00e4ringsrik skolmat fr\u00e5n eget k\u00f6k i v\u00e4lkomponerade menyer med god smak.","og_url":"https:\/\/montessorimondial.se\/linkoping\/om\/skolmat\/","og_site_name":"Link\u00f6ping","article_modified_time":"2023-08-14T07:35:30+00:00","og_image":[{"url":"https:\/\/montessorimondial.se\/wp-content\/uploads\/sites\/10\/2023\/08\/montessori-mondialmalarhojden202305-202805-1-1200x630.jpg"}],"twitter_card":"summary_large_image","twitter_title":"Skolmaten p\u00e5 v\u00e5r skola | Montessori Mondial Link\u00f6ping","twitter_description":"L\u00e4s om skolmaten p\u00e5 Montessori Mondial Link\u00f6ping. P\u00e5 v\u00e5r skola serverar vi n\u00e4ringsrik skolmat fr\u00e5n eget k\u00f6k i v\u00e4lkomponerade menyer med god smak.","twitter_image":"https:\/\/montessorimondial.se\/wp-content\/uploads\/sites\/10\/2023\/08\/montessori-mondialmalarhojden202305-202805-1-1200x630.jpg","twitter_misc":{"Ber\u00e4knad l\u00e4stid":"2 minuter"},"schema":{"@context":"https:\/\/schema.org","@graph":[{"@type":"WebPage","@id":"https:\/\/montessorimondial.se\/linkoping\/om\/skolmat\/","url":"https:\/\/montessorimondial.se\/linkoping\/om\/skolmat\/","name":"Skolmaten p\u00e5 v\u00e5r skola | Montessori Mondial Link\u00f6ping","isPartOf":{"@id":"https:\/\/montessorimondial.se\/linkoping\/#website"},"datePublished":"2020-09-01T20:08:40+00:00","dateModified":"2023-08-14T07:35:30+00:00","description":"L\u00e4s om skolmaten p\u00e5 Montessori Mondial Link\u00f6ping. P\u00e5 v\u00e5r skola serverar vi n\u00e4ringsrik skolmat fr\u00e5n eget k\u00f6k i v\u00e4lkomponerade menyer med god smak.","breadcrumb":{"@id":"https:\/\/montessorimondial.se\/linkoping\/om\/skolmat\/#breadcrumb"},"inLanguage":"sv-SE","potentialAction":[{"@type":"ReadAction","target":["https:\/\/montessorimondial.se\/linkoping\/om\/skolmat\/"]}]},{"@type":"BreadcrumbList","@id":"https:\/\/montessorimondial.se\/linkoping\/om\/skolmat\/#breadcrumb","itemListElement":[{"@type":"ListItem","position":1,"name":"Start","item":"https:\/\/montessorimondial.se\/linkoping\/"},{"@type":"ListItem","position":2,"name":"Om skolan","item":"https:\/\/montessorimondial.se\/linkoping\/om\/"},{"@type":"ListItem","position":3,"name":"V\u00e5r mat"}]},{"@type":"WebSite","@id":"https:\/\/montessorimondial.se\/linkoping\/#website","url":"https:\/\/montessorimondial.se\/linkoping\/","name":"Link\u00f6ping","description":"Montessorimondial Link\u00f6ping","potentialAction":[{"@type":"SearchAction","target":{"@type":"EntryPoint","urlTemplate":"https:\/\/montessorimondial.se\/linkoping\/?s={search_term_string}"},"query-input":"required name=search_term_string"}],"inLanguage":"sv-SE"}]}},"_links":{"self":[{"href":"https:\/\/montessorimondial.se\/linkoping\/wp-json\/wp\/v2\/pages\/34"}],"collection":[{"href":"https:\/\/montessorimondial.se\/linkoping\/wp-json\/wp\/v2\/pages"}],"about":[{"href":"https:\/\/montessorimondial.se\/linkoping\/wp-json\/wp\/v2\/types\/page"}],"author":[{"embeddable":true,"href":"https:\/\/montessorimondial.se\/linkoping\/wp-json\/wp\/v2\/users\/1"}],"replies":[{"embeddable":true,"href":"https:\/\/montessorimondial.se\/linkoping\/wp-json\/wp\/v2\/comments?post=34"}],"version-history":[{"count":10,"href":"https:\/\/montessorimondial.se\/linkoping\/wp-json\/wp\/v2\/pages\/34\/revisions"}],"predecessor-version":[{"id":1595,"href":"https:\/\/montessorimondial.se\/linkoping\/wp-json\/wp\/v2\/pages\/34\/revisions\/1595"}],"up":[{"embeddable":true,"href":"https:\/\/montessorimondial.se\/linkoping\/wp-json\/wp\/v2\/pages\/20"}],"wp:attachment":[{"href":"https:\/\/montessorimondial.se\/linkoping\/wp-json\/wp\/v2\/media?parent=34"}],"curies":[{"name":"wp","href":"https:\/\/api.w.org\/{rel}","templated":true}]}}