{"id":1186,"date":"2023-02-06T10:19:31","date_gmt":"2023-02-06T09:19:31","guid":{"rendered":"https:\/\/montessorimondial.se\/lund\/?page_id=1186"},"modified":"2023-02-06T10:19:32","modified_gmt":"2023-02-06T09:19:32","slug":"pa-utbytesresa-i-spanien","status":"publish","type":"page","link":"https:\/\/montessorimondial.se\/lund\/pa-utbytesresa-i-spanien\/","title":{"rendered":"P\u00e5 utbytesresa i Spanien"},"content":{"rendered":"\n\t<div class=\"module_wrapper ams_remote_pages_module \">\n\t\t\t\t\t\t\t<div class=\"container core-columns\">\n\t\t\t\t\t\t<div class=\"row\">\n\t\t\t\t\t\t\t<div class=\"col-12\">\n\t\t\t\t\t\t\t\t\n<div class=\"wp-block-columns is-layout-flex wp-container-core-columns-layout-1 wp-block-columns-is-layout-flex\">\n<div class=\"wp-block-column is-layout-flow wp-block-column-is-layout-flow\" style=\"flex-basis:25%\"><\/div>\n\n\n\n<div class=\"wp-block-column is-layout-flow wp-block-column-is-layout-flow\" style=\"flex-basis:75%\">\n<h1 class=\"wp-block-heading\">P\u00e5 utbytesresa i Spanien<\/h1>\n\n\n\n<p   class=\"site__ingress container text-left  site__text-color--dark  site__free_text--ingress p-0\">\n\t\r\nEleverna i \u00e5rskurs 9 p\u00e5 Montessori Mondial Lund hoppar av bussen som tagit dem fr\u00e5n flygplatsen i Malaga till C\u00f3rdoba, Spanien. Imorgon ska de f\u00e5 tr\u00e4ffa eleverna p\u00e5  Colegio Mercedarias de C\u00f3rdoba. Hoppas det blir morgon snabbt! <\/p>\n\n\n\n\n\n<p   class=\"site__ingress container text-left  site__text-color--dark  site__free_text--ingress p-0\">\n\tI detta reportage delar vi med oss av inslag fr\u00e5n elevernas vistelse i C\u00f3rdoba som ett exempel p\u00e5 utbytesresa som \u00e5rskurs 9 p\u00e5 alla skolor inom Montessori Mondial f\u00e5r g\u00f6ra som en del av Erasmus+.<\/p>\n\n\n<\/div>\n\n\n\n<div class=\"wp-block-column is-layout-flow wp-block-column-is-layout-flow\" style=\"flex-basis:25%\"><\/div>\n<\/div>\n\t\t\t\t\t\t\t<\/div>\n\t\t\t\t\t\t<\/div>\n\t\t\t\t\t<\/div>\n\t\t\t\t\t\t<div\n\t\t class=\"container images-module\" >\n\t\t<div class=\"row\">\n\t\t\t<div\n\t\t\t\t\tclass=\"col-12 p-0 position-relative images_module__slideshow images_module__slideshow-container \">\n\t\t\t\t<div class=\"images_module__slide\" data-slide=\"\"\n\t\t\t\t\t data-duration=\"\"><\/div>\n\t\t\t\t\t\t\t\t\t<div\n\t\t\t\t\t\t class=\"images_module__slides \">\n\n\n\t\t\t\t\t\t<div class=\"images__wrapper\" style=\"aspect-ratio: 1200 \/ 531;\">\n\t\t\t\t\t\t\t<img decoding=\"async\" width=\"2560\" height=\"1707\" src=\"https:\/\/montessorimondial.se\/wp-content\/uploads\/2022\/12\/cordobaimg1033-scaled.jpg\" class=\"images__image_ratio animate__animated animate__fadeIn \" alt=\"Elever ute p\u00e5 resa\" style=\"aspect-ratio: 1200 \/ 531;object-position: center center;\" srcset=\"https:\/\/montessorimondial.se\/wp-content\/uploads\/2022\/12\/cordobaimg1033-scaled.jpg 2560w, https:\/\/montessorimondial.se\/wp-content\/uploads\/2022\/12\/cordobaimg1033-scaled-300x200.jpg 300w, https:\/\/montessorimondial.se\/wp-content\/uploads\/2022\/12\/cordobaimg1033-scaled-400x267.jpg 400w, https:\/\/montessorimondial.se\/wp-content\/uploads\/2022\/12\/cordobaimg1033-scaled-600x400.jpg 600w, https:\/\/montessorimondial.se\/wp-content\/uploads\/2022\/12\/cordobaimg1033-scaled-800x533.jpg 800w, https:\/\/montessorimondial.se\/wp-content\/uploads\/2022\/12\/cordobaimg1033-scaled-1024x683.jpg 1024w, https:\/\/montessorimondial.se\/wp-content\/uploads\/2022\/12\/cordobaimg1033-scaled-1200x800.jpg 1200w\" sizes=\"(max-width: 2560px) 100vw, 2560px\" \/>\t\t\t\t\t\t<\/div>\n\n\t\t\t\t\t\t\n\n\t\t\t\t\t\t\t\t\t\t\t<\/div>\n\t\t\t\t\n\t\t\t\t<div class=\"images_module__container_dot\">\n\t\t\t\t\t<div style=\"text-align:center\">\n\t\t\t\t\t\t\t\t\t\t\t\t\t<span   data-i=\"0\"\n\t\t\t\t\t\t\t\t  class=\"\n\t\t\t\t\t\t\timages_module__dot\n\t\t\t\t\t\t\t\t\t\t\t\t\t\t\"\n\t\t\t\t\t\t\t><\/span>\n\t\t\t\t\t\t\t\t\t\t\t<\/div>\n\t\t\t\t<\/div>\n\n\t\t\t<\/div>\n\t\t<\/div>\n\t<\/div>\n\t\n\n\n<script>\n\tvar images_display_descriptive_text = \"\";\n<\/script>\n\t\t\t\t\t<div class=\"container core-columns\">\n\t\t\t\t\t\t<div class=\"row\">\n\t\t\t\t\t\t\t<div class=\"col-12\">\n\t\t\t\t\t\t\t\t\n<div class=\"wp-block-columns is-layout-flex wp-container-core-columns-layout-2 wp-block-columns-is-layout-flex\">\n<div class=\"wp-block-column is-layout-flow wp-block-column-is-layout-flow\">\t<div\n\t\t class=\"container-fluid images-module  images-module__color-plate-left-bg_site__secondary-bg--100 \" >\n\t\t<div class=\"row\">\n\t\t\t<div\n\t\t\t\t\tclass=\"col-12 images_module__content_spacing_y text-center \">\n\t\t\t\t<div style=\"display: inline-block;\" class=\"m-auto position-relative text-left\">\n\n\n\t\t\t\t\t<div class=\"images__wrapper\" style=\"aspect-ratio: 851 \/ 531;\">\n\t\t\t\t\t\t<img decoding=\"async\" width=\"2560\" height=\"1707\" src=\"https:\/\/montessorimondial.se\/wp-content\/uploads\/2023\/01\/cordobaimg0849-scaled.jpg\" class=\"d-block images__image_ratio animate__animated animate__fadeIn \" alt=\"Kristina, l\u00e4rare p\u00e5 den spanska skolan som eleverna bes\u00f6kte.\" style=\"aspect-ratio: 851 \/ 531;object-position: center center;\" srcset=\"https:\/\/montessorimondial.se\/wp-content\/uploads\/2023\/01\/cordobaimg0849-scaled.jpg 2560w, https:\/\/montessorimondial.se\/wp-content\/uploads\/2023\/01\/cordobaimg0849-scaled-300x200.jpg 300w, https:\/\/montessorimondial.se\/wp-content\/uploads\/2023\/01\/cordobaimg0849-scaled-400x267.jpg 400w, https:\/\/montessorimondial.se\/wp-content\/uploads\/2023\/01\/cordobaimg0849-scaled-600x400.jpg 600w, https:\/\/montessorimondial.se\/wp-content\/uploads\/2023\/01\/cordobaimg0849-scaled-800x533.jpg 800w, https:\/\/montessorimondial.se\/wp-content\/uploads\/2023\/01\/cordobaimg0849-scaled-1024x683.jpg 1024w, https:\/\/montessorimondial.se\/wp-content\/uploads\/2023\/01\/cordobaimg0849-scaled-1200x800.jpg 1200w\" sizes=\"(max-width: 2560px) 100vw, 2560px\" \/>\t\t\t\t\t<\/div>\n\n\t\t\t\t\t\n\t\t\t\t\t\t\t\t\t<\/div>\n\t\t\t<\/div>\n\t\t<\/div>\n\t<\/div>\n\t\n\n\n<script>\n\tvar images_display_descriptive_text = \"\";\n<\/script>\n<\/div>\n\n\n\n<div class=\"wp-block-column is-layout-flow wp-block-column-is-layout-flow\">\n<h2 class=\"wp-block-heading\">H\u00e4lsar p\u00e5 i spanska skolan<\/h2>\n\n\n\n<p>\u201dI Sverige har vi n\u00e5got som heter fika och l\u00f6sgodis \u2026\u201d, eleverna fr\u00e5n Montessori Mondial har f\u00f6rberett presentationer om Sverige som de framf\u00f6r. De spanska eleverna k\u00e4nner redan till en del om svenska musiker men \u00e4r nyfikna p\u00e5 vad l\u00f6sgodis egentligen inneb\u00e4r. Kanske \u00e4ven lite sugna.&nbsp;<\/p>\n\n\n\n<p>Sen \u00e4r det de spanska elevernas tur att framf\u00f6ra sina in\u00f6vade presentationer om Spanien. Det \u00e4r lite sv\u00e5rt att f\u00f6rst\u00e5 varandra \u00f6ver spr\u00e5kgr\u00e4nserna men med hj\u00e4lp av bilder och gestikulerande g\u00e5r det \u00e4nd\u00e5 att h\u00e4nga med.<\/p>\n\n\n\n<h2 class=\"wp-block-heading\">Eleverna f\u00e5r samarbeta<\/h2>\n\n\n\n<p>Christina, l\u00e4rare p\u00e5 &nbsp;Colegio Mercedarias de C\u00f3rdoba och Annika, l\u00e4rare p\u00e5 Montessori Mondial Lund, har tillsammans tagit fram uppl\u00e4gget p\u00e5 n\u00e4sta lektion. Christina ber\u00e4ttar om La Feria de C\u00f3rdoba, en \u00e5rlig stadsfestival i C\u00f3rdoba, och eleverna f\u00e5r diskutera i grupper. De lyfter b\u00e5de f\u00f6rdelar och nackdelar med folkfestivaler b\u00e5de i C\u00f3rdoba och Lund.<\/p>\n\n\n\n<p>\u201cVi b\u00e4r ett ansvar att ta hand om staden och naturen omkring oss och inte smutsa ner den, vilket ofta inte sk\u00f6ts under festivaler. Det \u00e4r samma sak i klassrummen. Hur kan vi uppmuntra till att sl\u00e4nga skr\u00e4p p\u00e5 r\u00e4tt s\u00e4tt?\u201d, fr\u00e5gar Christina klassen.<\/p>\n\n\n\n<p>Eleverna diskuterar fram l\u00f6sningar och tar fram egna slogans med affischer f\u00f6r att lyfta sitt budskap om f\u00f6rb\u00e4ttring. De tar hj\u00e4lp av papper, pennor och Google Translate f\u00f6r att sedan visa upp sina affischer.<\/p>\n<\/div>\n<\/div>\n\t\t\t\t\t\t\t<\/div>\n\t\t\t\t\t\t<\/div>\n\t\t\t\t\t<\/div>\n\t\t\t\t\t\t\t\t\t\t<div class=\"container core-columns\">\n\t\t\t\t\t\t<div class=\"row\">\n\t\t\t\t\t\t\t<div class=\"col-12\">\n\t\t\t\t\t\t\t\t\n<div class=\"wp-block-columns is-layout-flex wp-container-core-columns-layout-3 wp-block-columns-is-layout-flex\">\n<div class=\"wp-block-column is-layout-flow wp-block-column-is-layout-flow\">\n<h2 class=\"wp-block-heading\">Guidad tur i C\u00f3rdoba&nbsp;<\/h2>\n\n\n\n<p>Utbytesresan varar i en hel vecka och eleverna hinner med att b\u00e5de testa p\u00e5 vanliga dagar i den spanska skolan och f\u00e5 guidade turer genom staden.&nbsp;<\/p>\n\n\n\n<p>\u201cH\u00e4r \u00e4r Mezquita-Catedral de C\u00f3rdoba! Den byggdes f\u00f6rst som en musk\u00e9 under 900-talet men i b\u00f6rjan av 1200-talet gjordes den om till en romersk-katolska kyrka\u201d, ber\u00e4ttar guiden p\u00e5 b\u00e5de spanska och engelska.&nbsp;&nbsp;<\/p>\n\n\n\n<p>\u201cMan valde dock inzte att riva musk\u00e9n och bygga nytt som m\u00e5nga kanske hade t\u00e4nkt utan byggde ist\u00e4llet kyrkan inuti musk\u00e9n. Tack vare det \u00e4r mycket av historien bevarad och de tv\u00e5 religionerna v\u00e4vs samman i arkitekturen.\u201d<\/p>\n\n\n\n<p>C\u00f3rdoba genomsyras av historiska monument. Eleverna f\u00e5r bland annat h\u00f6ra om den romerska bron och stadsporten, vandra i de judiska kvarteren och bes\u00f6ka Calleja de las Flores.<\/p>\n\n\n\n<p>\u201cTill och med jag f\u00e5r l\u00e4ra mig saker om min egen stad som jag inte visste tidigare\u201d, skrattar Christina.<\/p>\n\n\n\n<p>Eleverna delar paraply i regnet och l\u00e4r sig om varandras kulturer. H\u00e4r \u00e4r det l\u00e4ttare att umg\u00e5s med varandra trots spr\u00e5kbarri\u00e4rer.<\/p>\n<\/div>\n\n\n\n<div class=\"wp-block-column is-layout-flow wp-block-column-is-layout-flow\">\t<div\n\t\t class=\"container-fluid images-module  images-module__color-plate-right-bg_site__secondary-bg--100 \" >\n\t\t<div class=\"row\">\n\t\t\t<div\n\t\t\t\t\tclass=\"col-12 images_module__content_spacing_y text-center \">\n\t\t\t\t<div style=\"display: inline-block;\" class=\"m-auto position-relative text-left\">\n\n\n\t\t\t\t\t<div class=\"images__wrapper\" style=\"aspect-ratio: 851 \/ 531;\">\n\t\t\t\t\t\t<img decoding=\"async\" width=\"2560\" height=\"1707\" src=\"https:\/\/montessorimondial.se\/wp-content\/uploads\/2022\/12\/cordobaimg1085-scaled.jpg\" class=\"d-block images__image_ratio animate__animated animate__fadeIn \" alt=\"L\u00e4rare tar kort p\u00e5 elever som \u00e4r ute p\u00e5 utflykt\" style=\"aspect-ratio: 851 \/ 531;object-position: center center;\" srcset=\"https:\/\/montessorimondial.se\/wp-content\/uploads\/2022\/12\/cordobaimg1085-scaled.jpg 2560w, https:\/\/montessorimondial.se\/wp-content\/uploads\/2022\/12\/cordobaimg1085-scaled-300x200.jpg 300w, https:\/\/montessorimondial.se\/wp-content\/uploads\/2022\/12\/cordobaimg1085-scaled-400x267.jpg 400w, https:\/\/montessorimondial.se\/wp-content\/uploads\/2022\/12\/cordobaimg1085-scaled-600x400.jpg 600w, https:\/\/montessorimondial.se\/wp-content\/uploads\/2022\/12\/cordobaimg1085-scaled-800x533.jpg 800w, https:\/\/montessorimondial.se\/wp-content\/uploads\/2022\/12\/cordobaimg1085-scaled-1024x683.jpg 1024w, https:\/\/montessorimondial.se\/wp-content\/uploads\/2022\/12\/cordobaimg1085-scaled-1200x800.jpg 1200w\" sizes=\"(max-width: 2560px) 100vw, 2560px\" \/>\t\t\t\t\t<\/div>\n\n\n\t\t\t\t\t\n\t\t\t\t\t\t\t\t\t<\/div>\n\t\t\t<\/div>\n\t\t<\/div>\n\t<\/div>\n\t\n\n\n<script>\n\tvar images_display_descriptive_text = \"\";\n<\/script>\n<\/div>\n<\/div>\n\t\t\t\t\t\t\t<\/div>\n\t\t\t\t\t\t<\/div>\n\t\t\t\t\t<\/div>\n\t\t\t\t\t\t<\/div>\n\n\t","protected":false},"excerpt":{"rendered":"","protected":false},"author":23,"featured_media":0,"parent":0,"menu_order":0,"comment_status":"closed","ping_status":"closed","template":"","meta":{"footnotes":""},"yoast_head":"<!-- This site is optimized with the Yoast SEO plugin v22.0 - https:\/\/yoast.com\/wordpress\/plugins\/seo\/ -->\n<title>Lund<\/title>\n<meta name=\"robots\" content=\"index, follow, max-snippet:-1, max-image-preview:large, max-video-preview:-1\" \/>\n<link rel=\"canonical\" href=\"https:\/\/montessorimondial.se\/lund\/pa-utbytesresa-i-spanien\/\" \/>\n<meta property=\"og:locale\" content=\"sv_SE\" \/>\n<meta property=\"og:type\" content=\"article\" \/>\n<meta property=\"og:url\" content=\"https:\/\/montessorimondial.se\/lund\/pa-utbytesresa-i-spanien\/\" \/>\n<meta property=\"og:site_name\" content=\"Lund\" \/>\n<meta property=\"article:modified_time\" content=\"2023-02-06T09:19:32+00:00\" \/>\n<meta name=\"twitter:card\" content=\"summary_large_image\" \/>\n<script type=\"application\/ld+json\" class=\"yoast-schema-graph\">{\"@context\":\"https:\/\/schema.org\",\"@graph\":[{\"@type\":\"WebPage\",\"@id\":\"https:\/\/montessorimondial.se\/lund\/pa-utbytesresa-i-spanien\/\",\"url\":\"https:\/\/montessorimondial.se\/lund\/pa-utbytesresa-i-spanien\/\",\"name\":\"P\u00e5 utbytesresa i Spanien - Lund\",\"isPartOf\":{\"@id\":\"https:\/\/montessorimondial.se\/lund\/#website\"},\"datePublished\":\"2023-02-06T09:19:31+00:00\",\"dateModified\":\"2023-02-06T09:19:32+00:00\",\"breadcrumb\":{\"@id\":\"https:\/\/montessorimondial.se\/lund\/pa-utbytesresa-i-spanien\/#breadcrumb\"},\"inLanguage\":\"sv-SE\",\"potentialAction\":[{\"@type\":\"ReadAction\",\"target\":[\"https:\/\/montessorimondial.se\/lund\/pa-utbytesresa-i-spanien\/\"]}]},{\"@type\":\"BreadcrumbList\",\"@id\":\"https:\/\/montessorimondial.se\/lund\/pa-utbytesresa-i-spanien\/#breadcrumb\",\"itemListElement\":[{\"@type\":\"ListItem\",\"position\":1,\"name\":\"Start\",\"item\":\"https:\/\/montessorimondial.se\/lund\/\"},{\"@type\":\"ListItem\",\"position\":2,\"name\":\"P\u00e5 utbytesresa i Spanien\"}]},{\"@type\":\"WebSite\",\"@id\":\"https:\/\/montessorimondial.se\/lund\/#website\",\"url\":\"https:\/\/montessorimondial.se\/lund\/\",\"name\":\"Lund\",\"description\":\"Montessorimondial Lund\",\"potentialAction\":[{\"@type\":\"SearchAction\",\"target\":{\"@type\":\"EntryPoint\",\"urlTemplate\":\"https:\/\/montessorimondial.se\/lund\/?s={search_term_string}\"},\"query-input\":\"required name=search_term_string\"}],\"inLanguage\":\"sv-SE\"}]}<\/script>\n<!-- \/ Yoast SEO plugin. -->","yoast_head_json":{"title":"Lund","robots":{"index":"index","follow":"follow","max-snippet":"max-snippet:-1","max-image-preview":"max-image-preview:large","max-video-preview":"max-video-preview:-1"},"canonical":"https:\/\/montessorimondial.se\/lund\/pa-utbytesresa-i-spanien\/","og_locale":"sv_SE","og_type":"article","og_url":"https:\/\/montessorimondial.se\/lund\/pa-utbytesresa-i-spanien\/","og_site_name":"Lund","article_modified_time":"2023-02-06T09:19:32+00:00","twitter_card":"summary_large_image","schema":{"@context":"https:\/\/schema.org","@graph":[{"@type":"WebPage","@id":"https:\/\/montessorimondial.se\/lund\/pa-utbytesresa-i-spanien\/","url":"https:\/\/montessorimondial.se\/lund\/pa-utbytesresa-i-spanien\/","name":"P\u00e5 utbytesresa i Spanien - Lund","isPartOf":{"@id":"https:\/\/montessorimondial.se\/lund\/#website"},"datePublished":"2023-02-06T09:19:31+00:00","dateModified":"2023-02-06T09:19:32+00:00","breadcrumb":{"@id":"https:\/\/montessorimondial.se\/lund\/pa-utbytesresa-i-spanien\/#breadcrumb"},"inLanguage":"sv-SE","potentialAction":[{"@type":"ReadAction","target":["https:\/\/montessorimondial.se\/lund\/pa-utbytesresa-i-spanien\/"]}]},{"@type":"BreadcrumbList","@id":"https:\/\/montessorimondial.se\/lund\/pa-utbytesresa-i-spanien\/#breadcrumb","itemListElement":[{"@type":"ListItem","position":1,"name":"Start","item":"https:\/\/montessorimondial.se\/lund\/"},{"@type":"ListItem","position":2,"name":"P\u00e5 utbytesresa i Spanien"}]},{"@type":"WebSite","@id":"https:\/\/montessorimondial.se\/lund\/#website","url":"https:\/\/montessorimondial.se\/lund\/","name":"Lund","description":"Montessorimondial Lund","potentialAction":[{"@type":"SearchAction","target":{"@type":"EntryPoint","urlTemplate":"https:\/\/montessorimondial.se\/lund\/?s={search_term_string}"},"query-input":"required name=search_term_string"}],"inLanguage":"sv-SE"}]}},"_links":{"self":[{"href":"https:\/\/montessorimondial.se\/lund\/wp-json\/wp\/v2\/pages\/1186"}],"collection":[{"href":"https:\/\/montessorimondial.se\/lund\/wp-json\/wp\/v2\/pages"}],"about":[{"href":"https:\/\/montessorimondial.se\/lund\/wp-json\/wp\/v2\/types\/page"}],"author":[{"embeddable":true,"href":"https:\/\/montessorimondial.se\/lund\/wp-json\/wp\/v2\/users\/23"}],"replies":[{"embeddable":true,"href":"https:\/\/montessorimondial.se\/lund\/wp-json\/wp\/v2\/comments?post=1186"}],"version-history":[{"count":1,"href":"https:\/\/montessorimondial.se\/lund\/wp-json\/wp\/v2\/pages\/1186\/revisions"}],"predecessor-version":[{"id":1187,"href":"https:\/\/montessorimondial.se\/lund\/wp-json\/wp\/v2\/pages\/1186\/revisions\/1187"}],"wp:attachment":[{"href":"https:\/\/montessorimondial.se\/lund\/wp-json\/wp\/v2\/media?parent=1186"}],"curies":[{"name":"wp","href":"https:\/\/api.w.org\/{rel}","templated":true}]}}