{"id":28,"date":"2020-09-01T22:07:29","date_gmt":"2020-09-01T20:07:29","guid":{"rendered":"https:\/\/montessorimondial.se\/kopieringsunderlag\/?page_id=28"},"modified":"2025-10-23T10:15:08","modified_gmt":"2025-10-23T08:15:08","slug":"fritids","status":"publish","type":"page","link":"https:\/\/montessorimondial.se\/lund\/om\/fritids\/","title":{"rendered":"Fritids"},"content":{"rendered":"\n<div class=\"wp-block-columns is-layout-flex wp-container-core-columns-layout-1 wp-block-columns-is-layout-flex\">\n<div class=\"wp-block-column is-layout-flow wp-block-column-is-layout-flow\" style=\"flex-basis:66.66%\">\n<h1 class=\"wp-block-heading\"><strong>Fritids p\u00e5 Montessori Mondial Lund<\/strong><\/h1>\n\n\n\n<p   class=\"site__ingress container text-left  site__text-color--dark  site__free_text--ingress p-0\">\n\tVi erbjuder fritidshem p\u00e5 morgonen innan skoldagen b\u00f6rjar och p\u00e5 eftermiddagen vid skoldagens slut. Fritids \u00e4r en trygg plats f\u00f6r barn mellan 6\u201312 \u00e5r d\u00e4r vi har utbildad personal p\u00e5 plats. N\u00e4r ni l\u00e4mnar av barnen hos oss, tar vi vid och ser till att de f\u00e5r en givande tid. <\/p>\n\n\n\n\n\n<h2 class=\"wp-block-heading\">Elevernas fritidshem<\/h2>\n\n\n\n<p>I enlighet med montessoripedagogiken f\u00e5r eleverna ta eget ansvar f\u00f6r sin tid p\u00e5 fritidshemmet, genom att de sj\u00e4lva f\u00e5r avg\u00f6ra om de vill vara med p\u00e5 v\u00e5ra aktiviteter eller ha s\u00e5 kallad fri lek. Det \u00e4r en viktig stund f\u00f6r barnen eftersom de f\u00e5r tr\u00e4na p\u00e5 probleml\u00f6sningar, sociala roller och se saker fr\u00e5n sina kompisars perspektiv genom empatiska f\u00f6rm\u00e5gor. Denna utveckling \u00e4r av st\u00f6rsta vikt f\u00f6r att anamma det holistiska omv\u00e4rldsperspektiv som Maria Montessori skapade. Barnen f\u00e5r skapa regler tillsammans och best\u00e4mma hur deras lek ska se ut, med villkor och gr\u00e4nser. Det \u00e4r viktigt f\u00f6r att belysa allas lika v\u00e4rde i en fungerande demokrati.<\/p>\n\n\n\n<p>Fritids g\u00e5r under Skolverket och f\u00f6ljer en <a href=\"https:\/\/www.skolverket.se\/sok-publikationer\/publikationsserier\/styrdokument\/2025\/laroplan-for-grundskolan-forskoleklassen-och-fritidshemmet---lgr22\">l\u00e4roplan<\/a>. Att barnen f\u00e5r utvecklas och leva ut sina fantasier i en trygg och inspirerande milj\u00f6 \u00e4r viktigt. Dessutom f\u00f6respr\u00e5kar vi att barnen ska andas frisk luft. Vi tar ofta p\u00e5 oss ytterkl\u00e4derna och utnyttjar skolg\u00e5rden f\u00f6r olika aktiviteter eller ger oss av p\u00e5 utflykter.<\/p>\n<\/div>\n\n\n\n<div class=\"wp-block-column is-layout-flow wp-block-column-is-layout-flow\" style=\"flex-basis:33.33%\"><\/div>\n<\/div>\n\n\n\n<div class=\"wp-block-columns is-layout-flex wp-container-core-columns-layout-2 wp-block-columns-is-layout-flex\">\n<div class=\"wp-block-column is-layout-flow wp-block-column-is-layout-flow\">\t<div\n\t\t class=\"container-fluid images-module\" >\n\t\t<div class=\"row my-2\">\n\t\t\t<div\n\t\t\t\t\tclass=\"col-md-12 order-md-1 images_module__img_l images_module__content_spacing_img_l_m  images-module__color-plate-left-bg_site__secondary-bg--100 \">\n\t\t\t\t<div class=\"d-inline-block position-relative\">\n\n\n\t\t\t\t\t<div class=\"images__wrapper\" style=\"\n\t\t\t\t\tmax-width: 440px;\t\t\t\t\tmax-height: 494px;\">\n\t\t\t\t\t\t<img decoding=\"async\" width=\"2048\" height=\"1365\" src=\"https:\/\/montessorimondial.se\/wp-content\/uploads\/sites\/11\/2023\/08\/montessori-mondialmalarhojden202305-2028052-2.jpg\" class=\"d-block images__image_ratio  \" alt=\"Elever sitter p\u00e5 golvet i ett klassrum och g\u00f6r en \u00f6vning\" style=\"aspect-ratio: 440 \/ 494;object-position: center center;\" srcset=\"https:\/\/montessorimondial.se\/wp-content\/uploads\/sites\/11\/2023\/08\/montessori-mondialmalarhojden202305-2028052-2.jpg 2048w, https:\/\/montessorimondial.se\/wp-content\/uploads\/sites\/11\/2023\/08\/montessori-mondialmalarhojden202305-2028052-2-300x200.jpg 300w, https:\/\/montessorimondial.se\/wp-content\/uploads\/sites\/11\/2023\/08\/montessori-mondialmalarhojden202305-2028052-2-400x267.jpg 400w, https:\/\/montessorimondial.se\/wp-content\/uploads\/sites\/11\/2023\/08\/montessori-mondialmalarhojden202305-2028052-2-600x400.jpg 600w, https:\/\/montessorimondial.se\/wp-content\/uploads\/sites\/11\/2023\/08\/montessori-mondialmalarhojden202305-2028052-2-800x533.jpg 800w, https:\/\/montessorimondial.se\/wp-content\/uploads\/sites\/11\/2023\/08\/montessori-mondialmalarhojden202305-2028052-2-1024x683.jpg 1024w, https:\/\/montessorimondial.se\/wp-content\/uploads\/sites\/11\/2023\/08\/montessori-mondialmalarhojden202305-2028052-2-1200x800.jpg 1200w\" sizes=\"(max-width: 2048px) 100vw, 2048px\" \/>\t\t\t\t\t<\/div>\n\n\t\t\t\t\t\n\n\t\t\t\t\t\t\t\t\t<\/div>\n\t\t\t<\/div>\n\t\t<\/div>\n\t<\/div>\n\t\n\n\n<script>\n\tvar images_display_descriptive_text = \"\";\n<\/script>\n<\/div>\n\n\n\n<div class=\"wp-block-column is-layout-flow wp-block-column-is-layout-flow\">\n<h2 class=\"wp-block-heading\">L\u00e4xhj\u00e4lp och moderna verktyg<\/h2>\n\n\n\n<p>P\u00e5 fritids erbjuds l\u00e4xl\u00e4sning, d\u00e4r eleverna med hemuppgifter f\u00e5r st\u00f6d och uppmuntran. Det finns ocks\u00e5 en l\u00e4s- och skrivverkstad f\u00f6r l\u00e5gstadieeleverna, som f\u00e5r m\u00f6jlighet att utveckla sina l\u00e4s- och skrivkunskaper. Vid intresse kan barnen \u00e4ven f\u00e5 arbeta med iPads, genom vilka l\u00e4r sig enklare kodning och f\u00f6rst\u00e5 tekniken. Alla elever i \u00e5k 1\u20139, oavsett behov, har tillg\u00e5ng till den schemalagda \u201dstudden\u201d p\u00e5 eftermiddagen, som \u00e4r v\u00e5r verkstad f\u00f6r l\u00e4xst\u00f6d ledd av l\u00e4rare.<\/p>\n\n\n\n<h2 class=\"wp-block-heading\">Fritidsr\u00e5d och eget ansvar<\/h2>\n\n\n\n<p>Vi h\u00e5ller regelbundna fritidsr\u00e5d d\u00e4r b\u00e5de barn och vuxna kan vara med och g\u00f6ra sin r\u00f6st h\u00f6rd f\u00f6r att p\u00e5verka och komma med id\u00e9er och f\u00f6rslag till verksamheten. Det diskuteras \u00e4ven vad som kan g\u00f6ras b\u00e4ttre eller b\u00f6r f\u00f6r\u00e4ndras. <\/p>\n\n\n\n<p>I enlighet med montessoripedagogiken f\u00e5r eleverna ta eget ansvar f\u00f6r sin tid p\u00e5 fritidshemmet, genom att de sj\u00e4lva f\u00e5r avg\u00f6ra om de vill vara med p\u00e5 v\u00e5ra aktiviteter eller ha s\u00e5 kallad fri lek. Det \u00e4r en viktig stund f\u00f6r barnen eftersom de f\u00e5r tr\u00e4na p\u00e5 probleml\u00f6sningar, sociala roller och se saker fr\u00e5n sina kompisars perspektiv genom empatiska f\u00f6rm\u00e5gor. Denna utveckling \u00e4r av st\u00f6rsta vikt f\u00f6r att anamma det holistiska omv\u00e4rldsperspektiv som Maria Montessori skapade. Barnen f\u00e5r skapa regler tillsammans och best\u00e4mma hur deras lek ska se ut, med villkor och gr\u00e4nser. Det \u00e4r viktigt f\u00f6r att belysa allas lika v\u00e4rde i en fungerande demokrati.<\/p>\n<\/div>\n<\/div>\n\n\n\n<div class=\"wp-block-columns is-layout-flex wp-container-core-columns-layout-3 wp-block-columns-is-layout-flex\">\n<div class=\"wp-block-column is-layout-flow wp-block-column-is-layout-flow\">\n<h2 class=\"wp-block-heading\">Fritidstider<\/h2>\n\n\n\n<p>Fritids h\u00e5ller \u00f6ppet 12 timmar om dagen m\u00e5ndag till fredag, mellan kl 06.00 och 18.00. Vi anpassar verksamheten efter v\u00e5rdnadshavarnas arbetstider och barnens omsorgsbehov. Vi skickar ut en lapp vid varje terminsstart med vistelsetider. Den finns \u00e4ven p\u00e5 <a href=\"https:\/\/login.grandid.com\/?sessionid=4cdd19a51fbb79a0ee9f382c589ea4a0&amp;ReturnTo=https%3A%2F%2Fsaml2.grandid.com%2Fmodule.php%2Fgrandid%2Fresume.php%3FState%3D_05a0bc077ee78e70b16705e5d1ffa9faaddb488ab4%253Ahttps%253A%252F%252Fsaml2.grandid.com%252Fsaml2%252Fidp%252FSSO_78cb9489c30c2558d7b6d712bfb208b53b45ef1bd42dccb98ba5e2f0f0b6426a%253Fspentityid%253Dhttps%25253A%25252F%25252Fsms.schoolsoft.se%25252Fshibboleth%2526RelayState%253Dss%25253Amem%25253A960fb27533c29e20e07501a992a33224e0b19254d3a31a374ab726930b6a5116%2526cookieTime%253D1601978925\">SchoolSoft<\/a>. Gl\u00f6m inte kolla l\u00e4s\u00e5rstiderna f\u00f6r att se n\u00e4r fritids h\u00e5ller st\u00e4ngt. Kom ih\u00e5g att se till att ditt barn har med sig ytterkl\u00e4der efter s\u00e4song till fritids eftersom verksamheten \u00e4r ute i alla v\u00e4der.<\/p>\n\n\n\n<h2 class=\"wp-block-heading\">Hur anm\u00e4ler jag fritidsplats \u00e5t mitt barn?<\/h2>\n\n\n\n<p>Kontakta fritidsansvarig Katharina Axsk\u00f6ld via mail, <a href=\"mailto:katharina.axskjold@montessorimondial.se\">katharina.axskjold@montessorimondial.se<\/a>, eller ring v\u00e5r skoladministration p\u00e5 046-16 30 40.<\/p>\n\n\n\n<h2 class=\"wp-block-heading\">Vad kostar fritids?<\/h2>\n\n\n\n<p>Montessori Mondial Lund f\u00f6ljer <a href=\"https:\/\/lund.se\/forskola-och-skola\/forskola\/avgifter-forskola-och-fritidshem\" target=\"_blank\" rel=\"noreferrer noopener\">Lunds kommuns regler<\/a> f\u00f6r avgifter i fritidshemmet samt maxtaxa-reformen.<\/p>\n<\/div>\n\n\n\n<div class=\"wp-block-column is-layout-flow wp-block-column-is-layout-flow\">\t<div\n\t\t class=\"container-fluid images-module\" >\n\t\t<div class=\"row my-2\">\n\t\t\t<div class=\"col-md-12 images_module__img_r images_module__content_spacing_img_r_m  images-module__color-plate-right-bg_site__secondary-bg--100 \">\n\t\t\t\t<div class=\"position-relative text-right\">\n\t\t\t\t\t<div class=\"images__wrapper\" style=\"float:right; max-width: 440px; max-height: 494px;\">\n\t\t\t\t\t\t<img decoding=\"async\" width=\"701\" height=\"666\" src=\"https:\/\/montessorimondial.se\/wp-content\/uploads\/sites\/11\/2025\/06\/montessori-mondiallund202504mellanstadiewebb20-e1750752156282.jpg\" class=\"d-block images__image_ratio  \" alt=\"Elev p\u00e5 Montessori Mondial l\u00e4ser bok.\" style=\"aspect-ratio: 440 \/ 494;object-position: center center;\" srcset=\"https:\/\/montessorimondial.se\/wp-content\/uploads\/sites\/11\/2025\/06\/montessori-mondiallund202504mellanstadiewebb20-e1750752156282.jpg 701w, https:\/\/montessorimondial.se\/wp-content\/uploads\/sites\/11\/2025\/06\/montessori-mondiallund202504mellanstadiewebb20-e1750752156282-300x285.jpg 300w, https:\/\/montessorimondial.se\/wp-content\/uploads\/sites\/11\/2025\/06\/montessori-mondiallund202504mellanstadiewebb20-e1750752156282-400x380.jpg 400w, https:\/\/montessorimondial.se\/wp-content\/uploads\/sites\/11\/2025\/06\/montessori-mondiallund202504mellanstadiewebb20-e1750752156282-600x570.jpg 600w\" sizes=\"(max-width: 701px) 100vw, 701px\" \/>\t\t\t\t\t<\/div>\n\t\t\t\t\t<div style=\"clear:both;\">\n\t\t\t\t\t\t\n\t\t\t\t\t\t\t\t\t\t\t<\/div>\n\t\t\t\t<\/div>\n\t\t\t<\/div>\n\t\t<\/div>\n\t<\/div>\n\t\n\n\n<script>\n\tvar images_display_descriptive_text = \"\";\n<\/script>\n<\/div>\n<\/div>\n\n\n\n<section \n\t\t class=\"\n\t\t ams-contact\n\t\t \n\t\t c-block l-stacked\n\t\t \n\t\t \n\t\t js-load-more\n\t\t \"\n\t\t data-color-scheme=\"beige\"\n\t\t\t\t\tdata-count=\"3\"\n\t\t\t\t\t\t\tdata-count-mobile=\"2\"\n\t\t\t\t>\n\t<div\n\t\t class=\"\n\t\t l-container\n\t\t l-stack l-stack-fluid-2xl\n\t\t u-pt-fluid-3xl-6xl\n\t\t u-pb-fluid-3xl-6xl\n\t\t is-center\n\t\t is-center@md\n\t\t \">\n\t\t\t\t\t<div class=\"ams-contact__intro l-stack l-stack-lg\">\n\t\t\t\t\t\n\t<h2\n\tclass=\"c-heading u-font-title-1 \"\n\tstyle=\"\">\n\t\t\n\t\t\t\t\tHar du fr\u00e5gor om v\u00e5rt fritids?\n\t\t\t\t\n\t<\/h2>\n\n\t\t\t\t\t\t\t\t\t<div class=\"c-text l-stack u-cs-xl u-font-body\">\n\t\t\t\t\t\t<p>Kontakta v\u00e5rt fritids eller ring <span style=\"font-weight: 400;\">oss p\u00e5 <a href=\"tel:046163040\">046-16 30 40<\/a>.<\/span><\/p>\n\n\t\t\t\t\t<\/div>\n\t\t\t\t\t\t\t<\/div>\n\t\t\n\t\t\n\t\t    \t\n\t\t\n\t\t<ul\n\t\t\tid=\"contact-grid-69e1caabeca33\"\n\t\t\tclass=\"ams-contact__list l-grid u-gap-fluid-2xl-4xl u-justify-center js-results \"\n\t\t\taria-label=\"Kontakter\"\n\t\t\tdata-filter-animation=\"off\"\n\t\t\t>\n\t\t\t\t\t\t\t\t\t\t\t\n\t\t\t\t\n\t\t\t\t<li class=\"l-col-12 \" data-filter=\"e\">\n\t\t\t\t\t<article class=\"c-card u-justify-center\" data-variant=\"inline\">\n\t\t\t\t\t\t<div class=\"c-card__content u-flex-basis-auto u-flex-grow-0 u-text-center@mobile\">\n\t\t\t\t\t\t\t\t\t\t\t\t\t\t\t<h3 class=\"c-card__title u-font-title-3\">\n\t\t\t\t\t\t\t\t\tFritids\n\t\t\t\t\t\t\t\t<\/h3>\n\t\t\t\t\t\t\t\n\t\t\t\t\t\t\t\n\t\t\t\t\t\t\t\t\t\t\t\t\t\t\t<div class=\"contact-info u-font-body\">\n\t\t\t\t\t\t\t\t\t\t\t\t\t\t\t\t\t\t\t\t\t\t\t\t\t\t\t\t\t\t<p class=\"phone\"><a\n\t\t\t\t\t\t\t\t\t\t\t\t\thref=\"tel:046163042\"\n\t\t\t\t\t\t\t\t\t\t\t\t\tclass=\"u-text-link\">046-16 30 42<\/a>\n\t\t\t\t\t\t\t\t\t\t\t<\/p>\n\t\t\t\t\t\t\t\t\t\t\t\t\t\t\t\t\t\t\t\n\t\t\t\t\t\t\t\t\t\t\t\t\t\t\t\t\t<\/div>\n\t\t\t\t\t\t\t\n\t\t\t\t\t\t\t\t\t\t\t\t\t<\/div>\n\t\t\t\t\t\t<div class=\"c-card__media\">\n\t\t\t\t\t\t\t\t\t\t\t\t\t\t\t\t\t\t\t\t\t\t\t\t\t\t\t\t\t\t\t\t\t\t\t\t\t\t\t\t\t\t\t\t\t\t\t\t\t<img decoding=\"async\" src=\"https:\/\/montessorimondial.se\/wp-content\/uploads\/2020\/10\/montessorimondialavatar2.svg\" class=\"u-radius-round u-ratio-landscape  \" alt=\"\" sizes=\"(max-width: 300px) 100vw, 300px\" height=\"242\" width=\"242\" \/>\n\t\t\t\t\t\t<\/div>\n\t\t\t\t\t<\/article>\n\t\t\t\t<\/li>\n\t\t\t\t\t<\/ul>\n\n\t\t\n\t\t    <div class=\"ams-contact__more u-inline-items js-load-more-btn\">\n        <button href=\"#\"\n                class=\"c-btn\"\n                data-style=\"rounded\"\n                data-size=\"md\"\n                data-width=\"full-mobile\"\n                data-variant=\"outline\">\n        \tVisa mer\n        <\/button>\n    <\/div>\n\n\t\t\t<\/div>\n\n\t\t\n\n<\/section>\n\n\n<div   id=\"page-relative-menu\" class=\"site__font-monospace   container_width--full_width_conIcon   d-lg-none  \">\n\n\t\t\t\n<\/div>\n","protected":false},"excerpt":{"rendered":"<p>Fritids p\u00e5 Montessori Mondial Lund Elevernas fritidshem I enlighet med montessoripedagogiken f\u00e5r eleverna ta eget ansvar f\u00f6r sin tid p\u00e5 fritidshemmet, genom att de sj\u00e4lva f\u00e5r avg\u00f6ra om de vill vara med p\u00e5 v\u00e5ra aktiviteter eller ha s\u00e5 kallad fri lek. Det \u00e4r en viktig stund f\u00f6r barnen eftersom de f\u00e5r tr\u00e4na p\u00e5 probleml\u00f6sningar, sociala&#8230;<\/p>\n","protected":false},"author":1,"featured_media":0,"parent":20,"menu_order":0,"comment_status":"closed","ping_status":"closed","template":"","meta":{"footnotes":""},"yoast_head":"<!-- This site is optimized with the Yoast SEO plugin v22.0 - https:\/\/yoast.com\/wordpress\/plugins\/seo\/ -->\n<title>Fritids, tider, fritidsanm\u00e4lan | Montessori Mondial Lund<\/title>\n<meta name=\"description\" content=\"Hitta information om fritids, barnens fritidsaktiviteter och v\u00e5ra \u00f6ppettider. L\u00e4s \u00e4ven om hur du anm\u00e4ler fritidsplats och kostnader f\u00f6r fritidshemmet.\" \/>\n<meta name=\"robots\" content=\"index, follow, max-snippet:-1, max-image-preview:large, max-video-preview:-1\" \/>\n<link rel=\"canonical\" href=\"https:\/\/montessorimondial.se\/lund\/om\/fritids\/\" \/>\n<meta property=\"og:locale\" content=\"sv_SE\" \/>\n<meta property=\"og:type\" content=\"article\" \/>\n<meta property=\"og:title\" content=\"Fritids, tider, fritidsanm\u00e4lan | Montessori Mondial Lund\" \/>\n<meta property=\"og:description\" content=\"Hitta information om fritids, barnens fritidsaktiviteter och v\u00e5ra \u00f6ppettider. L\u00e4s \u00e4ven om hur du anm\u00e4ler fritidsplats och kostnader f\u00f6r fritidshemmet.\" \/>\n<meta property=\"og:url\" content=\"https:\/\/montessorimondial.se\/lund\/om\/fritids\/\" \/>\n<meta property=\"og:site_name\" content=\"Lund\" \/>\n<meta property=\"article:modified_time\" content=\"2025-10-23T08:15:08+00:00\" \/>\n<meta name=\"twitter:card\" content=\"summary_large_image\" \/>\n<meta name=\"twitter:title\" content=\"Fritids, tider, fritidsanm\u00e4lan | Montessori Mondial Lund\" \/>\n<meta name=\"twitter:description\" content=\"Hitta information om fritids, barnens fritidsaktiviteter och v\u00e5ra \u00f6ppettider. L\u00e4s \u00e4ven om hur du anm\u00e4ler fritidsplats och kostnader f\u00f6r fritidshemmet.\" \/>\n<meta name=\"twitter:label1\" content=\"Ber\u00e4knad l\u00e4stid\" \/>\n\t<meta name=\"twitter:data1\" content=\"4 minuter\" \/>\n<script type=\"application\/ld+json\" class=\"yoast-schema-graph\">{\"@context\":\"https:\/\/schema.org\",\"@graph\":[{\"@type\":\"WebPage\",\"@id\":\"https:\/\/montessorimondial.se\/lund\/om\/fritids\/\",\"url\":\"https:\/\/montessorimondial.se\/lund\/om\/fritids\/\",\"name\":\"Fritids, tider, fritidsanm\u00e4lan | Montessori Mondial Lund\",\"isPartOf\":{\"@id\":\"https:\/\/montessorimondial.se\/lund\/#website\"},\"datePublished\":\"2020-09-01T20:07:29+00:00\",\"dateModified\":\"2025-10-23T08:15:08+00:00\",\"description\":\"Hitta information om fritids, barnens fritidsaktiviteter och v\u00e5ra \u00f6ppettider. L\u00e4s \u00e4ven om hur du anm\u00e4ler fritidsplats och kostnader f\u00f6r fritidshemmet.\",\"breadcrumb\":{\"@id\":\"https:\/\/montessorimondial.se\/lund\/om\/fritids\/#breadcrumb\"},\"inLanguage\":\"sv-SE\",\"potentialAction\":[{\"@type\":\"ReadAction\",\"target\":[\"https:\/\/montessorimondial.se\/lund\/om\/fritids\/\"]}]},{\"@type\":\"BreadcrumbList\",\"@id\":\"https:\/\/montessorimondial.se\/lund\/om\/fritids\/#breadcrumb\",\"itemListElement\":[{\"@type\":\"ListItem\",\"position\":1,\"name\":\"Start\",\"item\":\"https:\/\/montessorimondial.se\/lund\/\"},{\"@type\":\"ListItem\",\"position\":2,\"name\":\"Om skolan\",\"item\":\"https:\/\/montessorimondial.se\/lund\/om\/\"},{\"@type\":\"ListItem\",\"position\":3,\"name\":\"Fritids\"}]},{\"@type\":\"WebSite\",\"@id\":\"https:\/\/montessorimondial.se\/lund\/#website\",\"url\":\"https:\/\/montessorimondial.se\/lund\/\",\"name\":\"Lund\",\"description\":\"Montessorimondial Lund\",\"potentialAction\":[{\"@type\":\"SearchAction\",\"target\":{\"@type\":\"EntryPoint\",\"urlTemplate\":\"https:\/\/montessorimondial.se\/lund\/?s={search_term_string}\"},\"query-input\":\"required name=search_term_string\"}],\"inLanguage\":\"sv-SE\"}]}<\/script>\n<!-- \/ Yoast SEO plugin. -->","yoast_head_json":{"title":"Fritids, tider, fritidsanm\u00e4lan | Montessori Mondial Lund","description":"Hitta information om fritids, barnens fritidsaktiviteter och v\u00e5ra \u00f6ppettider. L\u00e4s \u00e4ven om hur du anm\u00e4ler fritidsplats och kostnader f\u00f6r fritidshemmet.","robots":{"index":"index","follow":"follow","max-snippet":"max-snippet:-1","max-image-preview":"max-image-preview:large","max-video-preview":"max-video-preview:-1"},"canonical":"https:\/\/montessorimondial.se\/lund\/om\/fritids\/","og_locale":"sv_SE","og_type":"article","og_title":"Fritids, tider, fritidsanm\u00e4lan | Montessori Mondial Lund","og_description":"Hitta information om fritids, barnens fritidsaktiviteter och v\u00e5ra \u00f6ppettider. L\u00e4s \u00e4ven om hur du anm\u00e4ler fritidsplats och kostnader f\u00f6r fritidshemmet.","og_url":"https:\/\/montessorimondial.se\/lund\/om\/fritids\/","og_site_name":"Lund","article_modified_time":"2025-10-23T08:15:08+00:00","twitter_card":"summary_large_image","twitter_title":"Fritids, tider, fritidsanm\u00e4lan | Montessori Mondial Lund","twitter_description":"Hitta information om fritids, barnens fritidsaktiviteter och v\u00e5ra \u00f6ppettider. L\u00e4s \u00e4ven om hur du anm\u00e4ler fritidsplats och kostnader f\u00f6r fritidshemmet.","twitter_misc":{"Ber\u00e4knad l\u00e4stid":"4 minuter"},"schema":{"@context":"https:\/\/schema.org","@graph":[{"@type":"WebPage","@id":"https:\/\/montessorimondial.se\/lund\/om\/fritids\/","url":"https:\/\/montessorimondial.se\/lund\/om\/fritids\/","name":"Fritids, tider, fritidsanm\u00e4lan | Montessori Mondial Lund","isPartOf":{"@id":"https:\/\/montessorimondial.se\/lund\/#website"},"datePublished":"2020-09-01T20:07:29+00:00","dateModified":"2025-10-23T08:15:08+00:00","description":"Hitta information om fritids, barnens fritidsaktiviteter och v\u00e5ra \u00f6ppettider. L\u00e4s \u00e4ven om hur du anm\u00e4ler fritidsplats och kostnader f\u00f6r fritidshemmet.","breadcrumb":{"@id":"https:\/\/montessorimondial.se\/lund\/om\/fritids\/#breadcrumb"},"inLanguage":"sv-SE","potentialAction":[{"@type":"ReadAction","target":["https:\/\/montessorimondial.se\/lund\/om\/fritids\/"]}]},{"@type":"BreadcrumbList","@id":"https:\/\/montessorimondial.se\/lund\/om\/fritids\/#breadcrumb","itemListElement":[{"@type":"ListItem","position":1,"name":"Start","item":"https:\/\/montessorimondial.se\/lund\/"},{"@type":"ListItem","position":2,"name":"Om skolan","item":"https:\/\/montessorimondial.se\/lund\/om\/"},{"@type":"ListItem","position":3,"name":"Fritids"}]},{"@type":"WebSite","@id":"https:\/\/montessorimondial.se\/lund\/#website","url":"https:\/\/montessorimondial.se\/lund\/","name":"Lund","description":"Montessorimondial Lund","potentialAction":[{"@type":"SearchAction","target":{"@type":"EntryPoint","urlTemplate":"https:\/\/montessorimondial.se\/lund\/?s={search_term_string}"},"query-input":"required name=search_term_string"}],"inLanguage":"sv-SE"}]}},"_links":{"self":[{"href":"https:\/\/montessorimondial.se\/lund\/wp-json\/wp\/v2\/pages\/28"}],"collection":[{"href":"https:\/\/montessorimondial.se\/lund\/wp-json\/wp\/v2\/pages"}],"about":[{"href":"https:\/\/montessorimondial.se\/lund\/wp-json\/wp\/v2\/types\/page"}],"author":[{"embeddable":true,"href":"https:\/\/montessorimondial.se\/lund\/wp-json\/wp\/v2\/users\/1"}],"replies":[{"embeddable":true,"href":"https:\/\/montessorimondial.se\/lund\/wp-json\/wp\/v2\/comments?post=28"}],"version-history":[{"count":10,"href":"https:\/\/montessorimondial.se\/lund\/wp-json\/wp\/v2\/pages\/28\/revisions"}],"predecessor-version":[{"id":1474,"href":"https:\/\/montessorimondial.se\/lund\/wp-json\/wp\/v2\/pages\/28\/revisions\/1474"}],"up":[{"embeddable":true,"href":"https:\/\/montessorimondial.se\/lund\/wp-json\/wp\/v2\/pages\/20"}],"wp:attachment":[{"href":"https:\/\/montessorimondial.se\/lund\/wp-json\/wp\/v2\/media?parent=28"}],"curies":[{"name":"wp","href":"https:\/\/api.w.org\/{rel}","templated":true}]}}