{"id":30,"date":"2020-09-01T22:08:09","date_gmt":"2020-09-01T20:08:09","guid":{"rendered":"https:\/\/montessorimondial.se\/kopieringsunderlag\/?page_id=30"},"modified":"2025-06-24T13:12:02","modified_gmt":"2025-06-24T11:12:02","slug":"elevhalsa","status":"publish","type":"page","link":"https:\/\/montessorimondial.se\/lund\/om\/elevhalsa\/","title":{"rendered":"Elevh\u00e4lsa"},"content":{"rendered":"\n<div class=\"wp-block-columns is-layout-flex wp-container-core-columns-layout-1 wp-block-columns-is-layout-flex\">\n<div class=\"wp-block-column is-layout-flow wp-block-column-is-layout-flow\" style=\"flex-basis:66.66%\">\n<h1 class=\"wp-block-heading\"><strong>Elevh\u00e4lsa p\u00e5 Montessori Mondial Lund<\/strong><\/h1>\n\n\n\n<p   class=\"site__ingress container text-left  site__text-color--dark  site__free_text--ingress p-0\">\n\tElevh\u00e4lsan ska tillsammans med skolans l\u00e4rare och \u00f6vrig personal se till att eleverna har en s\u00e5 bra skol- och l\u00e4randemilj\u00f6 som m\u00f6jligt, b\u00e5de f\u00f6r sin kunskapsutveckling och f\u00f6r sin personliga och sociala utveckling. <\/p>\n\n\n\n\n\n<h2 class=\"wp-block-heading\">Vad g\u00f6r elevh\u00e4lsan?<\/h2>\n\n\n\n<p>V\u00e5rt elevh\u00e4lsoteam p\u00e5 Montessori Mondial Lund best\u00e5r av en specialpedagog, speciall\u00e4rare, skolsk\u00f6terska, skolpsykolog, skoll\u00e4kare, skolkurator och v\u00e5r rektor Margaretha Eventh\u00e9n. Ett elevh\u00e4lsoteam finns p\u00e5 skolan med uppdraget att ge elever de resurser som beh\u00f6vs f\u00f6r att underl\u00e4tta och hj\u00e4lpa inl\u00e4rning och utveckling. Det inneb\u00e4r att du som elev kan komma i kontakt med elevh\u00e4lsan om du exempelvis beh\u00f6ver extra st\u00f6ttning. L\u00e4s mer om v\u00e5rt kvalitetsarbete och hur vi arbetar med barnens utveckling <a href=\"https:\/\/montessorimondial.se\/om\/kvalitet\">h\u00e4r<\/a>.<\/p>\n<\/div>\n\n\n\n<div class=\"wp-block-column is-layout-flow wp-block-column-is-layout-flow\" style=\"flex-basis:33.33%\"><\/div>\n<\/div>\n\n\n\n<div class=\"wp-block-columns is-layout-flex wp-container-core-columns-layout-2 wp-block-columns-is-layout-flex\">\n<div class=\"wp-block-column is-layout-flow wp-block-column-is-layout-flow\">\t<div\n\t\t class=\"container-fluid images-module\" >\n\t\t<div class=\"row my-2\">\n\t\t\t<div\n\t\t\t\t\tclass=\"col-md-12 order-md-1 images_module__img_l images_module__content_spacing_img_l_m  images-module__color-plate-left-bg_site__secondary-bg--100 \">\n\t\t\t\t<div class=\"d-inline-block position-relative\">\n\n\n\t\t\t\t\t<div class=\"images__wrapper\" style=\"\n\t\t\t\t\tmax-width: 440px;\t\t\t\t\tmax-height: 494px;\">\n\t\t\t\t\t\t<img decoding=\"async\" width=\"1611\" height=\"1365\" src=\"https:\/\/montessorimondial.se\/wp-content\/uploads\/sites\/11\/2025\/06\/montessori-mondialmalarhojden202305elevhalsan50-e1750763468868.jpg\" class=\"d-block images__image_ratio  \" alt=\"Skolsk\u00f6terska pekar p\u00e5 syntavla.\" style=\"aspect-ratio: 440 \/ 494;object-position: center center;\" srcset=\"https:\/\/montessorimondial.se\/wp-content\/uploads\/sites\/11\/2025\/06\/montessori-mondialmalarhojden202305elevhalsan50-e1750763468868.jpg 1611w, https:\/\/montessorimondial.se\/wp-content\/uploads\/sites\/11\/2025\/06\/montessori-mondialmalarhojden202305elevhalsan50-e1750763468868-300x254.jpg 300w, https:\/\/montessorimondial.se\/wp-content\/uploads\/sites\/11\/2025\/06\/montessori-mondialmalarhojden202305elevhalsan50-e1750763468868-400x339.jpg 400w, https:\/\/montessorimondial.se\/wp-content\/uploads\/sites\/11\/2025\/06\/montessori-mondialmalarhojden202305elevhalsan50-e1750763468868-600x508.jpg 600w, https:\/\/montessorimondial.se\/wp-content\/uploads\/sites\/11\/2025\/06\/montessori-mondialmalarhojden202305elevhalsan50-e1750763468868-800x678.jpg 800w, https:\/\/montessorimondial.se\/wp-content\/uploads\/sites\/11\/2025\/06\/montessori-mondialmalarhojden202305elevhalsan50-e1750763468868-1024x868.jpg 1024w, https:\/\/montessorimondial.se\/wp-content\/uploads\/sites\/11\/2025\/06\/montessori-mondialmalarhojden202305elevhalsan50-e1750763468868-1200x1017.jpg 1200w\" sizes=\"(max-width: 1611px) 100vw, 1611px\" \/>\t\t\t\t\t<\/div>\n\n\t\t\t\t\t\n\n\t\t\t\t\t\t\t\t\t<\/div>\n\t\t\t<\/div>\n\t\t<\/div>\n\t<\/div>\n\t\n\n\n<script>\n\tvar images_display_descriptive_text = \"\";\n<\/script>\n<\/div>\n\n\n\n<div class=\"wp-block-column is-layout-flow wp-block-column-is-layout-flow\">\n<h3 class=\"wp-block-heading\">Specialpedagogen<\/h3>\n\n\n\n<p>Arbetar i n\u00e4ra samarbete med l\u00e4rare med att kartl\u00e4gga, f\u00f6rebygga och undanr\u00f6ja hinder f\u00f6r l\u00e4rande, planera och genomf\u00f6ra extra anpassningar. De har ocks\u00e5 en central roll i att kartl\u00e4gga elevers behov av s\u00e4rskilt st\u00f6d och uppr\u00e4tta \u00e5tg\u00e4rdsprogram.<\/p>\n\n\n\n<h3 class=\"wp-block-heading\">Kuratorn&nbsp;<\/h3>\n\n\n\n<p>Fungerar som ett st\u00f6d i det pedagogiska arbetet. Kuratorn arbetar med skolans v\u00e4rdegrundsfr\u00e5gor och likabehandlingsarbete samt elevens l\u00e4rande, h\u00e4lsa, trivsel f\u00f6r att motverka kr\u00e4nkningar och diskriminering.&nbsp;<\/p>\n\n\n\n<h3 class=\"wp-block-heading\">Skolpsykologen&nbsp;<\/h3>\n\n\n\n<p>Samverkar med pedagogisk personal, genom konsultation och utbildning. Genomf\u00f6r bed\u00f6mningar och utredningar f\u00f6r att uppt\u00e4cka psykologiska eller inl\u00e4rningsm\u00e4ssiga hinder, samt f\u00f6resl\u00e5r anpassningar och \u00e5tg\u00e4rder.&nbsp;&nbsp;<\/p>\n\n\n\n<h2 class=\"wp-block-heading\">Medicinsk insats och h\u00e4lsobes\u00f6k f\u00f6r grundskolan&nbsp;<\/h2>\n\n\n\n<p>I grundskolan erbjuds eleverna tre h\u00e4lsobes\u00f6k hos skolans skolsk\u00f6terska som innefattar allm\u00e4nna h\u00e4lsokontroller och h\u00e4lsosamtal. I \u00e5rskurs 2 och 6 erbjuds eleverna en tillv\u00e4xtkontroll.&nbsp;<\/p>\n\n\n\n<p>Skolsk\u00f6terskan utf\u00f6r vaccinationer enligt<a href=\"https:\/\/www.folkhalsomyndigheten.se\/smittskydd-beredskap\/vaccinationer\/vaccinationsprogram\/barnvaccinationsprogram\/\"> nationella vaccinationsprogrammet<\/a> och finns d\u00e4r f\u00f6r v\u00e5ra elever med uppgift att h\u00e5lla ett medicinskt fokus i elevh\u00e4lsoteamet och d\u00e4rmed i hela skolan.&nbsp;<\/p>\n\n\n\n<p>V\u00e5rt elevh\u00e4lsoteam best\u00e5r ocks\u00e5 av en skoll\u00e4kare som tr\u00e4ffar elever f\u00f6r medicinsk bed\u00f6mning och kompetens i elevh\u00e4lsoarbetet.&nbsp;<\/p>\n<\/div>\n<\/div>\n\n\n\n<section \n\t\t class=\"\n\t\t ams-contact\n\t\t \n\t\t c-block l-stacked\n\t\t \n\t\t \n\t\t js-load-more\n\t\t \"\n\t\t data-color-scheme=\"beige\"\n\t\t\t\t\tdata-count=\"3\"\n\t\t\t\t\t\t\tdata-count-mobile=\"2\"\n\t\t\t\t>\n\t<div\n\t\t class=\"\n\t\t l-container\n\t\t l-stack l-stack-fluid-2xl\n\t\t u-pt-fluid-3xl-6xl\n\t\t u-pb-fluid-3xl-6xl\n\t\t is-center\n\t\t is-center@md\n\t\t \">\n\t\t\t\t\t<div class=\"ams-contact__intro l-stack l-stack-lg\">\n\t\t\t\t\t\n\t<h2\n\tclass=\"c-heading u-font-title-1 \"\n\tstyle=\"\">\n\t\t\n\t\t\t\t\tHar du fr\u00e5gor om elevh\u00e4lsan?\n\t\t\t\t\n\t<\/h2>\n\n\t\t\t\t\t\t\t\t\t<div class=\"c-text l-stack u-cs-xl u-font-body\">\n\t\t\t\t\t\t<p>Kontakta g\u00e4rna rektorn p\u00e5 Montessori Mondial Lund s\u00e5 svarar hon p\u00e5 dina fr\u00e5gor om elevh\u00e4lsan.<\/p>\n\n\t\t\t\t\t<\/div>\n\t\t\t\t\t\t\t<\/div>\n\t\t\n\t\t\n\t\t    \t\n\t\t\n\t\t<ul\n\t\t\tid=\"contact-grid-69e1c95524ccb\"\n\t\t\tclass=\"ams-contact__list l-grid u-gap-fluid-2xl-4xl u-justify-center js-results \"\n\t\t\taria-label=\"Kontakter\"\n\t\t\tdata-filter-animation=\"off\"\n\t\t\t>\n\t\t\t\t\t\t\t\t\t\t\t\n\t\t\t\t\n\t\t\t\t<li class=\"l-col-12 \" data-filter=\"a\">\n\t\t\t\t\t<article class=\"c-card u-justify-center\" data-variant=\"inline\">\n\t\t\t\t\t\t<div class=\"c-card__content u-flex-basis-auto u-flex-grow-0 u-text-center@mobile\">\n\t\t\t\t\t\t\t\t\t\t\t\t\t\t\t<h3 class=\"c-card__title u-font-title-3\">\n\t\t\t\t\t\t\t\t\tMargaretha Eventh\u00e9n\n\t\t\t\t\t\t\t\t<\/h3>\n\t\t\t\t\t\t\t\n\t\t\t\t\t\t\t\t\t\t\t\t\t\t\t<p class=\"position u-font-body\">Rektor<\/p>\n\t\t\t\t\t\t\t\n\t\t\t\t\t\t\t\t\t\t\t\t\t\t\t<div class=\"contact-info u-font-body\">\n\t\t\t\t\t\t\t\t\t\t\t\t\t\t\t\t\t\t\t\t\t\t\t\t\t\t\t\t\t\t<p class=\"phone\"><a\n\t\t\t\t\t\t\t\t\t\t\t\t\thref=\"tel:0705217254\"\n\t\t\t\t\t\t\t\t\t\t\t\t\tclass=\"u-text-link\">070-521 72 54<\/a>\n\t\t\t\t\t\t\t\t\t\t\t<\/p>\n\t\t\t\t\t\t\t\t\t\t\t\t\t\t\t\t\t\t\t\n\t\t\t\t\t\t\t\t\t\t\t\t\t\t\t\t\t\t\t\t\t\t\t\t\t\t\t\t\t\t<p class=\"email\"><a\n\t\t\t\t\t\t\t\t\t\t\t\t\thref=\"&#109;&#097;&#105;&#108;&#116;o:m&#097;r&#103;a&#114;et&#104;a&#046;e&#118;&#101;n&#116;&#104;e&#110;&#064;&#109;o&#110;&#116;e&#115;s&#111;r&#105;&#109;o&#110;d&#105;&#097;l&#046;&#115;&#101;\"\n\t\t\t\t\t\t\t\t\t\t\t\t\tclass=\"u-text-link\">&#109;&#097;rg&#097;&#114;et&#104;a.ev&#101;nthe&#110;&#064;&#109;ont&#101;s&#115;o&#114;&#105;&#109;&#111;nd&#105;&#097;&#108;&#046;&#115;e<\/a>\n\t\t\t\t\t\t\t\t\t\t\t<\/p>\n\t\t\t\t\t\t\t\t\t\t\t\t\t\t\t\t\t\t\t\t\t\t\t\t\t\t\t<\/div>\n\t\t\t\t\t\t\t\n\t\t\t\t\t\t\t\t\t\t\t\t\t<\/div>\n\t\t\t\t\t\t<div class=\"c-card__media\">\n\t\t\t\t\t\t\t\t\t\t\t\t\t\t\t\t\t\t\t\t\t\t\t\t\t\t\t\t\t\t\t\t\t\t\t\t\t\t\t\t\t\t\t\t\t\t\t\t\t<img decoding=\"async\" src=\"https:\/\/montessorimondial.se\/wp-content\/uploads\/2020\/10\/montessorimondialavatar2.svg\" class=\"u-radius-round u-ratio-landscape  \" alt=\"\" sizes=\"(max-width: 300px) 100vw, 300px\" height=\"242\" width=\"242\" \/>\n\t\t\t\t\t\t<\/div>\n\t\t\t\t\t<\/article>\n\t\t\t\t<\/li>\n\t\t\t\t\t<\/ul>\n\n\t\t\n\t\t    <div class=\"ams-contact__more u-inline-items js-load-more-btn\">\n        <button href=\"#\"\n                class=\"c-btn\"\n                data-style=\"rounded\"\n                data-size=\"md\"\n                data-width=\"full-mobile\"\n                data-variant=\"outline\">\n        \tVisa mer\n        <\/button>\n    <\/div>\n\n\t\t\t<\/div>\n\n\t\t\n\n<\/section>\n\n\n<div   id=\"page-relative-menu\" class=\"site__font-monospace   container_width--full_width_conIcon   d-lg-none  \">\n\n\t\t\t\n<\/div>\n","protected":false},"excerpt":{"rendered":"<p>Elevh\u00e4lsa p\u00e5 Montessori Mondial Lund Vad g\u00f6r elevh\u00e4lsan? V\u00e5rt elevh\u00e4lsoteam p\u00e5 Montessori Mondial Lund best\u00e5r av en specialpedagog, speciall\u00e4rare, skolsk\u00f6terska, skolpsykolog, skoll\u00e4kare, skolkurator och v\u00e5r rektor Margaretha Eventh\u00e9n. Ett elevh\u00e4lsoteam finns p\u00e5 skolan med uppdraget att ge elever de resurser som beh\u00f6vs f\u00f6r att underl\u00e4tta och hj\u00e4lpa inl\u00e4rning och utveckling. Det inneb\u00e4r att du som&#8230;<\/p>\n","protected":false},"author":1,"featured_media":0,"parent":20,"menu_order":0,"comment_status":"closed","ping_status":"closed","template":"","meta":{"footnotes":""},"yoast_head":"<!-- This site is optimized with the Yoast SEO plugin v22.0 - https:\/\/yoast.com\/wordpress\/plugins\/seo\/ -->\n<title>Elevh\u00e4lsan p\u00e5 v\u00e5r skola | Montessori Mondial Lund<\/title>\n<meta name=\"description\" content=\"L\u00e4s om elevh\u00e4lsa p\u00e5 Montessori Mondial Lund, vi har samlat information om h\u00e4lsokontroller, sjukanm\u00e4lan och hur du kontaktar v\u00e5rt elevh\u00e4lsoteam.\" \/>\n<meta name=\"robots\" content=\"index, follow, max-snippet:-1, max-image-preview:large, max-video-preview:-1\" \/>\n<link rel=\"canonical\" href=\"https:\/\/montessorimondial.se\/lund\/om\/elevhalsa\/\" \/>\n<meta property=\"og:locale\" content=\"sv_SE\" \/>\n<meta property=\"og:type\" content=\"article\" \/>\n<meta property=\"og:title\" content=\"Elevh\u00e4lsan p\u00e5 v\u00e5r skola | Montessori Mondial Lund\" \/>\n<meta property=\"og:description\" content=\"L\u00e4s om elevh\u00e4lsa p\u00e5 Montessori Mondial Lund, vi har samlat information om h\u00e4lsokontroller, sjukanm\u00e4lan och hur du kontaktar v\u00e5rt elevh\u00e4lsoteam.\" \/>\n<meta property=\"og:url\" content=\"https:\/\/montessorimondial.se\/lund\/om\/elevhalsa\/\" \/>\n<meta property=\"og:site_name\" content=\"Lund\" \/>\n<meta property=\"article:modified_time\" content=\"2025-06-24T11:12:02+00:00\" \/>\n<meta name=\"twitter:card\" content=\"summary_large_image\" \/>\n<meta name=\"twitter:title\" content=\"Elevh\u00e4lsan p\u00e5 v\u00e5r skola | Montessori Mondial Lund\" \/>\n<meta name=\"twitter:description\" content=\"L\u00e4s om elevh\u00e4lsa p\u00e5 Montessori Mondial Lund, vi har samlat information om h\u00e4lsokontroller, sjukanm\u00e4lan och hur du kontaktar v\u00e5rt elevh\u00e4lsoteam.\" \/>\n<meta name=\"twitter:label1\" content=\"Ber\u00e4knad l\u00e4stid\" \/>\n\t<meta name=\"twitter:data1\" content=\"2 minuter\" \/>\n<script type=\"application\/ld+json\" class=\"yoast-schema-graph\">{\"@context\":\"https:\/\/schema.org\",\"@graph\":[{\"@type\":\"WebPage\",\"@id\":\"https:\/\/montessorimondial.se\/lund\/om\/elevhalsa\/\",\"url\":\"https:\/\/montessorimondial.se\/lund\/om\/elevhalsa\/\",\"name\":\"Elevh\u00e4lsan p\u00e5 v\u00e5r skola | Montessori Mondial Lund\",\"isPartOf\":{\"@id\":\"https:\/\/montessorimondial.se\/lund\/#website\"},\"datePublished\":\"2020-09-01T20:08:09+00:00\",\"dateModified\":\"2025-06-24T11:12:02+00:00\",\"description\":\"L\u00e4s om elevh\u00e4lsa p\u00e5 Montessori Mondial Lund, vi har samlat information om h\u00e4lsokontroller, sjukanm\u00e4lan och hur du kontaktar v\u00e5rt elevh\u00e4lsoteam.\",\"breadcrumb\":{\"@id\":\"https:\/\/montessorimondial.se\/lund\/om\/elevhalsa\/#breadcrumb\"},\"inLanguage\":\"sv-SE\",\"potentialAction\":[{\"@type\":\"ReadAction\",\"target\":[\"https:\/\/montessorimondial.se\/lund\/om\/elevhalsa\/\"]}]},{\"@type\":\"BreadcrumbList\",\"@id\":\"https:\/\/montessorimondial.se\/lund\/om\/elevhalsa\/#breadcrumb\",\"itemListElement\":[{\"@type\":\"ListItem\",\"position\":1,\"name\":\"Start\",\"item\":\"https:\/\/montessorimondial.se\/lund\/\"},{\"@type\":\"ListItem\",\"position\":2,\"name\":\"Om skolan\",\"item\":\"https:\/\/montessorimondial.se\/lund\/om\/\"},{\"@type\":\"ListItem\",\"position\":3,\"name\":\"Elevh\u00e4lsa\"}]},{\"@type\":\"WebSite\",\"@id\":\"https:\/\/montessorimondial.se\/lund\/#website\",\"url\":\"https:\/\/montessorimondial.se\/lund\/\",\"name\":\"Lund\",\"description\":\"Montessorimondial Lund\",\"potentialAction\":[{\"@type\":\"SearchAction\",\"target\":{\"@type\":\"EntryPoint\",\"urlTemplate\":\"https:\/\/montessorimondial.se\/lund\/?s={search_term_string}\"},\"query-input\":\"required name=search_term_string\"}],\"inLanguage\":\"sv-SE\"}]}<\/script>\n<!-- \/ Yoast SEO plugin. -->","yoast_head_json":{"title":"Elevh\u00e4lsan p\u00e5 v\u00e5r skola | Montessori Mondial Lund","description":"L\u00e4s om elevh\u00e4lsa p\u00e5 Montessori Mondial Lund, vi har samlat information om h\u00e4lsokontroller, sjukanm\u00e4lan och hur du kontaktar v\u00e5rt elevh\u00e4lsoteam.","robots":{"index":"index","follow":"follow","max-snippet":"max-snippet:-1","max-image-preview":"max-image-preview:large","max-video-preview":"max-video-preview:-1"},"canonical":"https:\/\/montessorimondial.se\/lund\/om\/elevhalsa\/","og_locale":"sv_SE","og_type":"article","og_title":"Elevh\u00e4lsan p\u00e5 v\u00e5r skola | Montessori Mondial Lund","og_description":"L\u00e4s om elevh\u00e4lsa p\u00e5 Montessori Mondial Lund, vi har samlat information om h\u00e4lsokontroller, sjukanm\u00e4lan och hur du kontaktar v\u00e5rt elevh\u00e4lsoteam.","og_url":"https:\/\/montessorimondial.se\/lund\/om\/elevhalsa\/","og_site_name":"Lund","article_modified_time":"2025-06-24T11:12:02+00:00","twitter_card":"summary_large_image","twitter_title":"Elevh\u00e4lsan p\u00e5 v\u00e5r skola | Montessori Mondial Lund","twitter_description":"L\u00e4s om elevh\u00e4lsa p\u00e5 Montessori Mondial Lund, vi har samlat information om h\u00e4lsokontroller, sjukanm\u00e4lan och hur du kontaktar v\u00e5rt elevh\u00e4lsoteam.","twitter_misc":{"Ber\u00e4knad l\u00e4stid":"2 minuter"},"schema":{"@context":"https:\/\/schema.org","@graph":[{"@type":"WebPage","@id":"https:\/\/montessorimondial.se\/lund\/om\/elevhalsa\/","url":"https:\/\/montessorimondial.se\/lund\/om\/elevhalsa\/","name":"Elevh\u00e4lsan p\u00e5 v\u00e5r skola | Montessori Mondial Lund","isPartOf":{"@id":"https:\/\/montessorimondial.se\/lund\/#website"},"datePublished":"2020-09-01T20:08:09+00:00","dateModified":"2025-06-24T11:12:02+00:00","description":"L\u00e4s om elevh\u00e4lsa p\u00e5 Montessori Mondial Lund, vi har samlat information om h\u00e4lsokontroller, sjukanm\u00e4lan och hur du kontaktar v\u00e5rt elevh\u00e4lsoteam.","breadcrumb":{"@id":"https:\/\/montessorimondial.se\/lund\/om\/elevhalsa\/#breadcrumb"},"inLanguage":"sv-SE","potentialAction":[{"@type":"ReadAction","target":["https:\/\/montessorimondial.se\/lund\/om\/elevhalsa\/"]}]},{"@type":"BreadcrumbList","@id":"https:\/\/montessorimondial.se\/lund\/om\/elevhalsa\/#breadcrumb","itemListElement":[{"@type":"ListItem","position":1,"name":"Start","item":"https:\/\/montessorimondial.se\/lund\/"},{"@type":"ListItem","position":2,"name":"Om skolan","item":"https:\/\/montessorimondial.se\/lund\/om\/"},{"@type":"ListItem","position":3,"name":"Elevh\u00e4lsa"}]},{"@type":"WebSite","@id":"https:\/\/montessorimondial.se\/lund\/#website","url":"https:\/\/montessorimondial.se\/lund\/","name":"Lund","description":"Montessorimondial Lund","potentialAction":[{"@type":"SearchAction","target":{"@type":"EntryPoint","urlTemplate":"https:\/\/montessorimondial.se\/lund\/?s={search_term_string}"},"query-input":"required name=search_term_string"}],"inLanguage":"sv-SE"}]}},"_links":{"self":[{"href":"https:\/\/montessorimondial.se\/lund\/wp-json\/wp\/v2\/pages\/30"}],"collection":[{"href":"https:\/\/montessorimondial.se\/lund\/wp-json\/wp\/v2\/pages"}],"about":[{"href":"https:\/\/montessorimondial.se\/lund\/wp-json\/wp\/v2\/types\/page"}],"author":[{"embeddable":true,"href":"https:\/\/montessorimondial.se\/lund\/wp-json\/wp\/v2\/users\/1"}],"replies":[{"embeddable":true,"href":"https:\/\/montessorimondial.se\/lund\/wp-json\/wp\/v2\/comments?post=30"}],"version-history":[{"count":9,"href":"https:\/\/montessorimondial.se\/lund\/wp-json\/wp\/v2\/pages\/30\/revisions"}],"predecessor-version":[{"id":1453,"href":"https:\/\/montessorimondial.se\/lund\/wp-json\/wp\/v2\/pages\/30\/revisions\/1453"}],"up":[{"embeddable":true,"href":"https:\/\/montessorimondial.se\/lund\/wp-json\/wp\/v2\/pages\/20"}],"wp:attachment":[{"href":"https:\/\/montessorimondial.se\/lund\/wp-json\/wp\/v2\/media?parent=30"}],"curies":[{"name":"wp","href":"https:\/\/api.w.org\/{rel}","templated":true}]}}