{"id":68,"date":"2020-09-07T16:30:20","date_gmt":"2020-09-07T14:30:20","guid":{"rendered":"https:\/\/montessorimondial.se\/kopieringsunderlag\/?page_id=68"},"modified":"2025-10-06T10:37:37","modified_gmt":"2025-10-06T08:37:37","slug":"en-del-av-academedia","status":"publish","type":"page","link":"https:\/\/montessorimondial.se\/lund\/om\/en-del-av-academedia\/","title":{"rendered":"En del av AcadeMedia"},"content":{"rendered":"\n<div class=\"wp-block-columns is-layout-flex wp-container-core-columns-layout-1 wp-block-columns-is-layout-flex\">\n<div class=\"wp-block-column is-layout-flow wp-block-column-is-layout-flow\" style=\"flex-basis:66.66%\">\n\t<div class=\"module_wrapper ams_remote_pages_module \">\n\t\t\t\t\t\t\t<div class=\"container core-heading\">\n\t\t\t\t\t\t<div class=\"row\">\n\t\t\t\t\t\t\t<div class=\"col-12\">\n\t\t\t\t\t\t\t\t\n<h1 class=\"wp-block-heading\">En del av AcadeMedia<\/h1>\n\t\t\t\t\t\t\t<\/div>\n\t\t\t\t\t\t<\/div>\n\t\t\t\t\t<\/div>\n\t\t\t\t\t\t\t\t\t\t<div class=\"container acf-preamble\">\n\t\t\t\t\t\t<div class=\"row\">\n\t\t\t\t\t\t\t<div class=\"col-12\">\n\t\t\t\t\t\t\t\t\n<p   class=\"site__ingress container text-left  site__text-color--dark  site__free_text--ingress p-0\">\n\tMontessori Mondial \u00e4r en del av AcadeMedia, Europas st\u00f6rsta utbildningsf\u00f6retag.<\/p>\n\n\n\t\t\t\t\t\t\t<\/div>\n\t\t\t\t\t\t<\/div>\n\t\t\t\t\t<\/div>\n\t\t\t\t\t\t\t\t\t\t<div class=\"container core-heading\">\n\t\t\t\t\t\t<div class=\"row\">\n\t\t\t\t\t\t\t<div class=\"col-12\">\n\t\t\t\t\t\t\t\t\n<h2 class=\"wp-block-heading\">Om AcadeMedia<\/h2>\n\t\t\t\t\t\t\t<\/div>\n\t\t\t\t\t\t<\/div>\n\t\t\t\t\t<\/div>\n\t\t\t\t\t\t\t\t\t\t<div class=\"container core-paragraph\">\n\t\t\t\t\t\t<div class=\"row\">\n\t\t\t\t\t\t\t<div class=\"col-12\">\n\t\t\t\t\t\t\t\t\n<p>AcadeMedia bedriver verksamheter i hela utbildningskedjan: f\u00f6rskola, grundskola, gymnasium och vuxenutbildning. Under ett \u00e5r g\u00e5r 104 000 f\u00f6rskolebarn och elever samt 100 000 vuxenstuderande i n\u00e5gon av AcadeMedias verksamheter. AcadeMedia har 21 000 medarbetare och \u00f6ver 800 f\u00f6rskolor, skolor, gymnasieskolor och vuxenutbildningsenheter i Sverige, Norge, Finland, Tyskland, Polen, Storbritannien och Nederl\u00e4nderna.&nbsp;<\/p>\n\t\t\t\t\t\t\t<\/div>\n\t\t\t\t\t\t<\/div>\n\t\t\t\t\t<\/div>\n\t\t\t\t\t\t\t\t\t\t<div class=\"container core-heading\">\n\t\t\t\t\t\t<div class=\"row\">\n\t\t\t\t\t\t\t<div class=\"col-12\">\n\t\t\t\t\t\t\t\t\n<h2 class=\"wp-block-heading\">S\u00e5 fungerar det fria skolvalet<\/h2>\n\t\t\t\t\t\t\t<\/div>\n\t\t\t\t\t\t<\/div>\n\t\t\t\t\t<\/div>\n\t\t\t\t\t\t\t\t\t\t<div class=\"container core-paragraph\">\n\t\t\t\t\t\t<div class=\"row\">\n\t\t\t\t\t\t\t<div class=\"col-12\">\n\t\t\t\t\t\t\t\t\n<p>Tack vare det fria skolvalet kan du sj\u00e4lv \u00f6nska vilken skola du vill att ditt barn ska g\u00e5 p\u00e5. Som v\u00e5rdnadshavare har du r\u00e4tt att s\u00f6ka till skolor som du anser skulle passa er ut\u00f6ver den n\u00e4rmaste kommunala skolan. Det \u00e4r m\u00f6jligt att s\u00f6ka till b\u00e5de frist\u00e5ende och kommunala skolor.<br><br>Vid val av skola f\u00e5r du m\u00f6jlighet att t\u00e4nka p\u00e5 vilken typ av skola, profil och pedagogik som skulle passa just er. Ett s\u00e4tt att l\u00e4ra k\u00e4nna skolan du \u00e4r intresserade av kan vara att l\u00e4sa mer p\u00e5 hemsidan eller bes\u00f6ka skolan p\u00e5 \u00f6ppet hus.<\/p>\n\t\t\t\t\t\t\t<\/div>\n\t\t\t\t\t\t<\/div>\n\t\t\t\t\t<\/div>\n\t\t\t\t\t\t\t\t\t\t<div class=\"container core-heading\">\n\t\t\t\t\t\t<div class=\"row\">\n\t\t\t\t\t\t\t<div class=\"col-12\">\n\t\t\t\t\t\t\t\t\n<h3 class=\"wp-block-heading\">Elevf\u00f6rs\u00e4kring<\/h3>\n\t\t\t\t\t\t\t<\/div>\n\t\t\t\t\t\t<\/div>\n\t\t\t\t\t<\/div>\n\t\t\t\t\t\t\t\t\t\t<div class=\"container core-paragraph\">\n\t\t\t\t\t\t<div class=\"row\">\n\t\t\t\t\t\t\t<div class=\"col-12\">\n\t\t\t\t\t\t\t\t\n<p>Elever p\u00e5 Montessori Mondial \u00e4r v\u00e4l f\u00f6rs\u00e4krade om olyckan skulle vara framme. AcadeMedias elevolycksfallsf\u00f6rs\u00e4kring g\u00e4ller fr\u00e5n terminens start, dygnet runt och \u00e5ret om, fram till den 1 september det \u00e5r eleven g\u00e5r ut grundskolan. P\u00e5 <a href=\"https:\/\/medarbetare.academedia.se\/grundskola\/forsakringar\/\" target=\"_blank\" rel=\"noreferrer noopener\">AcadeMedias hemsida<\/a> kan du l\u00e4sa mer om hur f\u00f6rs\u00e4kringen fungerar.\u00a0<\/p>\n\t\t\t\t\t\t\t<\/div>\n\t\t\t\t\t\t<\/div>\n\t\t\t\t\t<\/div>\n\t\t\t\t\t\n\t<div\n\t\tclass=\"module_wrapper video_module__bg container-fluid video_module \t\tglobal_body-color pt-5 pb-5\n\t\t\t\t\"\n\t\t\t>\n\t\t<div class=\"container\">\n\t\t\t\n\t\t\t\n\t\t\t\t\t\t\t<div class=\"row\">\n\t\t\t\t\t<div class=\"col-md-12\">\n\t\t\t\t\t\t<div class=\"video_module__wrapper cmb-30  \">\n\t\t\t\t\t\t\t<div class=\"embed-responsive embed-responsive-16by9\">\n\t\t\t\t\t\t\t\t<iframe title=\"Vimeo video player\" style=\"border-width:0px;\" class=\"embed-responsive-item\" src=\"https:\/\/player.vimeo.com\/video\/1119057392?h=b1406c43cd&#038;badge=0&#038;autopause=0&#038;player_id=0&#038;app_id=58479%22?title=0&#038;byline=0&#038;portrait=0&#038;muted=0&#038;autoplay=1\" allow=\"autoplay; fullscreen\" allowfullscreen><\/iframe>\t\t\t\t\t\t\t<\/div>\n\t\t\t\t\t\t<\/div>\n\t\t\t\t\t<\/div>\n\t\t\t\t<\/div>\n\t\t\t\t\t\t\t\t\t\t<div class=\"row\">\n\t\t\t\t\t<div class=\"offset-md-4 col-md-4 text-center mt-4 \">\n\t\t\t\t\t\t\t\t\t\t\t\t\t\t\t\t\t\t<a id=\"\"\n\t\t\t\tclass=\"btn text-center site__buttons-1 pt-2  btn-outline btn_outline__text-color_dark slightly-rounded-corners-btn-shape  slightly-rounded-corners-btn-shape position-relative ams_active_button_state_default\"\n\t\t\t\thref=\"https:\/\/academedia.se\/nyheter\/academedia-lanserar-filmserien-stark-som-foralder\/\"\n\t\t\t\ttitle=\"Filmserien Stark\"\n\t\t\t\ttarget=\"_self\"\n\t\t\t\trole=\"link\" >Filmserien Stark\t\t\t<\/a>\n\t\t\t\t\t\t\t\t\t\t<\/div>\n\t\t\t\t<\/div>\n\t\t\t\t\t<\/div>\n\t<\/div>\n\n\n\t<\/div>\n\n\t<\/div>\n\n\n\n<div class=\"wp-block-column is-layout-flow wp-block-column-is-layout-flow\" style=\"flex-basis:33.33%\">\n\t<div class=\"module_wrapper ams_remote_pages_module \">\n\t\t<style>\n@media only screen and (min-width: 600px) {\n\t}\n@media only screen and (max-width: 600px) {\n\t}\n<\/style>\n<div   class=\"ams-fragor  site__secondary-bg--25   ams-fragor-pfdivmrhihljjbyxxhdf\" >\n\t<p class=\"site__subheading-1  site__text-color  u-mb-2xs\">\n\t\tGrundskolor och integrerade f\u00f6rskolor inom AcadeMedia\t<\/p>\n   \t\t <div   class=\" site__text-color--dark  ams-fragor__namn\">\n\t\t\t\t\t\t<span class=\" ams-fragor__strong\">\n\t\t\t\t\t\t\t<\/span>\n\t\t<\/div>\n\t\t<div   class=\" site__text-color--dark  ams-fragor__utbildning\">\n\t\t\t\t\t\t<span class=\" ams-fragor__strong\">\n\t\t\t\t\t\t\t<\/span>\n\t\t<\/div>\n\t\t\t\t\t<ul>\n\t\t\t\t\t\t\t<li   class=\" site__text-color--dark  \" >\n\t\t\t\t\tF\u00e5r gymnasiebeh\u00f6righet:\t\t\t\t\t\t\t\t\t\t\t<span class=\"ams-fragor__strong\">\n\t\t\t\t\t\t\t90%\t\t\t\t\t\t<\/span>\n\t\t\t\t\t\t\t\t\t<\/li>\n\t\t\t\t\t\t\t<li   class=\" site__text-color--dark  \" >\n\t\t\t\t\tBarn och elever:\t\t\t\t\t\t\t\t\t\t\t<span class=\"ams-fragor__strong\">\n\t\t\t\t\t\t\t30 400\t\t\t\t\t\t<\/span>\n\t\t\t\t\t\t\t\t\t<\/li>\n\t\t\t\t\t\t\t<li   class=\" site__text-color--dark  \" >\n\t\t\t\t\tSkolenheter:\t\t\t\t\t\t\t\t\t\t\t<span class=\"ams-fragor__strong\">\n\t\t\t\t\t\t\t84\t\t\t\t\t\t<\/span>\n\t\t\t\t\t\t\t\t\t<\/li>\n\t\t\t\t\t\t\t<li   class=\" site__text-color--dark  \" >\n\t\t\t\t\tIntegrerade f\u00f6rskolor:\t\t\t\t\t\t\t\t\t\t\t<span class=\"ams-fragor__strong\">\n\t\t\t\t\t\t\t42\t\t\t\t\t\t<\/span>\n\t\t\t\t\t\t\t\t\t<\/li>\n\t\t\t\t\t\t\t<li   class=\" site__text-color--dark  \" >\n\t\t\t\t\tMedarbetare:\t\t\t\t\t\t\t\t\t\t\t<span class=\"ams-fragor__strong\">\n\t\t\t\t\t\t\t3 800\t\t\t\t\t\t<\/span>\n\t\t\t\t\t\t\t\t\t<\/li>\n\t\t\t\t\t<\/ul>\n\t\t\t<\/div>\n<script>\n\tamsFragor = function() {\n\t\tvar w = window.innerWidth;\n\t\tvar siteMain = document.getElementsByClassName(\"site-main\")[0]\n\t\tif(typeof siteMain !== 'undefined'){\n\t\t\tvar testimonial = siteMain.getElementsByClassName(\"testimonial_header_module\")[0]\n\t\t\tif(typeof testimonial !== 'undefined'){\n\t\t\t\tvar amsFragor = document.getElementsByClassName(\"ams-fragor\")\n\t\t\t\tfor(var i = 0; i < amsFragor.length; i++){\n\t\t\t\t\tif(w > 769 ){\n\t\t\t\t\t\tamsFragor[i].setAttribute('style', \"margin-top: 50px\");\n\t\t\t\t\t}else{\n\t\t\t\t\t\tamsFragor[i].setAttribute('style', \"margin-top: 0px\");\n\t\t\t\t\t}\n\t\t\t\t}\n\t\t\t}\n\t\t}\n\t};\n\tamsFragor();\n\twindow.addEventListener(\"resize\", amsFragor);\n<\/script>\n\t<\/div>\n\n\t<\/div>\n<\/div>\n\n\n<div   id=\"page-relative-menu\" class=\"site__font-monospace   container_width--full_width_conIcon   d-lg-none  \">\n\n\t\t\t\n<\/div>\n","protected":false},"excerpt":{"rendered":"","protected":false},"author":3,"featured_media":0,"parent":20,"menu_order":0,"comment_status":"closed","ping_status":"closed","template":"","meta":{"footnotes":""},"yoast_head":"<!-- This site is optimized with the Yoast SEO plugin v22.0 - https:\/\/yoast.com\/wordpress\/plugins\/seo\/ -->\n<title>En del av AcadeMedia | Montessori Mondial Lund<\/title>\n<meta name=\"description\" content=\"H\u00e4r kan du l\u00e4sa om att vi \u00e4r en del av AcadeMedia, som \u00e4ger Montessori Mondials skolor. Du hittar information om elevf\u00f6rs\u00e4kring och v\u00e5r utbildningsgaranti.\" \/>\n<meta name=\"robots\" content=\"index, follow, max-snippet:-1, max-image-preview:large, max-video-preview:-1\" \/>\n<link rel=\"canonical\" href=\"https:\/\/montessorimondial.se\/lund\/om\/en-del-av-academedia\/\" \/>\n<meta property=\"og:locale\" content=\"sv_SE\" \/>\n<meta property=\"og:type\" content=\"article\" \/>\n<meta property=\"og:title\" content=\"En del av AcadeMedia | Montessori Mondial Lund\" \/>\n<meta property=\"og:description\" content=\"H\u00e4r kan du l\u00e4sa om att vi \u00e4r en del av AcadeMedia, som \u00e4ger Montessori Mondials skolor. Du hittar information om elevf\u00f6rs\u00e4kring och v\u00e5r utbildningsgaranti.\" \/>\n<meta property=\"og:url\" content=\"https:\/\/montessorimondial.se\/lund\/om\/en-del-av-academedia\/\" \/>\n<meta property=\"og:site_name\" content=\"Lund\" \/>\n<meta property=\"article:modified_time\" content=\"2025-10-06T08:37:37+00:00\" \/>\n<meta name=\"twitter:card\" content=\"summary_large_image\" \/>\n<meta name=\"twitter:title\" content=\"En del av AcadeMedia | Montessori Mondial Lund\" \/>\n<meta name=\"twitter:description\" content=\"H\u00e4r kan du l\u00e4sa om att vi \u00e4r en del av AcadeMedia, som \u00e4ger Montessori Mondials skolor. Du hittar information om elevf\u00f6rs\u00e4kring och v\u00e5r utbildningsgaranti.\" \/>\n<script type=\"application\/ld+json\" class=\"yoast-schema-graph\">{\"@context\":\"https:\/\/schema.org\",\"@graph\":[{\"@type\":\"WebPage\",\"@id\":\"https:\/\/montessorimondial.se\/lund\/om\/en-del-av-academedia\/\",\"url\":\"https:\/\/montessorimondial.se\/lund\/om\/en-del-av-academedia\/\",\"name\":\"En del av AcadeMedia | Montessori Mondial Lund\",\"isPartOf\":{\"@id\":\"https:\/\/montessorimondial.se\/lund\/#website\"},\"datePublished\":\"2020-09-07T14:30:20+00:00\",\"dateModified\":\"2025-10-06T08:37:37+00:00\",\"description\":\"H\u00e4r kan du l\u00e4sa om att vi \u00e4r en del av AcadeMedia, som \u00e4ger Montessori Mondials skolor. Du hittar information om elevf\u00f6rs\u00e4kring och v\u00e5r utbildningsgaranti.\",\"breadcrumb\":{\"@id\":\"https:\/\/montessorimondial.se\/lund\/om\/en-del-av-academedia\/#breadcrumb\"},\"inLanguage\":\"sv-SE\",\"potentialAction\":[{\"@type\":\"ReadAction\",\"target\":[\"https:\/\/montessorimondial.se\/lund\/om\/en-del-av-academedia\/\"]}]},{\"@type\":\"BreadcrumbList\",\"@id\":\"https:\/\/montessorimondial.se\/lund\/om\/en-del-av-academedia\/#breadcrumb\",\"itemListElement\":[{\"@type\":\"ListItem\",\"position\":1,\"name\":\"Start\",\"item\":\"https:\/\/montessorimondial.se\/lund\/\"},{\"@type\":\"ListItem\",\"position\":2,\"name\":\"Om skolan\",\"item\":\"https:\/\/montessorimondial.se\/lund\/om\/\"},{\"@type\":\"ListItem\",\"position\":3,\"name\":\"En del av AcadeMedia\"}]},{\"@type\":\"WebSite\",\"@id\":\"https:\/\/montessorimondial.se\/lund\/#website\",\"url\":\"https:\/\/montessorimondial.se\/lund\/\",\"name\":\"Lund\",\"description\":\"Montessorimondial Lund\",\"potentialAction\":[{\"@type\":\"SearchAction\",\"target\":{\"@type\":\"EntryPoint\",\"urlTemplate\":\"https:\/\/montessorimondial.se\/lund\/?s={search_term_string}\"},\"query-input\":\"required name=search_term_string\"}],\"inLanguage\":\"sv-SE\"}]}<\/script>\n<!-- \/ Yoast SEO plugin. -->","yoast_head_json":{"title":"En del av AcadeMedia | Montessori Mondial Lund","description":"H\u00e4r kan du l\u00e4sa om att vi \u00e4r en del av AcadeMedia, som \u00e4ger Montessori Mondials skolor. Du hittar information om elevf\u00f6rs\u00e4kring och v\u00e5r utbildningsgaranti.","robots":{"index":"index","follow":"follow","max-snippet":"max-snippet:-1","max-image-preview":"max-image-preview:large","max-video-preview":"max-video-preview:-1"},"canonical":"https:\/\/montessorimondial.se\/lund\/om\/en-del-av-academedia\/","og_locale":"sv_SE","og_type":"article","og_title":"En del av AcadeMedia | Montessori Mondial Lund","og_description":"H\u00e4r kan du l\u00e4sa om att vi \u00e4r en del av AcadeMedia, som \u00e4ger Montessori Mondials skolor. Du hittar information om elevf\u00f6rs\u00e4kring och v\u00e5r utbildningsgaranti.","og_url":"https:\/\/montessorimondial.se\/lund\/om\/en-del-av-academedia\/","og_site_name":"Lund","article_modified_time":"2025-10-06T08:37:37+00:00","twitter_card":"summary_large_image","twitter_title":"En del av AcadeMedia | Montessori Mondial Lund","twitter_description":"H\u00e4r kan du l\u00e4sa om att vi \u00e4r en del av AcadeMedia, som \u00e4ger Montessori Mondials skolor. Du hittar information om elevf\u00f6rs\u00e4kring och v\u00e5r utbildningsgaranti.","schema":{"@context":"https:\/\/schema.org","@graph":[{"@type":"WebPage","@id":"https:\/\/montessorimondial.se\/lund\/om\/en-del-av-academedia\/","url":"https:\/\/montessorimondial.se\/lund\/om\/en-del-av-academedia\/","name":"En del av AcadeMedia | Montessori Mondial Lund","isPartOf":{"@id":"https:\/\/montessorimondial.se\/lund\/#website"},"datePublished":"2020-09-07T14:30:20+00:00","dateModified":"2025-10-06T08:37:37+00:00","description":"H\u00e4r kan du l\u00e4sa om att vi \u00e4r en del av AcadeMedia, som \u00e4ger Montessori Mondials skolor. Du hittar information om elevf\u00f6rs\u00e4kring och v\u00e5r utbildningsgaranti.","breadcrumb":{"@id":"https:\/\/montessorimondial.se\/lund\/om\/en-del-av-academedia\/#breadcrumb"},"inLanguage":"sv-SE","potentialAction":[{"@type":"ReadAction","target":["https:\/\/montessorimondial.se\/lund\/om\/en-del-av-academedia\/"]}]},{"@type":"BreadcrumbList","@id":"https:\/\/montessorimondial.se\/lund\/om\/en-del-av-academedia\/#breadcrumb","itemListElement":[{"@type":"ListItem","position":1,"name":"Start","item":"https:\/\/montessorimondial.se\/lund\/"},{"@type":"ListItem","position":2,"name":"Om skolan","item":"https:\/\/montessorimondial.se\/lund\/om\/"},{"@type":"ListItem","position":3,"name":"En del av AcadeMedia"}]},{"@type":"WebSite","@id":"https:\/\/montessorimondial.se\/lund\/#website","url":"https:\/\/montessorimondial.se\/lund\/","name":"Lund","description":"Montessorimondial Lund","potentialAction":[{"@type":"SearchAction","target":{"@type":"EntryPoint","urlTemplate":"https:\/\/montessorimondial.se\/lund\/?s={search_term_string}"},"query-input":"required name=search_term_string"}],"inLanguage":"sv-SE"}]}},"_links":{"self":[{"href":"https:\/\/montessorimondial.se\/lund\/wp-json\/wp\/v2\/pages\/68"}],"collection":[{"href":"https:\/\/montessorimondial.se\/lund\/wp-json\/wp\/v2\/pages"}],"about":[{"href":"https:\/\/montessorimondial.se\/lund\/wp-json\/wp\/v2\/types\/page"}],"author":[{"embeddable":true,"href":"https:\/\/montessorimondial.se\/lund\/wp-json\/wp\/v2\/users\/3"}],"replies":[{"embeddable":true,"href":"https:\/\/montessorimondial.se\/lund\/wp-json\/wp\/v2\/comments?post=68"}],"version-history":[{"count":10,"href":"https:\/\/montessorimondial.se\/lund\/wp-json\/wp\/v2\/pages\/68\/revisions"}],"predecessor-version":[{"id":1461,"href":"https:\/\/montessorimondial.se\/lund\/wp-json\/wp\/v2\/pages\/68\/revisions\/1461"}],"up":[{"embeddable":true,"href":"https:\/\/montessorimondial.se\/lund\/wp-json\/wp\/v2\/pages\/20"}],"wp:attachment":[{"href":"https:\/\/montessorimondial.se\/lund\/wp-json\/wp\/v2\/media?parent=68"}],"curies":[{"name":"wp","href":"https:\/\/api.w.org\/{rel}","templated":true}]}}