{"id":946,"date":"2022-02-23T08:36:56","date_gmt":"2022-02-23T07:36:56","guid":{"rendered":"https:\/\/montessorimondial.se\/lund\/?page_id=946"},"modified":"2024-02-26T09:23:38","modified_gmt":"2024-02-26T08:23:38","slug":"montessoripedagogik","status":"publish","type":"page","link":"https:\/\/montessorimondial.se\/lund\/montessoripedagogik\/","title":{"rendered":"Montessoripedagogik"},"content":{"rendered":"\n\t<div class=\"module_wrapper ams_remote_pages_module \">\n\t\t\t\t\t\t\t<div class=\"container core-columns\">\n\t\t\t\t\t\t<div class=\"row\">\n\t\t\t\t\t\t\t<div class=\"col-12\">\n\t\t\t\t\t\t\t\t\n<div class=\"wp-block-columns is-layout-flex wp-container-core-columns-layout-1 wp-block-columns-is-layout-flex\">\n<div class=\"wp-block-column is-layout-flow wp-block-column-is-layout-flow\">\n<h1 class=\"wp-block-heading\">Vad \u00e4r montessori\u00adpedagogik?<\/h1>\n\n\n\n<p>K\u00e4rnan i montessoripedagogik \u00e4r att ta vara p\u00e5 barnets nyfikenhet och deras eget driv att pr\u00f6va p\u00e5 och l\u00e4ra sig nya saker. Barnen har l\u00e4ngre arbetspass d\u00e4r de uppmuntras att sj\u00e4lva v\u00e4lja vad de vill l\u00e4ra sig och arbeta med inom \u00e4mnen i kursplanen. Med hj\u00e4lp av olika montessorimaterial f\u00e5r de inspiration \u2013 det kan vara allt fr\u00e5n geometriska figurer och pussel till material som l\u00e5ter barnet tr\u00e4na sina sinnen.&nbsp;<\/p>\n\n\n\n<p>Inom montessoriskolan finns l\u00e4raren d\u00e4r f\u00f6r att guida genom de f\u00f6rsta f\u00f6rs\u00f6ken men l\u00e5ter d\u00e4refter barnet l\u00e4ra sig p\u00e5 egen hand. Genom att f\u00f6lja sin egen drivkraft l\u00e4r sig barnet p\u00e5 ett mer lustfyllt s\u00e4tt som ocks\u00e5 utmanar och utvecklar det egna initiativ- och ansvarstagandet.&nbsp;<\/p>\n\n\n\n<h2 class=\"wp-block-heading\">Montessori\u00adpedagogiken p\u00e5 v\u00e5r skola<\/h2>\n\n\n\n<p>Inom Montessori Mondial har vi f\u00f6rt samman Maria Montessoris pedagogik och metoder med nutida forskning kring l\u00e4randet. Vi utg\u00e5r alltid fr\u00e5n tre perspektiv: eleven, l\u00e4raren och milj\u00f6n. Utifr\u00e5n dessa perspektiv har vi utvecklat v\u00e5rt gemensamma f\u00f6rh\u00e5llningss\u00e4tt inom sju grundl\u00e4ggande omr\u00e5den. V\u00e5ra grundomr\u00e5den h\u00e5ller ihop i en r\u00f6d tr\u00e5d f\u00f6r ett optimalt l\u00e4rande och \u00e4r sj\u00e4lvklara delar i v\u00e5r skola.<\/p>\n\n\n\n<p>H\u00e4r nedan f\u00f6rklarar vi hur vi p\u00e5 Montessori Mondial arbetar med olika omr\u00e5den inom montessoripedagogiken!<\/p>\n<\/div>\n\n\n\n<div class=\"wp-block-column is-layout-flow wp-block-column-is-layout-flow\">\t<div\n\t\t class=\"container-fluid images-module\" >\n\t\t<div class=\"row my-2\">\n\t\t\t<div class=\"col-md-12 images_module__img_r images_module__content_spacing_img_r_m  images-module__color-plate-right-bg_site__secondary-bg--100 \">\n\t\t\t\t<div class=\"position-relative text-right\">\n\t\t\t\t\t<div class=\"images__wrapper\" style=\"float:right; max-width: 440px; max-height: 494px;\">\n\t\t\t\t\t\t<img decoding=\"async\" width=\"2048\" height=\"1365\" src=\"https:\/\/montessorimondial.se\/wp-content\/uploads\/2022\/02\/montessori-mondialmalarhojden202305-2028052.jpg\" class=\"d-block images__image_ratio animate__animated animate__fadeIn \" alt=\"Pedagog st\u00e5r bakom tv\u00e5 elever och hj\u00e4lper den ena med skolarbete\" style=\"aspect-ratio: 440 \/ 494;object-position: center center;\" srcset=\"https:\/\/montessorimondial.se\/wp-content\/uploads\/2022\/02\/montessori-mondialmalarhojden202305-2028052.jpg 2048w, https:\/\/montessorimondial.se\/wp-content\/uploads\/2022\/02\/montessori-mondialmalarhojden202305-2028052-300x200.jpg 300w, https:\/\/montessorimondial.se\/wp-content\/uploads\/2022\/02\/montessori-mondialmalarhojden202305-2028052-400x267.jpg 400w, https:\/\/montessorimondial.se\/wp-content\/uploads\/2022\/02\/montessori-mondialmalarhojden202305-2028052-600x400.jpg 600w, https:\/\/montessorimondial.se\/wp-content\/uploads\/2022\/02\/montessori-mondialmalarhojden202305-2028052-800x533.jpg 800w, https:\/\/montessorimondial.se\/wp-content\/uploads\/2022\/02\/montessori-mondialmalarhojden202305-2028052-1024x683.jpg 1024w, https:\/\/montessorimondial.se\/wp-content\/uploads\/2022\/02\/montessori-mondialmalarhojden202305-2028052-1200x800.jpg 1200w\" sizes=\"(max-width: 2048px) 100vw, 2048px\" \/>\t\t\t\t\t<\/div>\n\t\t\t\t\t<div style=\"clear:both;\">\n\t\t\t\t\t\t\n\t\t\t\t\t\t\t\t\t\t\t<\/div>\n\t\t\t\t<\/div>\n\t\t\t<\/div>\n\t\t<\/div>\n\t<\/div>\n\t\n\n\n<script>\n\tvar images_display_descriptive_text = \"\";\n<\/script>\n<\/div>\n<\/div>\n\t\t\t\t\t\t\t<\/div>\n\t\t\t\t\t\t<\/div>\n\t\t\t\t\t<\/div>\n\t\t\t\t\t\n\t\n\t\n\t\n\n\t\n\t\n\t\t\n<section  class=\"c-block l-stacked  \" data-color-scheme=\"beige\">\n\t<div class=\"ams-fifty ams-fifty--container ams-fifty--left ams-fifty--bottom l-container u-pt-fluid-3xl-6xl u-pb-fluid-3xl-6xl\">\n\t\t<div class=\"ams-fifty__content l-stack l-stack-xl is-left is-left@lg\">\n\t\t\t<div class=\"ams-fifty__text l-stack l-stack-lg\">\n\t\t\t\t\t\n\t<h2\n\tclass=\"c-heading u-font-title-1 \"\n\tstyle=\"\">\n\t\t\n\t\t\t\t\tDen f\u00f6rberedda montessori\u00admilj\u00f6n\n\t\t\t\t\n\t<\/h2>\n\n\t\t\t\t\t\t\t\t\t<div class=\"text l-stack u-font-body\">\n\t\t\t\t\t\t<p>En f\u00f6rberedd och bra utformad milj\u00f6 \u00e4r viktigt i en montessoriskola. Elever hos oss f\u00e5r utvecklas i moderna och inspirerande milj\u00f6er d\u00e4r de har tillg\u00e5ng till olika arbetsplatser som uppmuntrar till att utforska och experimentera. Rummen \u00e4r utrustade med hyllor och bord i r\u00e4tt h\u00f6jd, vilket g\u00f6r att material \u00e4r l\u00e4ttillg\u00e4ngligt. Samtidigt l\u00e4r sig eleverna att var sak har sin plats och l\u00e4ggs tillbaka efter anv\u00e4ndning.<\/p>\n\n\t\t\t\t\t<\/div>\n\t\t\t\t\t\t\t<\/div>\n\n\t\t\t\t\t<\/div>\n\n\t\t <div class=\"ams-fifty__media u-ratio-widescreen\">\n\t\t \t\n\t\t\t\n\t\t\t\t\t\t\t<lite-youtube videoid=\"U_znhBk96Sk\" style=\"background-image: url('https:\/\/i.ytimg.com\/vi\/U_znhBk96Sk\/hqdefault.jpg');\">\n\t\t\t\t\t\t<button href=\"https:\/\/youtube.com\/watch?v=U_znhBk96Sk\" class=\"lty-playbtn\" title=\"Play Video\">\n\t\t\t\t\t\t\t<span class=\"lyt-visually-hidden\">Play Video<\/span>\n\t\t\t\t\t\t<\/button>\n\t\t\t\t\t<\/lite-youtube>\n\t\t\t\t\t<\/div>\n\t<\/div>\n\n\t\t\n\n<\/section>\n\n\t\n\t\n\t\n\n\t\n\t\n\t\t\n<section  class=\"c-block l-stacked  \" data-color-scheme=\"beige\">\n\t<div class=\"ams-fifty ams-fifty--container ams-fifty--left ams-fifty--bottom l-container u-pt-fluid-None u-pb-fluid-3xl-6xl\">\n\t\t<div class=\"ams-fifty__content l-stack l-stack-xl is-left is-left@lg\">\n\t\t\t<div class=\"ams-fifty__text l-stack l-stack-lg\">\n\t\t\t\t\t\n\t<h2\n\tclass=\"c-heading u-font-title-1 \"\n\tstyle=\"\">\n\t\t\n\t\t\t\t\tFrihet under ansvar\n\t\t\t\t\n\t<\/h2>\n\n\t\t\t\t\t\t\t\t\t<div class=\"text l-stack u-font-body\">\n\t\t\t\t\t\t<p>Att arbeta fritt och ha inflytande \u00f6ver sin l\u00e4rprocess \u00e4r en central del inom montessoripedagogiken. V\u00e5ra elever har inflytande kring sitt eget l\u00e4rande och arbetar med egna individuella planeringar d\u00e4r de g\u00f6r avgr\u00e4nsade val med st\u00f6d av l\u00e4raren utifr\u00e5n intresse och behov, vilket bidrar till elevernas sj\u00e4lvst\u00e4ndighet.<\/p>\n<p>Genom att vi anv\u00e4nder oss av l\u00e4ngre obrutna arbetspass v\u00e4rnar vi om koncentrationen och l\u00e5ter eleverna planera sin egen lektionstid med mindre raster under passen.<\/p>\n\n\t\t\t\t\t<\/div>\n\t\t\t\t\t\t\t<\/div>\n\n\t\t\t\t\t<\/div>\n\n\t\t <div class=\"ams-fifty__media u-ratio-widescreen\">\n\t\t \t\n\t\t\t\n\t\t\t\t\t\t\t<lite-youtube videoid=\"stv-R37sYss\" style=\"background-image: url('https:\/\/i.ytimg.com\/vi\/stv-R37sYss\/hqdefault.jpg');\">\n\t\t\t\t\t\t<button href=\"https:\/\/youtube.com\/watch?v=stv-R37sYss\" class=\"lty-playbtn\" title=\"Play Video\">\n\t\t\t\t\t\t\t<span class=\"lyt-visually-hidden\">Play Video<\/span>\n\t\t\t\t\t\t<\/button>\n\t\t\t\t\t<\/lite-youtube>\n\t\t\t\t\t<\/div>\n\t<\/div>\n\n\t\t\n\n<\/section>\n\n\t\n\t\n\t\n\n\t\n\t\n\t\t\n<section  class=\"c-block l-stacked  \" data-color-scheme=\"beige\">\n\t<div class=\"ams-fifty ams-fifty--container ams-fifty--left ams-fifty--bottom l-container u-pt-fluid-None u-pb-fluid-3xl-6xl\">\n\t\t<div class=\"ams-fifty__content l-stack l-stack-xl is-left is-left@lg\">\n\t\t\t<div class=\"ams-fifty__text l-stack l-stack-lg\">\n\t\t\t\t\t\n\t<h2\n\tclass=\"c-heading u-font-title-1 \"\n\tstyle=\"\">\n\t\t\n\t\t\t\t\tL\u00e4rarens roll och ansvarsomr\u00e5den\n\t\t\t\t\n\t<\/h2>\n\n\t\t\t\t\t\t\t\t\t<div class=\"text l-stack u-font-body\">\n\t\t\t\t\t\t<p>Montessoril\u00e4raren har ansvar f\u00f6r att v\u00e4cka elevernas intresse, underl\u00e4tta f\u00f6r dem att sj\u00e4lva s\u00f6ka kunskap, samt se till att de fritt kan l\u00f6sa sina uppgifter. L\u00e4rarnas roll i en montessoriskola kan kort sammanfattas som att de \u201dl\u00e4r eleven l\u00e4ra sig sj\u00e4lv\u201d vilket de g\u00f6r genom att v\u00e4gleda och utmana till att t\u00e4nka nytt. P\u00e5 s\u00e5 s\u00e4tt l\u00e4r vi ocks\u00e5 eleverna att tro p\u00e5 sig sj\u00e4lva och lita till sina egna f\u00f6rm\u00e5gor. Det \u00e4r den b\u00e4sta grunden f\u00f6r ett livsl\u00e5ngt l\u00e4rande.<\/p>\n\n\t\t\t\t\t<\/div>\n\t\t\t\t\t\t\t<\/div>\n\n\t\t\t\t\t<\/div>\n\n\t\t <div class=\"ams-fifty__media u-ratio-widescreen\">\n\t\t \t\n\t\t\t\n\t\t\t\t\t\t\t<lite-youtube videoid=\"I-CDC2XeFxw\" style=\"background-image: url('https:\/\/i.ytimg.com\/vi\/I-CDC2XeFxw\/hqdefault.jpg');\">\n\t\t\t\t\t\t<button href=\"https:\/\/youtube.com\/watch?v=I-CDC2XeFxw\" class=\"lty-playbtn\" title=\"Play Video\">\n\t\t\t\t\t\t\t<span class=\"lyt-visually-hidden\">Play Video<\/span>\n\t\t\t\t\t\t<\/button>\n\t\t\t\t\t<\/lite-youtube>\n\t\t\t\t\t<\/div>\n\t<\/div>\n\n\t\t\n\n<\/section>\n\n\t\n\t\n\t\n\n\t\n\t\n\t\t\n<section  class=\"c-block l-stacked  \" data-color-scheme=\"beige\">\n\t<div class=\"ams-fifty ams-fifty--container ams-fifty--left ams-fifty--bottom l-container u-pt-fluid-None u-pb-fluid-3xl-6xl\">\n\t\t<div class=\"ams-fifty__content l-stack l-stack-xl is-left is-left@lg\">\n\t\t\t<div class=\"ams-fifty__text l-stack l-stack-lg\">\n\t\t\t\t\t\n\t<h2\n\tclass=\"c-heading u-font-title-1 \"\n\tstyle=\"\">\n\t\t\n\t\t\t\t\tIntresse och motivation\n\t\t\t\t\n\t<\/h2>\n\n\t\t\t\t\t\t\t\t\t<div class=\"text l-stack u-font-body\">\n\t\t\t\t\t\t<p>Vi l\u00e5ter eleverna uppt\u00e4cka kraften i att l\u00e4ra genom att de sj\u00e4lva f\u00e5r unders\u00f6ka och experimentera. Vi arbetar b\u00e5de med fysiskt och digitalt material f\u00f6r att utmana eleverna samt st\u00f6dja l\u00e4randet. Vi tar \u00e4ven med skolan ut i samh\u00e4llet genom studieutflykter som eleverna sj\u00e4lva \u00e4r med och planerar.<\/p>\n\n\t\t\t\t\t<\/div>\n\t\t\t\t\t\t\t<\/div>\n\n\t\t\t\t\t<\/div>\n\n\t\t <div class=\"ams-fifty__media u-ratio-widescreen\">\n\t\t \t\n\t\t\t\n\t\t\t\t\t\t\t<lite-youtube videoid=\"FBHPsF18WZY\" style=\"background-image: url('https:\/\/i.ytimg.com\/vi\/FBHPsF18WZY\/hqdefault.jpg');\">\n\t\t\t\t\t\t<button href=\"https:\/\/youtube.com\/watch?v=FBHPsF18WZY\" class=\"lty-playbtn\" title=\"Play Video\">\n\t\t\t\t\t\t\t<span class=\"lyt-visually-hidden\">Play Video<\/span>\n\t\t\t\t\t\t<\/button>\n\t\t\t\t\t<\/lite-youtube>\n\t\t\t\t\t<\/div>\n\t<\/div>\n\n\t\t\n\n<\/section>\n\n\t\n\t\n\t\n\n\t\n\t\n\t\t\n<section  class=\"c-block l-stacked  \" data-color-scheme=\"beige\">\n\t<div class=\"ams-fifty ams-fifty--container ams-fifty--left ams-fifty--bottom l-container u-pt-fluid-None u-pb-fluid-3xl-6xl\">\n\t\t<div class=\"ams-fifty__content l-stack l-stack-xl is-left is-left@lg\">\n\t\t\t<div class=\"ams-fifty__text l-stack l-stack-lg\">\n\t\t\t\t\t\n\t<h2\n\tclass=\"c-heading u-font-title-1 \"\n\tstyle=\"\">\n\t\t\n\t\t\t\t\tL\u00e4rande i meningsfulla sammanhang\n\t\t\t\t\n\t<\/h2>\n\n\t\t\t\t\t\t\t\t\t<div class=\"text l-stack u-font-body\">\n\t\t\t\t\t\t<p>Vi har ett globalt perspektiv i v\u00e5rt arbete. Med detta vill vi stimulera den personliga, sociala och mondiala utvecklingen hos eleverna. Eleverna l\u00e4r sig v\u00e4rna om v\u00e5r milj\u00f6 och varandra. Montessoripedagogiken genomsyras av fredstanken och vi uppmuntrar d\u00e4rf\u00f6r till ett engagemang f\u00f6r fred och h\u00e5llbarhet i v\u00e5r undervisning.<\/p>\n\n\t\t\t\t\t<\/div>\n\t\t\t\t\t\t\t<\/div>\n\n\t\t\t\t\t<\/div>\n\n\t\t <div class=\"ams-fifty__media u-ratio-widescreen\">\n\t\t \t\n\t\t\t\n\t\t\t\t\t\t\t<lite-youtube videoid=\"mgQAK1o7oFM\" style=\"background-image: url('https:\/\/i.ytimg.com\/vi\/mgQAK1o7oFM\/hqdefault.jpg');\">\n\t\t\t\t\t\t<button href=\"https:\/\/youtube.com\/watch?v=mgQAK1o7oFM\" class=\"lty-playbtn\" title=\"Play Video\">\n\t\t\t\t\t\t\t<span class=\"lyt-visually-hidden\">Play Video<\/span>\n\t\t\t\t\t\t<\/button>\n\t\t\t\t\t<\/lite-youtube>\n\t\t\t\t\t<\/div>\n\t<\/div>\n\n\t\t\n\n<\/section>\n\n\t\n\t\n\t\n\n\t\n\t\n\t\t\n<section  class=\"c-block l-stacked  \" data-color-scheme=\"beige\">\n\t<div class=\"ams-fifty ams-fifty--container ams-fifty--left ams-fifty--bottom l-container u-pt-fluid-None u-pb-fluid-3xl-6xl\">\n\t\t<div class=\"ams-fifty__content l-stack l-stack-xl is-left is-left@lg\">\n\t\t\t<div class=\"ams-fifty__text l-stack l-stack-lg\">\n\t\t\t\t\t\n\t<h2\n\tclass=\"c-heading u-font-title-1 \"\n\tstyle=\"\">\n\t\t\n\t\t\t\t\t\u00c5ldersblandad undervisning\n\t\t\t\t\n\t<\/h2>\n\n\t\t\t\t\t\t\t\t\t<div class=\"text l-stack u-font-body\">\n\t\t\t\t\t\t<p>I v\u00e5r montessoriskola arbetar vi aktivt och p\u00e5 olika vis med gr\u00e4ns\u00f6verskridande undervisning. Det kan vara s\u00e5v\u00e4l \u00e5rskurs- som \u00e5ldersm\u00e4ssigt och inom olika \u00e4mnen. Olika \u00e5ldrar i undervisningen motiverar eleverna och v\u00e4cker deras nyfikenhet och kan p\u00e5 s\u00e5 s\u00e4tt bidra till att driva l\u00e4randet mot h\u00f6gre resultat.<\/p>\n\n\t\t\t\t\t<\/div>\n\t\t\t\t\t\t\t<\/div>\n\n\t\t\t\t\t<\/div>\n\n\t\t <div class=\"ams-fifty__media u-ratio-widescreen\">\n\t\t \t\n\t\t\t\n\t\t\t\t\t\t\t<lite-youtube videoid=\"m5f6aNf_zaw\" style=\"background-image: url('https:\/\/i.ytimg.com\/vi\/m5f6aNf_zaw\/hqdefault.jpg');\">\n\t\t\t\t\t\t<button href=\"https:\/\/youtube.com\/watch?v=m5f6aNf_zaw\" class=\"lty-playbtn\" title=\"Play Video\">\n\t\t\t\t\t\t\t<span class=\"lyt-visually-hidden\">Play Video<\/span>\n\t\t\t\t\t\t<\/button>\n\t\t\t\t\t<\/lite-youtube>\n\t\t\t\t\t<\/div>\n\t<\/div>\n\n\t\t\n\n<\/section>\n\n\t\n\t\n\t\n\n\t\n\t\n\t\t\n<section  class=\"c-block l-stacked  \" data-color-scheme=\"beige\">\n\t<div class=\"ams-fifty ams-fifty--container ams-fifty--left ams-fifty--bottom l-container u-pt-fluid-None u-pb-fluid-3xl-6xl\">\n\t\t<div class=\"ams-fifty__content l-stack l-stack-xl is-left is-left@lg\">\n\t\t\t<div class=\"ams-fifty__text l-stack l-stack-lg\">\n\t\t\t\t\t\n\t<h2\n\tclass=\"c-heading u-font-title-1 \"\n\tstyle=\"\">\n\t\t\n\t\t\t\t\tR\u00f6relse och kognition\n\t\t\t\t\n\t<\/h2>\n\n\t\t\t\t\t\t\t\t\t<div class=\"text l-stack u-font-body\">\n\t\t\t\t\t\t<p>Eftersom r\u00f6relse \u00e4r viktigt f\u00f6r b\u00e5de kropp, l\u00e4rande och motivation s\u00e5 uppmanar vi v\u00e5ra elever att ta r\u00f6relsepauser \u00e4ven under lektionstid. Genom m\u00f6jligheten att byta plats under arbetspass kan eleven hitta den plats som gynnar deras inl\u00e4rning b\u00e4st.<\/p>\n\n\t\t\t\t\t<\/div>\n\t\t\t\t\t\t\t<\/div>\n\n\t\t\t\t\t<\/div>\n\n\t\t <div class=\"ams-fifty__media u-ratio-widescreen\">\n\t\t \t\n\t\t\t\n\t\t\t\t\t\t\t<lite-youtube videoid=\"5DmiMUrI7zk\" style=\"background-image: url('https:\/\/i.ytimg.com\/vi\/5DmiMUrI7zk\/hqdefault.jpg');\">\n\t\t\t\t\t\t<button href=\"https:\/\/youtube.com\/watch?v=5DmiMUrI7zk\" class=\"lty-playbtn\" title=\"Play Video\">\n\t\t\t\t\t\t\t<span class=\"lyt-visually-hidden\">Play Video<\/span>\n\t\t\t\t\t\t<\/button>\n\t\t\t\t\t<\/lite-youtube>\n\t\t\t\t\t<\/div>\n\t<\/div>\n\n\t\t\n\n<\/section>\n\t<\/div>\n\n\t\n\n\n\t<div class=\"module_wrapper ams_remote_pages_module \">\n\t\t\n\n<section  class=\"ams-cta ams-cta--stacked c-block l-stacked\" data-color-scheme=\"ljuslila\">\n\t<div class=\"l-container-narrow l-stack l-stack-fluid-2xl u-pt-fluid-3xl-6xl u-pb-fluid-3xl-6xl is-center is-center@md\">\n\t\t\t\t\t<div class=\"ams-cta__intro l-stack l-stack-lg\">\n\t\t\t\t\t\n\t<h2\n\tclass=\"c-heading u-font-title-1 \"\n\tstyle=\"\">\n\t\t\n\t\t\t\t\tVill du st\u00e4lla ditt barn i k\u00f6 hos oss?\n\t\t\t\t\n\t<\/h2>\n\n\t\t\t\t\t\t\t\t\t<div class=\"c-text l-stack u-cs-xl u-font-body\">\n\t\t\t\t\t\t<p>L\u00e4s mer om k\u00f6anm\u00e4lan och st\u00e4ll ditt barn i k\u00f6 till Montessori Mondial Lund.<\/p>\n\n\t\t\t\t\t<\/div>\n\t\t\t\t\t\t\t<\/div>\n\t\t\n\t\t\n\t\t\t<div class=\"ams-cta__action u-inline-items\">\n\t\t\t\t\t\t\t\n\n\n<a href=\"https:\/\/montessorimondial.se\/lund\/koanmalan\/\"\n\t\n\tclass=\"c-btn \"\n\tdata-style=\"rounded\"\n\tdata-size=\"md\"\n\tdata-width=\"full-mobile\"\n\tdata-variant=\"default\"\n\ttarget=\"_self\">\n\t\t\t<span class=\"label\"> Till k\u00f6anm\u00e4lan<\/span>\n\t\t\t<\/a>\n\t\t\t<\/div>\n\t<\/div>\n\n\t\t\n\t\t\t\n\t\t\t\t\t\t\t\n\t\t\t\t<div class=\"c-bg c-bg--img\" data-settings=\"{&quot;desktop_settings&quot;:{&quot;size&quot;:&quot;auto&quot;,&quot;position&quot;:&quot;bottom-right&quot;},&quot;mobile_settings&quot;:{&quot;size&quot;:&quot;auto&quot;,&quot;position&quot;:&quot;bottom-right&quot;}}\" data-position=\"middle-center\" data-size=\"cover\">\n\t\t\t<picture><source media=\"(min-width: 48em)\" srcset=\"https:\/\/montessorimondial.se\/wp-content\/uploads\/sites\/11\/2024\/02\/montessori-mondial-kvartscirkel-lila-hoger-botten-150x150-1.png\" sizes=\"(max-width: 150px) 100vw, 150px\" \/><source srcset=\"https:\/\/montessorimondial.se\/wp-content\/uploads\/sites\/11\/2024\/02\/montessori-mondial-kvartscirkel-lila-hoger-botten-75x75-1.png\" sizes=\"(max-width: 75px) 100vw, 75px\" \/><img decoding=\"async\" width=\"150\" height=\"150\" src=\"https:\/\/montessorimondial.se\/wp-content\/uploads\/sites\/11\/2024\/02\/montessori-mondial-kvartscirkel-lila-hoger-botten-150x150-1.png\" class=\"attachment-hero-lg size-hero-lg\" alt=\"Geometrisk form.\" sizes=\"(max-width: 150px) 100vw, 150px\" \/><\/picture>\n\t\t<\/div>\n\t\t\t\n\t\t\t\t\t\t\t\n\t\t\t\t<div class=\"c-bg c-bg--img\" data-settings=\"{&quot;desktop_settings&quot;:{&quot;size&quot;:&quot;auto&quot;,&quot;position&quot;:&quot;top-left&quot;},&quot;mobile_settings&quot;:{&quot;size&quot;:&quot;auto&quot;,&quot;position&quot;:&quot;top-left&quot;}}\" data-position=\"middle-center\" data-size=\"cover\">\n\t\t\t<picture><source media=\"(min-width: 48em)\" srcset=\"https:\/\/montessorimondial.se\/wp-content\/uploads\/sites\/11\/2024\/02\/montessori-mondial-triangel-orange-vanster-topp-150x150-1.png\" sizes=\"(max-width: 150px) 100vw, 150px\" \/><source srcset=\"https:\/\/montessorimondial.se\/wp-content\/uploads\/sites\/11\/2024\/02\/montessori-mondial-triangel-orange-vanster-topp-75x75-1.png\" sizes=\"(max-width: 75px) 100vw, 75px\" \/><img decoding=\"async\" width=\"150\" height=\"150\" src=\"https:\/\/montessorimondial.se\/wp-content\/uploads\/sites\/11\/2024\/02\/montessori-mondial-triangel-orange-vanster-topp-150x150-1.png\" class=\"attachment-hero-lg size-hero-lg\" alt=\"Geometrisk form.\" sizes=\"(max-width: 150px) 100vw, 150px\" \/><\/picture>\n\t\t<\/div>\n\t\n<\/section>\n\t<\/div>\n\n\t","protected":false},"excerpt":{"rendered":"","protected":false},"author":23,"featured_media":0,"parent":0,"menu_order":0,"comment_status":"closed","ping_status":"closed","template":"","meta":{"footnotes":""},"yoast_head":"<!-- This site is optimized with the Yoast SEO plugin v22.0 - https:\/\/yoast.com\/wordpress\/plugins\/seo\/ -->\n<title>Lund<\/title>\n<meta name=\"robots\" content=\"noindex, nofollow\" \/>\n<meta property=\"og:locale\" content=\"sv_SE\" \/>\n<meta property=\"og:type\" content=\"article\" \/>\n<meta property=\"og:url\" content=\"https:\/\/montessorimondial.se\/lund\/montessoripedagogik\/\" \/>\n<meta property=\"og:site_name\" content=\"Lund\" \/>\n<meta property=\"article:modified_time\" content=\"2024-02-26T08:23:38+00:00\" \/>\n<meta name=\"twitter:card\" content=\"summary_large_image\" \/>\n<script type=\"application\/ld+json\" class=\"yoast-schema-graph\">{\"@context\":\"https:\/\/schema.org\",\"@graph\":[{\"@type\":\"WebPage\",\"@id\":\"https:\/\/montessorimondial.se\/lund\/montessoripedagogik\/\",\"url\":\"https:\/\/montessorimondial.se\/lund\/montessoripedagogik\/\",\"name\":\"Montessoripedagogik - Lund\",\"isPartOf\":{\"@id\":\"https:\/\/montessorimondial.se\/lund\/#website\"},\"datePublished\":\"2022-02-23T07:36:56+00:00\",\"dateModified\":\"2024-02-26T08:23:38+00:00\",\"breadcrumb\":{\"@id\":\"https:\/\/montessorimondial.se\/lund\/montessoripedagogik\/#breadcrumb\"},\"inLanguage\":\"sv-SE\",\"potentialAction\":[{\"@type\":\"ReadAction\",\"target\":[\"https:\/\/montessorimondial.se\/lund\/montessoripedagogik\/\"]}]},{\"@type\":\"BreadcrumbList\",\"@id\":\"https:\/\/montessorimondial.se\/lund\/montessoripedagogik\/#breadcrumb\",\"itemListElement\":[{\"@type\":\"ListItem\",\"position\":1,\"name\":\"Start\",\"item\":\"https:\/\/montessorimondial.se\/lund\/\"},{\"@type\":\"ListItem\",\"position\":2,\"name\":\"Montessoripedagogik\"}]},{\"@type\":\"WebSite\",\"@id\":\"https:\/\/montessorimondial.se\/lund\/#website\",\"url\":\"https:\/\/montessorimondial.se\/lund\/\",\"name\":\"Lund\",\"description\":\"Montessorimondial Lund\",\"potentialAction\":[{\"@type\":\"SearchAction\",\"target\":{\"@type\":\"EntryPoint\",\"urlTemplate\":\"https:\/\/montessorimondial.se\/lund\/?s={search_term_string}\"},\"query-input\":\"required name=search_term_string\"}],\"inLanguage\":\"sv-SE\"}]}<\/script>\n<!-- \/ Yoast SEO plugin. -->","yoast_head_json":{"title":"Lund","robots":{"index":"noindex","follow":"nofollow"},"og_locale":"sv_SE","og_type":"article","og_url":"https:\/\/montessorimondial.se\/lund\/montessoripedagogik\/","og_site_name":"Lund","article_modified_time":"2024-02-26T08:23:38+00:00","twitter_card":"summary_large_image","schema":{"@context":"https:\/\/schema.org","@graph":[{"@type":"WebPage","@id":"https:\/\/montessorimondial.se\/lund\/montessoripedagogik\/","url":"https:\/\/montessorimondial.se\/lund\/montessoripedagogik\/","name":"Montessoripedagogik - Lund","isPartOf":{"@id":"https:\/\/montessorimondial.se\/lund\/#website"},"datePublished":"2022-02-23T07:36:56+00:00","dateModified":"2024-02-26T08:23:38+00:00","breadcrumb":{"@id":"https:\/\/montessorimondial.se\/lund\/montessoripedagogik\/#breadcrumb"},"inLanguage":"sv-SE","potentialAction":[{"@type":"ReadAction","target":["https:\/\/montessorimondial.se\/lund\/montessoripedagogik\/"]}]},{"@type":"BreadcrumbList","@id":"https:\/\/montessorimondial.se\/lund\/montessoripedagogik\/#breadcrumb","itemListElement":[{"@type":"ListItem","position":1,"name":"Start","item":"https:\/\/montessorimondial.se\/lund\/"},{"@type":"ListItem","position":2,"name":"Montessoripedagogik"}]},{"@type":"WebSite","@id":"https:\/\/montessorimondial.se\/lund\/#website","url":"https:\/\/montessorimondial.se\/lund\/","name":"Lund","description":"Montessorimondial Lund","potentialAction":[{"@type":"SearchAction","target":{"@type":"EntryPoint","urlTemplate":"https:\/\/montessorimondial.se\/lund\/?s={search_term_string}"},"query-input":"required name=search_term_string"}],"inLanguage":"sv-SE"}]}},"_links":{"self":[{"href":"https:\/\/montessorimondial.se\/lund\/wp-json\/wp\/v2\/pages\/946"}],"collection":[{"href":"https:\/\/montessorimondial.se\/lund\/wp-json\/wp\/v2\/pages"}],"about":[{"href":"https:\/\/montessorimondial.se\/lund\/wp-json\/wp\/v2\/types\/page"}],"author":[{"embeddable":true,"href":"https:\/\/montessorimondial.se\/lund\/wp-json\/wp\/v2\/users\/23"}],"replies":[{"embeddable":true,"href":"https:\/\/montessorimondial.se\/lund\/wp-json\/wp\/v2\/comments?post=946"}],"version-history":[{"count":5,"href":"https:\/\/montessorimondial.se\/lund\/wp-json\/wp\/v2\/pages\/946\/revisions"}],"predecessor-version":[{"id":1350,"href":"https:\/\/montessorimondial.se\/lund\/wp-json\/wp\/v2\/pages\/946\/revisions\/1350"}],"wp:attachment":[{"href":"https:\/\/montessorimondial.se\/lund\/wp-json\/wp\/v2\/media?parent=946"}],"curies":[{"name":"wp","href":"https:\/\/api.w.org\/{rel}","templated":true}]}}