{"id":1190,"date":"2022-09-13T09:58:59","date_gmt":"2022-09-13T07:58:59","guid":{"rendered":"https:\/\/montessorimondial.se\/malarhojden\/?page_id=1190"},"modified":"2024-02-26T09:15:30","modified_gmt":"2024-02-26T08:15:30","slug":"globalt-perspektiv","status":"publish","type":"page","link":"https:\/\/montessorimondial.se\/malarhojden\/globalt-perspektiv\/","title":{"rendered":"Globalt perspektiv"},"content":{"rendered":"\n\t<div class=\"module_wrapper ams_remote_pages_module \">\n\t\t\t\t\t\t\t<div class=\"container core-columns\">\n\t\t\t\t\t\t<div class=\"row\">\n\t\t\t\t\t\t\t<div class=\"col-12\">\n\t\t\t\t\t\t\t\t\n<div class=\"wp-block-columns is-layout-flex wp-container-core-columns-layout-1 wp-block-columns-is-layout-flex\">\n<div class=\"wp-block-column is-layout-flow wp-block-column-is-layout-flow\">\n<h1 class=\"wp-block-heading\">Globalt perspektiv<\/h1>\n\n\n\n<p   class=\"site__ingress container text-left  site__text-color--dark  site__free_text--ingress p-0\">\n\tP\u00e5 v\u00e5r moderna montessoriskola \u00e4r det mondiala perspektivet en stor del av barnens och elevernas egen utveckling och l\u00e4roprocess.<\/p>\n\n\n\n\n\n<h2 class=\"wp-block-heading\">Personlig, social och mondial utveckling<\/h2>\n\n\n\n<p>Med grund i Maria Montessoris pedagogik som genomsyras av fredstanken jobbar vi \u00e4mnes\u00f6vergripande med ett globalt perspektiv i allt vi g\u00f6r. Eleverna f\u00e5r \u00f6kad f\u00f6rst\u00e5else f\u00f6r olika samband och hur saker \u00e4r beroenden av varandra. De l\u00e4r sig ta ansvar och v\u00e4rna om s\u00e5v\u00e4l v\u00e5r milj\u00f6 som andra. P\u00e5 s\u00e5 s\u00e4tt stimuleras b\u00e5de den personliga, sociala och mondiala utvecklingen. F\u00f6r att skapa en \u00e4n djupare f\u00f6rst\u00e5else f\u00f6r det globala perspektivet f\u00e5r eleverna g\u00f6ra pedagogiska studiebes\u00f6k, utflykter och kommunicera med elever p\u00e5 montessoriskolor utomlands.<\/p>\n<\/div>\n\n\n\n<div class=\"wp-block-column is-layout-flow wp-block-column-is-layout-flow\">\t<div\n\t\t class=\"container-fluid images-module\" >\n\t\t<div class=\"row my-2\">\n\t\t\t<div class=\"col-md-12 images_module__img_r images_module__content_spacing_img_r_m  images-module__color-plate-right-bg_site__secondary-bg--100 \">\n\t\t\t\t<div class=\"position-relative text-right\">\n\t\t\t\t\t<div class=\"images__wrapper\" style=\"float:right; max-width: 440px; max-height: 494px;\">\n\t\t\t\t\t\t<img decoding=\"async\" width=\"758\" height=\"666\" src=\"https:\/\/montessorimondial.se\/wp-content\/uploads\/2025\/06\/montessori-mondialsjostaden202504forskeklasswebb21-e1750317833571.jpg\" class=\"d-block images__image_ratio  \" alt=\"Tv\u00e5 elever och pedagoger kollar p\u00e5 en jordglob tillsammans.\" style=\"aspect-ratio: 440 \/ 494;object-position: center center;\" srcset=\"https:\/\/montessorimondial.se\/wp-content\/uploads\/2025\/06\/montessori-mondialsjostaden202504forskeklasswebb21-e1750317833571.jpg 758w, https:\/\/montessorimondial.se\/wp-content\/uploads\/2025\/06\/montessori-mondialsjostaden202504forskeklasswebb21-e1750317833571-300x264.jpg 300w, https:\/\/montessorimondial.se\/wp-content\/uploads\/2025\/06\/montessori-mondialsjostaden202504forskeklasswebb21-e1750317833571-400x351.jpg 400w, https:\/\/montessorimondial.se\/wp-content\/uploads\/2025\/06\/montessori-mondialsjostaden202504forskeklasswebb21-e1750317833571-600x527.jpg 600w\" sizes=\"(max-width: 758px) 100vw, 758px\" \/>\t\t\t\t\t<\/div>\n\t\t\t\t\t<div style=\"clear:both;\">\n\t\t\t\t\t\t\n\t\t\t\t\t\t\t\t\t\t\t<\/div>\n\t\t\t\t<\/div>\n\t\t\t<\/div>\n\t\t<\/div>\n\t<\/div>\n\t\n\n\n<script>\n\tvar images_display_descriptive_text = \"\";\n<\/script>\n<\/div>\n<\/div>\n\t\t\t\t\t\t\t<\/div>\n\t\t\t\t\t\t<\/div>\n\t\t\t\t\t<\/div>\n\t\t\t\t\t\t\t\t\t\t<div class=\"container core-columns\">\n\t\t\t\t\t\t<div class=\"row\">\n\t\t\t\t\t\t\t<div class=\"col-12\">\n\t\t\t\t\t\t\t\t\n<div class=\"wp-block-columns is-layout-flex wp-container-core-columns-layout-2 wp-block-columns-is-layout-flex\">\n<div class=\"wp-block-column is-layout-flow wp-block-column-is-layout-flow\">\t<div\n\t\t class=\"container-fluid images-module\" >\n\t\t<div class=\"row my-2\">\n\t\t\t<div\n\t\t\t\t\tclass=\"col-md-12 order-md-1 images_module__img_l images_module__content_spacing_img_l_m  images-module__color-plate-left-bg_site__secondary-bg--100 \">\n\t\t\t\t<div class=\"d-inline-block position-relative\">\n\n\n\t\t\t\t\t<div class=\"images__wrapper\" style=\"\n\t\t\t\t\tmax-width: 440px;\t\t\t\t\tmax-height: 494px;\">\n\t\t\t\t\t\t<img decoding=\"async\" width=\"2048\" height=\"1365\" src=\"https:\/\/montessorimondial.se\/wp-content\/uploads\/2022\/09\/montessori-mondialmalarhojden202305-202805.jpg\" class=\"d-block images__image_ratio  \" alt=\"En elev som tittar p\u00e5 en jordglob\" style=\"aspect-ratio: 440 \/ 494;object-position: center center;\" srcset=\"https:\/\/montessorimondial.se\/wp-content\/uploads\/2022\/09\/montessori-mondialmalarhojden202305-202805.jpg 2048w, https:\/\/montessorimondial.se\/wp-content\/uploads\/2022\/09\/montessori-mondialmalarhojden202305-202805-300x200.jpg 300w, https:\/\/montessorimondial.se\/wp-content\/uploads\/2022\/09\/montessori-mondialmalarhojden202305-202805-400x267.jpg 400w, https:\/\/montessorimondial.se\/wp-content\/uploads\/2022\/09\/montessori-mondialmalarhojden202305-202805-600x400.jpg 600w, https:\/\/montessorimondial.se\/wp-content\/uploads\/2022\/09\/montessori-mondialmalarhojden202305-202805-800x533.jpg 800w, https:\/\/montessorimondial.se\/wp-content\/uploads\/2022\/09\/montessori-mondialmalarhojden202305-202805-1024x683.jpg 1024w, https:\/\/montessorimondial.se\/wp-content\/uploads\/2022\/09\/montessori-mondialmalarhojden202305-202805-1200x800.jpg 1200w\" sizes=\"(max-width: 2048px) 100vw, 2048px\" \/>\t\t\t\t\t<\/div>\n\n\t\t\t\t\t\n\n\t\t\t\t\t\t\t\t\t<\/div>\n\t\t\t<\/div>\n\t\t<\/div>\n\t<\/div>\n\t\n\n\n<script>\n\tvar images_display_descriptive_text = \"\";\n<\/script>\n<\/div>\n\n\n\n<div class=\"wp-block-column is-layout-flow wp-block-column-is-layout-flow\">\n<h2 class=\"wp-block-heading\">Erasmus+<\/h2>\n\n\n\n<p>I takt med att samh\u00e4llet blir mer globalt, beh\u00f6ver v\u00e5ra elever verktyg f\u00f6r att kunna agera p\u00e5 en internationell arena, d\u00e4r kraven p\u00e5 kommunikation och f\u00f6rst\u00e5else f\u00f6r olika sociala och interkulturella sammanhang bara blir st\u00f6rre.&nbsp;<\/p>\n\n\n\n<p>N\u00e5got som \u00e4r unikt f\u00f6r Montessori Mondial \u00e4r att samtliga skolor har f\u00e5tt Erasmusackreditering fram till 2027. Det inneb\u00e4r att v\u00e5ra elever p\u00e5 sikt kommer ha n\u00e4rmare kontakt med elever p\u00e5 andra skolor, bland annat i Spanien.<\/p>\n\n\n\n<p><img decoding=\"async\" class=\"wp-image-3291\" style=\"width: 300px;\" src=\"https:\/\/montessorimondial.se\/wp-content\/uploads\/2025\/05\/skarmavbild-2025-05-06-kl-083858.png\" alt=\"\"><\/p>\n\n\n\n<h2 class=\"wp-block-heading\">Varf\u00f6r internationella kontakter?&nbsp;<\/h2>\n\n\n\n<p>Att ha kontakt med elever i andra l\u00e4nder g\u00f6r att b\u00e5de de och v\u00e5ra elever f\u00e5r m\u00f6jlighet att utveckla sina kunskaper i hur man kommunicerar p\u00e5 andra spr\u00e5k. Det skapar \u00e4ven en \u00f6kad f\u00f6rst\u00e5else f\u00f6r omv\u00e4rlden och andra kulturer. P\u00e5 s\u00e5 s\u00e4tt kan vi skapa en positiv attityd till flerspr\u00e5kighet och ett \u00f6kat intresse f\u00f6r spr\u00e5k.<\/p>\n<\/div>\n<\/div>\n\t\t\t\t\t\t\t<\/div>\n\t\t\t\t\t\t<\/div>\n\t\t\t\t\t<\/div>\n\t\t\t\t\t\t\t\t\t\t<div class=\"container core-columns\">\n\t\t\t\t\t\t<div class=\"row\">\n\t\t\t\t\t\t\t<div class=\"col-12\">\n\t\t\t\t\t\t\t\t\n<div class=\"wp-block-columns is-layout-flex wp-container-core-columns-layout-3 wp-block-columns-is-layout-flex\">\n<div class=\"wp-block-column is-layout-flow wp-block-column-is-layout-flow\">\n<h2 class=\"wp-block-heading\">Undervisning som st\u00e4ndigt utvecklas<\/h2>\n\n\n\n<p>Det internationella utbytet inneb\u00e4r \u00e4ven att v\u00e5ra medarbetare f\u00e5r kompetensutveckling. De f\u00e5r m\u00f6jlighet att g\u00f6ra jobbskuggning som ett f\u00f6rsta steg. Fram\u00f6ver kommer vi \u00e4ven kunna erbjuda medarbetarna att g\u00e5 internationella kurser och undervisa i andra l\u00e4nder samt att vi tar in g\u00e4stf\u00f6rel\u00e4sare som fokuserar p\u00e5 innovativ undervisning. Genom att kompetensutveckla v\u00e5ra medarbetare kan vi st\u00e4ndigt f\u00f6rb\u00e4ttra kvalit\u00e9n p\u00e5 v\u00e5r undervisning.<\/p>\n<\/div>\n\n\n\n<div class=\"wp-block-column is-layout-flow wp-block-column-is-layout-flow\">\t<div\n\t\t class=\"container-fluid images-module\" >\n\t\t<div class=\"row my-2\">\n\t\t\t<div class=\"col-md-12 images_module__img_r images_module__content_spacing_img_r_m  images-module__color-plate-right-bg_site__secondary-bg--100 \">\n\t\t\t\t<div class=\"position-relative text-right\">\n\t\t\t\t\t<div class=\"images__wrapper\" style=\"float:right; max-width: 440px; max-height: 494px;\">\n\t\t\t\t\t\t<img decoding=\"async\" width=\"725\" height=\"666\" src=\"https:\/\/montessorimondial.se\/wp-content\/uploads\/2025\/05\/montessori-mondialkungsholmen202504lagstadiewebb27-e1750318410856.jpg\" class=\"d-block images__image_ratio  \" alt=\"Elever sitter p\u00e5 golvet och l\u00e4r med en pedagog.\" style=\"aspect-ratio: 440 \/ 494;object-position: center center;\" srcset=\"https:\/\/montessorimondial.se\/wp-content\/uploads\/2025\/05\/montessori-mondialkungsholmen202504lagstadiewebb27-e1750318410856.jpg 725w, https:\/\/montessorimondial.se\/wp-content\/uploads\/2025\/05\/montessori-mondialkungsholmen202504lagstadiewebb27-e1750318410856-300x276.jpg 300w, https:\/\/montessorimondial.se\/wp-content\/uploads\/2025\/05\/montessori-mondialkungsholmen202504lagstadiewebb27-e1750318410856-400x367.jpg 400w, https:\/\/montessorimondial.se\/wp-content\/uploads\/2025\/05\/montessori-mondialkungsholmen202504lagstadiewebb27-e1750318410856-600x551.jpg 600w\" sizes=\"(max-width: 725px) 100vw, 725px\" \/>\t\t\t\t\t<\/div>\n\t\t\t\t\t<div style=\"clear:both;\">\n\t\t\t\t\t\t\n\t\t\t\t\t\t\t\t\t\t\t<\/div>\n\t\t\t\t<\/div>\n\t\t\t<\/div>\n\t\t<\/div>\n\t<\/div>\n\t\n\n\n<script>\n\tvar images_display_descriptive_text = \"\";\n<\/script>\n<\/div>\n<\/div>\n\t\t\t\t\t\t\t<\/div>\n\t\t\t\t\t\t<\/div>\n\t\t\t\t\t<\/div>\n\t\t\t\t\t\t<\/div>\n\n\t\n\n\n\t<div class=\"module_wrapper ams_remote_pages_module \">\n\t\t\n\n<section  class=\"ams-cta ams-cta--stacked c-block l-stacked\" data-color-scheme=\"ljuslila\">\n\t<div class=\"l-container-narrow l-stack l-stack-fluid-2xl u-pt-fluid-3xl-6xl u-pb-fluid-3xl-6xl is-center is-center@md\">\n\t\t\t\t\t<div class=\"ams-cta__intro l-stack l-stack-lg\">\n\t\t\t\t\t\n\t<h2\n\tclass=\"c-heading u-font-title-1 \"\n\tstyle=\"\">\n\t\t\n\t\t\t\t\tVill du st\u00e4lla ditt barn i k\u00f6 hos oss?\n\t\t\t\t\n\t<\/h2>\n\n\t\t\t\t\t\t\t\t\t<div class=\"c-text l-stack u-cs-xl u-font-body\">\n\t\t\t\t\t\t<p>L\u00e4s mer om k\u00f6anm\u00e4lan och st\u00e4ll ditt barn i k\u00f6 till Montessori Mondial M\u00e4larh\u00f6jden.<\/p>\n\n\t\t\t\t\t<\/div>\n\t\t\t\t\t\t\t<\/div>\n\t\t\n\t\t\n\t\t\t<div class=\"ams-cta__action u-inline-items\">\n\t\t\t\t\t\t\t\n\n\n<a href=\"https:\/\/montessorimondial.se\/malarhojden\/koanmalan\/\"\n\t\n\tclass=\"c-btn \"\n\tdata-style=\"rounded\"\n\tdata-size=\"md\"\n\tdata-width=\"full-mobile\"\n\tdata-variant=\"default\"\n\ttarget=\"_self\">\n\t\t\t<span class=\"label\"> Till k\u00f6anm\u00e4lan<\/span>\n\t\t\t<\/a>\n\t\t\t<\/div>\n\t<\/div>\n\n\t\t\n\t\t\t\n\t\t\t\t\t\t\t\n\t\t\t\t<div class=\"c-bg c-bg--img\" data-settings=\"{&quot;desktop_settings&quot;:{&quot;size&quot;:&quot;auto&quot;,&quot;position&quot;:&quot;bottom-right&quot;},&quot;mobile_settings&quot;:{&quot;size&quot;:&quot;auto&quot;,&quot;position&quot;:&quot;bottom-right&quot;}}\" data-position=\"middle-center\" data-size=\"cover\">\n\t\t\t<picture><source media=\"(min-width: 48em)\" srcset=\"https:\/\/montessorimondial.se\/wp-content\/uploads\/sites\/12\/2024\/02\/montessori-mondial-kvartscirkel-lila-hoger-botten-150x150-1.png\" sizes=\"(max-width: 150px) 100vw, 150px\" \/><source srcset=\"https:\/\/montessorimondial.se\/wp-content\/uploads\/sites\/12\/2024\/02\/montessori-mondial-kvartscirkel-lila-hoger-botten-75x75-1.png\" sizes=\"(max-width: 75px) 100vw, 75px\" \/><img decoding=\"async\" width=\"150\" height=\"150\" src=\"https:\/\/montessorimondial.se\/wp-content\/uploads\/sites\/12\/2024\/02\/montessori-mondial-kvartscirkel-lila-hoger-botten-150x150-1.png\" class=\"attachment-hero-lg size-hero-lg\" alt=\"Geometrisk form.\" sizes=\"(max-width: 150px) 100vw, 150px\" \/><\/picture>\n\t\t<\/div>\n\t\t\t\n\t\t\t\t\t\t\t\n\t\t\t\t<div class=\"c-bg c-bg--img\" data-settings=\"{&quot;desktop_settings&quot;:{&quot;size&quot;:&quot;auto&quot;,&quot;position&quot;:&quot;top-left&quot;},&quot;mobile_settings&quot;:{&quot;size&quot;:&quot;auto&quot;,&quot;position&quot;:&quot;top-left&quot;}}\" data-position=\"middle-center\" data-size=\"cover\">\n\t\t\t<picture><source media=\"(min-width: 48em)\" srcset=\"https:\/\/montessorimondial.se\/wp-content\/uploads\/sites\/12\/2024\/02\/montessori-mondial-triangel-orange-vanster-topp-150x150-1.png\" sizes=\"(max-width: 150px) 100vw, 150px\" \/><source srcset=\"https:\/\/montessorimondial.se\/wp-content\/uploads\/sites\/12\/2024\/02\/montessori-mondial-triangel-orange-vanster-topp-75x75-1.png\" sizes=\"(max-width: 75px) 100vw, 75px\" \/><img decoding=\"async\" width=\"150\" height=\"150\" src=\"https:\/\/montessorimondial.se\/wp-content\/uploads\/sites\/12\/2024\/02\/montessori-mondial-triangel-orange-vanster-topp-150x150-1.png\" class=\"attachment-hero-lg size-hero-lg\" alt=\"Geometrisk form.\" sizes=\"(max-width: 150px) 100vw, 150px\" \/><\/picture>\n\t\t<\/div>\n\t\n<\/section>\n\t<\/div>\n\n\t","protected":false},"excerpt":{"rendered":"","protected":false},"author":23,"featured_media":0,"parent":0,"menu_order":0,"comment_status":"closed","ping_status":"closed","template":"","meta":{"footnotes":""},"yoast_head":"<!-- This site is optimized with the Yoast SEO plugin v22.0 - https:\/\/yoast.com\/wordpress\/plugins\/seo\/ -->\n<title>M\u00e4larh\u00f6jden<\/title>\n<meta name=\"robots\" content=\"noindex, nofollow\" \/>\n<meta property=\"og:locale\" content=\"sv_SE\" \/>\n<meta property=\"og:type\" content=\"article\" \/>\n<meta property=\"og:url\" content=\"https:\/\/montessorimondial.se\/malarhojden\/globalt-perspektiv\/\" \/>\n<meta property=\"og:site_name\" content=\"M\u00e4larh\u00f6jden\" \/>\n<meta property=\"article:modified_time\" content=\"2024-02-26T08:15:30+00:00\" \/>\n<meta name=\"twitter:card\" content=\"summary_large_image\" \/>\n<script type=\"application\/ld+json\" class=\"yoast-schema-graph\">{\"@context\":\"https:\/\/schema.org\",\"@graph\":[{\"@type\":\"WebPage\",\"@id\":\"https:\/\/montessorimondial.se\/malarhojden\/globalt-perspektiv\/\",\"url\":\"https:\/\/montessorimondial.se\/malarhojden\/globalt-perspektiv\/\",\"name\":\"Globalt perspektiv - M\u00e4larh\u00f6jden\",\"isPartOf\":{\"@id\":\"https:\/\/montessorimondial.se\/malarhojden\/#website\"},\"datePublished\":\"2022-09-13T07:58:59+00:00\",\"dateModified\":\"2024-02-26T08:15:30+00:00\",\"breadcrumb\":{\"@id\":\"https:\/\/montessorimondial.se\/malarhojden\/globalt-perspektiv\/#breadcrumb\"},\"inLanguage\":\"sv-SE\",\"potentialAction\":[{\"@type\":\"ReadAction\",\"target\":[\"https:\/\/montessorimondial.se\/malarhojden\/globalt-perspektiv\/\"]}]},{\"@type\":\"BreadcrumbList\",\"@id\":\"https:\/\/montessorimondial.se\/malarhojden\/globalt-perspektiv\/#breadcrumb\",\"itemListElement\":[{\"@type\":\"ListItem\",\"position\":1,\"name\":\"Start\",\"item\":\"https:\/\/montessorimondial.se\/malarhojden\/\"},{\"@type\":\"ListItem\",\"position\":2,\"name\":\"Globalt perspektiv\"}]},{\"@type\":\"WebSite\",\"@id\":\"https:\/\/montessorimondial.se\/malarhojden\/#website\",\"url\":\"https:\/\/montessorimondial.se\/malarhojden\/\",\"name\":\"M\u00e4larh\u00f6jden\",\"description\":\"Montessorimondial M\u00e4larh\u00f6jden\",\"potentialAction\":[{\"@type\":\"SearchAction\",\"target\":{\"@type\":\"EntryPoint\",\"urlTemplate\":\"https:\/\/montessorimondial.se\/malarhojden\/?s={search_term_string}\"},\"query-input\":\"required name=search_term_string\"}],\"inLanguage\":\"sv-SE\"}]}<\/script>\n<!-- \/ Yoast SEO plugin. -->","yoast_head_json":{"title":"M\u00e4larh\u00f6jden","robots":{"index":"noindex","follow":"nofollow"},"og_locale":"sv_SE","og_type":"article","og_url":"https:\/\/montessorimondial.se\/malarhojden\/globalt-perspektiv\/","og_site_name":"M\u00e4larh\u00f6jden","article_modified_time":"2024-02-26T08:15:30+00:00","twitter_card":"summary_large_image","schema":{"@context":"https:\/\/schema.org","@graph":[{"@type":"WebPage","@id":"https:\/\/montessorimondial.se\/malarhojden\/globalt-perspektiv\/","url":"https:\/\/montessorimondial.se\/malarhojden\/globalt-perspektiv\/","name":"Globalt perspektiv - M\u00e4larh\u00f6jden","isPartOf":{"@id":"https:\/\/montessorimondial.se\/malarhojden\/#website"},"datePublished":"2022-09-13T07:58:59+00:00","dateModified":"2024-02-26T08:15:30+00:00","breadcrumb":{"@id":"https:\/\/montessorimondial.se\/malarhojden\/globalt-perspektiv\/#breadcrumb"},"inLanguage":"sv-SE","potentialAction":[{"@type":"ReadAction","target":["https:\/\/montessorimondial.se\/malarhojden\/globalt-perspektiv\/"]}]},{"@type":"BreadcrumbList","@id":"https:\/\/montessorimondial.se\/malarhojden\/globalt-perspektiv\/#breadcrumb","itemListElement":[{"@type":"ListItem","position":1,"name":"Start","item":"https:\/\/montessorimondial.se\/malarhojden\/"},{"@type":"ListItem","position":2,"name":"Globalt perspektiv"}]},{"@type":"WebSite","@id":"https:\/\/montessorimondial.se\/malarhojden\/#website","url":"https:\/\/montessorimondial.se\/malarhojden\/","name":"M\u00e4larh\u00f6jden","description":"Montessorimondial M\u00e4larh\u00f6jden","potentialAction":[{"@type":"SearchAction","target":{"@type":"EntryPoint","urlTemplate":"https:\/\/montessorimondial.se\/malarhojden\/?s={search_term_string}"},"query-input":"required name=search_term_string"}],"inLanguage":"sv-SE"}]}},"_links":{"self":[{"href":"https:\/\/montessorimondial.se\/malarhojden\/wp-json\/wp\/v2\/pages\/1190"}],"collection":[{"href":"https:\/\/montessorimondial.se\/malarhojden\/wp-json\/wp\/v2\/pages"}],"about":[{"href":"https:\/\/montessorimondial.se\/malarhojden\/wp-json\/wp\/v2\/types\/page"}],"author":[{"embeddable":true,"href":"https:\/\/montessorimondial.se\/malarhojden\/wp-json\/wp\/v2\/users\/23"}],"replies":[{"embeddable":true,"href":"https:\/\/montessorimondial.se\/malarhojden\/wp-json\/wp\/v2\/comments?post=1190"}],"version-history":[{"count":4,"href":"https:\/\/montessorimondial.se\/malarhojden\/wp-json\/wp\/v2\/pages\/1190\/revisions"}],"predecessor-version":[{"id":1386,"href":"https:\/\/montessorimondial.se\/malarhojden\/wp-json\/wp\/v2\/pages\/1190\/revisions\/1386"}],"wp:attachment":[{"href":"https:\/\/montessorimondial.se\/malarhojden\/wp-json\/wp\/v2\/media?parent=1190"}],"curies":[{"name":"wp","href":"https:\/\/api.w.org\/{rel}","templated":true}]}}