{"id":25,"date":"2020-09-01T22:07:07","date_gmt":"2020-09-01T20:07:07","guid":{"rendered":"https:\/\/montessorimondial.se\/kopieringsunderlag\/?page_id=25"},"modified":"2026-01-08T13:09:16","modified_gmt":"2026-01-08T12:09:16","slug":"grundskola","status":"publish","type":"page","link":"https:\/\/montessorimondial.se\/malarhojden\/om\/grundskola\/","title":{"rendered":"Grundskola"},"content":{"rendered":"\n<div class=\"wp-block-columns is-layout-flex wp-container-core-columns-layout-1 wp-block-columns-is-layout-flex\">\n<div class=\"wp-block-column is-layout-flow wp-block-column-is-layout-flow\" style=\"flex-basis:66.66%\">\n<h1 class=\"wp-block-heading\">Om grundskolan p\u00e5 Montessori Mondial M\u00e4larh\u00f6jden<\/h1>\n\n\n\n<p   class=\"site__ingress container text-left  site__text-color--dark  site__free_text--ingress p-0\">\n\tP\u00e5 v\u00e5r moderna montessorigrundskola s\u00e4tts elevens individuella l\u00e4rprocess i fokus. Tillsammans med sin mentor planerar de sin egen tid inf\u00f6r varje ny vecka.<\/p>\n\n\n\n\n\n<h2 class=\"wp-block-heading\">F\u00f6rskoleklass till \u00e5rskurs 5<\/h2>\n\n\n\n<p>P\u00e5 v\u00e5r grundskola \u00e4r elever och l\u00e4rare organiserade i arbetslag, d\u00e4r alla samarbetar f\u00f6r varandras b\u00e4sta. V\u00e5r grundskola b\u00f6rjar i f\u00f6rskoleklassen, d\u00e5 barnen \u00e4r 6 \u00e5r gamla, och slutar i \u00e5rskurs 5 n\u00e4r de \u00e4r 11\u201312 \u00e5r. De arbetslag, eller klasser, vi arbetar efter \u00e4r \u00e5rskurs f\u00f6rskoleklass\u2013\u00e5rskurs 2 och \u00e5rskurs 3\u20135, samt fritids. \u00c5rskurs f\u00f6rskoleklass\u2013\u00e5rskurs 2 \u00e4r indelade i fyra grupper och v\u00e5ra 3\u20135:or \u00e4r uppdelade i tre grupper. Vilken grupp eleven blir placerad i och kommer tillh\u00f6ra beslutas av v\u00e5ra pedagoger i enlighet med rektor.<\/p>\n<\/div>\n\n\n\n<div class=\"wp-block-column is-layout-flow wp-block-column-is-layout-flow\" style=\"flex-basis:33.33%\"><\/div>\n<\/div>\n\n\n\n\n<section  class=\"ams-cta ams-cta--stacked c-block l-stacked\" data-color-scheme=\"nyans1_av_p2\">\n\t<div class=\"l-container l-stack l-stack-fluid-2xl u-pt-fluid-2xl-4xl u-pb-fluid-md-xl is-left is-left@md\">\n\t\t\t\t\t<div class=\"ams-cta__intro l-stack l-stack-lg\">\n\t\t\t\t\t\n\t<h2\n\tclass=\"c-heading u-font-title-1 \"\n\tstyle=\"\">\n\t\t\n\t\t\t\t\tEn vanlig dag p\u00e5 v\u00e5r grundskola\n\t\t\t\t\n\t<\/h2>\n\n\t\t\t\t\t\t\t\t\t<div class=\"c-text l-stack u-cs-xl u-font-body\">\n\t\t\t\t\t\t<p><span style=\"font-weight: 400;\">Dagen b\u00f6rjar i en lugn och v\u00e4lkomnande milj\u00f6 d\u00e4r eleverna f\u00f6ljer sin planering i montessoriboken. Under f\u00f6rmiddagen arbetar F\u20132 i sina \u00e4mnesrum f\u00f6r matematik och svenska och har \u00e4ven r\u00f6relse och idrott. Eleverna i 3\u20135 r\u00f6r sig mellan \u00e4mnesrummen f\u00f6r matematik, spr\u00e5k, SO\/NO, bild, sl\u00f6jd och idrott.\u00a0<\/span><\/p>\n<h2><span style=\"font-weight: 400;\">Samarbete och struktur<\/span><\/h2>\n<p><span style=\"font-weight: 400;\">Arbetet sker sj\u00e4lvst\u00e4ndigt eller i sm\u00e5 grupper med montessorimaterial och handledning. Efter lunch forts\u00e4tter lektionerna i samma anda som p\u00e5 f\u00f6rmiddagen, med fokus, samarbete och f\u00f6rdjupning inom olika \u00e4mnesomr\u00e5den.<\/span><\/p>\n<h2><span style=\"font-weight: 400;\">Lunch \u2013 dagens h\u00f6jdpunkt<\/span><\/h2>\n<p><span style=\"font-weight: 400;\">En av dagens h\u00f6jdpunkter \u00e4r lunchen. V\u00e5r egen kock lagar maten p\u00e5 plats och eleverna h\u00e4mtar, serverar och diskar sj\u00e4lva. M\u00e5ltiden blir en stund av gemenskap, ansvar och gl\u00e4dje \u2013 en naturlig del av l\u00e4randet som v\u00e5ra elever verkligen ser fram emot varje dag.<\/span><\/p>\n\n\t\t\t\t\t<\/div>\n\t\t\t\t\t\t\t<\/div>\n\t\t\n\t\t\n\t\t\t<\/div>\n\n\t\t\n\n<\/section>\n\n\n\n<div class=\"wp-block-columns is-layout-flex wp-container-core-columns-layout-2 wp-block-columns-is-layout-flex\">\n<div class=\"wp-block-column is-layout-flow wp-block-column-is-layout-flow\">\t<div\n\t\t class=\"container-fluid images-module\" >\n\t\t<div class=\"row my-2\">\n\t\t\t<div\n\t\t\t\t\tclass=\"col-md-12 order-md-1 images_module__img_l images_module__content_spacing_img_l_m  images-module__color-plate-left-bg_site__secondary-bg--100 \">\n\t\t\t\t<div class=\"d-inline-block position-relative\">\n\n\n\t\t\t\t\t<div class=\"images__wrapper\" style=\"\n\t\t\t\t\tmax-width: 440px;\t\t\t\t\tmax-height: 494px;\">\n\t\t\t\t\t\t<img decoding=\"async\" width=\"2048\" height=\"1365\" src=\"https:\/\/montessorimondial.se\/wp-content\/uploads\/sites\/12\/2025\/06\/montessori-mondialmalarhojden202305elevlarare61.jpg\" class=\"d-block images__image_ratio  \" alt=\"L\u00e4rare hj\u00e4lper elever p\u00e5 Montessori Mondial.\" style=\"aspect-ratio: 440 \/ 494;object-position: center center;\" srcset=\"https:\/\/montessorimondial.se\/wp-content\/uploads\/sites\/12\/2025\/06\/montessori-mondialmalarhojden202305elevlarare61.jpg 2048w, https:\/\/montessorimondial.se\/wp-content\/uploads\/sites\/12\/2025\/06\/montessori-mondialmalarhojden202305elevlarare61-300x200.jpg 300w, https:\/\/montessorimondial.se\/wp-content\/uploads\/sites\/12\/2025\/06\/montessori-mondialmalarhojden202305elevlarare61-400x267.jpg 400w, https:\/\/montessorimondial.se\/wp-content\/uploads\/sites\/12\/2025\/06\/montessori-mondialmalarhojden202305elevlarare61-600x400.jpg 600w, https:\/\/montessorimondial.se\/wp-content\/uploads\/sites\/12\/2025\/06\/montessori-mondialmalarhojden202305elevlarare61-800x533.jpg 800w, https:\/\/montessorimondial.se\/wp-content\/uploads\/sites\/12\/2025\/06\/montessori-mondialmalarhojden202305elevlarare61-1024x683.jpg 1024w, https:\/\/montessorimondial.se\/wp-content\/uploads\/sites\/12\/2025\/06\/montessori-mondialmalarhojden202305elevlarare61-1200x800.jpg 1200w\" sizes=\"(max-width: 2048px) 100vw, 2048px\" \/>\t\t\t\t\t<\/div>\n\n\t\t\t\t\t\n\n\t\t\t\t\t\t\t\t\t<\/div>\n\t\t\t<\/div>\n\t\t<\/div>\n\t<\/div>\n\t\n\n\n<script>\n\tvar images_display_descriptive_text = \"\";\n<\/script>\n<\/div>\n\n\n\n<div class=\"wp-block-column is-layout-flow wp-block-column-is-layout-flow\">\n<h2 class=\"wp-block-heading\">En dag p\u00e5 Montessori Mondial M\u00e4larh\u00f6jden<\/h2>\n\n\n\n<p>Skoldagen i grundskolan b\u00f6rjar med en samling, d\u00e4r vi g\u00e5r igenom vad som ska h\u00e4nda under dagen, aktiviteter och dagens arbete. Efter det s\u00e4tter elevernas f\u00f6rmiddagspass ig\u00e5ng och d\u00e5 arbetar de efter sina egna planeringar i cirka tre timmar. Eleverna f\u00e5r ta en frivillig rast under f\u00f6rmiddagen. Efter en n\u00e4ringsrik lunch, med efterf\u00f6ljande rast p\u00e5 skolg\u00e5rden, har eleverna sitt eftermiddagspass med studier fram till dagens slut. F\u00f6r \u00f6vriga l\u00e4s\u00e5rstider, klicka <a href=\"https:\/\/montessorimondial.se\/malarhojden\/om\/lasarstider\/\">h\u00e4r<\/a>.<\/p>\n\n\n\n<p>Bra att t\u00e4nka p\u00e5: Eleverna b\u00f6r ha o\u00f6mma kl\u00e4der f\u00f6r inom- och utomhusvistelse samt ett par tofflor eller inneskor med sig.<\/p>\n\n\n\n<h2 class=\"wp-block-heading\">Planeringsbok<\/h2>\n\n\n\n<p>Varje barn har en individuell planeringsbok d\u00e4r skriver in veckoplaneringen tillsammans med sin mentor. Barnen planerar studietimmarna, som omfattar alla olika \u00e4mnen eleven har i just den \u00e5rskursen. V\u00e5rdnadshavare f\u00e5r g\u00e4rna ta del av boken f\u00f6r att f\u00f6lja med i barnets utveckling och planering.<\/p>\n<\/div>\n<\/div>\n\n\n\n<div class=\"wp-block-columns is-layout-flex wp-container-core-columns-layout-3 wp-block-columns-is-layout-flex\">\n<div class=\"wp-block-column is-layout-flow wp-block-column-is-layout-flow\">\n<h2 class=\"wp-block-heading\">IUP \u2013 Individuella Utvecklingsplaner<\/h2>\n\n\n\n<p>Varje elev har en individuell utvecklingsplan till hj\u00e4lp f\u00f6r att utveckla sitt l\u00e4rande och som st\u00f6d f\u00f6r utv\u00e4rdering och reflektion. Den individuella utvecklingsplanen skrivs ihop med elev, l\u00e4rare och v\u00e5rdnadshavare och \u00e4r aktuell fram tills att en ny plan skrivs.<\/p>\n\n\n\n<h2 class=\"wp-block-heading\">Utvecklingssamtal<\/h2>\n\n\n\n<p>Skolan kallar till utvecklingssamtal varje termin, d\u00e4r elev, v\u00e5rdnadshavare och ansvarig pedagog (mentor) \u00e4r med och utv\u00e4rderar barnets utveckling baserat p\u00e5 den individuella utvecklingsplanen (IUP). Inf\u00f6r samtalet ser vi helst att du som v\u00e5rdnadshavare har f\u00f6rberett dig genom att ha studerat barnets IUP och fyllt i aktuella formul\u00e4r i Schoolsoft.<\/p>\n\n\n\n<h2 class=\"wp-block-heading\">Fritidshem<\/h2>\n\n\n\n<p>Eleverna i f\u00f6rskoleklass till \u00e5rskurs 3 kan anm\u00e4la sig till fritidshemmet. L\u00e4s mer om fritids <a href=\"https:\/\/montessorimondial.se\/malarhojden\/om\/fritids\/\">h\u00e4r<\/a>.<\/p>\n\n\n\n<h2 class=\"wp-block-heading\">Avgift<\/h2>\n\n\n\n<p>Montessori Mondial M\u00e4larh\u00f6jd \u00e4r en kostnadsfri friskola.<\/p>\n<\/div>\n\n\n\n<div class=\"wp-block-column is-layout-flow wp-block-column-is-layout-flow\">\t<div\n\t\t class=\"container-fluid images-module\" >\n\t\t<div class=\"row my-2\">\n\t\t\t<div class=\"col-md-12 images_module__img_r images_module__content_spacing_img_r_m  images-module__color-plate-right-bg_site__secondary-bg--100 \">\n\t\t\t\t<div class=\"position-relative text-right\">\n\t\t\t\t\t<div class=\"images__wrapper\" style=\"float:right; max-width: 440px; max-height: 494px;\">\n\t\t\t\t\t\t<img decoding=\"async\" width=\"1532\" height=\"1365\" src=\"https:\/\/montessorimondial.se\/wp-content\/uploads\/sites\/12\/2025\/06\/montessori-mondialmalarhojden202305elevmaterial34-e1750752584172.jpg\" class=\"d-block images__image_ratio  \" alt=\"Tv\u00e5 elever l\u00e4r tillsammans.\" style=\"aspect-ratio: 440 \/ 494;object-position: center center;\" srcset=\"https:\/\/montessorimondial.se\/wp-content\/uploads\/sites\/12\/2025\/06\/montessori-mondialmalarhojden202305elevmaterial34-e1750752584172.jpg 1532w, https:\/\/montessorimondial.se\/wp-content\/uploads\/sites\/12\/2025\/06\/montessori-mondialmalarhojden202305elevmaterial34-e1750752584172-300x267.jpg 300w, https:\/\/montessorimondial.se\/wp-content\/uploads\/sites\/12\/2025\/06\/montessori-mondialmalarhojden202305elevmaterial34-e1750752584172-400x356.jpg 400w, https:\/\/montessorimondial.se\/wp-content\/uploads\/sites\/12\/2025\/06\/montessori-mondialmalarhojden202305elevmaterial34-e1750752584172-600x535.jpg 600w, https:\/\/montessorimondial.se\/wp-content\/uploads\/sites\/12\/2025\/06\/montessori-mondialmalarhojden202305elevmaterial34-e1750752584172-800x713.jpg 800w, https:\/\/montessorimondial.se\/wp-content\/uploads\/sites\/12\/2025\/06\/montessori-mondialmalarhojden202305elevmaterial34-e1750752584172-1024x912.jpg 1024w, https:\/\/montessorimondial.se\/wp-content\/uploads\/sites\/12\/2025\/06\/montessori-mondialmalarhojden202305elevmaterial34-e1750752584172-1200x1069.jpg 1200w\" sizes=\"(max-width: 1532px) 100vw, 1532px\" \/>\t\t\t\t\t<\/div>\n\t\t\t\t\t<div style=\"clear:both;\">\n\t\t\t\t\t\t\n\t\t\t\t\t\t\t\t\t\t\t<\/div>\n\t\t\t\t<\/div>\n\t\t\t<\/div>\n\t\t<\/div>\n\t<\/div>\n\t\n\n\n<script>\n\tvar images_display_descriptive_text = \"\";\n<\/script>\n<\/div>\n<\/div>\n\n\n\n\t<div class=\"module_wrapper ams_remote_pages_module \">\n\t\t\n\n<section  class=\"ams-cta ams-cta--stacked c-block l-stacked\" data-color-scheme=\"beige\">\n\t<div class=\"l-container-narrow l-stack l-stack-fluid-2xl u-pt-fluid-3xl-6xl u-pb-fluid-3xl-6xl is-center is-center@md\">\n\t\t\t\t\t<div class=\"ams-cta__intro l-stack l-stack-lg\">\n\t\t\t\t\t\n\t<h2\n\tclass=\"c-heading u-font-title-1 \"\n\tstyle=\"\">\n\t\t\n\t\t\t\t\tS\u00f6ka skola\n\t\t\t\t\n\t<\/h2>\n\n\t\t\t\t\t\t\t\t\t<div class=\"c-text l-stack u-cs-xl u-font-body\">\n\t\t\t\t\t\t<p>L\u00e4s mer om k\u00f6anm\u00e4lan och st\u00e4ll ditt barn i k\u00f6 till Montessori Mondial M\u00e4larh\u00f6jden.<\/p>\n\n\t\t\t\t\t<\/div>\n\t\t\t\t\t\t\t<\/div>\n\t\t\n\t\t\n\t\t\t<div class=\"ams-cta__action u-inline-items\">\n\t\t\t\t\t\t\t\n\n\n<a href=\"https:\/\/montessorimondial.se\/malarhojden\/koanmalan\/\"\n\t\n\tclass=\"c-btn \"\n\tdata-style=\"rounded\"\n\tdata-size=\"md\"\n\tdata-width=\"full-mobile\"\n\tdata-variant=\"default\"\n\ttarget=\"_self\">\n\t\t\t<span class=\"label\"> Till k\u00f6anm\u00e4lan<\/span>\n\t\t\t<\/a>\n\t\t\t<\/div>\n\t<\/div>\n\n\t\t\n\t\t\t\n\t\t\t\t\t\t\t\n\t\t\t\t<div class=\"c-bg c-bg--img\" data-settings=\"{&quot;desktop_settings&quot;:{&quot;size&quot;:&quot;auto&quot;,&quot;position&quot;:&quot;bottom-left&quot;},&quot;mobile_settings&quot;:{&quot;size&quot;:&quot;auto&quot;,&quot;position&quot;:&quot;bottom-left&quot;}}\" data-position=\"middle-center\" data-size=\"cover\">\n\t\t\t<picture><source media=\"(min-width: 48em)\" srcset=\"https:\/\/montessorimondial.se\/wp-content\/uploads\/sites\/12\/2024\/02\/montessori-mondial-kvartscirkel-lila-vanster-botten-150x150-1.png\" sizes=\"(max-width: 150px) 100vw, 150px\" \/><source srcset=\"https:\/\/montessorimondial.se\/wp-content\/uploads\/sites\/12\/2024\/02\/montessori-mondial-kvartscirkel-lila-vanster-botten-75x75-1.png\" sizes=\"(max-width: 75px) 100vw, 75px\" \/><img decoding=\"async\" width=\"150\" height=\"150\" src=\"https:\/\/montessorimondial.se\/wp-content\/uploads\/sites\/12\/2024\/02\/montessori-mondial-kvartscirkel-lila-vanster-botten-150x150-1.png\" class=\"attachment-hero-lg size-hero-lg\" alt=\"Geometrisk form.\" sizes=\"(max-width: 150px) 100vw, 150px\" \/><\/picture>\n\t\t<\/div>\n\t\t\t\n\t\t\t\t\t\t\t\n\t\t\t\t<div class=\"c-bg c-bg--img\" data-settings=\"{&quot;desktop_settings&quot;:{&quot;size&quot;:&quot;auto&quot;,&quot;position&quot;:&quot;top-right&quot;},&quot;mobile_settings&quot;:{&quot;size&quot;:&quot;auto&quot;,&quot;position&quot;:&quot;top-right&quot;}}\" data-position=\"middle-center\" data-size=\"cover\">\n\t\t\t<picture><source media=\"(min-width: 48em)\" srcset=\"https:\/\/montessorimondial.se\/wp-content\/uploads\/sites\/12\/2024\/02\/montessori-mondial-triangel-orange-hoger-topp-150x150-1.png\" sizes=\"(max-width: 150px) 100vw, 150px\" \/><source srcset=\"https:\/\/montessorimondial.se\/wp-content\/uploads\/sites\/12\/2024\/02\/montessori-mondial-triangel-orange-hoger-topp-75x75-1.png\" sizes=\"(max-width: 75px) 100vw, 75px\" \/><img decoding=\"async\" width=\"150\" height=\"150\" src=\"https:\/\/montessorimondial.se\/wp-content\/uploads\/sites\/12\/2024\/02\/montessori-mondial-triangel-orange-hoger-topp-150x150-1.png\" class=\"attachment-hero-lg size-hero-lg\" alt=\"Geometrisk form.\" sizes=\"(max-width: 150px) 100vw, 150px\" \/><\/picture>\n\t\t<\/div>\n\t\n<\/section>\n\t<\/div>\n\n\t\n\n<div   id=\"page-relative-menu\" class=\"site__font-monospace   container_width--full_width_conIcon   d-lg-none  \">\n\n\t\t\t\n<\/div>\n","protected":false},"excerpt":{"rendered":"<p>Om grundskolan p\u00e5 Montessori Mondial M\u00e4larh\u00f6jden F\u00f6rskoleklass till \u00e5rskurs 5 P\u00e5 v\u00e5r grundskola \u00e4r elever och l\u00e4rare organiserade i arbetslag, d\u00e4r alla samarbetar f\u00f6r varandras b\u00e4sta. V\u00e5r grundskola b\u00f6rjar i f\u00f6rskoleklassen, d\u00e5 barnen \u00e4r 6 \u00e5r gamla, och slutar i \u00e5rskurs 5 n\u00e4r de \u00e4r 11\u201312 \u00e5r. De arbetslag, eller klasser, vi arbetar efter \u00e4r&#8230;<\/p>\n","protected":false},"author":1,"featured_media":0,"parent":20,"menu_order":0,"comment_status":"closed","ping_status":"closed","template":"","meta":{"footnotes":""},"yoast_head":"<!-- This site is optimized with the Yoast SEO plugin v22.0 - https:\/\/yoast.com\/wordpress\/plugins\/seo\/ -->\n<title>Grundskola f\u00f6rskola-\u00e5k 5 | Montessori Mondial M\u00e4larh\u00f6jden<\/title>\n<meta name=\"description\" content=\"L\u00e4s om v\u00e5r grundskola, vi har f\u00f6reskoleklass till \u00e5rskurs 5. P\u00e5 sidan hittar du hur en dag p\u00e5 skolan ser ut och hur vi jobbar med barnens utveckling.\" \/>\n<meta name=\"robots\" content=\"index, follow, max-snippet:-1, max-image-preview:large, max-video-preview:-1\" \/>\n<link rel=\"canonical\" href=\"https:\/\/montessorimondial.se\/malarhojden\/om\/grundskola\/\" \/>\n<meta property=\"og:locale\" content=\"sv_SE\" \/>\n<meta property=\"og:type\" content=\"article\" \/>\n<meta property=\"og:title\" content=\"Grundskola f\u00f6rskola-\u00e5k 5 | Montessori Mondial M\u00e4larh\u00f6jden\" \/>\n<meta property=\"og:description\" content=\"L\u00e4s om v\u00e5r grundskola, vi har f\u00f6reskoleklass till \u00e5rskurs 5. P\u00e5 sidan hittar du hur en dag p\u00e5 skolan ser ut och hur vi jobbar med barnens utveckling.\" \/>\n<meta property=\"og:url\" content=\"https:\/\/montessorimondial.se\/malarhojden\/om\/grundskola\/\" \/>\n<meta property=\"og:site_name\" content=\"M\u00e4larh\u00f6jden\" \/>\n<meta property=\"article:modified_time\" content=\"2026-01-08T12:09:16+00:00\" \/>\n<meta name=\"twitter:card\" content=\"summary_large_image\" \/>\n<meta name=\"twitter:title\" content=\"Grundskola f\u00f6rskola-\u00e5k 5 | Montessori Mondial M\u00e4larh\u00f6jden\" \/>\n<meta name=\"twitter:description\" content=\"L\u00e4s om v\u00e5r grundskola, vi har f\u00f6reskoleklass till \u00e5rskurs 5. P\u00e5 sidan hittar du hur en dag p\u00e5 skolan ser ut och hur vi jobbar med barnens utveckling.\" \/>\n<meta name=\"twitter:label1\" content=\"Ber\u00e4knad l\u00e4stid\" \/>\n\t<meta name=\"twitter:data1\" content=\"3 minuter\" \/>\n<script type=\"application\/ld+json\" class=\"yoast-schema-graph\">{\"@context\":\"https:\/\/schema.org\",\"@graph\":[{\"@type\":\"WebPage\",\"@id\":\"https:\/\/montessorimondial.se\/malarhojden\/om\/grundskola\/\",\"url\":\"https:\/\/montessorimondial.se\/malarhojden\/om\/grundskola\/\",\"name\":\"Grundskola f\u00f6rskola-\u00e5k 5 | Montessori Mondial M\u00e4larh\u00f6jden\",\"isPartOf\":{\"@id\":\"https:\/\/montessorimondial.se\/malarhojden\/#website\"},\"datePublished\":\"2020-09-01T20:07:07+00:00\",\"dateModified\":\"2026-01-08T12:09:16+00:00\",\"description\":\"L\u00e4s om v\u00e5r grundskola, vi har f\u00f6reskoleklass till \u00e5rskurs 5. P\u00e5 sidan hittar du hur en dag p\u00e5 skolan ser ut och hur vi jobbar med barnens utveckling.\",\"breadcrumb\":{\"@id\":\"https:\/\/montessorimondial.se\/malarhojden\/om\/grundskola\/#breadcrumb\"},\"inLanguage\":\"sv-SE\",\"potentialAction\":[{\"@type\":\"ReadAction\",\"target\":[\"https:\/\/montessorimondial.se\/malarhojden\/om\/grundskola\/\"]}]},{\"@type\":\"BreadcrumbList\",\"@id\":\"https:\/\/montessorimondial.se\/malarhojden\/om\/grundskola\/#breadcrumb\",\"itemListElement\":[{\"@type\":\"ListItem\",\"position\":1,\"name\":\"Start\",\"item\":\"https:\/\/montessorimondial.se\/malarhojden\/\"},{\"@type\":\"ListItem\",\"position\":2,\"name\":\"Om skolan\",\"item\":\"https:\/\/montessorimondial.se\/malarhojden\/om\/\"},{\"@type\":\"ListItem\",\"position\":3,\"name\":\"Grundskola\"}]},{\"@type\":\"WebSite\",\"@id\":\"https:\/\/montessorimondial.se\/malarhojden\/#website\",\"url\":\"https:\/\/montessorimondial.se\/malarhojden\/\",\"name\":\"M\u00e4larh\u00f6jden\",\"description\":\"Montessorimondial M\u00e4larh\u00f6jden\",\"potentialAction\":[{\"@type\":\"SearchAction\",\"target\":{\"@type\":\"EntryPoint\",\"urlTemplate\":\"https:\/\/montessorimondial.se\/malarhojden\/?s={search_term_string}\"},\"query-input\":\"required name=search_term_string\"}],\"inLanguage\":\"sv-SE\"}]}<\/script>\n<!-- \/ Yoast SEO plugin. -->","yoast_head_json":{"title":"Grundskola f\u00f6rskola-\u00e5k 5 | Montessori Mondial M\u00e4larh\u00f6jden","description":"L\u00e4s om v\u00e5r grundskola, vi har f\u00f6reskoleklass till \u00e5rskurs 5. P\u00e5 sidan hittar du hur en dag p\u00e5 skolan ser ut och hur vi jobbar med barnens utveckling.","robots":{"index":"index","follow":"follow","max-snippet":"max-snippet:-1","max-image-preview":"max-image-preview:large","max-video-preview":"max-video-preview:-1"},"canonical":"https:\/\/montessorimondial.se\/malarhojden\/om\/grundskola\/","og_locale":"sv_SE","og_type":"article","og_title":"Grundskola f\u00f6rskola-\u00e5k 5 | Montessori Mondial M\u00e4larh\u00f6jden","og_description":"L\u00e4s om v\u00e5r grundskola, vi har f\u00f6reskoleklass till \u00e5rskurs 5. P\u00e5 sidan hittar du hur en dag p\u00e5 skolan ser ut och hur vi jobbar med barnens utveckling.","og_url":"https:\/\/montessorimondial.se\/malarhojden\/om\/grundskola\/","og_site_name":"M\u00e4larh\u00f6jden","article_modified_time":"2026-01-08T12:09:16+00:00","twitter_card":"summary_large_image","twitter_title":"Grundskola f\u00f6rskola-\u00e5k 5 | Montessori Mondial M\u00e4larh\u00f6jden","twitter_description":"L\u00e4s om v\u00e5r grundskola, vi har f\u00f6reskoleklass till \u00e5rskurs 5. P\u00e5 sidan hittar du hur en dag p\u00e5 skolan ser ut och hur vi jobbar med barnens utveckling.","twitter_misc":{"Ber\u00e4knad l\u00e4stid":"3 minuter"},"schema":{"@context":"https:\/\/schema.org","@graph":[{"@type":"WebPage","@id":"https:\/\/montessorimondial.se\/malarhojden\/om\/grundskola\/","url":"https:\/\/montessorimondial.se\/malarhojden\/om\/grundskola\/","name":"Grundskola f\u00f6rskola-\u00e5k 5 | Montessori Mondial M\u00e4larh\u00f6jden","isPartOf":{"@id":"https:\/\/montessorimondial.se\/malarhojden\/#website"},"datePublished":"2020-09-01T20:07:07+00:00","dateModified":"2026-01-08T12:09:16+00:00","description":"L\u00e4s om v\u00e5r grundskola, vi har f\u00f6reskoleklass till \u00e5rskurs 5. P\u00e5 sidan hittar du hur en dag p\u00e5 skolan ser ut och hur vi jobbar med barnens utveckling.","breadcrumb":{"@id":"https:\/\/montessorimondial.se\/malarhojden\/om\/grundskola\/#breadcrumb"},"inLanguage":"sv-SE","potentialAction":[{"@type":"ReadAction","target":["https:\/\/montessorimondial.se\/malarhojden\/om\/grundskola\/"]}]},{"@type":"BreadcrumbList","@id":"https:\/\/montessorimondial.se\/malarhojden\/om\/grundskola\/#breadcrumb","itemListElement":[{"@type":"ListItem","position":1,"name":"Start","item":"https:\/\/montessorimondial.se\/malarhojden\/"},{"@type":"ListItem","position":2,"name":"Om skolan","item":"https:\/\/montessorimondial.se\/malarhojden\/om\/"},{"@type":"ListItem","position":3,"name":"Grundskola"}]},{"@type":"WebSite","@id":"https:\/\/montessorimondial.se\/malarhojden\/#website","url":"https:\/\/montessorimondial.se\/malarhojden\/","name":"M\u00e4larh\u00f6jden","description":"Montessorimondial M\u00e4larh\u00f6jden","potentialAction":[{"@type":"SearchAction","target":{"@type":"EntryPoint","urlTemplate":"https:\/\/montessorimondial.se\/malarhojden\/?s={search_term_string}"},"query-input":"required name=search_term_string"}],"inLanguage":"sv-SE"}]}},"_links":{"self":[{"href":"https:\/\/montessorimondial.se\/malarhojden\/wp-json\/wp\/v2\/pages\/25"}],"collection":[{"href":"https:\/\/montessorimondial.se\/malarhojden\/wp-json\/wp\/v2\/pages"}],"about":[{"href":"https:\/\/montessorimondial.se\/malarhojden\/wp-json\/wp\/v2\/types\/page"}],"author":[{"embeddable":true,"href":"https:\/\/montessorimondial.se\/malarhojden\/wp-json\/wp\/v2\/users\/1"}],"replies":[{"embeddable":true,"href":"https:\/\/montessorimondial.se\/malarhojden\/wp-json\/wp\/v2\/comments?post=25"}],"version-history":[{"count":9,"href":"https:\/\/montessorimondial.se\/malarhojden\/wp-json\/wp\/v2\/pages\/25\/revisions"}],"predecessor-version":[{"id":1520,"href":"https:\/\/montessorimondial.se\/malarhojden\/wp-json\/wp\/v2\/pages\/25\/revisions\/1520"}],"up":[{"embeddable":true,"href":"https:\/\/montessorimondial.se\/malarhojden\/wp-json\/wp\/v2\/pages\/20"}],"wp:attachment":[{"href":"https:\/\/montessorimondial.se\/malarhojden\/wp-json\/wp\/v2\/media?parent=25"}],"curies":[{"name":"wp","href":"https:\/\/api.w.org\/{rel}","templated":true}]}}